{"id":5029,"date":"2024-05-22T06:26:05","date_gmt":"2024-05-22T06:26:05","guid":{"rendered":"https:\/\/moyahousehold.com\/?post_type=product&#038;p=5029"},"modified":"2024-11-17T15:16:04","modified_gmt":"2024-11-17T15:16:04","slug":"wholesale-stackable-stainless-steel-lunch-boxes-with-lids","status":"publish","type":"product","link":"https:\/\/moyahousehold.com\/pt\/produto\/wholesale-stackable-stainless-steel-lunch-boxes-with-lids\/","title":{"rendered":"Lancheira de a\u00e7o inoxid\u00e1vel empilh\u00e1vel por atacado com tampa: Design giro e aspeto colorido"},"content":{"rendered":"<div class=\"wp-block-columns is-layout-flex wp-container-core-columns-is-layout-9d6595d7 wp-block-columns-is-layout-flex\">\n<div class=\"wp-block-column is-layout-flow wp-block-column-is-layout-flow\">\n<h3 class=\"wp-block-heading\">Par\u00e2metros da Lancheira de a\u00e7o inoxid\u00e1vel empilh\u00e1vel<\/h3>\n<\/div>\n<\/div>\n\n\n\n<p><strong>Material<\/strong>:304+PP   <strong>Cor<\/strong>Verde\/amarelo<\/p>\n\n\n\n<figure class=\"wp-block-table\"><table><tbody><tr><td>N\u00famero do modelo<\/td><td>Capacidade<\/td><td>Tamanho do produto<\/td><td>Tamanho da caixa exterior<\/td><td>Quantidade por caixa<\/td><td>N.W<\/td><td>G.W\/Caixa<\/td><\/tr><tr><td>MYJD102<\/td><td>550ML<\/td><td>11.5*7.9*7.5<\/td><td>60*50*53<\/td><td>120<\/td><td>0.15<\/td><td>39.36<\/td><\/tr><tr><td>MYJD103<\/td><td>850ML<\/td><td>13.5*9.5*8.5<\/td><td>61*58*60<\/td><td>96<\/td><td>0.21<\/td><td>28.8<\/td><\/tr><tr><td>MYJD104<\/td><td>1500ML<\/td><td>16*11*9.5<\/td><td>67*66*45<\/td><td>60<\/td><td>0.28<\/td><td>24.12<\/td><\/tr><tr><td>MYJD105<\/td><td>2800ML<br>com pega<\/td><td>19*13*12.5<\/td><td>68*67*69.5<\/td><td>36<\/td><td>0.47<\/td><td>16.3<\/td><\/tr><\/tbody><\/table><\/figure>\n\n\n\n<h3 class=\"wp-block-heading\">Op\u00e7\u00f5es de lancheiras personalizadas<\/h3>\n\n\n\n<p><strong>Log\u00f3tipo<\/strong>: personalize o log\u00f3tipo da sua marca nas lancheiras e nas embalagens.<br><strong>Tampa<\/strong>: Tampa de vidro, tampa PP<br><strong>Op\u00e7\u00f5es de log\u00f3tipo<\/strong>: log\u00f3tipo impresso, log\u00f3tipo gravado a laser, etc.<br><strong>Padr\u00e3o<\/strong>: padr\u00f5es de impress\u00e3o em lancheiras empilh\u00e1veis<br><strong>Tecnologia de impress\u00e3o<\/strong>: impress\u00e3o por transfer\u00eancia de \u00e1gua, serigrafia, impress\u00e3o por transfer\u00eancia de calor, etc.<br><strong>Embalagem<\/strong>:caixa de cor<br><a href=\"https:\/\/moyahousehold.com\/pt\/solucao-personalizada\/\" data-type=\"page\" data-id=\"2817\"><strong>Explore mais solu\u00e7\u00f5es de lancheiras personalizadas. <\/strong><\/a><\/p>\n\n\n\n<div class=\"wp-block-columns is-layout-flex wp-container-core-columns-is-layout-9d6595d7 wp-block-columns-is-layout-flex\">\n<div class=\"wp-block-column is-layout-flow wp-block-column-is-layout-flow\">\n<figure class=\"wp-block-image size-full\"><img fetchpriority=\"high\" decoding=\"async\" width=\"1500\" height=\"1501\" src=\"https:\/\/moyahousehold.com\/wp-content\/uploads\/2024\/05\/Stackable-Stainless-Steel-Lunch-Box-1.jpg\" alt=\"Lancheira de a\u00e7o inoxid\u00e1vel empilh\u00e1vel (1)\" class=\"wp-image-9296\" srcset=\"https:\/\/moyahousehold.com\/wp-content\/uploads\/2024\/05\/Stackable-Stainless-Steel-Lunch-Box-1.jpg 1500w, https:\/\/moyahousehold.com\/wp-content\/uploads\/2024\/05\/Stackable-Stainless-Steel-Lunch-Box-1-300x300.jpg 300w, https:\/\/moyahousehold.com\/wp-content\/uploads\/2024\/05\/Stackable-Stainless-Steel-Lunch-Box-1-150x150.jpg 150w, https:\/\/moyahousehold.com\/wp-content\/uploads\/2024\/05\/Stackable-Stainless-Steel-Lunch-Box-1-768x769.jpg 768w, https:\/\/moyahousehold.com\/wp-content\/uploads\/2024\/05\/Stackable-Stainless-Steel-Lunch-Box-1-12x12.jpg 12w, https:\/\/moyahousehold.com\/wp-content\/uploads\/2024\/05\/Stackable-Stainless-Steel-Lunch-Box-1-285x285.jpg 285w, https:\/\/moyahousehold.com\/wp-content\/uploads\/2024\/05\/Stackable-Stainless-Steel-Lunch-Box-1-270x270.jpg 270w, https:\/\/moyahousehold.com\/wp-content\/uploads\/2024\/05\/Stackable-Stainless-Steel-Lunch-Box-1-540x540.jpg 540w, https:\/\/moyahousehold.com\/wp-content\/uploads\/2024\/05\/Stackable-Stainless-Steel-Lunch-Box-1-660x660.jpg 660w\" sizes=\"(max-width: 1500px) 100vw, 1500px\" \/><\/figure>\n<\/div>\n\n\n\n<div class=\"wp-block-column is-layout-flow wp-block-column-is-layout-flow\">\n<figure class=\"wp-block-image size-full\"><img decoding=\"async\" width=\"1500\" height=\"1501\" src=\"https:\/\/moyahousehold.com\/wp-content\/uploads\/2024\/05\/Stackable-Stainless-Steel-Lunch-Box-2.jpg\" alt=\"Lancheira de a\u00e7o inoxid\u00e1vel empilh\u00e1vel (2)\" class=\"wp-image-9297\" srcset=\"https:\/\/moyahousehold.com\/wp-content\/uploads\/2024\/05\/Stackable-Stainless-Steel-Lunch-Box-2.jpg 1500w, https:\/\/moyahousehold.com\/wp-content\/uploads\/2024\/05\/Stackable-Stainless-Steel-Lunch-Box-2-300x300.jpg 300w, https:\/\/moyahousehold.com\/wp-content\/uploads\/2024\/05\/Stackable-Stainless-Steel-Lunch-Box-2-150x150.jpg 150w, https:\/\/moyahousehold.com\/wp-content\/uploads\/2024\/05\/Stackable-Stainless-Steel-Lunch-Box-2-768x769.jpg 768w, https:\/\/moyahousehold.com\/wp-content\/uploads\/2024\/05\/Stackable-Stainless-Steel-Lunch-Box-2-12x12.jpg 12w, https:\/\/moyahousehold.com\/wp-content\/uploads\/2024\/05\/Stackable-Stainless-Steel-Lunch-Box-2-285x285.jpg 285w, https:\/\/moyahousehold.com\/wp-content\/uploads\/2024\/05\/Stackable-Stainless-Steel-Lunch-Box-2-270x270.jpg 270w, https:\/\/moyahousehold.com\/wp-content\/uploads\/2024\/05\/Stackable-Stainless-Steel-Lunch-Box-2-540x540.jpg 540w, https:\/\/moyahousehold.com\/wp-content\/uploads\/2024\/05\/Stackable-Stainless-Steel-Lunch-Box-2-660x660.jpg 660w\" sizes=\"(max-width: 1500px) 100vw, 1500px\" \/><\/figure>\n<\/div>\n<\/div>","protected":false},"excerpt":{"rendered":"<p>As nossas lancheiras empilh\u00e1veis em a\u00e7o inoxid\u00e1vel s\u00e3o a solu\u00e7\u00e3o perfeita concebida para a vida moderna, adequada para casa, escola, escrit\u00f3rio e actividades ao ar livre. O aspeto bonito da lancheira proporciona uma boa experi\u00eancia gastron\u00f3mica aos utilizadores, e as diferentes capacidades satisfazem as necessidades de crian\u00e7as e adultos. Os grossistas e retalhistas podem contactar-nos para comprar lancheiras a granel.<\/p>\n<h3>Carater\u00edsticas da Lancheira Empilh\u00e1vel em A\u00e7o Inoxid\u00e1vel<\/h3>\n<p><strong>Forma gira e aspeto colorido:<\/strong> Estas lancheiras t\u00eam uma variedade de formas giras e apar\u00eancias coloridas. N\u00e3o s\u00e3o apenas funcionais e pr\u00e1ticas, mas tamb\u00e9m acrescentam divers\u00e3o \u00e0s refei\u00e7\u00f5es. Quer sejam crian\u00e7as ou adultos, podem encontrar os seus estilos favoritos, trazendo vitalidade e alegria a todas as refei\u00e7\u00f5es.<\/p>\n<p><strong>Design empilh\u00e1vel:<\/strong> O design da nossa lancheira poupa espa\u00e7o e \u00e9 f\u00e1cil de empilhar para guardar e transportar. Torna a cozinha e a mochila mais arrumadas e adequadas para uma vida agitada.<\/p>\n<p><strong>Dur\u00e1vel e amigo do ambiente:<\/strong> Estas lancheiras s\u00e3o feitas de materiais de a\u00e7o inoxid\u00e1vel de alta qualidade, que s\u00e3o simultaneamente resistentes e amigos do ambiente. Podem ser utilizadas frequentemente, ajudando-o a reduzir os pl\u00e1sticos descart\u00e1veis e a apoiar uma vida ecol\u00f3gica.<\/p>\n<p><strong>Super f\u00e1cil de limpar:<\/strong> A lancheira tem uma superf\u00edcie lisa e \u00e9 muito f\u00e1cil de limpar. Pode ser lavada \u00e0 m\u00e3o ou na m\u00e1quina de lavar lou\u00e7a, poupando assim o seu tempo.<\/p>\n<p><strong>Polivalente:<\/strong> Esta lancheira n\u00e3o \u00e9 apenas adequada para o almo\u00e7o di\u00e1rio, mas tamb\u00e9m para viagens ao ar livre, piqueniques, desportos e festas. \u00c9 pr\u00e1tica e c\u00f3moda, permitindo-lhe desfrutar de refei\u00e7\u00f5es deliciosas e saud\u00e1veis em qualquer altura e em qualquer lugar.<\/p>\n<p><strong>Pre\u00e7os de f\u00e1brica:<\/strong> Fornecemos pre\u00e7os de f\u00e1brica para lancheiras por atacado para garantir que compra produtos de alta qualidade aos pre\u00e7os mais competitivos.<\/p>","protected":false},"featured_media":7619,"comment_status":"closed","ping_status":"closed","template":"","meta":[],"product_cat":[57],"product_tag":[],"class_list":{"0":"post-5029","1":"product","2":"type-product","3":"status-publish","4":"has-post-thumbnail","6":"product_cat-food-storage-container-wholesale","8":"first","9":"instock","10":"shipping-taxable","11":"product-type-simple"},"_links":{"self":[{"href":"https:\/\/moyahousehold.com\/pt\/wp-json\/wp\/v2\/product\/5029","targetHints":{"allow":["GET"]}}],"collection":[{"href":"https:\/\/moyahousehold.com\/pt\/wp-json\/wp\/v2\/product"}],"about":[{"href":"https:\/\/moyahousehold.com\/pt\/wp-json\/wp\/v2\/types\/product"}],"replies":[{"embeddable":true,"href":"https:\/\/moyahousehold.com\/pt\/wp-json\/wp\/v2\/comments?post=5029"}],"version-history":[{"count":0,"href":"https:\/\/moyahousehold.com\/pt\/wp-json\/wp\/v2\/product\/5029\/revisions"}],"wp:featuredmedia":[{"embeddable":true,"href":"https:\/\/moyahousehold.com\/pt\/wp-json\/wp\/v2\/media\/7619"}],"wp:attachment":[{"href":"https:\/\/moyahousehold.com\/pt\/wp-json\/wp\/v2\/media?parent=5029"}],"wp:term":[{"taxonomy":"product_cat","embeddable":true,"href":"https:\/\/moyahousehold.com\/pt\/wp-json\/wp\/v2\/product_cat?post=5029"},{"taxonomy":"product_tag","embeddable":true,"href":"https:\/\/moyahousehold.com\/pt\/wp-json\/wp\/v2\/product_tag?post=5029"}],"curies":[{"name":"wp","href":"https:\/\/api.w.org\/{rel}","templated":true}]}}