{"id":5059,"date":"2024-05-22T07:25:14","date_gmt":"2024-05-22T07:25:14","guid":{"rendered":"https:\/\/moyahousehold.com\/?post_type=product&#038;p=5059"},"modified":"2025-02-05T08:43:51","modified_gmt":"2025-02-05T08:43:51","slug":"wholesale-compartment-stainless-steel-lunch-box-leak-proof","status":"publish","type":"product","link":"https:\/\/moyahousehold.com\/pt\/produto\/lancheira-de-forma-quadrada-bonita-por-atacado\/","title":{"rendered":"Caixa de almo\u00e7o de a\u00e7o inoxid\u00e1vel com compartimento duplo por atacado \u00e0 prova de fugas"},"content":{"rendered":"<h2 class=\"wp-block-heading\">Par\u00e2metros da Lancheira de a\u00e7o inoxid\u00e1vel com compartimento duplo<\/h2>\n\n\n\n<p>Material:304+PP Cor:Rosa\/Azul\/Verde <\/p>\n\n\n\n<figure class=\"wp-block-table\"><table><tbody><tr><td>N\u00famero do modelo<\/td><td>capacidade<\/td><td>Tamanho do produto<\/td><td>Tamanho da caixa exterior<\/td><td>Quantidade por caixa<\/td><td>N.W<\/td><td>G.W\/Caixa<\/td><\/tr><tr><td>MYJD004<\/td><td>350ml<\/td><td>15*11*6<\/td><td>47*35.5*48.5<\/td><td>60<\/td><td>0.18&nbsp;<\/td><td>22.8<\/td><\/tr><tr><td>MYJD005<\/td><td>550ml<\/td><td>17*13*6.5<\/td><td>54*31*54<\/td><td>48<\/td><td>0.24&nbsp;<\/td><td>21.12<\/td><\/tr><tr><td>MYJD006<\/td><td>850ml<\/td><td>19*14*7<\/td><td>62*34*47.5<\/td><td>36<\/td><td>0.31&nbsp;<\/td><td>18.36<\/td><\/tr><\/tbody><\/table><\/figure>\n\n\n\n<h3 class=\"wp-block-heading\">Op\u00e7\u00f5es de lancheiras personalizadas<\/h3>\n\n\n\n<p><strong>Log\u00f3tipo<\/strong>: personalizar o log\u00f3tipo da sua marca no produto e na embalagem.<br><strong>Op\u00e7\u00f5es de log\u00f3tipo<\/strong>: log\u00f3tipo impresso, log\u00f3tipo gravado a laser, etc.<br><strong>Padr\u00e3o<\/strong>: Padr\u00f5es de impress\u00e3o <br><strong>Tecnologia de impress\u00e3o<\/strong>: impress\u00e3o por transfer\u00eancia de \u00e1gua, impress\u00e3o por serigrafia, impress\u00e3o por transfer\u00eancia de calor, transfer\u00eancia por sublima\u00e7\u00e3o, etc.<br><strong>Embalagem<\/strong>:caixa de cor<br><a href=\"https:\/\/moyahousehold.com\/pt\/solucao-personalizada\/\"><strong>Saiba mais sobre as solu\u00e7\u00f5es de lancheiras personalizadas <\/strong><\/a><br><br><\/p>\n\n\n\n<div class=\"wp-block-columns is-layout-flex wp-container-core-columns-is-layout-9d6595d7 wp-block-columns-is-layout-flex\">\n<div class=\"wp-block-column is-layout-flow wp-block-column-is-layout-flow\">\n<figure class=\"wp-block-image size-full\"><img fetchpriority=\"high\" decoding=\"async\" width=\"1500\" height=\"1500\" src=\"https:\/\/moyahousehold.com\/wp-content\/uploads\/2024\/05\/Double-Compartment-Stainless-Steel-Lunch-Box-Display-3.jpg\" alt=\"Expositor de lancheira em a\u00e7o inoxid\u00e1vel com compartimento duplo (3)\" class=\"wp-image-8619\" srcset=\"https:\/\/moyahousehold.com\/wp-content\/uploads\/2024\/05\/Double-Compartment-Stainless-Steel-Lunch-Box-Display-3.jpg 1500w, https:\/\/moyahousehold.com\/wp-content\/uploads\/2024\/05\/Double-Compartment-Stainless-Steel-Lunch-Box-Display-3-300x300.jpg 300w, https:\/\/moyahousehold.com\/wp-content\/uploads\/2024\/05\/Double-Compartment-Stainless-Steel-Lunch-Box-Display-3-150x150.jpg 150w, https:\/\/moyahousehold.com\/wp-content\/uploads\/2024\/05\/Double-Compartment-Stainless-Steel-Lunch-Box-Display-3-768x768.jpg 768w, https:\/\/moyahousehold.com\/wp-content\/uploads\/2024\/05\/Double-Compartment-Stainless-Steel-Lunch-Box-Display-3-12x12.jpg 12w, https:\/\/moyahousehold.com\/wp-content\/uploads\/2024\/05\/Double-Compartment-Stainless-Steel-Lunch-Box-Display-3-285x285.jpg 285w, https:\/\/moyahousehold.com\/wp-content\/uploads\/2024\/05\/Double-Compartment-Stainless-Steel-Lunch-Box-Display-3-270x270.jpg 270w, https:\/\/moyahousehold.com\/wp-content\/uploads\/2024\/05\/Double-Compartment-Stainless-Steel-Lunch-Box-Display-3-540x540.jpg 540w, https:\/\/moyahousehold.com\/wp-content\/uploads\/2024\/05\/Double-Compartment-Stainless-Steel-Lunch-Box-Display-3-660x660.jpg 660w\" sizes=\"(max-width: 1500px) 100vw, 1500px\" \/><\/figure>\n<\/div>\n\n\n\n<div class=\"wp-block-column is-layout-flow wp-block-column-is-layout-flow\">\n<figure class=\"wp-block-image size-full\"><img decoding=\"async\" width=\"1500\" height=\"1500\" src=\"https:\/\/moyahousehold.com\/wp-content\/uploads\/2024\/05\/Double-Compartment-Stainless-Steel-Lunch-Box-Display-4.jpg\" alt=\"Expositor de lancheira em a\u00e7o inoxid\u00e1vel com compartimento duplo (4)\" class=\"wp-image-8620\" srcset=\"https:\/\/moyahousehold.com\/wp-content\/uploads\/2024\/05\/Double-Compartment-Stainless-Steel-Lunch-Box-Display-4.jpg 1500w, https:\/\/moyahousehold.com\/wp-content\/uploads\/2024\/05\/Double-Compartment-Stainless-Steel-Lunch-Box-Display-4-300x300.jpg 300w, https:\/\/moyahousehold.com\/wp-content\/uploads\/2024\/05\/Double-Compartment-Stainless-Steel-Lunch-Box-Display-4-150x150.jpg 150w, https:\/\/moyahousehold.com\/wp-content\/uploads\/2024\/05\/Double-Compartment-Stainless-Steel-Lunch-Box-Display-4-768x768.jpg 768w, https:\/\/moyahousehold.com\/wp-content\/uploads\/2024\/05\/Double-Compartment-Stainless-Steel-Lunch-Box-Display-4-12x12.jpg 12w, https:\/\/moyahousehold.com\/wp-content\/uploads\/2024\/05\/Double-Compartment-Stainless-Steel-Lunch-Box-Display-4-285x285.jpg 285w, https:\/\/moyahousehold.com\/wp-content\/uploads\/2024\/05\/Double-Compartment-Stainless-Steel-Lunch-Box-Display-4-270x270.jpg 270w, https:\/\/moyahousehold.com\/wp-content\/uploads\/2024\/05\/Double-Compartment-Stainless-Steel-Lunch-Box-Display-4-540x540.jpg 540w, https:\/\/moyahousehold.com\/wp-content\/uploads\/2024\/05\/Double-Compartment-Stainless-Steel-Lunch-Box-Display-4-660x660.jpg 660w\" sizes=\"(max-width: 1500px) 100vw, 1500px\" \/><\/figure>\n<\/div>\n<\/div>","protected":false},"excerpt":{"rendered":"<p>Lancheira de a\u00e7o inoxid\u00e1vel com compartimento por atacado, com um bom design \u00e0 prova de fugas e f\u00e1cil de transportar. Existem tr\u00eas tamanhos de 350ml, 550ml, 750ml para escolher. Adequado para escrit\u00f3rio, escola, piquenique ao ar livre e outras cenas. N\u00f3s fornecemos lancheira de a\u00e7o inoxid\u00e1vel com compartimento por atacado a pre\u00e7o de f\u00e1brica, entre em contato conosco.<\/p>\n<h3>Carater\u00edsticas e vantagens da Lancheira de a\u00e7o inoxid\u00e1vel com compartimento duplo<\/h3>\n<p><strong>Aspeto minimalista:<\/strong> Esta lancheira de a\u00e7o inoxid\u00e1vel com compartimento adopta um design de cor minimalista, com tr\u00eas estilos de rosa, amarelo e azul, adequado para mais pessoas.<\/p>\n<p><strong>Leve e c\u00f3modo:<\/strong> Esta lancheira com compartimento em a\u00e7o inoxid\u00e1vel adopta um design leve, pode ser facilmente colocada numa mochila, adequada para desloca\u00e7\u00f5es di\u00e1rias, viagens de neg\u00f3cios ou actividades ao ar livre.<\/p>\n<p><strong>V\u00e1rias op\u00e7\u00f5es de tamanho:<\/strong> Fornecemos lancheiras com capacidades de 350ml, 550ml e 850ml, para adultos ou crian\u00e7as, h\u00e1 escolhas adequadas.<\/p>\n<p><strong>Design \u00e0 prova de fugas:<\/strong> Esta lancheira de a\u00e7o inoxid\u00e1vel adopta o melhor design \u00e0 prova de fugas, que evita eficazmente fugas acidentais e a mistura de alimentos, tornando a sua utiliza\u00e7\u00e3o mais segura<\/p>\n<p><strong>Suporte de amostras:<\/strong> N\u00f3s fornecemos amostras gr\u00e1tis de lancheira de a\u00e7o inoxid\u00e1vel para que voc\u00ea possa entender melhor nossos produtos.<\/p>\n<p><strong>Servi\u00e7o personalizado:<\/strong> Se achar que o aspeto ou o tamanho desta lancheira de a\u00e7o inoxid\u00e1vel 304 n\u00e3o \u00e9 adequado, fornecemos solu\u00e7\u00f5es de lancheira personalizadas em profundidade para personalizar uma lancheira ideal para si.<\/p>\n<p>&nbsp;<\/p>","protected":false},"featured_media":8608,"comment_status":"closed","ping_status":"closed","template":"","meta":[],"product_cat":[58],"product_tag":[87,92],"class_list":{"0":"post-5059","1":"product","2":"type-product","3":"status-publish","4":"has-post-thumbnail","6":"product_cat-lunch-box-wholesale","7":"product_tag-wholesale-multi-compartment-lunch-box","8":"product_tag-wholesale-rectangle-lunch-box","10":"first","11":"instock","12":"shipping-taxable","13":"product-type-simple"},"_links":{"self":[{"href":"https:\/\/moyahousehold.com\/pt\/wp-json\/wp\/v2\/product\/5059","targetHints":{"allow":["GET"]}}],"collection":[{"href":"https:\/\/moyahousehold.com\/pt\/wp-json\/wp\/v2\/product"}],"about":[{"href":"https:\/\/moyahousehold.com\/pt\/wp-json\/wp\/v2\/types\/product"}],"replies":[{"embeddable":true,"href":"https:\/\/moyahousehold.com\/pt\/wp-json\/wp\/v2\/comments?post=5059"}],"version-history":[{"count":0,"href":"https:\/\/moyahousehold.com\/pt\/wp-json\/wp\/v2\/product\/5059\/revisions"}],"wp:featuredmedia":[{"embeddable":true,"href":"https:\/\/moyahousehold.com\/pt\/wp-json\/wp\/v2\/media\/8608"}],"wp:attachment":[{"href":"https:\/\/moyahousehold.com\/pt\/wp-json\/wp\/v2\/media?parent=5059"}],"wp:term":[{"taxonomy":"product_cat","embeddable":true,"href":"https:\/\/moyahousehold.com\/pt\/wp-json\/wp\/v2\/product_cat?post=5059"},{"taxonomy":"product_tag","embeddable":true,"href":"https:\/\/moyahousehold.com\/pt\/wp-json\/wp\/v2\/product_tag?post=5059"}],"curies":[{"name":"wp","href":"https:\/\/api.w.org\/{rel}","templated":true}]}}