{"id":5080,"date":"2024-05-22T08:15:10","date_gmt":"2024-05-22T08:15:10","guid":{"rendered":"https:\/\/moyahousehold.com\/?post_type=product&#038;p=5080"},"modified":"2025-02-05T08:43:36","modified_gmt":"2025-02-05T08:43:36","slug":"wholesale-double-layer-rectangle-lunch-boxes","status":"publish","type":"product","link":"https:\/\/moyahousehold.com\/pt\/produto\/wholesale-double-layer-rectangle-lunch-boxes\/","title":{"rendered":"Lancheiras retangulares de camada dupla por atacado: uma lancheira bonita e est\u00e9tica para acompanhar sua hora do almo\u00e7o"},"content":{"rendered":"<h2 class=\"wp-block-heading\">Par\u00e2metros da Lancheira retangular de dupla camada<\/h2>\n\n\n\n<p><strong>material:<\/strong>304 + PP   <strong> cor:<\/strong>Bege\/caqui<\/p>\n\n\n\n<figure class=\"wp-block-table\"><table><tbody><tr><td>N\u00famero do modelo<\/td><td>capacidade<\/td><td>Tamanho do produto<\/td><td>Tamanho da caixa exterior<\/td><td>Quantidade por caixa<\/td><td>N.W<\/td><td>G.W\/Caixa<\/td><\/tr><tr><td>MYJD008<\/td><td>Camada \u00fanica<\/td><td>18.5*13*9<\/td><td>58.5*41*58.5<\/td><td>48<\/td><td>0.49<\/td><td>18.6<\/td><\/tr><tr><td>MYJD009<\/td><td>Camadas duplas<\/td><td>18.5*13*13<\/td><td>56*39.5*44<\/td><td>24<\/td><td>0.71<\/td><td>13.56<\/td><\/tr><\/tbody><\/table><\/figure>\n\n\n\n<h3 class=\"wp-block-heading\">Op\u00e7\u00f5es de lancheiras personalizadas<\/h3>\n\n\n\n<p><strong>Log\u00f3tipo<\/strong>: personalize o log\u00f3tipo da sua marca nas lancheiras e nas embalagens.<br><strong>Op\u00e7\u00f5es de log\u00f3tipo<\/strong>: log\u00f3tipo impresso, log\u00f3tipo gravado a laser, etc.<br><strong>Padr\u00e3o<\/strong>: padr\u00f5es de impress\u00e3o <br><strong>Tecnologia de impress\u00e3o<\/strong>: impress\u00e3o por transfer\u00eancia de \u00e1gua, impress\u00e3o por serigrafia, impress\u00e3o por transfer\u00eancia de calor, transfer\u00eancia por sublima\u00e7\u00e3o, etc.<br><strong>Embalagem<\/strong>:caixa de cor<br><a href=\"https:\/\/moyahousehold.com\/pt\/solucao-personalizada\/\"><strong>Saiba mais sobre as solu\u00e7\u00f5es de lancheiras personalizadas<\/strong><\/a><br><br><\/p>\n\n\n\n<div class=\"wp-block-columns is-layout-flex wp-container-core-columns-is-layout-9d6595d7 wp-block-columns-is-layout-flex\">\n<div class=\"wp-block-column is-layout-flow wp-block-column-is-layout-flow\">\n<figure class=\"wp-block-image size-full\"><img fetchpriority=\"high\" decoding=\"async\" width=\"2000\" height=\"2000\" src=\"https:\/\/moyahousehold.com\/wp-content\/uploads\/2024\/05\/Double-Layer-Rectangle-Lunch-Box-Display-5.jpg\" alt=\"Expositor retangular de dupla camada para lancheiras (5)\" class=\"wp-image-8716\" srcset=\"https:\/\/moyahousehold.com\/wp-content\/uploads\/2024\/05\/Double-Layer-Rectangle-Lunch-Box-Display-5.jpg 2000w, https:\/\/moyahousehold.com\/wp-content\/uploads\/2024\/05\/Double-Layer-Rectangle-Lunch-Box-Display-5-300x300.jpg 300w, https:\/\/moyahousehold.com\/wp-content\/uploads\/2024\/05\/Double-Layer-Rectangle-Lunch-Box-Display-5-150x150.jpg 150w, https:\/\/moyahousehold.com\/wp-content\/uploads\/2024\/05\/Double-Layer-Rectangle-Lunch-Box-Display-5-768x768.jpg 768w, https:\/\/moyahousehold.com\/wp-content\/uploads\/2024\/05\/Double-Layer-Rectangle-Lunch-Box-Display-5-12x12.jpg 12w, https:\/\/moyahousehold.com\/wp-content\/uploads\/2024\/05\/Double-Layer-Rectangle-Lunch-Box-Display-5-285x285.jpg 285w, https:\/\/moyahousehold.com\/wp-content\/uploads\/2024\/05\/Double-Layer-Rectangle-Lunch-Box-Display-5-1600x1600.jpg 1600w, https:\/\/moyahousehold.com\/wp-content\/uploads\/2024\/05\/Double-Layer-Rectangle-Lunch-Box-Display-5-270x270.jpg 270w, https:\/\/moyahousehold.com\/wp-content\/uploads\/2024\/05\/Double-Layer-Rectangle-Lunch-Box-Display-5-540x540.jpg 540w, https:\/\/moyahousehold.com\/wp-content\/uploads\/2024\/05\/Double-Layer-Rectangle-Lunch-Box-Display-5-660x660.jpg 660w\" sizes=\"(max-width: 2000px) 100vw, 2000px\" \/><\/figure>\n<\/div>\n\n\n\n<div class=\"wp-block-column is-layout-flow wp-block-column-is-layout-flow\">\n<figure class=\"wp-block-image size-full\"><img decoding=\"async\" width=\"2000\" height=\"2000\" src=\"https:\/\/moyahousehold.com\/wp-content\/uploads\/2024\/05\/Double-Layer-Rectangle-Lunch-Box-Display-6.jpg\" alt=\"Expositor retangular de dupla camada para lancheiras (6)\" class=\"wp-image-8717\" srcset=\"https:\/\/moyahousehold.com\/wp-content\/uploads\/2024\/05\/Double-Layer-Rectangle-Lunch-Box-Display-6.jpg 2000w, https:\/\/moyahousehold.com\/wp-content\/uploads\/2024\/05\/Double-Layer-Rectangle-Lunch-Box-Display-6-300x300.jpg 300w, https:\/\/moyahousehold.com\/wp-content\/uploads\/2024\/05\/Double-Layer-Rectangle-Lunch-Box-Display-6-150x150.jpg 150w, https:\/\/moyahousehold.com\/wp-content\/uploads\/2024\/05\/Double-Layer-Rectangle-Lunch-Box-Display-6-768x768.jpg 768w, https:\/\/moyahousehold.com\/wp-content\/uploads\/2024\/05\/Double-Layer-Rectangle-Lunch-Box-Display-6-12x12.jpg 12w, https:\/\/moyahousehold.com\/wp-content\/uploads\/2024\/05\/Double-Layer-Rectangle-Lunch-Box-Display-6-285x285.jpg 285w, https:\/\/moyahousehold.com\/wp-content\/uploads\/2024\/05\/Double-Layer-Rectangle-Lunch-Box-Display-6-1600x1600.jpg 1600w, https:\/\/moyahousehold.com\/wp-content\/uploads\/2024\/05\/Double-Layer-Rectangle-Lunch-Box-Display-6-270x270.jpg 270w, https:\/\/moyahousehold.com\/wp-content\/uploads\/2024\/05\/Double-Layer-Rectangle-Lunch-Box-Display-6-540x540.jpg 540w, https:\/\/moyahousehold.com\/wp-content\/uploads\/2024\/05\/Double-Layer-Rectangle-Lunch-Box-Display-6-660x660.jpg 660w\" sizes=\"(max-width: 2000px) 100vw, 2000px\" \/><\/figure>\n<\/div>\n<\/div>\n\n\n\n<div class=\"wp-block-columns is-layout-flex wp-container-core-columns-is-layout-9d6595d7 wp-block-columns-is-layout-flex\">\n<div class=\"wp-block-column is-layout-flow wp-block-column-is-layout-flow\">\n<figure class=\"wp-block-image size-full\"><img decoding=\"async\" width=\"2000\" height=\"2000\" src=\"https:\/\/moyahousehold.com\/wp-content\/uploads\/2024\/05\/Double-Layer-Rectangle-Lunch-Box-Display-3.jpg\" alt=\"Expositor retangular de dupla camada para lancheiras (3)\" class=\"wp-image-8714\" srcset=\"https:\/\/moyahousehold.com\/wp-content\/uploads\/2024\/05\/Double-Layer-Rectangle-Lunch-Box-Display-3.jpg 2000w, https:\/\/moyahousehold.com\/wp-content\/uploads\/2024\/05\/Double-Layer-Rectangle-Lunch-Box-Display-3-300x300.jpg 300w, https:\/\/moyahousehold.com\/wp-content\/uploads\/2024\/05\/Double-Layer-Rectangle-Lunch-Box-Display-3-150x150.jpg 150w, https:\/\/moyahousehold.com\/wp-content\/uploads\/2024\/05\/Double-Layer-Rectangle-Lunch-Box-Display-3-768x768.jpg 768w, https:\/\/moyahousehold.com\/wp-content\/uploads\/2024\/05\/Double-Layer-Rectangle-Lunch-Box-Display-3-12x12.jpg 12w, https:\/\/moyahousehold.com\/wp-content\/uploads\/2024\/05\/Double-Layer-Rectangle-Lunch-Box-Display-3-285x285.jpg 285w, https:\/\/moyahousehold.com\/wp-content\/uploads\/2024\/05\/Double-Layer-Rectangle-Lunch-Box-Display-3-1600x1600.jpg 1600w, https:\/\/moyahousehold.com\/wp-content\/uploads\/2024\/05\/Double-Layer-Rectangle-Lunch-Box-Display-3-270x270.jpg 270w, https:\/\/moyahousehold.com\/wp-content\/uploads\/2024\/05\/Double-Layer-Rectangle-Lunch-Box-Display-3-540x540.jpg 540w, https:\/\/moyahousehold.com\/wp-content\/uploads\/2024\/05\/Double-Layer-Rectangle-Lunch-Box-Display-3-660x660.jpg 660w\" sizes=\"(max-width: 2000px) 100vw, 2000px\" \/><\/figure>\n<\/div>\n\n\n\n<div class=\"wp-block-column is-layout-flow wp-block-column-is-layout-flow\">\n<figure class=\"wp-block-image size-full\"><img loading=\"lazy\" decoding=\"async\" width=\"2000\" height=\"2000\" src=\"https:\/\/moyahousehold.com\/wp-content\/uploads\/2024\/05\/Double-Layer-Rectangle-Lunch-Box-Display-4.jpg\" alt=\"Expositor retangular de dupla camada para lancheiras (4)\" class=\"wp-image-8715\" srcset=\"https:\/\/moyahousehold.com\/wp-content\/uploads\/2024\/05\/Double-Layer-Rectangle-Lunch-Box-Display-4.jpg 2000w, https:\/\/moyahousehold.com\/wp-content\/uploads\/2024\/05\/Double-Layer-Rectangle-Lunch-Box-Display-4-300x300.jpg 300w, https:\/\/moyahousehold.com\/wp-content\/uploads\/2024\/05\/Double-Layer-Rectangle-Lunch-Box-Display-4-150x150.jpg 150w, https:\/\/moyahousehold.com\/wp-content\/uploads\/2024\/05\/Double-Layer-Rectangle-Lunch-Box-Display-4-768x768.jpg 768w, https:\/\/moyahousehold.com\/wp-content\/uploads\/2024\/05\/Double-Layer-Rectangle-Lunch-Box-Display-4-12x12.jpg 12w, https:\/\/moyahousehold.com\/wp-content\/uploads\/2024\/05\/Double-Layer-Rectangle-Lunch-Box-Display-4-285x285.jpg 285w, https:\/\/moyahousehold.com\/wp-content\/uploads\/2024\/05\/Double-Layer-Rectangle-Lunch-Box-Display-4-1600x1600.jpg 1600w, https:\/\/moyahousehold.com\/wp-content\/uploads\/2024\/05\/Double-Layer-Rectangle-Lunch-Box-Display-4-270x270.jpg 270w, https:\/\/moyahousehold.com\/wp-content\/uploads\/2024\/05\/Double-Layer-Rectangle-Lunch-Box-Display-4-540x540.jpg 540w, https:\/\/moyahousehold.com\/wp-content\/uploads\/2024\/05\/Double-Layer-Rectangle-Lunch-Box-Display-4-660x660.jpg 660w\" sizes=\"(max-width: 2000px) 100vw, 2000px\" \/><\/figure>\n<\/div>\n<\/div>","protected":false},"excerpt":{"rendered":"<p>Lancheira retangular de dupla camada por atacado. Esta lancheira tem excelente apar\u00eancia e bom efeito de preserva\u00e7\u00e3o do calor. Como uma lancheira est\u00e9tica bonita, pode proporcionar uma melhor experi\u00eancia visual aos utilizadores. O design de camada dupla permite-lhe transportar mais alimentos facilmente. \u00c9 muito adequada para utiliza\u00e7\u00e3o em v\u00e1rios locais, como escola, escrit\u00f3rio, actividades ao ar livre, etc. Bem-vindo a contactar-nos para um or\u00e7amento.<\/p>\n<h3>Caracter\u00edsticas e vantagens da lancheira\u00a0<\/h3>\n<p><strong>Camada dupla:<\/strong> Esta lancheira retangular adopta um design de camada dupla. A estrutura de camada dupla aumenta a capacidade de armazenamento e \u00e9 conveniente para classificar e armazenar diferentes alimentos.<\/p>\n<p><strong>Est\u00e9tico e giro:<\/strong> Tem um aspeto bonito e \u00e9 uma lancheira Aesthetic Cute, que proporciona boa disposi\u00e7\u00e3o aos utilizadores em todos os momentos.<\/p>\n<p><strong>Revestimento em a\u00e7o inoxid\u00e1vel 304 de qualidade alimentar:<\/strong> O revestimento \u00e9 feito de a\u00e7o inoxid\u00e1vel 304 de qualidade alimentar, que tem uma boa resist\u00eancia antioxidante e \u00e0 corros\u00e3o e \u00e9 adequado para armazenar uma variedade de alimentos.<\/p>\n<p><strong>Boa veda\u00e7\u00e3o:<\/strong> A lancheira est\u00e1 equipada com um anel de veda\u00e7\u00e3o de silicone de qualidade alimentar, que pode impedir eficazmente a fuga de l\u00edquidos. O design da fivela de quatro lados garante que a lancheira pode permanecer bem fechada, melhorando ainda mais o desempenho de veda\u00e7\u00e3o.<\/p>\n<p><strong>Pega oculta:<\/strong> A lancheira adopta um design de pega oculta, que est\u00e1 inteligentemente integrada na estrutura da lancheira. Pode ser facilmente guardada quando n\u00e3o est\u00e1 a ser utilizada, mantendo o aspeto simples e bonito.<\/p>\n<p><strong>Servi\u00e7o grossista de lancheiras:<\/strong> Como um fornecedor e fabricante profissional de lancheiras, fornecemos servi\u00e7os de lancheiras por atacado, que s\u00e3o adequados para as empresas fazerem compras a granel.<\/p>","protected":false},"featured_media":8811,"comment_status":"open","ping_status":"closed","template":"","meta":[],"product_cat":[58],"product_tag":[90,86,92],"class_list":{"0":"post-5080","1":"product","2":"type-product","3":"status-publish","4":"has-post-thumbnail","6":"product_cat-lunch-box-wholesale","7":"product_tag-wholesale-double-layer-lunch-box","8":"product_tag-wholesale-insulated-lunch-box","9":"product_tag-wholesale-rectangle-lunch-box","11":"first","12":"instock","13":"shipping-taxable","14":"product-type-simple"},"_links":{"self":[{"href":"https:\/\/moyahousehold.com\/pt\/wp-json\/wp\/v2\/product\/5080","targetHints":{"allow":["GET"]}}],"collection":[{"href":"https:\/\/moyahousehold.com\/pt\/wp-json\/wp\/v2\/product"}],"about":[{"href":"https:\/\/moyahousehold.com\/pt\/wp-json\/wp\/v2\/types\/product"}],"replies":[{"embeddable":true,"href":"https:\/\/moyahousehold.com\/pt\/wp-json\/wp\/v2\/comments?post=5080"}],"version-history":[{"count":0,"href":"https:\/\/moyahousehold.com\/pt\/wp-json\/wp\/v2\/product\/5080\/revisions"}],"wp:featuredmedia":[{"embeddable":true,"href":"https:\/\/moyahousehold.com\/pt\/wp-json\/wp\/v2\/media\/8811"}],"wp:attachment":[{"href":"https:\/\/moyahousehold.com\/pt\/wp-json\/wp\/v2\/media?parent=5080"}],"wp:term":[{"taxonomy":"product_cat","embeddable":true,"href":"https:\/\/moyahousehold.com\/pt\/wp-json\/wp\/v2\/product_cat?post=5080"},{"taxonomy":"product_tag","embeddable":true,"href":"https:\/\/moyahousehold.com\/pt\/wp-json\/wp\/v2\/product_tag?post=5080"}],"curies":[{"name":"wp","href":"https:\/\/api.w.org\/{rel}","templated":true}]}}