{"id":5098,"date":"2024-05-22T08:38:26","date_gmt":"2024-05-22T08:38:26","guid":{"rendered":"https:\/\/moyahousehold.com\/?post_type=product&#038;p=5098"},"modified":"2025-02-05T08:43:04","modified_gmt":"2025-02-05T08:43:04","slug":"stainless-steel-lunch-box-with-removable-compartments","status":"publish","type":"product","link":"https:\/\/moyahousehold.com\/pt\/produto\/stainless-steel-lunch-box-with-removable-compartments\/","title":{"rendered":"Lancheira de a\u00e7o inoxid\u00e1vel por atacado com compartimentos amov\u00edveis"},"content":{"rendered":"<h3 class=\"wp-block-heading\">Par\u00e2metros da lancheira de a\u00e7o inoxid\u00e1vel<\/h3>\n\n\n\n<p><strong>material:<\/strong>304 + PP <strong> cor:<\/strong>azul\/bege\/rosa<\/p>\n\n\n\n<figure class=\"wp-block-table\"><table><tbody><tr><td>N\u00famero do modelo<\/td><td>capacidade<\/td><td>Tamanho do produto<\/td><td>Tamanho da caixa exterior<\/td><td>Quantidade por caixa<\/td><td>N.W<\/td><td>G.W\/Caixa<\/td><\/tr><tr><td>MYJD007<\/td><td>Dois\/tr\u00eas compartimentos<\/td><td>24*17*6<\/td><td>52*50*53<\/td><td>36<\/td><td>0.42&nbsp;<\/td><td>22.32<\/td><\/tr><\/tbody><\/table><\/figure>\n\n\n\n<h3 class=\"wp-block-heading\">Op\u00e7\u00f5es de lancheiras personalizadas em a\u00e7o inoxid\u00e1vel<\/h3>\n\n\n\n<p><strong>Log\u00f3tipo<\/strong>: personalize o log\u00f3tipo da sua marca na lancheira e na embalagem em a\u00e7o inoxid\u00e1vel.<br><strong>Tampa<\/strong>: Escolha tampas de vidro ou tampas de pp para a sua lancheira de a\u00e7o inoxid\u00e1vel.<br><strong>Op\u00e7\u00f5es de log\u00f3tipo<\/strong>: Fornecemos m\u00e9todos de grava\u00e7\u00e3o a laser ou de transfer\u00eancia de calor para personalizar o seu log\u00f3tipo na lancheira.<br><strong>Padr\u00e3o<\/strong>: impress\u00e3o de motivos na lancheira.<br><strong>Tecnologia de impress\u00e3o<\/strong>: Fornecemos transfer\u00eancia de ecr\u00e3, transfer\u00eancia de calor, impress\u00e3o de transfer\u00eancia de \u00e1gua para personalizar padr\u00f5es para lancheiras<br><strong>Embalagem<\/strong>Pode enviar-nos o ficheiro e n\u00f3s personalizaremos a caixa de cor do recipiente para alimentos para siExplore mais personaliza\u00e7\u00e3o<br><a href=\"https:\/\/moyahousehold.com\/pt\/solucao-personalizada\/\"><strong>Saiba mais sobre as solu\u00e7\u00f5es de lancheiras personalizadas<\/strong><\/a><br><\/p>\n\n\n\n<div class=\"wp-block-columns is-layout-flex wp-container-core-columns-is-layout-9d6595d7 wp-block-columns-is-layout-flex\">\n<div class=\"wp-block-column is-layout-flow wp-block-column-is-layout-flow\">\n<figure class=\"wp-block-image size-full\"><img fetchpriority=\"high\" decoding=\"async\" width=\"2000\" height=\"2000\" src=\"https:\/\/moyahousehold.com\/wp-content\/uploads\/2024\/05\/stainless-steel-lunch-box-detail-1.jpg\" alt=\"pormenor da lancheira em a\u00e7o inoxid\u00e1vel (1)\" class=\"wp-image-8676\" srcset=\"https:\/\/moyahousehold.com\/wp-content\/uploads\/2024\/05\/stainless-steel-lunch-box-detail-1.jpg 2000w, https:\/\/moyahousehold.com\/wp-content\/uploads\/2024\/05\/stainless-steel-lunch-box-detail-1-300x300.jpg 300w, https:\/\/moyahousehold.com\/wp-content\/uploads\/2024\/05\/stainless-steel-lunch-box-detail-1-150x150.jpg 150w, https:\/\/moyahousehold.com\/wp-content\/uploads\/2024\/05\/stainless-steel-lunch-box-detail-1-768x768.jpg 768w, https:\/\/moyahousehold.com\/wp-content\/uploads\/2024\/05\/stainless-steel-lunch-box-detail-1-12x12.jpg 12w, https:\/\/moyahousehold.com\/wp-content\/uploads\/2024\/05\/stainless-steel-lunch-box-detail-1-285x285.jpg 285w, https:\/\/moyahousehold.com\/wp-content\/uploads\/2024\/05\/stainless-steel-lunch-box-detail-1-1600x1600.jpg 1600w, https:\/\/moyahousehold.com\/wp-content\/uploads\/2024\/05\/stainless-steel-lunch-box-detail-1-270x270.jpg 270w, https:\/\/moyahousehold.com\/wp-content\/uploads\/2024\/05\/stainless-steel-lunch-box-detail-1-540x540.jpg 540w, https:\/\/moyahousehold.com\/wp-content\/uploads\/2024\/05\/stainless-steel-lunch-box-detail-1-660x660.jpg 660w\" sizes=\"(max-width: 2000px) 100vw, 2000px\" \/><\/figure>\n<\/div>\n\n\n\n<div class=\"wp-block-column is-layout-flow wp-block-column-is-layout-flow\">\n<figure class=\"wp-block-image size-full\"><img decoding=\"async\" width=\"2000\" height=\"2000\" src=\"https:\/\/moyahousehold.com\/wp-content\/uploads\/2024\/05\/stainless-steel-lunch-box-detail-2.jpg\" alt=\"pormenor da lancheira em a\u00e7o inoxid\u00e1vel (2)\" class=\"wp-image-8677\" srcset=\"https:\/\/moyahousehold.com\/wp-content\/uploads\/2024\/05\/stainless-steel-lunch-box-detail-2.jpg 2000w, https:\/\/moyahousehold.com\/wp-content\/uploads\/2024\/05\/stainless-steel-lunch-box-detail-2-300x300.jpg 300w, https:\/\/moyahousehold.com\/wp-content\/uploads\/2024\/05\/stainless-steel-lunch-box-detail-2-150x150.jpg 150w, https:\/\/moyahousehold.com\/wp-content\/uploads\/2024\/05\/stainless-steel-lunch-box-detail-2-768x768.jpg 768w, https:\/\/moyahousehold.com\/wp-content\/uploads\/2024\/05\/stainless-steel-lunch-box-detail-2-12x12.jpg 12w, https:\/\/moyahousehold.com\/wp-content\/uploads\/2024\/05\/stainless-steel-lunch-box-detail-2-285x285.jpg 285w, https:\/\/moyahousehold.com\/wp-content\/uploads\/2024\/05\/stainless-steel-lunch-box-detail-2-1600x1600.jpg 1600w, https:\/\/moyahousehold.com\/wp-content\/uploads\/2024\/05\/stainless-steel-lunch-box-detail-2-270x270.jpg 270w, https:\/\/moyahousehold.com\/wp-content\/uploads\/2024\/05\/stainless-steel-lunch-box-detail-2-540x540.jpg 540w, https:\/\/moyahousehold.com\/wp-content\/uploads\/2024\/05\/stainless-steel-lunch-box-detail-2-660x660.jpg 660w\" sizes=\"(max-width: 2000px) 100vw, 2000px\" \/><\/figure>\n<\/div>\n<\/div>","protected":false},"excerpt":{"rendered":"<p>Lancheira de a\u00e7o inoxid\u00e1vel por atacado com compartimentos amov\u00edveis, os compartimentos amov\u00edveis podem ser colocados na m\u00e1quina de lavar lou\u00e7a para limpeza, poupando o seu tempo. Fornecemos tr\u00eas cores \u00e0 escolha, muito adequadas para o retalho, bem-vindos grossistas e distribuidores para nos contactarem para compra.<\/p>\n<h3>Carater\u00edsticas e vantagens da Lancheira isolada em a\u00e7o inoxid\u00e1vel\u00a0<\/h3>\n<p><strong>Conce\u00e7\u00e3o das divis\u00f3rias:<\/strong> A lancheira tem dois compartimentos no interior, que podem ser utilizados para embalar diferentes tipos de alimentos e manter o sabor original dos alimentos.<\/p>\n<p><strong>Compartimentos amov\u00edveis:<\/strong> Esta lancheira tem compartimentos amov\u00edveis e pode ser lavada na m\u00e1quina de lavar lou\u00e7a, o que \u00e9 mais pr\u00e1tico e poupa tempo na limpeza.<\/p>\n<p><strong>Port\u00e1til:<\/strong> Esta lancheira tem um fecho firme e uma pega pr\u00e1tica, que \u00e9 f\u00e1cil de transportar e adequada para trabalhadores de escrit\u00f3rio, estudantes e outras pessoas que comem fora.<\/p>\n<p><strong>Amigo do ambiente e saud\u00e1vel:<\/strong> Esta lancheira \u00e9 feita de a\u00e7o inoxid\u00e1vel de qualidade alimentar, que \u00e9 seguro, fi\u00e1vel, reutiliz\u00e1vel e amigo do ambiente.<\/p>\n<p><strong>Personaliza\u00e7\u00e3o OEM&amp;ODM:<\/strong> Como fabricante profissional de lancheiras, fornecemos servi\u00e7os completos de lancheiras personalizadas, incluindo formas personalizadas, materiais, embalagens e muito mais<\/p>","protected":false},"featured_media":8678,"comment_status":"closed","ping_status":"closed","template":"","meta":[],"product_cat":[58],"product_tag":[87,92],"class_list":{"0":"post-5098","1":"product","2":"type-product","3":"status-publish","4":"has-post-thumbnail","6":"product_cat-lunch-box-wholesale","7":"product_tag-wholesale-multi-compartment-lunch-box","8":"product_tag-wholesale-rectangle-lunch-box","10":"first","11":"instock","12":"shipping-taxable","13":"product-type-simple"},"_links":{"self":[{"href":"https:\/\/moyahousehold.com\/pt\/wp-json\/wp\/v2\/product\/5098","targetHints":{"allow":["GET"]}}],"collection":[{"href":"https:\/\/moyahousehold.com\/pt\/wp-json\/wp\/v2\/product"}],"about":[{"href":"https:\/\/moyahousehold.com\/pt\/wp-json\/wp\/v2\/types\/product"}],"replies":[{"embeddable":true,"href":"https:\/\/moyahousehold.com\/pt\/wp-json\/wp\/v2\/comments?post=5098"}],"version-history":[{"count":0,"href":"https:\/\/moyahousehold.com\/pt\/wp-json\/wp\/v2\/product\/5098\/revisions"}],"wp:featuredmedia":[{"embeddable":true,"href":"https:\/\/moyahousehold.com\/pt\/wp-json\/wp\/v2\/media\/8678"}],"wp:attachment":[{"href":"https:\/\/moyahousehold.com\/pt\/wp-json\/wp\/v2\/media?parent=5098"}],"wp:term":[{"taxonomy":"product_cat","embeddable":true,"href":"https:\/\/moyahousehold.com\/pt\/wp-json\/wp\/v2\/product_cat?post=5098"},{"taxonomy":"product_tag","embeddable":true,"href":"https:\/\/moyahousehold.com\/pt\/wp-json\/wp\/v2\/product_tag?post=5098"}],"curies":[{"name":"wp","href":"https:\/\/api.w.org\/{rel}","templated":true}]}}