{"id":5111,"date":"2024-05-22T08:55:33","date_gmt":"2024-05-22T08:55:33","guid":{"rendered":"https:\/\/moyahousehold.com\/?post_type=product&#038;p=5111"},"modified":"2025-02-05T08:42:47","modified_gmt":"2025-02-05T08:42:47","slug":"wholesale-stylish-lunch-boxes-for-women","status":"publish","type":"product","link":"https:\/\/moyahousehold.com\/pt\/produto\/wholesale-stylish-lunch-boxes-for-women\/","title":{"rendered":"Lancheiras por atacado com estilo para mulheres: Design criativo, inspirado na mala de m\u00e3o"},"content":{"rendered":"<h2 class=\"wp-block-heading\">Par\u00e2metros da lancheira com estilo<\/h2>\n\n\n\n<p><strong>material:<\/strong>304 + PP <strong> cor:<\/strong>Bege\/caqui<\/p>\n\n\n\n<figure class=\"wp-block-table\"><table><tbody><tr><td>N\u00famero do modelo<\/td><td>capacidade<\/td><td>Tamanho do produto<\/td><td>Tamanho da caixa exterior<\/td><td>Quantidade por caixa<\/td><td>N.W<\/td><td>G.W\/Caixa<\/td><\/tr><tr><td>MYJD086<\/td><td>Camada \u00fanica<\/td><td>23*14.5*8.5<\/td><td>64*55*51<\/td><td>48<\/td><td>0.55<\/td><td>30.4<\/td><\/tr><tr><td>MYJD087<\/td><td>Camadas duplas<\/td><td>23*14.5*14.5<\/td><td>63*50*47<\/td><td>24<\/td><td>0.94<\/td><td>25.56<\/td><\/tr><\/tbody><\/table><\/figure>\n\n\n\n<h3 class=\"wp-block-heading\">Op\u00e7\u00f5es de lancheiras personalizadas<\/h3>\n\n\n\n<p><strong>Log\u00f3tipo:<\/strong> personalizar o log\u00f3tipo da sua marca no produto e na embalagem.<br><strong>Op\u00e7\u00f5es de log\u00f3tipo: <\/strong>log\u00f3tipo impresso, log\u00f3tipo gravado a laser, etc.<br><strong>Padr\u00e3o:<\/strong> Padr\u00f5es de impress\u00e3o <br><strong>Tecnologia de impress\u00e3o: <\/strong>impress\u00e3o por transfer\u00eancia de \u00e1gua, impress\u00e3o por serigrafia, impress\u00e3o por transfer\u00eancia de calor, transfer\u00eancia por sublima\u00e7\u00e3o, etc.<br><strong>Embalagem:<\/strong>caixa de cor<br><a href=\"https:\/\/moyahousehold.com\/pt\/solucao-personalizada\/\"><strong>Saiba mais sobre a solu\u00e7\u00e3o de lancheiras personalizadas<\/strong>.<\/a><br><br><\/p>\n\n\n\n<div class=\"wp-block-columns is-layout-flex wp-container-core-columns-is-layout-9d6595d7 wp-block-columns-is-layout-flex\">\n<div class=\"wp-block-column is-layout-flow wp-block-column-is-layout-flow\">\n<figure class=\"wp-block-image size-full\"><img fetchpriority=\"high\" decoding=\"async\" width=\"1500\" height=\"1500\" src=\"https:\/\/moyahousehold.com\/wp-content\/uploads\/2024\/05\/white-single-layer-stylish-lunch-box.jpg\" alt=\"lancheira elegante de camada \u00fanica branca\" class=\"wp-image-8789\" srcset=\"https:\/\/moyahousehold.com\/wp-content\/uploads\/2024\/05\/white-single-layer-stylish-lunch-box.jpg 1500w, https:\/\/moyahousehold.com\/wp-content\/uploads\/2024\/05\/white-single-layer-stylish-lunch-box-300x300.jpg 300w, https:\/\/moyahousehold.com\/wp-content\/uploads\/2024\/05\/white-single-layer-stylish-lunch-box-150x150.jpg 150w, https:\/\/moyahousehold.com\/wp-content\/uploads\/2024\/05\/white-single-layer-stylish-lunch-box-768x768.jpg 768w, https:\/\/moyahousehold.com\/wp-content\/uploads\/2024\/05\/white-single-layer-stylish-lunch-box-12x12.jpg 12w, https:\/\/moyahousehold.com\/wp-content\/uploads\/2024\/05\/white-single-layer-stylish-lunch-box-285x285.jpg 285w, https:\/\/moyahousehold.com\/wp-content\/uploads\/2024\/05\/white-single-layer-stylish-lunch-box-270x270.jpg 270w, https:\/\/moyahousehold.com\/wp-content\/uploads\/2024\/05\/white-single-layer-stylish-lunch-box-540x540.jpg 540w, https:\/\/moyahousehold.com\/wp-content\/uploads\/2024\/05\/white-single-layer-stylish-lunch-box-660x660.jpg 660w\" sizes=\"(max-width: 1500px) 100vw, 1500px\" \/><\/figure>\n<\/div>\n\n\n\n<div class=\"wp-block-column is-layout-flow wp-block-column-is-layout-flow\">\n<figure class=\"wp-block-image size-full\"><img decoding=\"async\" width=\"1500\" height=\"1500\" src=\"https:\/\/moyahousehold.com\/wp-content\/uploads\/2024\/05\/stylish-lunch-box-display-3.jpg\" alt=\"expositor de lancheiras com estilo (3)\" class=\"wp-image-8788\" srcset=\"https:\/\/moyahousehold.com\/wp-content\/uploads\/2024\/05\/stylish-lunch-box-display-3.jpg 1500w, https:\/\/moyahousehold.com\/wp-content\/uploads\/2024\/05\/stylish-lunch-box-display-3-300x300.jpg 300w, https:\/\/moyahousehold.com\/wp-content\/uploads\/2024\/05\/stylish-lunch-box-display-3-150x150.jpg 150w, https:\/\/moyahousehold.com\/wp-content\/uploads\/2024\/05\/stylish-lunch-box-display-3-768x768.jpg 768w, https:\/\/moyahousehold.com\/wp-content\/uploads\/2024\/05\/stylish-lunch-box-display-3-12x12.jpg 12w, https:\/\/moyahousehold.com\/wp-content\/uploads\/2024\/05\/stylish-lunch-box-display-3-285x285.jpg 285w, https:\/\/moyahousehold.com\/wp-content\/uploads\/2024\/05\/stylish-lunch-box-display-3-270x270.jpg 270w, https:\/\/moyahousehold.com\/wp-content\/uploads\/2024\/05\/stylish-lunch-box-display-3-540x540.jpg 540w, https:\/\/moyahousehold.com\/wp-content\/uploads\/2024\/05\/stylish-lunch-box-display-3-660x660.jpg 660w\" sizes=\"(max-width: 1500px) 100vw, 1500px\" \/><\/figure>\n<\/div>\n<\/div>\n\n\n\n<div class=\"wp-block-columns is-layout-flex wp-container-core-columns-is-layout-9d6595d7 wp-block-columns-is-layout-flex\">\n<div class=\"wp-block-column is-layout-flow wp-block-column-is-layout-flow\">\n<figure class=\"wp-block-image size-full\"><img decoding=\"async\" width=\"1500\" height=\"1500\" src=\"https:\/\/moyahousehold.com\/wp-content\/uploads\/2024\/05\/brown-single-layer-stylish-lunch-box.jpg\" alt=\"lancheira elegante de camada \u00fanica castanha\" class=\"wp-image-8781\" srcset=\"https:\/\/moyahousehold.com\/wp-content\/uploads\/2024\/05\/brown-single-layer-stylish-lunch-box.jpg 1500w, https:\/\/moyahousehold.com\/wp-content\/uploads\/2024\/05\/brown-single-layer-stylish-lunch-box-300x300.jpg 300w, https:\/\/moyahousehold.com\/wp-content\/uploads\/2024\/05\/brown-single-layer-stylish-lunch-box-150x150.jpg 150w, https:\/\/moyahousehold.com\/wp-content\/uploads\/2024\/05\/brown-single-layer-stylish-lunch-box-768x768.jpg 768w, https:\/\/moyahousehold.com\/wp-content\/uploads\/2024\/05\/brown-single-layer-stylish-lunch-box-12x12.jpg 12w, https:\/\/moyahousehold.com\/wp-content\/uploads\/2024\/05\/brown-single-layer-stylish-lunch-box-285x285.jpg 285w, https:\/\/moyahousehold.com\/wp-content\/uploads\/2024\/05\/brown-single-layer-stylish-lunch-box-270x270.jpg 270w, https:\/\/moyahousehold.com\/wp-content\/uploads\/2024\/05\/brown-single-layer-stylish-lunch-box-540x540.jpg 540w, https:\/\/moyahousehold.com\/wp-content\/uploads\/2024\/05\/brown-single-layer-stylish-lunch-box-660x660.jpg 660w\" sizes=\"(max-width: 1500px) 100vw, 1500px\" \/><\/figure>\n<\/div>\n\n\n\n<div class=\"wp-block-column is-layout-flow wp-block-column-is-layout-flow\">\n<figure class=\"wp-block-image size-full\"><img loading=\"lazy\" decoding=\"async\" width=\"1500\" height=\"1500\" src=\"https:\/\/moyahousehold.com\/wp-content\/uploads\/2024\/05\/brown-double-layer-stylish-lunch-box.jpg\" alt=\"lancheira elegante de dupla camada castanha\" class=\"wp-image-8780\" srcset=\"https:\/\/moyahousehold.com\/wp-content\/uploads\/2024\/05\/brown-double-layer-stylish-lunch-box.jpg 1500w, https:\/\/moyahousehold.com\/wp-content\/uploads\/2024\/05\/brown-double-layer-stylish-lunch-box-300x300.jpg 300w, https:\/\/moyahousehold.com\/wp-content\/uploads\/2024\/05\/brown-double-layer-stylish-lunch-box-150x150.jpg 150w, https:\/\/moyahousehold.com\/wp-content\/uploads\/2024\/05\/brown-double-layer-stylish-lunch-box-768x768.jpg 768w, https:\/\/moyahousehold.com\/wp-content\/uploads\/2024\/05\/brown-double-layer-stylish-lunch-box-12x12.jpg 12w, https:\/\/moyahousehold.com\/wp-content\/uploads\/2024\/05\/brown-double-layer-stylish-lunch-box-285x285.jpg 285w, https:\/\/moyahousehold.com\/wp-content\/uploads\/2024\/05\/brown-double-layer-stylish-lunch-box-270x270.jpg 270w, https:\/\/moyahousehold.com\/wp-content\/uploads\/2024\/05\/brown-double-layer-stylish-lunch-box-540x540.jpg 540w, https:\/\/moyahousehold.com\/wp-content\/uploads\/2024\/05\/brown-double-layer-stylish-lunch-box-660x660.jpg 660w\" sizes=\"(max-width: 1500px) 100vw, 1500px\" \/><\/figure>\n<\/div>\n<\/div>","protected":false},"excerpt":{"rendered":"<p>Lancheira de moda por atacado, esta lancheira parece uma mala de senhora, muito adequada para as senhoras transportarem. N\u00e3o s\u00f3 tem uma apar\u00eancia elegante, mas tamb\u00e9m oferece designs de camada \u00fanica e dupla para atender a diferentes necessidades de refei\u00e7\u00f5es. O estilo de camada \u00fanica \u00e9 simples e leve, adequado para almo\u00e7os ou lanches simples; o design de camada dupla oferece mais espa\u00e7o de armazenamento.<\/p>\n<h3>Carater\u00edsticas e vantagens da lancheira com estilo<\/h3>\n<p><strong>Aspeto elegante:<\/strong> Esta \u00e9 uma lancheira elegante de estilo minimalista. O design da apar\u00eancia \u00e9 inspirado nas malas de m\u00e3o das mulheres. \u00c9 simples mas elegante, mostrando um gosto \u00fanico, trazendo boa disposi\u00e7\u00e3o aos utilizadores, e \u00e9 muito adequada para as mulheres transportarem.<\/p>\n<p><strong>Dois estilos:<\/strong> Esta elegante lancheira tem dois estilos: camada \u00fanica e camada dupla. O estilo de camada dupla oferece uma maior capacidade para satisfazer as necessidades de diferentes cen\u00e1rios.<\/p>\n<p><strong>Material saud\u00e1vel:<\/strong> O revestimento interior da lancheira \u00e9 feito de a\u00e7o inoxid\u00e1vel 304 de qualidade alimentar, que tem uma excelente durabilidade e propriedades antibacterianas e \u00e9 uma escolha ideal para uma alimenta\u00e7\u00e3o saud\u00e1vel.<\/p>\n<p><strong>Pega oculta:<\/strong> Esta lancheira est\u00e1 equipada com um design de pega oculta, que n\u00e3o afecta a forma geral, e a pega pode ser facilmente puxada para fora quando est\u00e1 a ser utilizada.<\/p>\n<p><strong>Venda por grosso e personaliza\u00e7\u00e3o:<\/strong> Fornecemos servi\u00e7os de lancheiras por atacado e apoio para satisfazer as suas diferentes necessidades atrav\u00e9s de solu\u00e7\u00f5es personalizadas de lancheiras.<\/p>","protected":false},"featured_media":8784,"comment_status":"closed","ping_status":"closed","template":"","meta":[],"product_cat":[58],"product_tag":[90,86,92],"class_list":{"0":"post-5111","1":"product","2":"type-product","3":"status-publish","4":"has-post-thumbnail","6":"product_cat-lunch-box-wholesale","7":"product_tag-wholesale-double-layer-lunch-box","8":"product_tag-wholesale-insulated-lunch-box","9":"product_tag-wholesale-rectangle-lunch-box","11":"first","12":"instock","13":"shipping-taxable","14":"product-type-simple"},"_links":{"self":[{"href":"https:\/\/moyahousehold.com\/pt\/wp-json\/wp\/v2\/product\/5111","targetHints":{"allow":["GET"]}}],"collection":[{"href":"https:\/\/moyahousehold.com\/pt\/wp-json\/wp\/v2\/product"}],"about":[{"href":"https:\/\/moyahousehold.com\/pt\/wp-json\/wp\/v2\/types\/product"}],"replies":[{"embeddable":true,"href":"https:\/\/moyahousehold.com\/pt\/wp-json\/wp\/v2\/comments?post=5111"}],"version-history":[{"count":0,"href":"https:\/\/moyahousehold.com\/pt\/wp-json\/wp\/v2\/product\/5111\/revisions"}],"wp:featuredmedia":[{"embeddable":true,"href":"https:\/\/moyahousehold.com\/pt\/wp-json\/wp\/v2\/media\/8784"}],"wp:attachment":[{"href":"https:\/\/moyahousehold.com\/pt\/wp-json\/wp\/v2\/media?parent=5111"}],"wp:term":[{"taxonomy":"product_cat","embeddable":true,"href":"https:\/\/moyahousehold.com\/pt\/wp-json\/wp\/v2\/product_cat?post=5111"},{"taxonomy":"product_tag","embeddable":true,"href":"https:\/\/moyahousehold.com\/pt\/wp-json\/wp\/v2\/product_tag?post=5111"}],"curies":[{"name":"wp","href":"https:\/\/api.w.org\/{rel}","templated":true}]}}