{"id":5126,"date":"2024-05-22T09:21:59","date_gmt":"2024-05-22T09:21:59","guid":{"rendered":"https:\/\/moyahousehold.com\/?post_type=product&#038;p=5126"},"modified":"2025-02-05T08:42:27","modified_gmt":"2025-02-05T08:42:27","slug":"wholesale-fashionable-lunch-boxes-for-adults","status":"publish","type":"product","link":"https:\/\/moyahousehold.com\/pt\/produto\/wholesale-fashionable-lunch-boxes-for-adults\/","title":{"rendered":"Lancheira de moda por atacado para adultos"},"content":{"rendered":"<h2 class=\"wp-block-heading\">Par\u00e2metros da Lancheira Fashion<\/h2>\n\n\n\n<p><strong>material:<\/strong>304 + PP <strong> cor:<\/strong>Branco\/amarelo\/bege\/caqui<\/p>\n\n\n\n<figure class=\"wp-block-table\"><table><tbody><tr><td>N\u00famero do modelo<\/td><td>capacidade<\/td><td>Tamanho do produto<\/td><td>Tamanho da caixa exterior<\/td><td>Quantidade por caixa<\/td><td>N.W<\/td><td>G.W\/Caixa<\/td><\/tr><tr><td>MYJD088<\/td><td>Camada \u00fanica<\/td><td>22*11.5*8.5<\/td><td>58.5*41*58.5<\/td><td>48<\/td><td>0.39<\/td><td>23.3<\/td><\/tr><tr><td>MYJD089<\/td><td>Camadas duplas<\/td><td>22*11.5*15<\/td><td>56*39.5*44<\/td><td>24<\/td><td>0.57<\/td><td>16.92<\/td><\/tr><tr><td>MYJD090<\/td><td>Camadas duplas com ta\u00e7a<\/td><td>22*11.5*15<\/td><td>56*39.5*44<\/td><td>24<\/td><td>0.69<\/td><td>19.92<\/td><\/tr><\/tbody><\/table><\/figure>\n\n\n\n<h3 class=\"wp-block-heading\">Op\u00e7\u00f5es de lancheiras personalizadas<\/h3>\n\n\n\n<p><strong>Log\u00f3tipo<\/strong>: personalize o log\u00f3tipo da sua marca nas lancheiras e nas embalagens.<br><strong>Op\u00e7\u00f5es de log\u00f3tipo<\/strong>: log\u00f3tipo impresso, log\u00f3tipo gravado a laser, etc.<br><strong>Padr\u00e3o<\/strong>: padr\u00f5es de impress\u00e3o <br><strong>Tecnologia de impress\u00e3o<\/strong>: impress\u00e3o por transfer\u00eancia de \u00e1gua, impress\u00e3o por serigrafia, impress\u00e3o por transfer\u00eancia de calor, transfer\u00eancia por sublima\u00e7\u00e3o, etc.<br><strong>Embalagem:<\/strong> caixa de cor<br><a href=\"https:\/\/moyahousehold.com\/pt\/solucao-personalizada\/\"><strong>Saiba mais sobre a solu\u00e7\u00e3o de lancheiras personalizadas<\/strong><\/a><\/p>\n\n\n\n<div class=\"wp-block-columns is-layout-flex wp-container-core-columns-is-layout-9d6595d7 wp-block-columns-is-layout-flex\">\n<div class=\"wp-block-column is-layout-flow wp-block-column-is-layout-flow\">\n<figure class=\"wp-block-image size-full\"><img fetchpriority=\"high\" decoding=\"async\" width=\"3353\" height=\"3353\" src=\"https:\/\/moyahousehold.com\/wp-content\/uploads\/2024\/05\/fashion-lunch-box-display-1.jpg\" alt=\"expositor de lancheiras de moda (1)\" class=\"wp-image-8806\" srcset=\"https:\/\/moyahousehold.com\/wp-content\/uploads\/2024\/05\/fashion-lunch-box-display-1.jpg 3353w, https:\/\/moyahousehold.com\/wp-content\/uploads\/2024\/05\/fashion-lunch-box-display-1-300x300.jpg 300w, https:\/\/moyahousehold.com\/wp-content\/uploads\/2024\/05\/fashion-lunch-box-display-1-150x150.jpg 150w, https:\/\/moyahousehold.com\/wp-content\/uploads\/2024\/05\/fashion-lunch-box-display-1-768x768.jpg 768w, https:\/\/moyahousehold.com\/wp-content\/uploads\/2024\/05\/fashion-lunch-box-display-1-12x12.jpg 12w, https:\/\/moyahousehold.com\/wp-content\/uploads\/2024\/05\/fashion-lunch-box-display-1-285x285.jpg 285w, https:\/\/moyahousehold.com\/wp-content\/uploads\/2024\/05\/fashion-lunch-box-display-1-1600x1600.jpg 1600w, https:\/\/moyahousehold.com\/wp-content\/uploads\/2024\/05\/fashion-lunch-box-display-1-270x270.jpg 270w, https:\/\/moyahousehold.com\/wp-content\/uploads\/2024\/05\/fashion-lunch-box-display-1-540x540.jpg 540w, https:\/\/moyahousehold.com\/wp-content\/uploads\/2024\/05\/fashion-lunch-box-display-1-660x660.jpg 660w\" sizes=\"(max-width: 3353px) 100vw, 3353px\" \/><\/figure>\n<\/div>\n\n\n\n<div class=\"wp-block-column is-layout-flow wp-block-column-is-layout-flow\">\n<figure class=\"wp-block-image size-full\"><img decoding=\"async\" width=\"3567\" height=\"3567\" src=\"https:\/\/moyahousehold.com\/wp-content\/uploads\/2024\/05\/fashion-lunch-box-display-2.jpg\" alt=\"expositor de lancheiras de moda (2)\" class=\"wp-image-8807\" srcset=\"https:\/\/moyahousehold.com\/wp-content\/uploads\/2024\/05\/fashion-lunch-box-display-2.jpg 3567w, https:\/\/moyahousehold.com\/wp-content\/uploads\/2024\/05\/fashion-lunch-box-display-2-300x300.jpg 300w, https:\/\/moyahousehold.com\/wp-content\/uploads\/2024\/05\/fashion-lunch-box-display-2-150x150.jpg 150w, https:\/\/moyahousehold.com\/wp-content\/uploads\/2024\/05\/fashion-lunch-box-display-2-768x768.jpg 768w, https:\/\/moyahousehold.com\/wp-content\/uploads\/2024\/05\/fashion-lunch-box-display-2-12x12.jpg 12w, https:\/\/moyahousehold.com\/wp-content\/uploads\/2024\/05\/fashion-lunch-box-display-2-285x285.jpg 285w, https:\/\/moyahousehold.com\/wp-content\/uploads\/2024\/05\/fashion-lunch-box-display-2-1600x1600.jpg 1600w, https:\/\/moyahousehold.com\/wp-content\/uploads\/2024\/05\/fashion-lunch-box-display-2-270x270.jpg 270w, https:\/\/moyahousehold.com\/wp-content\/uploads\/2024\/05\/fashion-lunch-box-display-2-540x540.jpg 540w, https:\/\/moyahousehold.com\/wp-content\/uploads\/2024\/05\/fashion-lunch-box-display-2-660x660.jpg 660w\" sizes=\"(max-width: 3567px) 100vw, 3567px\" \/><\/figure>\n<\/div>\n<\/div>","protected":false},"excerpt":{"rendered":"<p>Lancheiras elegantes por atacado para adultos, esta lancheira tem um design elegante, f\u00e1cil de transportar, bonita e pr\u00e1tica, adequada para o exterior, escola, escrit\u00f3rio e outras ocasi\u00f5es. Existem v\u00e1rios estilos \u00e0 escolha, incluindo op\u00e7\u00f5es de camada dupla e camada \u00fanica, que podem separar diferentes tipos de alimentos. Bem-vindo a contactar-nos para um or\u00e7amento.<\/p>\n<h3>Carater\u00edsticas e vantagens da Fashion Lunch Box<\/h3>\n<p><strong>Aspeto elegante:<\/strong> O design desta Lancheira Fashion \u00e9 inspirado no estilo minimalista moderno, em linha com a est\u00e9tica contempor\u00e2nea, com um design de grande capacidade, muito adequado para adultos.<\/p>\n<p><strong>Pega dobr\u00e1vel oculta:<\/strong> Esta Lancheira Fashion est\u00e1 equipada com uma pega dobr\u00e1vel oculta, com um design inteligente, que n\u00e3o ocupa espa\u00e7o, \u00e9 f\u00e1cil de transportar e tem tanto de belo como de pr\u00e1tico.<\/p>\n<p><strong>Revestimento em a\u00e7o inoxid\u00e1vel 304:<\/strong> O revestimento da lancheira \u00e9 feito de a\u00e7o inoxid\u00e1vel 304 de qualidade alimentar de alta qualidade para garantir a seguran\u00e7a e higiene dos alimentos, para que possa armazenar os alimentos com tranquilidade.<\/p>\n<p><strong>Compartimento de alimentos independente:<\/strong> A lancheira adopta um design de compartimento de alimentos independente, cada camada pode conter diferentes tipos de alimentos separadamente, evitando eficazmente que os alimentos se misturem.<\/p>\n<p><strong>Design \u00e0 prova de fugas:<\/strong> O design da fivela de fixa\u00e7\u00e3o de dupla face proporciona um desempenho de veda\u00e7\u00e3o mais fi\u00e1vel para a lancheira, de modo a garantir que esta n\u00e3o tem fugas.<\/p>\n<p><strong>Servi\u00e7o grossista:<\/strong> N\u00f3s fornecemos o melhor servi\u00e7o de lancheira por atacado, fornecendo-lhe todo o apoio em embalagens, log\u00edstica, pre\u00e7o e outros aspectos.<\/p>","protected":false},"featured_media":8801,"comment_status":"closed","ping_status":"closed","template":"","meta":[],"product_cat":[58],"product_tag":[90,86,92],"class_list":{"0":"post-5126","1":"product","2":"type-product","3":"status-publish","4":"has-post-thumbnail","6":"product_cat-lunch-box-wholesale","7":"product_tag-wholesale-double-layer-lunch-box","8":"product_tag-wholesale-insulated-lunch-box","9":"product_tag-wholesale-rectangle-lunch-box","11":"first","12":"instock","13":"shipping-taxable","14":"product-type-simple"},"_links":{"self":[{"href":"https:\/\/moyahousehold.com\/pt\/wp-json\/wp\/v2\/product\/5126","targetHints":{"allow":["GET"]}}],"collection":[{"href":"https:\/\/moyahousehold.com\/pt\/wp-json\/wp\/v2\/product"}],"about":[{"href":"https:\/\/moyahousehold.com\/pt\/wp-json\/wp\/v2\/types\/product"}],"replies":[{"embeddable":true,"href":"https:\/\/moyahousehold.com\/pt\/wp-json\/wp\/v2\/comments?post=5126"}],"version-history":[{"count":0,"href":"https:\/\/moyahousehold.com\/pt\/wp-json\/wp\/v2\/product\/5126\/revisions"}],"wp:featuredmedia":[{"embeddable":true,"href":"https:\/\/moyahousehold.com\/pt\/wp-json\/wp\/v2\/media\/8801"}],"wp:attachment":[{"href":"https:\/\/moyahousehold.com\/pt\/wp-json\/wp\/v2\/media?parent=5126"}],"wp:term":[{"taxonomy":"product_cat","embeddable":true,"href":"https:\/\/moyahousehold.com\/pt\/wp-json\/wp\/v2\/product_cat?post=5126"},{"taxonomy":"product_tag","embeddable":true,"href":"https:\/\/moyahousehold.com\/pt\/wp-json\/wp\/v2\/product_tag?post=5126"}],"curies":[{"name":"wp","href":"https:\/\/api.w.org\/{rel}","templated":true}]}}