{"id":5136,"date":"2024-05-22T09:43:47","date_gmt":"2024-05-22T09:43:47","guid":{"rendered":"https:\/\/moyahousehold.com\/?post_type=product&#038;p=5136"},"modified":"2025-02-05T08:42:01","modified_gmt":"2025-02-05T08:42:01","slug":"bulk-lunch-boxes-wholesale-detachable-and-multi-layer-design","status":"publish","type":"product","link":"https:\/\/moyahousehold.com\/pt\/produto\/bulk-lunch-boxes-wholesale-detachable-and-multi-layer-design\/","title":{"rendered":"Lancheiras a granel com pega: Aspeto elegante, design de lancheira com v\u00e1rias camadas"},"content":{"rendered":"<h2 class=\"wp-block-heading\">Par\u00e2metros da lancheira com pega<\/h2>\n\n\n\n<p><strong>material:<\/strong>304 + PP <strong> cor:<\/strong>Bege\/caqui<\/p>\n\n\n\n<figure class=\"wp-block-table\"><table><tbody><tr><td>N\u00famero do modelo<\/td><td>Capacidade<\/td><td>Tamanho do produto<\/td><td>Tamanho da caixa exterior<\/td><td>Quantidade por caixa<\/td><td>N.W<\/td><td>G.W\/Caixa<\/td><\/tr><tr><td>MYJD010<\/td><td>Camada \u00fanica<\/td><td>16.5*14.5*12.5<\/td><td>62*46.5*54.5<\/td><td>48<\/td><td>0.3<\/td><td>24<\/td><\/tr><tr><td>MYJD011<\/td><td>Camadas duplas<\/td><td>16.5*14.5*19<\/td><td>62*46.5*61.5<\/td><td>36<\/td><td>0.63<\/td><td>29.88<\/td><\/tr><tr><td>MYJD012<\/td><td>Camadas triplas<\/td><td>16.5*14.5*26<\/td><td>62*46.5*55<\/td><td>24<\/td><td>0.9<\/td><td>26.4<\/td><\/tr><tr><td>MYJD013<\/td><td>Camadas anteriores<\/td><td>16.5*14.5*32.5<\/td><td>62*46.5*69<\/td><td>24<\/td><td>1.2<\/td><td>33.6<\/td><\/tr><\/tbody><\/table><\/figure>\n\n\n\n<h3 class=\"wp-block-heading\">Op\u00e7\u00f5es de lancheiras personalizadas<\/h3>\n\n\n\n<p><strong>Log\u00f3tipo<\/strong>: personalizar o log\u00f3tipo da sua marca na lancheira e na embalagem.<br><strong>Op\u00e7\u00f5es de log\u00f3tipo<\/strong>: log\u00f3tipo impresso, log\u00f3tipo gravado a laser, etc.<br><strong>Padr\u00e3o<\/strong>: Padr\u00f5es de impress\u00e3o <br><strong>Tecnologia de impress\u00e3o<\/strong>: impress\u00e3o por transfer\u00eancia de \u00e1gua, impress\u00e3o por serigrafia, impress\u00e3o por transfer\u00eancia de calor, transfer\u00eancia por sublima\u00e7\u00e3o, etc.<br><strong>Embalagem<\/strong>:caixa de cor<br><a href=\"https:\/\/moyahousehold.com\/pt\/solucao-personalizada\/\"><strong>Saiba mais sobre as solu\u00e7\u00f5es de lancheiras personalizadas<\/strong><\/a><\/p>\n\n\n\n<div class=\"wp-block-columns is-layout-flex wp-container-core-columns-is-layout-9d6595d7 wp-block-columns-is-layout-flex\">\n<div class=\"wp-block-column is-layout-flow wp-block-column-is-layout-flow\">\n<figure class=\"wp-block-image size-full\"><img fetchpriority=\"high\" decoding=\"async\" width=\"1500\" height=\"1500\" src=\"https:\/\/moyahousehold.com\/wp-content\/uploads\/2024\/05\/wholesale-lunch-boxes-detail-1.jpg\" alt=\"pormenor das lancheiras por grosso (1)\" class=\"wp-image-8665\" srcset=\"https:\/\/moyahousehold.com\/wp-content\/uploads\/2024\/05\/wholesale-lunch-boxes-detail-1.jpg 1500w, https:\/\/moyahousehold.com\/wp-content\/uploads\/2024\/05\/wholesale-lunch-boxes-detail-1-300x300.jpg 300w, https:\/\/moyahousehold.com\/wp-content\/uploads\/2024\/05\/wholesale-lunch-boxes-detail-1-150x150.jpg 150w, https:\/\/moyahousehold.com\/wp-content\/uploads\/2024\/05\/wholesale-lunch-boxes-detail-1-768x768.jpg 768w, https:\/\/moyahousehold.com\/wp-content\/uploads\/2024\/05\/wholesale-lunch-boxes-detail-1-12x12.jpg 12w, https:\/\/moyahousehold.com\/wp-content\/uploads\/2024\/05\/wholesale-lunch-boxes-detail-1-285x285.jpg 285w, https:\/\/moyahousehold.com\/wp-content\/uploads\/2024\/05\/wholesale-lunch-boxes-detail-1-270x270.jpg 270w, https:\/\/moyahousehold.com\/wp-content\/uploads\/2024\/05\/wholesale-lunch-boxes-detail-1-540x540.jpg 540w, https:\/\/moyahousehold.com\/wp-content\/uploads\/2024\/05\/wholesale-lunch-boxes-detail-1-660x660.jpg 660w\" sizes=\"(max-width: 1500px) 100vw, 1500px\" \/><\/figure>\n<\/div>\n\n\n\n<div class=\"wp-block-column is-layout-flow wp-block-column-is-layout-flow\">\n<figure class=\"wp-block-image size-full\"><img decoding=\"async\" width=\"1500\" height=\"1500\" src=\"https:\/\/moyahousehold.com\/wp-content\/uploads\/2024\/05\/wholesale-lunch-boxes-detail-2.jpg\" alt=\"pormenor das lancheiras por grosso (2)\" class=\"wp-image-8666\" srcset=\"https:\/\/moyahousehold.com\/wp-content\/uploads\/2024\/05\/wholesale-lunch-boxes-detail-2.jpg 1500w, https:\/\/moyahousehold.com\/wp-content\/uploads\/2024\/05\/wholesale-lunch-boxes-detail-2-300x300.jpg 300w, https:\/\/moyahousehold.com\/wp-content\/uploads\/2024\/05\/wholesale-lunch-boxes-detail-2-150x150.jpg 150w, https:\/\/moyahousehold.com\/wp-content\/uploads\/2024\/05\/wholesale-lunch-boxes-detail-2-768x768.jpg 768w, https:\/\/moyahousehold.com\/wp-content\/uploads\/2024\/05\/wholesale-lunch-boxes-detail-2-12x12.jpg 12w, https:\/\/moyahousehold.com\/wp-content\/uploads\/2024\/05\/wholesale-lunch-boxes-detail-2-285x285.jpg 285w, https:\/\/moyahousehold.com\/wp-content\/uploads\/2024\/05\/wholesale-lunch-boxes-detail-2-270x270.jpg 270w, https:\/\/moyahousehold.com\/wp-content\/uploads\/2024\/05\/wholesale-lunch-boxes-detail-2-540x540.jpg 540w, https:\/\/moyahousehold.com\/wp-content\/uploads\/2024\/05\/wholesale-lunch-boxes-detail-2-660x660.jpg 660w\" sizes=\"(max-width: 1500px) 100vw, 1500px\" \/><\/figure>\n<\/div>\n<\/div>","protected":false},"excerpt":{"rendered":"<p>Lancheira a granel com pega para venda, design multi-camadas, cada camada pode armazenar pratos diferentes separadamente para garantir que os alimentos n\u00e3o ser\u00e3o misturados. Equipada com uma pega ergon\u00f3mica, confort\u00e1vel de segurar e f\u00e1cil de transportar, muito adequada para piqueniques ao ar livre, campismo e outras ocasi\u00f5es, contacte-nos para um or\u00e7amento.<\/p>\n<h3>Carater\u00edsticas e vantagens da lancheira com pega<\/h3>\n<p><strong>Material de alta qualidade:<\/strong> O revestimento interior da lancheira \u00e9 feito de a\u00e7o inoxid\u00e1vel 304 de qualidade alimentar. O material de alta qualidade n\u00e3o s\u00f3 \u00e9 \u00e0 prova de ferrugem e anti-corrosivo, como tamb\u00e9m mant\u00e9m os alimentos frescos e deliciosos durante muito tempo.<\/p>\n<p><strong>Pega de m\u00e3o:<\/strong> Esta lancheira tem uma pega, pelo que pode transport\u00e1-la facilmente sem a colocar numa mochila.<\/p>\n<p><strong>Design independente em camadas<\/strong>: Cada camada da lancheira pode conter alimentos diferentes de forma independente para garantir que n\u00e3o haja sabor cruzado entre diferentes tipos de alimentos.<\/p>\n<p><strong>Boa veda\u00e7\u00e3o:<\/strong> Esta lancheira tem um excelente desempenho de veda\u00e7\u00e3o. Realiz\u00e1mos v\u00e1rias concep\u00e7\u00f5es \u00e0 prova de fugas para garantir que os utilizadores podem transportar alimentos l\u00edquidos, como a sopa, com toda a tranquilidade.<\/p>\n<p><strong>Suporte de amostras:<\/strong> N\u00f3s fornecemos amostras gr\u00e1tis para o neg\u00f3cio de lancheiras por atacado, para que voc\u00ea possa entender melhor nossos produtos.<\/p>\n<p><strong>Servi\u00e7o personalizado OEM e ODM:<\/strong> Fornecemos servi\u00e7os de lancheira personalizada OEM e ODM, incluindo forma personalizada, embalagem e muito mais.<\/p>","protected":false},"featured_media":8663,"comment_status":"closed","ping_status":"closed","template":"","meta":[],"product_cat":[58],"product_tag":[89,90,86,91],"class_list":{"0":"post-5136","1":"product","2":"type-product","3":"status-publish","4":"has-post-thumbnail","6":"product_cat-lunch-box-wholesale","7":"product_tag-wholesale-3-layer-lunch-box","8":"product_tag-wholesale-double-layer-lunch-box","9":"product_tag-wholesale-insulated-lunch-box","10":"product_tag-wholesale-round-lunch-box","12":"first","13":"instock","14":"shipping-taxable","15":"product-type-simple"},"_links":{"self":[{"href":"https:\/\/moyahousehold.com\/pt\/wp-json\/wp\/v2\/product\/5136","targetHints":{"allow":["GET"]}}],"collection":[{"href":"https:\/\/moyahousehold.com\/pt\/wp-json\/wp\/v2\/product"}],"about":[{"href":"https:\/\/moyahousehold.com\/pt\/wp-json\/wp\/v2\/types\/product"}],"replies":[{"embeddable":true,"href":"https:\/\/moyahousehold.com\/pt\/wp-json\/wp\/v2\/comments?post=5136"}],"version-history":[{"count":0,"href":"https:\/\/moyahousehold.com\/pt\/wp-json\/wp\/v2\/product\/5136\/revisions"}],"wp:featuredmedia":[{"embeddable":true,"href":"https:\/\/moyahousehold.com\/pt\/wp-json\/wp\/v2\/media\/8663"}],"wp:attachment":[{"href":"https:\/\/moyahousehold.com\/pt\/wp-json\/wp\/v2\/media?parent=5136"}],"wp:term":[{"taxonomy":"product_cat","embeddable":true,"href":"https:\/\/moyahousehold.com\/pt\/wp-json\/wp\/v2\/product_cat?post=5136"},{"taxonomy":"product_tag","embeddable":true,"href":"https:\/\/moyahousehold.com\/pt\/wp-json\/wp\/v2\/product_tag?post=5136"}],"curies":[{"name":"wp","href":"https:\/\/api.w.org\/{rel}","templated":true}]}}