{"id":5150,"date":"2024-05-22T10:05:35","date_gmt":"2024-05-22T10:05:35","guid":{"rendered":"https:\/\/moyahousehold.com\/?post_type=product&#038;p=5150"},"modified":"2025-02-05T08:41:46","modified_gmt":"2025-02-05T08:41:46","slug":"wholesale-insulated-lunch-boxes","status":"publish","type":"product","link":"https:\/\/moyahousehold.com\/pt\/produto\/wholesale-insulated-lunch-boxes\/","title":{"rendered":"Lancheiras isoladas de a\u00e7o inoxid\u00e1vel por atacado com solu\u00e7\u00e3o personaliz\u00e1vel para pedidos a granel"},"content":{"rendered":"<h2 class=\"wp-block-heading\">Par\u00e2metros da lancheira isolada de a\u00e7o inoxid\u00e1vel<\/h2>\n\n\n\n<p><strong>material:<\/strong>304 + PP <strong> cor:<\/strong>Bege\/caqui<\/p>\n\n\n\n<figure class=\"wp-block-table\"><table><tbody><tr><td>N\u00famero do modelo<\/td><td>Capacidade<\/td><td>Tamanho do produto<\/td><td>Tamanho da caixa exterior<\/td><td>Quantidade por caixa<\/td><td>N.W<\/td><td>G.W\/Caixa<\/td><\/tr><tr><td>MYLY003<\/td><td>Camada \u00fanica<\/td><td>14.6*14.6*12.5<\/td><td>66*48*57<\/td><td>48<\/td><td>0.55<\/td><td>34<\/td><\/tr><tr><td>MYLY004<\/td><td>Camadas duplas<\/td><td>14.6*14.6*19.7<\/td><td>66*48*65<\/td><td>36<\/td><td>0.8<\/td><td>30<\/td><\/tr><tr><td>MYLY005<\/td><td>Camadas triplas<\/td><td>14.6*14.6*27<\/td><td>65*48*58<\/td><td>24<\/td><td>1.1<\/td><td>27<\/td><\/tr><tr><td>MYLY006<\/td><td>Camadas anteriores<\/td><td>14.6*14.6*34.8<\/td><td>65*33*73<\/td><td>16<\/td><td>1.4<\/td><td>23<\/td><\/tr><\/tbody><\/table><\/figure>\n\n\n\n<h3 class=\"wp-block-heading\">Op\u00e7\u00f5es de lancheiras isoladas em a\u00e7o inoxid\u00e1vel personalizadas<\/h3>\n\n\n\n<p><strong>Log\u00f3tipo<\/strong>: personalizar o log\u00f3tipo da sua marca no produto e na embalagem.<br><strong>Op\u00e7\u00f5es de log\u00f3tipo<\/strong>: log\u00f3tipo impresso, log\u00f3tipo gravado a laser, etc.<br><strong>Padr\u00e3o:<\/strong> Padr\u00f5es de impress\u00e3o <br><strong>Tecnologia de impress\u00e3o<\/strong>: impress\u00e3o por transfer\u00eancia de \u00e1gua, impress\u00e3o por serigrafia, impress\u00e3o por transfer\u00eancia de calor, transfer\u00eancia por sublima\u00e7\u00e3o, etc.<br><strong>Embalagem<\/strong>:caixa de cor<br><a href=\"https:\/\/moyahousehold.com\/pt\/solucao-personalizada\/\"><strong>Explorar mais personaliza\u00e7\u00e3o<\/strong><\/a><\/p>\n\n\n\n<div class=\"wp-block-columns is-layout-flex wp-container-core-columns-is-layout-9d6595d7 wp-block-columns-is-layout-flex\">\n<div class=\"wp-block-column is-layout-flow wp-block-column-is-layout-flow\">\n<figure class=\"wp-block-image size-full\"><img fetchpriority=\"high\" decoding=\"async\" width=\"3346\" height=\"3346\" src=\"https:\/\/moyahousehold.com\/wp-content\/uploads\/2024\/05\/wholesale-stainless-steel-lunch-box-1.webp\" alt=\"lancheira de a\u00e7o inoxid\u00e1vel por atacado (1)\" class=\"wp-image-8057\" srcset=\"https:\/\/moyahousehold.com\/wp-content\/uploads\/2024\/05\/wholesale-stainless-steel-lunch-box-1.webp 3346w, https:\/\/moyahousehold.com\/wp-content\/uploads\/2024\/05\/wholesale-stainless-steel-lunch-box-1-300x300.webp 300w, https:\/\/moyahousehold.com\/wp-content\/uploads\/2024\/05\/wholesale-stainless-steel-lunch-box-1-150x150.webp 150w, https:\/\/moyahousehold.com\/wp-content\/uploads\/2024\/05\/wholesale-stainless-steel-lunch-box-1-768x768.webp 768w, https:\/\/moyahousehold.com\/wp-content\/uploads\/2024\/05\/wholesale-stainless-steel-lunch-box-1-12x12.webp 12w, https:\/\/moyahousehold.com\/wp-content\/uploads\/2024\/05\/wholesale-stainless-steel-lunch-box-1-285x285.webp 285w, https:\/\/moyahousehold.com\/wp-content\/uploads\/2024\/05\/wholesale-stainless-steel-lunch-box-1-1600x1600.webp 1600w, https:\/\/moyahousehold.com\/wp-content\/uploads\/2024\/05\/wholesale-stainless-steel-lunch-box-1-270x270.webp 270w, https:\/\/moyahousehold.com\/wp-content\/uploads\/2024\/05\/wholesale-stainless-steel-lunch-box-1-540x540.webp 540w, https:\/\/moyahousehold.com\/wp-content\/uploads\/2024\/05\/wholesale-stainless-steel-lunch-box-1-660x660.webp 660w\" sizes=\"(max-width: 3346px) 100vw, 3346px\" \/><\/figure>\n<\/div>\n\n\n\n<div class=\"wp-block-column is-layout-flow wp-block-column-is-layout-flow\">\n<figure class=\"wp-block-image size-full\"><img decoding=\"async\" width=\"3575\" height=\"3575\" src=\"https:\/\/moyahousehold.com\/wp-content\/uploads\/2024\/05\/wholesale-stainless-steel-lunch-box-2.webp\" alt=\"lancheira de a\u00e7o inoxid\u00e1vel por atacado (2)\" class=\"wp-image-8058\" srcset=\"https:\/\/moyahousehold.com\/wp-content\/uploads\/2024\/05\/wholesale-stainless-steel-lunch-box-2.webp 3575w, https:\/\/moyahousehold.com\/wp-content\/uploads\/2024\/05\/wholesale-stainless-steel-lunch-box-2-300x300.webp 300w, https:\/\/moyahousehold.com\/wp-content\/uploads\/2024\/05\/wholesale-stainless-steel-lunch-box-2-150x150.webp 150w, https:\/\/moyahousehold.com\/wp-content\/uploads\/2024\/05\/wholesale-stainless-steel-lunch-box-2-768x768.webp 768w, https:\/\/moyahousehold.com\/wp-content\/uploads\/2024\/05\/wholesale-stainless-steel-lunch-box-2-12x12.webp 12w, https:\/\/moyahousehold.com\/wp-content\/uploads\/2024\/05\/wholesale-stainless-steel-lunch-box-2-285x285.webp 285w, https:\/\/moyahousehold.com\/wp-content\/uploads\/2024\/05\/wholesale-stainless-steel-lunch-box-2-1600x1600.webp 1600w, https:\/\/moyahousehold.com\/wp-content\/uploads\/2024\/05\/wholesale-stainless-steel-lunch-box-2-270x270.webp 270w, https:\/\/moyahousehold.com\/wp-content\/uploads\/2024\/05\/wholesale-stainless-steel-lunch-box-2-540x540.webp 540w, https:\/\/moyahousehold.com\/wp-content\/uploads\/2024\/05\/wholesale-stainless-steel-lunch-box-2-660x660.webp 660w\" sizes=\"(max-width: 3575px) 100vw, 3575px\" \/><\/figure>\n<\/div>\n<\/div>\n\n\n\n<div class=\"wp-block-columns is-layout-flex wp-container-core-columns-is-layout-9d6595d7 wp-block-columns-is-layout-flex\">\n<div class=\"wp-block-column is-layout-flow wp-block-column-is-layout-flow\"><\/div>\n\n\n\n<div class=\"wp-block-column is-layout-flow wp-block-column-is-layout-flow\"><\/div>\n<\/div>","protected":false},"excerpt":{"rendered":"<p>Cada lancheira \u00e9 feita de materiais de qualidade alimentar de alta qualidade e design de isolamento t\u00e9rmico para manter eficazmente a temperatura e a frescura dos alimentos. A estrutura multi-camada permite aos utilizadores transportar mais alimentos. Apoiamos servi\u00e7os de personaliza\u00e7\u00e3o e podemos imprimir logotipos de marcas e selecionar padr\u00f5es exclusivos de acordo com as suas necessidades. Contacte-nos para obter mais informa\u00e7\u00f5es sobre vendas por grosso e detalhes preferenciais.<\/p>\n<h3>Carater\u00edsticas e vantagens da Lancheira isolada em a\u00e7o inoxid\u00e1vel<\/h3>\n<p>1. o revestimento interior da lancheira \u00e9 feito de a\u00e7o de qualidade alimentar 304;<\/p>\n<p>2. processo de polimento, liso como um espelho;<\/p>\n<p>3. f\u00e1cil de limpar; independente camada a camada, com um design de pequeno compartimento oculto na tampa superior;<\/p>\n<p>4. os alimentos podem ser servidos de forma independente;<\/p>\n<p>5. a correspond\u00eancia de padr\u00f5es n\u00e3o cruza os sabores; selagem e estanqueidade; combina\u00e7\u00e3o de v\u00e1rias camadas; combina\u00e7\u00e3o livre;\u00a0<\/p>\n<p><strong><a href=\"https:\/\/moyahousehold.com\/pt\/solucao-personalizada\/\">suporte OEM&amp;ODM<\/a><\/strong><\/p>","protected":false},"featured_media":8050,"comment_status":"closed","ping_status":"closed","template":"","meta":[],"product_cat":[58],"product_tag":[89,90,86,91],"class_list":{"0":"post-5150","1":"product","2":"type-product","3":"status-publish","4":"has-post-thumbnail","6":"product_cat-lunch-box-wholesale","7":"product_tag-wholesale-3-layer-lunch-box","8":"product_tag-wholesale-double-layer-lunch-box","9":"product_tag-wholesale-insulated-lunch-box","10":"product_tag-wholesale-round-lunch-box","12":"first","13":"instock","14":"shipping-taxable","15":"product-type-simple"},"_links":{"self":[{"href":"https:\/\/moyahousehold.com\/pt\/wp-json\/wp\/v2\/product\/5150","targetHints":{"allow":["GET"]}}],"collection":[{"href":"https:\/\/moyahousehold.com\/pt\/wp-json\/wp\/v2\/product"}],"about":[{"href":"https:\/\/moyahousehold.com\/pt\/wp-json\/wp\/v2\/types\/product"}],"replies":[{"embeddable":true,"href":"https:\/\/moyahousehold.com\/pt\/wp-json\/wp\/v2\/comments?post=5150"}],"version-history":[{"count":0,"href":"https:\/\/moyahousehold.com\/pt\/wp-json\/wp\/v2\/product\/5150\/revisions"}],"wp:featuredmedia":[{"embeddable":true,"href":"https:\/\/moyahousehold.com\/pt\/wp-json\/wp\/v2\/media\/8050"}],"wp:attachment":[{"href":"https:\/\/moyahousehold.com\/pt\/wp-json\/wp\/v2\/media?parent=5150"}],"wp:term":[{"taxonomy":"product_cat","embeddable":true,"href":"https:\/\/moyahousehold.com\/pt\/wp-json\/wp\/v2\/product_cat?post=5150"},{"taxonomy":"product_tag","embeddable":true,"href":"https:\/\/moyahousehold.com\/pt\/wp-json\/wp\/v2\/product_tag?post=5150"}],"curies":[{"name":"wp","href":"https:\/\/api.w.org\/{rel}","templated":true}]}}