{"id":5227,"date":"2024-06-04T22:42:28","date_gmt":"2024-06-04T22:27:55","guid":{"rendered":"https:\/\/moyahousehold.com\/?post_type=product&#038;p=5227"},"modified":"2025-02-21T13:40:43","modified_gmt":"2025-02-21T13:40:43","slug":"wholesale-lunch-box-with-multi-layer","status":"publish","type":"product","link":"https:\/\/moyahousehold.com\/pt\/produto\/wholesale-lunch-box-with-multi-layer\/","title":{"rendered":"Lancheira fofa por atacado para mulheres, lancheira t\u00e9rmica quadrada com al\u00e7a"},"content":{"rendered":"<h2 class=\"wp-block-heading\">Par\u00e2metros da lancheira Cute Lunch Box<\/h2>\n\n\n\n<p><strong>material:<\/strong>304 + PP <strong> cor:<\/strong>Bege\/caqui<\/p>\n\n\n\n<figure class=\"wp-block-table\"><table><tbody><tr><td>N\u00famero do modelo<\/td><td>capacidade<\/td><td>Tamanho do produto<\/td><td>Tamanho da caixa exterior<\/td><td>Quantidade por caixa<\/td><td>N.W<\/td><td>G.W\/Caixa<\/td><\/tr><tr><td>MYSK004<\/td><td>Camada \u00fanica 700ml<\/td><td>12.5*12.5*7<\/td><td>58*40*46<\/td><td>60<\/td><td>0.23<\/td><td>23<\/td><\/tr><tr><td>MYSK005<\/td><td>Camadas duplas 1400ml<\/td><td>12.5*12.5*14<\/td><td>58*40*46<\/td><td>36<\/td><td>0.62<\/td><td>23.5<\/td><\/tr><tr><td>MYSK006<\/td><td>Tripla camada 2100ml<\/td><td>12.5*12.5*21<\/td><td>58*40*44<\/td><td>24<\/td><td>0.88<\/td><td>22.3<\/td><\/tr><\/tbody><\/table><\/figure>\n\n\n\n<h3 class=\"wp-block-heading\">Op\u00e7\u00f5es de lancheiras personalizadas<\/h3>\n\n\n\n<p><strong>Log\u00f3tipo:<\/strong> personalize o log\u00f3tipo da sua marca nas lancheiras e na embalagem.<br><strong>Op\u00e7\u00f5es de log\u00f3tipo:<\/strong> log\u00f3tipo impresso, log\u00f3tipo gravado a laser, etc.<br><strong>Padr\u00e3o:<\/strong> padr\u00f5es de impress\u00e3o <br><strong>Tecnologia de impress\u00e3o:<\/strong> impress\u00e3o por transfer\u00eancia de \u00e1gua, impress\u00e3o por serigrafia, impress\u00e3o por transfer\u00eancia de calor, transfer\u00eancia por sublima\u00e7\u00e3o, etc.<br><strong>Embalagem<\/strong>:caixa de cor<br><a href=\"https:\/\/moyahousehold.com\/pt\/solucao-personalizada\/\">Saiba mais sobre a solu\u00e7\u00e3o de lancheiras personalizadas<\/a><br><br><\/p>\n\n\n\n<div class=\"wp-block-columns is-layout-flex wp-container-core-columns-is-layout-9d6595d7 wp-block-columns-is-layout-flex\">\n<div class=\"wp-block-column is-layout-flow wp-block-column-is-layout-flow\">\n<figure class=\"wp-block-image size-full\"><img fetchpriority=\"high\" decoding=\"async\" width=\"2000\" height=\"2000\" src=\"https:\/\/moyahousehold.com\/wp-content\/uploads\/2024\/06\/Cute-Lunch-Box-For-Women-2.jpg\" alt=\"Lancheira bonita para mulheres (2)\" class=\"wp-image-8851\" srcset=\"https:\/\/moyahousehold.com\/wp-content\/uploads\/2024\/06\/Cute-Lunch-Box-For-Women-2.jpg 2000w, https:\/\/moyahousehold.com\/wp-content\/uploads\/2024\/06\/Cute-Lunch-Box-For-Women-2-300x300.jpg 300w, https:\/\/moyahousehold.com\/wp-content\/uploads\/2024\/06\/Cute-Lunch-Box-For-Women-2-150x150.jpg 150w, https:\/\/moyahousehold.com\/wp-content\/uploads\/2024\/06\/Cute-Lunch-Box-For-Women-2-768x768.jpg 768w, https:\/\/moyahousehold.com\/wp-content\/uploads\/2024\/06\/Cute-Lunch-Box-For-Women-2-12x12.jpg 12w, https:\/\/moyahousehold.com\/wp-content\/uploads\/2024\/06\/Cute-Lunch-Box-For-Women-2-285x285.jpg 285w, https:\/\/moyahousehold.com\/wp-content\/uploads\/2024\/06\/Cute-Lunch-Box-For-Women-2-1600x1600.jpg 1600w, https:\/\/moyahousehold.com\/wp-content\/uploads\/2024\/06\/Cute-Lunch-Box-For-Women-2-270x270.jpg 270w, https:\/\/moyahousehold.com\/wp-content\/uploads\/2024\/06\/Cute-Lunch-Box-For-Women-2-540x540.jpg 540w, https:\/\/moyahousehold.com\/wp-content\/uploads\/2024\/06\/Cute-Lunch-Box-For-Women-2-660x660.jpg 660w\" sizes=\"(max-width: 2000px) 100vw, 2000px\" \/><\/figure>\n<\/div>\n\n\n\n<div class=\"wp-block-column is-layout-flow wp-block-column-is-layout-flow\">\n<figure class=\"wp-block-image size-full\"><img decoding=\"async\" width=\"2000\" height=\"2000\" src=\"https:\/\/moyahousehold.com\/wp-content\/uploads\/2024\/06\/Cute-Lunch-Box-For-Women.jpg\" alt=\"Lancheira bonita para mulheres\" class=\"wp-image-8852\" srcset=\"https:\/\/moyahousehold.com\/wp-content\/uploads\/2024\/06\/Cute-Lunch-Box-For-Women.jpg 2000w, https:\/\/moyahousehold.com\/wp-content\/uploads\/2024\/06\/Cute-Lunch-Box-For-Women-300x300.jpg 300w, https:\/\/moyahousehold.com\/wp-content\/uploads\/2024\/06\/Cute-Lunch-Box-For-Women-150x150.jpg 150w, https:\/\/moyahousehold.com\/wp-content\/uploads\/2024\/06\/Cute-Lunch-Box-For-Women-768x768.jpg 768w, https:\/\/moyahousehold.com\/wp-content\/uploads\/2024\/06\/Cute-Lunch-Box-For-Women-12x12.jpg 12w, https:\/\/moyahousehold.com\/wp-content\/uploads\/2024\/06\/Cute-Lunch-Box-For-Women-285x285.jpg 285w, https:\/\/moyahousehold.com\/wp-content\/uploads\/2024\/06\/Cute-Lunch-Box-For-Women-1600x1600.jpg 1600w, https:\/\/moyahousehold.com\/wp-content\/uploads\/2024\/06\/Cute-Lunch-Box-For-Women-270x270.jpg 270w, https:\/\/moyahousehold.com\/wp-content\/uploads\/2024\/06\/Cute-Lunch-Box-For-Women-540x540.jpg 540w, https:\/\/moyahousehold.com\/wp-content\/uploads\/2024\/06\/Cute-Lunch-Box-For-Women-660x660.jpg 660w\" sizes=\"(max-width: 2000px) 100vw, 2000px\" \/><\/figure>\n<\/div>\n<\/div>\n\n\n\n<div class=\"wp-block-columns is-layout-flex wp-container-core-columns-is-layout-9d6595d7 wp-block-columns-is-layout-flex\">\n<div class=\"wp-block-column is-layout-flow wp-block-column-is-layout-flow\"><\/div>\n\n\n\n<div class=\"wp-block-column is-layout-flow wp-block-column-is-layout-flow\"><\/div>\n<\/div>","protected":false},"excerpt":{"rendered":"<p>Lancheiras giras por atacado para mulheres, com design quadrado e bom isolamento. Adequado para o almo\u00e7o, e pode facilmente conter frutas, lanches e outros alimentos, \u00e9 o seu companheiro ideal. Bem-vindo a contactar-nos para um or\u00e7amento.<\/p>\n<h3>Caracter\u00edsticas e vantagens da lancheira<\/h3>\n<p><strong>Conce\u00e7\u00e3o criativa:<\/strong> Esta lancheira t\u00e9rmica quadrada com pega foi concebida para imitar uma mala de m\u00e3o, com uma forma bonita e elegante, que \u00e9 muito adequada para as mulheres transportarem.<\/p>\n<p><strong>Design multi-camadas:<\/strong> Fornecemos 3 estilos, incluindo lancheiras de camada \u00fanica, camada dupla e camada tripla para satisfazer diferentes necessidades de refei\u00e7\u00f5es. Escolha o estilo que mais lhe conv\u00e9m, de acordo com as suas necessidades.<\/p>\n<p><strong>O melhor design de veda\u00e7\u00e3o:<\/strong> Esta lancheira adopta um design de fecho de dupla face e est\u00e1 equipada com um anel de silicone de veda\u00e7\u00e3o para proporcionar uma prote\u00e7\u00e3o de veda\u00e7\u00e3o dupla e evitar fugas.<\/p>\n<p><strong>Armazenamento de utens\u00edlios de mesa:<\/strong> A parte superior da lancheira tem um compartimento para guardar colheres, pauzinhos e outros utens\u00edlios de mesa, tornando as suas refei\u00e7\u00f5es mais c\u00f3modas.<\/p>\n<p><strong>Servi\u00e7os de venda por grosso e de personaliza\u00e7\u00e3o:<\/strong> Fornecemos servi\u00e7os de lancheira por atacado e solu\u00e7\u00f5es personalizadas de lancheira, adequadas para compradores B2B para personalizar e comprar a granel.<\/p>","protected":false},"featured_media":8855,"comment_status":"closed","ping_status":"closed","template":"","meta":[],"product_cat":[58],"product_tag":[89,90,86,93],"class_list":{"0":"post-5227","1":"product","2":"type-product","3":"status-publish","4":"has-post-thumbnail","6":"product_cat-lunch-box-wholesale","7":"product_tag-wholesale-3-layer-lunch-box","8":"product_tag-wholesale-double-layer-lunch-box","9":"product_tag-wholesale-insulated-lunch-box","10":"product_tag-wholesale-square-lunch-box","12":"first","13":"instock","14":"shipping-taxable","15":"product-type-simple"},"_links":{"self":[{"href":"https:\/\/moyahousehold.com\/pt\/wp-json\/wp\/v2\/product\/5227","targetHints":{"allow":["GET"]}}],"collection":[{"href":"https:\/\/moyahousehold.com\/pt\/wp-json\/wp\/v2\/product"}],"about":[{"href":"https:\/\/moyahousehold.com\/pt\/wp-json\/wp\/v2\/types\/product"}],"replies":[{"embeddable":true,"href":"https:\/\/moyahousehold.com\/pt\/wp-json\/wp\/v2\/comments?post=5227"}],"version-history":[{"count":0,"href":"https:\/\/moyahousehold.com\/pt\/wp-json\/wp\/v2\/product\/5227\/revisions"}],"wp:featuredmedia":[{"embeddable":true,"href":"https:\/\/moyahousehold.com\/pt\/wp-json\/wp\/v2\/media\/8855"}],"wp:attachment":[{"href":"https:\/\/moyahousehold.com\/pt\/wp-json\/wp\/v2\/media?parent=5227"}],"wp:term":[{"taxonomy":"product_cat","embeddable":true,"href":"https:\/\/moyahousehold.com\/pt\/wp-json\/wp\/v2\/product_cat?post=5227"},{"taxonomy":"product_tag","embeddable":true,"href":"https:\/\/moyahousehold.com\/pt\/wp-json\/wp\/v2\/product_tag?post=5227"}],"curies":[{"name":"wp","href":"https:\/\/api.w.org\/{rel}","templated":true}]}}