{"id":5245,"date":"2024-06-07T06:31:09","date_gmt":"2024-06-07T06:31:09","guid":{"rendered":"https:\/\/moyahousehold.com\/?post_type=product&#038;p=5245"},"modified":"2025-02-05T08:40:38","modified_gmt":"2025-02-05T08:40:38","slug":"wholesale-simple-modern-lunch-boxes","status":"publish","type":"product","link":"https:\/\/moyahousehold.com\/pt\/produto\/wholesale-simple-modern-lunch-boxes\/","title":{"rendered":"Lancheiras modernas simples por atacado: Design de 2 compartimentos e 3 camadas podem ser selecionados"},"content":{"rendered":"<h2 class=\"wp-block-heading\">Par\u00e2metros da lancheira moderna simples<\/h2>\n\n\n\n<p><strong>material:<\/strong>304 + PP <strong> cor:<\/strong>Bege\/caqui<\/p>\n\n\n\n<figure class=\"wp-block-table\"><table><tbody><tr><td>N\u00famero do modelo<\/td><td>capacidade<\/td><td>Tamanho do produto<\/td><td>Tamanho da caixa exterior<\/td><td>Quantidade por caixa<\/td><td>N.W<\/td><td>G.W\/Caixa<\/td><\/tr><tr><td>MYSK007<\/td><td>Camada \u00fanica 1000ml<\/td><td>19*11.3*7.5<\/td><td>66*49*44<\/td><td>60<\/td><td>0.54<\/td><td>44.4<\/td><\/tr><tr><td>MYSK008<\/td><td>Camadas duplas 2000ml<\/td><td>19*11.3*15<\/td><td>66*49*58<\/td><td>36<\/td><td>0.92<\/td><td>40.32<\/td><\/tr><tr><td>MYSK009<\/td><td>Tripla camada 3000ml<\/td><td>19*11.3*22.5<\/td><td>66*49*62<\/td><td>24<\/td><td>1.3<\/td><td>36<\/td><\/tr><tr><td>MYSK010<\/td><td>camadas duplas com ta\u00e7a de sopa<\/td><td>19*11.3*15<\/td><td>66*49*58<\/td><td>36<\/td><td>1<\/td><td>43.2<\/td><\/tr><tr><td>MYSK011<\/td><td>camadas triplas com ta\u00e7a de sopa<\/td><td>19*11.3*22.5<\/td><td>66*49*62<\/td><td>24<\/td><td>1.4<\/td><td>38.4<\/td><\/tr><\/tbody><\/table><\/figure>\n\n\n\n<h3 class=\"wp-block-heading\">Op\u00e7\u00e3o de lancheiras personalizadas<\/h3>\n\n\n\n<p><strong>Log\u00f3tipo: <\/strong>personalizar o log\u00f3tipo da sua marca no produto e na embalagem.<br><strong>Op\u00e7\u00f5es de log\u00f3tipo: <\/strong>log\u00f3tipo impresso, log\u00f3tipo gravado a laser, etc.<br><strong>Padr\u00e3o:<\/strong> Padr\u00f5es de impress\u00e3o <br><strong>Tecnologia de impress\u00e3o: <\/strong>impress\u00e3o por transfer\u00eancia de \u00e1gua, impress\u00e3o por serigrafia, impress\u00e3o por transfer\u00eancia de calor, transfer\u00eancia por sublima\u00e7\u00e3o, etc.<br><strong>Embalagem:<\/strong>caixa de cor<br><a href=\"https:\/\/moyahousehold.com\/pt\/solucao-personalizada\/\"><strong>Saiba mais sobre as solu\u00e7\u00f5es de lancheiras personalizadas<\/strong><\/a><br><br><\/p>\n\n\n\n<div class=\"wp-block-columns is-layout-flex wp-container-core-columns-is-layout-9d6595d7 wp-block-columns-is-layout-flex\">\n<div class=\"wp-block-column is-layout-flow wp-block-column-is-layout-flow\">\n<figure class=\"wp-block-image size-full\"><img fetchpriority=\"high\" decoding=\"async\" width=\"731\" height=\"731\" src=\"https:\/\/moyahousehold.com\/wp-content\/uploads\/2024\/06\/Simple-Modern-Lunch-Box-Display-4.jpg\" alt=\"Expositor de lancheiras moderno e simples (4)\" class=\"wp-image-8699\" srcset=\"https:\/\/moyahousehold.com\/wp-content\/uploads\/2024\/06\/Simple-Modern-Lunch-Box-Display-4.jpg 731w, https:\/\/moyahousehold.com\/wp-content\/uploads\/2024\/06\/Simple-Modern-Lunch-Box-Display-4-300x300.jpg 300w, https:\/\/moyahousehold.com\/wp-content\/uploads\/2024\/06\/Simple-Modern-Lunch-Box-Display-4-150x150.jpg 150w, https:\/\/moyahousehold.com\/wp-content\/uploads\/2024\/06\/Simple-Modern-Lunch-Box-Display-4-12x12.jpg 12w, https:\/\/moyahousehold.com\/wp-content\/uploads\/2024\/06\/Simple-Modern-Lunch-Box-Display-4-285x285.jpg 285w, https:\/\/moyahousehold.com\/wp-content\/uploads\/2024\/06\/Simple-Modern-Lunch-Box-Display-4-270x270.jpg 270w, https:\/\/moyahousehold.com\/wp-content\/uploads\/2024\/06\/Simple-Modern-Lunch-Box-Display-4-540x540.jpg 540w, https:\/\/moyahousehold.com\/wp-content\/uploads\/2024\/06\/Simple-Modern-Lunch-Box-Display-4-660x660.jpg 660w\" sizes=\"(max-width: 731px) 100vw, 731px\" \/><\/figure>\n<\/div>\n\n\n\n<div class=\"wp-block-column is-layout-flow wp-block-column-is-layout-flow\">\n<figure class=\"wp-block-image size-full\"><img decoding=\"async\" width=\"800\" height=\"800\" src=\"https:\/\/moyahousehold.com\/wp-content\/uploads\/2024\/06\/Simple-Modern-Lunch-Box-Display-1.jpg\" alt=\"Expositor de lancheiras moderno e simples (1)\" class=\"wp-image-8696\" srcset=\"https:\/\/moyahousehold.com\/wp-content\/uploads\/2024\/06\/Simple-Modern-Lunch-Box-Display-1.jpg 800w, https:\/\/moyahousehold.com\/wp-content\/uploads\/2024\/06\/Simple-Modern-Lunch-Box-Display-1-300x300.jpg 300w, https:\/\/moyahousehold.com\/wp-content\/uploads\/2024\/06\/Simple-Modern-Lunch-Box-Display-1-150x150.jpg 150w, https:\/\/moyahousehold.com\/wp-content\/uploads\/2024\/06\/Simple-Modern-Lunch-Box-Display-1-768x768.jpg 768w, https:\/\/moyahousehold.com\/wp-content\/uploads\/2024\/06\/Simple-Modern-Lunch-Box-Display-1-12x12.jpg 12w, https:\/\/moyahousehold.com\/wp-content\/uploads\/2024\/06\/Simple-Modern-Lunch-Box-Display-1-285x285.jpg 285w, https:\/\/moyahousehold.com\/wp-content\/uploads\/2024\/06\/Simple-Modern-Lunch-Box-Display-1-270x270.jpg 270w, https:\/\/moyahousehold.com\/wp-content\/uploads\/2024\/06\/Simple-Modern-Lunch-Box-Display-1-540x540.jpg 540w, https:\/\/moyahousehold.com\/wp-content\/uploads\/2024\/06\/Simple-Modern-Lunch-Box-Display-1-660x660.jpg 660w\" sizes=\"(max-width: 800px) 100vw, 800px\" \/><\/figure>\n<\/div>\n<\/div>\n\n\n\n<div class=\"wp-block-columns is-layout-flex wp-container-core-columns-is-layout-9d6595d7 wp-block-columns-is-layout-flex\">\n<div class=\"wp-block-column is-layout-flow wp-block-column-is-layout-flow\">\n<figure class=\"wp-block-image size-full\"><img decoding=\"async\" width=\"800\" height=\"800\" src=\"https:\/\/moyahousehold.com\/wp-content\/uploads\/2024\/06\/Simple-Modern-Lunch-Box-Display-2.jpg\" alt=\"Expositor de lancheiras moderno e simples (2)\" class=\"wp-image-8697\" srcset=\"https:\/\/moyahousehold.com\/wp-content\/uploads\/2024\/06\/Simple-Modern-Lunch-Box-Display-2.jpg 800w, https:\/\/moyahousehold.com\/wp-content\/uploads\/2024\/06\/Simple-Modern-Lunch-Box-Display-2-300x300.jpg 300w, https:\/\/moyahousehold.com\/wp-content\/uploads\/2024\/06\/Simple-Modern-Lunch-Box-Display-2-150x150.jpg 150w, https:\/\/moyahousehold.com\/wp-content\/uploads\/2024\/06\/Simple-Modern-Lunch-Box-Display-2-768x768.jpg 768w, https:\/\/moyahousehold.com\/wp-content\/uploads\/2024\/06\/Simple-Modern-Lunch-Box-Display-2-12x12.jpg 12w, https:\/\/moyahousehold.com\/wp-content\/uploads\/2024\/06\/Simple-Modern-Lunch-Box-Display-2-285x285.jpg 285w, https:\/\/moyahousehold.com\/wp-content\/uploads\/2024\/06\/Simple-Modern-Lunch-Box-Display-2-270x270.jpg 270w, https:\/\/moyahousehold.com\/wp-content\/uploads\/2024\/06\/Simple-Modern-Lunch-Box-Display-2-540x540.jpg 540w, https:\/\/moyahousehold.com\/wp-content\/uploads\/2024\/06\/Simple-Modern-Lunch-Box-Display-2-660x660.jpg 660w\" sizes=\"(max-width: 800px) 100vw, 800px\" \/><\/figure>\n<\/div>\n\n\n\n<div class=\"wp-block-column is-layout-flow wp-block-column-is-layout-flow\">\n<figure class=\"wp-block-image size-full\"><img loading=\"lazy\" decoding=\"async\" width=\"800\" height=\"800\" src=\"https:\/\/moyahousehold.com\/wp-content\/uploads\/2024\/06\/Simple-Modern-Lunch-Box-Display-3.jpg\" alt=\"Expositor de lancheiras moderno e simples (3)\" class=\"wp-image-8698\" srcset=\"https:\/\/moyahousehold.com\/wp-content\/uploads\/2024\/06\/Simple-Modern-Lunch-Box-Display-3.jpg 800w, https:\/\/moyahousehold.com\/wp-content\/uploads\/2024\/06\/Simple-Modern-Lunch-Box-Display-3-300x300.jpg 300w, https:\/\/moyahousehold.com\/wp-content\/uploads\/2024\/06\/Simple-Modern-Lunch-Box-Display-3-150x150.jpg 150w, https:\/\/moyahousehold.com\/wp-content\/uploads\/2024\/06\/Simple-Modern-Lunch-Box-Display-3-768x768.jpg 768w, https:\/\/moyahousehold.com\/wp-content\/uploads\/2024\/06\/Simple-Modern-Lunch-Box-Display-3-12x12.jpg 12w, https:\/\/moyahousehold.com\/wp-content\/uploads\/2024\/06\/Simple-Modern-Lunch-Box-Display-3-285x285.jpg 285w, https:\/\/moyahousehold.com\/wp-content\/uploads\/2024\/06\/Simple-Modern-Lunch-Box-Display-3-270x270.jpg 270w, https:\/\/moyahousehold.com\/wp-content\/uploads\/2024\/06\/Simple-Modern-Lunch-Box-Display-3-540x540.jpg 540w, https:\/\/moyahousehold.com\/wp-content\/uploads\/2024\/06\/Simple-Modern-Lunch-Box-Display-3-660x660.jpg 660w\" sizes=\"(max-width: 800px) 100vw, 800px\" \/><\/figure>\n<\/div>\n<\/div>","protected":false},"excerpt":{"rendered":"<p>Lancheira simples e moderna por atacado, a nossa lancheira \u00e9 elegante e funcional, com tr\u00eas estilos \u00e0 escolha. Esta lancheira tem um design de v\u00e1rias camadas, pode combin\u00e1-la livremente numa lancheira de camada dupla ou numa lancheira de 3 camadas. Adequada para utiliza\u00e7\u00e3o em escrit\u00f3rios, escolas, actividades ao ar livre e outros locais. Bem-vindo a contactar-nos para um or\u00e7amento.<\/p>\n<h3>Caracter\u00edsticas e vantagens da lancheira<\/h3>\n<p><strong>Design simples e moderno:<\/strong> Esta lancheira adopta um design simples e moderno, que est\u00e1 em conformidade com a tend\u00eancia da moda, acompanha perfeitamente a sua hora de almo\u00e7o e torna cada refei\u00e7\u00e3o cheia de beleza.<\/p>\n<p><strong>Design de compartimento multifuncional:<\/strong> Cada camada desta lancheira tem 2 compartimentos, que podem efetivamente classificar e armazenar alimentos e manter o sabor dos alimentos.<\/p>\n<p><strong>Design independente da ta\u00e7a de sopa:<\/strong> A lancheira est\u00e1 equipada com uma tigela de sopa selada independente, que \u00e9 conveniente para armazenar sopa ou outros alimentos l\u00edquidos.<\/p>\n<p><strong>Arruma\u00e7\u00e3o c\u00f3moda dos utens\u00edlios de mesa:<\/strong> Esta lancheira tem um compartimento de utens\u00edlios de mesa incorporado, especialmente concebido para guardar colheres, pauzinhos e outros utens\u00edlios de mesa, que \u00e9 pr\u00e1tico de transportar e mais pr\u00e1tico de utilizar.<\/p>\n<p><strong>Servi\u00e7os de personaliza\u00e7\u00e3o e de venda por grosso:<\/strong> Fornecemos servi\u00e7os de lancheiras por grosso, apoiamos solu\u00e7\u00f5es de lancheiras personalizadas, satisfazemos necessidades personalizadas e somos adequados para personaliza\u00e7\u00e3o empresarial e compras a granel.<\/p>","protected":false},"featured_media":8702,"comment_status":"open","ping_status":"closed","template":"","meta":[],"product_cat":[58],"product_tag":[89,90,86,92],"class_list":{"0":"post-5245","1":"product","2":"type-product","3":"status-publish","4":"has-post-thumbnail","6":"product_cat-lunch-box-wholesale","7":"product_tag-wholesale-3-layer-lunch-box","8":"product_tag-wholesale-double-layer-lunch-box","9":"product_tag-wholesale-insulated-lunch-box","10":"product_tag-wholesale-rectangle-lunch-box","12":"first","13":"instock","14":"shipping-taxable","15":"product-type-simple"},"_links":{"self":[{"href":"https:\/\/moyahousehold.com\/pt\/wp-json\/wp\/v2\/product\/5245","targetHints":{"allow":["GET"]}}],"collection":[{"href":"https:\/\/moyahousehold.com\/pt\/wp-json\/wp\/v2\/product"}],"about":[{"href":"https:\/\/moyahousehold.com\/pt\/wp-json\/wp\/v2\/types\/product"}],"replies":[{"embeddable":true,"href":"https:\/\/moyahousehold.com\/pt\/wp-json\/wp\/v2\/comments?post=5245"}],"version-history":[{"count":0,"href":"https:\/\/moyahousehold.com\/pt\/wp-json\/wp\/v2\/product\/5245\/revisions"}],"wp:featuredmedia":[{"embeddable":true,"href":"https:\/\/moyahousehold.com\/pt\/wp-json\/wp\/v2\/media\/8702"}],"wp:attachment":[{"href":"https:\/\/moyahousehold.com\/pt\/wp-json\/wp\/v2\/media?parent=5245"}],"wp:term":[{"taxonomy":"product_cat","embeddable":true,"href":"https:\/\/moyahousehold.com\/pt\/wp-json\/wp\/v2\/product_cat?post=5245"},{"taxonomy":"product_tag","embeddable":true,"href":"https:\/\/moyahousehold.com\/pt\/wp-json\/wp\/v2\/product_tag?post=5245"}],"curies":[{"name":"wp","href":"https:\/\/api.w.org\/{rel}","templated":true}]}}