{"id":5261,"date":"2024-06-07T06:53:44","date_gmt":"2024-06-07T06:53:44","guid":{"rendered":"https:\/\/moyahousehold.com\/?post_type=product&#038;p=5261"},"modified":"2025-02-05T08:40:19","modified_gmt":"2025-02-05T08:40:19","slug":"wholesale-insulated-stainless-steel-food-containers","status":"publish","type":"product","link":"https:\/\/moyahousehold.com\/pt\/produto\/recipientes-para-alimentos-isolados-em-aco-inoxidavel-por-atacado\/","title":{"rendered":"Recipientes para alimentos de a\u00e7o inoxid\u00e1vel isolados por atacado com al\u00e7a para trazer um almo\u00e7o ou armazenar alimentos"},"content":{"rendered":"<h2 class=\"wp-block-heading\">Par\u00e2metros do recipiente para alimentos isolado em a\u00e7o inoxid\u00e1vel<\/h2>\n\n\n\n<p><strong>material:<\/strong>304 + PP <strong> cor:<\/strong>A\u00e7o<\/p>\n\n\n\n<figure class=\"wp-block-table\"><table><tbody><tr><td>N\u00famero do modelo<\/td><td>capacidade<\/td><td>Tamanho do produto<\/td><td>Tamanho da caixa exterior<\/td><td>Quantidade por caixa<\/td><td>N.W<\/td><td>G.W\/Caixa<\/td><\/tr><tr><td>MYLY010<\/td><td>Camada \u00fanica<\/td><td>14.6*14.6*16.5<\/td><td>64*64*42<\/td><td>32<\/td><td>0.81<\/td><td>29<\/td><\/tr><tr><td>MYLY011<\/td><td>Camadas duplas<\/td><td>14.6*14.6*25<\/td><td>48*48*59<\/td><td>18<\/td><td>1.44<\/td><td>29<\/td><\/tr><tr><td>MYLY012<\/td><td>Camadas triplas<\/td><td>14.6*14.6*33<\/td><td>64*64*38<\/td><td>16<\/td><td>1.63<\/td><td>29<\/td><\/tr><\/tbody><\/table><\/figure>\n\n\n\n<h3 class=\"wp-block-heading\">Recipiente para alimentos isolado em a\u00e7o inoxid\u00e1vel personalizado<\/h3>\n\n\n\n<p><strong>Log\u00f3tipo:<\/strong> personalizar o log\u00f3tipo da sua marca no produto e na embalagem.<br><strong>Op\u00e7\u00f5es de log\u00f3tipo:<\/strong> log\u00f3tipo impresso, log\u00f3tipo gravado a laser, etc.<br><strong>Padr\u00e3o: <\/strong>padr\u00f5es de impress\u00e3o <br><strong>Tecnologia de impress\u00e3o: <\/strong>impress\u00e3o por transfer\u00eancia de \u00e1gua, impress\u00e3o por serigrafia, impress\u00e3o por transfer\u00eancia de calor, transfer\u00eancia por sublima\u00e7\u00e3o, etc.<br><strong>Embalagem:<\/strong>caixa de cor<br><a href=\"https:\/\/moyahousehold.com\/pt\/solucao-personalizada\/\"><strong>Saiba mais sobre os pormenores dos recipientes para alimentos personalizados<\/strong><\/a><\/p>\n\n\n\n<div class=\"wp-block-columns is-layout-flex wp-container-core-columns-is-layout-9d6595d7 wp-block-columns-is-layout-flex\">\n<div class=\"wp-block-column is-layout-flow wp-block-column-is-layout-flow\">\n<figure class=\"wp-block-image size-full\"><img fetchpriority=\"high\" decoding=\"async\" width=\"800\" height=\"800\" src=\"https:\/\/moyahousehold.com\/wp-content\/uploads\/2024\/06\/wholesale-food-container-detail-1.jpg\" alt=\"pormenor do recipiente para alimentos por atacado (1)\" class=\"wp-image-8757\" srcset=\"https:\/\/moyahousehold.com\/wp-content\/uploads\/2024\/06\/wholesale-food-container-detail-1.jpg 800w, https:\/\/moyahousehold.com\/wp-content\/uploads\/2024\/06\/wholesale-food-container-detail-1-300x300.jpg 300w, https:\/\/moyahousehold.com\/wp-content\/uploads\/2024\/06\/wholesale-food-container-detail-1-150x150.jpg 150w, https:\/\/moyahousehold.com\/wp-content\/uploads\/2024\/06\/wholesale-food-container-detail-1-768x768.jpg 768w, https:\/\/moyahousehold.com\/wp-content\/uploads\/2024\/06\/wholesale-food-container-detail-1-12x12.jpg 12w, https:\/\/moyahousehold.com\/wp-content\/uploads\/2024\/06\/wholesale-food-container-detail-1-285x285.jpg 285w, https:\/\/moyahousehold.com\/wp-content\/uploads\/2024\/06\/wholesale-food-container-detail-1-270x270.jpg 270w, https:\/\/moyahousehold.com\/wp-content\/uploads\/2024\/06\/wholesale-food-container-detail-1-540x540.jpg 540w, https:\/\/moyahousehold.com\/wp-content\/uploads\/2024\/06\/wholesale-food-container-detail-1-660x660.jpg 660w\" sizes=\"(max-width: 800px) 100vw, 800px\" \/><\/figure>\n<\/div>\n\n\n\n<div class=\"wp-block-column is-layout-flow wp-block-column-is-layout-flow\">\n<figure class=\"wp-block-image size-full\"><img decoding=\"async\" width=\"1500\" height=\"1500\" src=\"https:\/\/moyahousehold.com\/wp-content\/uploads\/2024\/06\/wholesale-food-container-detail-2.jpg\" alt=\"pormenor do recipiente para alimentos por atacado (2)\" class=\"wp-image-8758\" srcset=\"https:\/\/moyahousehold.com\/wp-content\/uploads\/2024\/06\/wholesale-food-container-detail-2.jpg 1500w, https:\/\/moyahousehold.com\/wp-content\/uploads\/2024\/06\/wholesale-food-container-detail-2-300x300.jpg 300w, https:\/\/moyahousehold.com\/wp-content\/uploads\/2024\/06\/wholesale-food-container-detail-2-150x150.jpg 150w, https:\/\/moyahousehold.com\/wp-content\/uploads\/2024\/06\/wholesale-food-container-detail-2-768x768.jpg 768w, https:\/\/moyahousehold.com\/wp-content\/uploads\/2024\/06\/wholesale-food-container-detail-2-12x12.jpg 12w, https:\/\/moyahousehold.com\/wp-content\/uploads\/2024\/06\/wholesale-food-container-detail-2-285x285.jpg 285w, https:\/\/moyahousehold.com\/wp-content\/uploads\/2024\/06\/wholesale-food-container-detail-2-270x270.jpg 270w, https:\/\/moyahousehold.com\/wp-content\/uploads\/2024\/06\/wholesale-food-container-detail-2-540x540.jpg 540w, https:\/\/moyahousehold.com\/wp-content\/uploads\/2024\/06\/wholesale-food-container-detail-2-660x660.jpg 660w\" sizes=\"(max-width: 1500px) 100vw, 1500px\" \/><\/figure>\n<\/div>\n<\/div>\n\n\n\n<div class=\"wp-block-columns is-layout-flex wp-container-core-columns-is-layout-9d6595d7 wp-block-columns-is-layout-flex\">\n<div class=\"wp-block-column is-layout-flow wp-block-column-is-layout-flow\"><\/div>\n\n\n\n<div class=\"wp-block-column is-layout-flow wp-block-column-is-layout-flow\"><\/div>\n<\/div>","protected":false},"excerpt":{"rendered":"<p>Com design de camada de v\u00e1cuo, estes recipientes isolados de a\u00e7o inoxid\u00e1vel para alimentos podem manter a temperatura dentro do recipiente durante muito tempo, em compara\u00e7\u00e3o com as lancheiras normais. Adequado para escolas, actividades ao ar livre, escrit\u00f3rios e outros locais. <strong>N\u00f3s fornecemos servi\u00e7os por atacado e personalizados, bem-vindo a contactar-nos.<\/strong><\/p>\n<h3>Caracter\u00edsticas e vantagens dos recipientes para alimentos isolados em a\u00e7o inoxid\u00e1vel<\/h3>\n<p><strong>Port\u00e1til: <\/strong>Este recipiente para alimentos \u00e9 elegante e pr\u00e1tico, tal como uma cozinha m\u00f3vel port\u00e1til, ajudando-o a desfrutar de comida deliciosa em qualquer altura e em qualquer lugar.<\/p>\n<p><strong>Material de a\u00e7o inoxid\u00e1vel de qualidade alimentar:<\/strong> Fabricado em a\u00e7o inoxid\u00e1vel 304 de qualidade alimentar de alto padr\u00e3o, dur\u00e1vel e resistente \u00e0 corros\u00e3o, adequado para armazenar v\u00e1rios alimentos, mais seguro de usar.<\/p>\n<p><strong>Design Multiply Layered:<\/strong> Este recipiente para alimentos em a\u00e7o inoxid\u00e1vel adopta um design em camadas, que pode ser livremente combinado em lancheiras de 2 camadas e em lancheiras de 3 camadas para garantir o armazenamento classificado de diferentes alimentos.<\/p>\n<p><strong>Bom efeito de isolamento:<\/strong> O design da camada de v\u00e1cuo pode isolar eficazmente o calor do conte\u00fado e manter o calor durante mais tempo.<\/p>\n<p><strong>Servi\u00e7os de venda por grosso e de personaliza\u00e7\u00e3o:<\/strong> Como um fabricante de recipientes para alimentos, fornecemos recipientes para alimentos por atacado a pre\u00e7os de f\u00e1brica e apoiamos a personaliza\u00e7\u00e3o OEM e ODM, adequada para compras a granel.<\/p>","protected":false},"featured_media":8756,"comment_status":"closed","ping_status":"closed","template":"","meta":[],"product_cat":[58],"product_tag":[89,90,86,91],"class_list":{"0":"post-5261","1":"product","2":"type-product","3":"status-publish","4":"has-post-thumbnail","6":"product_cat-lunch-box-wholesale","7":"product_tag-wholesale-3-layer-lunch-box","8":"product_tag-wholesale-double-layer-lunch-box","9":"product_tag-wholesale-insulated-lunch-box","10":"product_tag-wholesale-round-lunch-box","12":"first","13":"instock","14":"shipping-taxable","15":"product-type-simple"},"_links":{"self":[{"href":"https:\/\/moyahousehold.com\/pt\/wp-json\/wp\/v2\/product\/5261","targetHints":{"allow":["GET"]}}],"collection":[{"href":"https:\/\/moyahousehold.com\/pt\/wp-json\/wp\/v2\/product"}],"about":[{"href":"https:\/\/moyahousehold.com\/pt\/wp-json\/wp\/v2\/types\/product"}],"replies":[{"embeddable":true,"href":"https:\/\/moyahousehold.com\/pt\/wp-json\/wp\/v2\/comments?post=5261"}],"version-history":[{"count":0,"href":"https:\/\/moyahousehold.com\/pt\/wp-json\/wp\/v2\/product\/5261\/revisions"}],"wp:featuredmedia":[{"embeddable":true,"href":"https:\/\/moyahousehold.com\/pt\/wp-json\/wp\/v2\/media\/8756"}],"wp:attachment":[{"href":"https:\/\/moyahousehold.com\/pt\/wp-json\/wp\/v2\/media?parent=5261"}],"wp:term":[{"taxonomy":"product_cat","embeddable":true,"href":"https:\/\/moyahousehold.com\/pt\/wp-json\/wp\/v2\/product_cat?post=5261"},{"taxonomy":"product_tag","embeddable":true,"href":"https:\/\/moyahousehold.com\/pt\/wp-json\/wp\/v2\/product_tag?post=5261"}],"curies":[{"name":"wp","href":"https:\/\/api.w.org\/{rel}","templated":true}]}}