{"id":5271,"date":"2024-06-07T07:25:35","date_gmt":"2024-06-07T07:25:35","guid":{"rendered":"https:\/\/moyahousehold.com\/?post_type=product&#038;p=5271"},"modified":"2025-02-05T08:39:58","modified_gmt":"2025-02-05T08:39:58","slug":"stainless-steel-insulated-food-container-wholesale","status":"publish","type":"product","link":"https:\/\/moyahousehold.com\/pt\/produto\/stainless-steel-insulated-food-container-wholesale\/","title":{"rendered":"Recipiente para alimentos isolado em a\u00e7o inoxid\u00e1vel por atacado - Fabricante de recipientes para alimentos MOYA"},"content":{"rendered":"<h2 class=\"wp-block-heading\">Par\u00e2metros do recipiente para alimentos com isolamento t\u00e9rmico em a\u00e7o inoxid\u00e1vel<\/h2>\n\n\n\n<p><strong>material:<\/strong>304 + PP <strong> cor:<\/strong>Bege\/caqui<\/p>\n\n\n\n<figure class=\"wp-block-table\"><table><tbody><tr><td>N\u00famero do modelo<\/td><td>capacidade<\/td><td>Tamanho do produto<\/td><td>Tamanho da caixa exterior<\/td><td>Quantidade por caixa<\/td><td>N.W<\/td><td>G.W\/Caixa<\/td><\/tr><tr><td>MYLY013<\/td><td>Camada \u00fanica<\/td><td>14.6*14.6*16.5<\/td><td>64*64*42<\/td><td>32<\/td><td>0.81<\/td><td>29<\/td><\/tr><tr><td>MYLY014<\/td><td>Camadas duplas<\/td><td>14.6*14.6*25<\/td><td>48*48*59<\/td><td>18<\/td><td>1.44<\/td><td>29<\/td><\/tr><tr><td>MYLY015<\/td><td>Camadas triplas<\/td><td>14.6*14.6*33<\/td><td>64*64*38<\/td><td>16<\/td><td>1.63<\/td><td>29<\/td><\/tr><\/tbody><\/table><\/figure>\n\n\n\n<h3 class=\"wp-block-heading\">Op\u00e7\u00f5es de recipientes personalizados para alimentos<\/h3>\n\n\n\n<p>Log\u00f3tipo: personalizar o log\u00f3tipo da sua marca no produto e na embalagem.<br>Op\u00e7\u00f5es de log\u00f3tipo: log\u00f3tipo impresso, log\u00f3tipo gravado a laser, etc.<br>Padr\u00e3o: Padr\u00f5es de impress\u00e3o <br>Tecnologia de impress\u00e3o: impress\u00e3o por transfer\u00eancia de \u00e1gua, impress\u00e3o por serigrafia, impress\u00e3o por transfer\u00eancia de calor, transfer\u00eancia por sublima\u00e7\u00e3o, etc.<br>Embalagem:caixa a cores<br><a href=\"https:\/\/moyahousehold.com\/pt\/solucao-personalizada\/\"><strong>Saiba mais sobre as solu\u00e7\u00f5es personalizadas de recipientes para alimentos<\/strong><\/a><\/p>\n\n\n\n<div class=\"wp-block-columns is-layout-flex wp-container-core-columns-is-layout-9d6595d7 wp-block-columns-is-layout-flex\">\n<div class=\"wp-block-column is-layout-flow wp-block-column-is-layout-flow\">\n<figure class=\"wp-block-image size-full\"><img fetchpriority=\"high\" decoding=\"async\" width=\"800\" height=\"800\" src=\"https:\/\/moyahousehold.com\/wp-content\/uploads\/2024\/06\/Stainless-Steel-Insulated-Food-Container-Display-1.jpg\" alt=\"Expositor de recipientes para alimentos isolados em a\u00e7o inoxid\u00e1vel (1)\" class=\"wp-image-8635\" srcset=\"https:\/\/moyahousehold.com\/wp-content\/uploads\/2024\/06\/Stainless-Steel-Insulated-Food-Container-Display-1.jpg 800w, https:\/\/moyahousehold.com\/wp-content\/uploads\/2024\/06\/Stainless-Steel-Insulated-Food-Container-Display-1-300x300.jpg 300w, https:\/\/moyahousehold.com\/wp-content\/uploads\/2024\/06\/Stainless-Steel-Insulated-Food-Container-Display-1-150x150.jpg 150w, https:\/\/moyahousehold.com\/wp-content\/uploads\/2024\/06\/Stainless-Steel-Insulated-Food-Container-Display-1-768x768.jpg 768w, https:\/\/moyahousehold.com\/wp-content\/uploads\/2024\/06\/Stainless-Steel-Insulated-Food-Container-Display-1-12x12.jpg 12w, https:\/\/moyahousehold.com\/wp-content\/uploads\/2024\/06\/Stainless-Steel-Insulated-Food-Container-Display-1-285x285.jpg 285w, https:\/\/moyahousehold.com\/wp-content\/uploads\/2024\/06\/Stainless-Steel-Insulated-Food-Container-Display-1-270x270.jpg 270w, https:\/\/moyahousehold.com\/wp-content\/uploads\/2024\/06\/Stainless-Steel-Insulated-Food-Container-Display-1-540x540.jpg 540w, https:\/\/moyahousehold.com\/wp-content\/uploads\/2024\/06\/Stainless-Steel-Insulated-Food-Container-Display-1-660x660.jpg 660w\" sizes=\"(max-width: 800px) 100vw, 800px\" \/><\/figure>\n<\/div>\n\n\n\n<div class=\"wp-block-column is-layout-flow wp-block-column-is-layout-flow\">\n<figure class=\"wp-block-image size-full\"><img decoding=\"async\" width=\"1500\" height=\"1500\" src=\"https:\/\/moyahousehold.com\/wp-content\/uploads\/2024\/06\/Stainless-Steel-Insulated-Food-Container-Display-3.jpg\" alt=\"Expositor de recipientes para alimentos isolados em a\u00e7o inoxid\u00e1vel (3)\" class=\"wp-image-8637\" srcset=\"https:\/\/moyahousehold.com\/wp-content\/uploads\/2024\/06\/Stainless-Steel-Insulated-Food-Container-Display-3.jpg 1500w, https:\/\/moyahousehold.com\/wp-content\/uploads\/2024\/06\/Stainless-Steel-Insulated-Food-Container-Display-3-300x300.jpg 300w, https:\/\/moyahousehold.com\/wp-content\/uploads\/2024\/06\/Stainless-Steel-Insulated-Food-Container-Display-3-150x150.jpg 150w, https:\/\/moyahousehold.com\/wp-content\/uploads\/2024\/06\/Stainless-Steel-Insulated-Food-Container-Display-3-768x768.jpg 768w, https:\/\/moyahousehold.com\/wp-content\/uploads\/2024\/06\/Stainless-Steel-Insulated-Food-Container-Display-3-12x12.jpg 12w, https:\/\/moyahousehold.com\/wp-content\/uploads\/2024\/06\/Stainless-Steel-Insulated-Food-Container-Display-3-285x285.jpg 285w, https:\/\/moyahousehold.com\/wp-content\/uploads\/2024\/06\/Stainless-Steel-Insulated-Food-Container-Display-3-270x270.jpg 270w, https:\/\/moyahousehold.com\/wp-content\/uploads\/2024\/06\/Stainless-Steel-Insulated-Food-Container-Display-3-540x540.jpg 540w, https:\/\/moyahousehold.com\/wp-content\/uploads\/2024\/06\/Stainless-Steel-Insulated-Food-Container-Display-3-660x660.jpg 660w\" sizes=\"(max-width: 1500px) 100vw, 1500px\" \/><\/figure>\n<\/div>\n<\/div>","protected":false},"excerpt":{"rendered":"<p>Recipiente para alimentos isolado em a\u00e7o inoxid\u00e1vel por atacado. Este recipiente para alimentos pode manter os alimentos quentes ou frios durante muito tempo, com um design de v\u00e1rias camadas, pode distribuir os alimentos de forma razo\u00e1vel. E tem um aspeto giro. \u00c9 muito adequado para levar para um piquenique ou para a escola. Bem-vindo a contactar-nos para um or\u00e7amento.<\/p>\n<h3>Carater\u00edsticas do recipiente para alimentos isolado em a\u00e7o inoxid\u00e1vel<\/h3>\n<p><strong>Seguran\u00e7a de qualidade alimentar:<\/strong> O recipiente para alimentos isolado a v\u00e1cuo \u00e9 feito de a\u00e7o inoxid\u00e1vel 304, que cumpre as normas de sa\u00fade e seguran\u00e7a e \u00e9 mais fi\u00e1vel de utilizar.<\/p>\n<p><strong>Efeito de super isolamento:<\/strong> Este recipiente para alimentos adopta um design de camada de v\u00e1cuo, que isola eficazmente o calor e tem um bom efeito de isolamento.<\/p>\n<p><strong>Design multi-camadas:<\/strong> Pode escolher livremente o n\u00famero de camadas do recipiente para alimentos. O design em camadas pode evitar que diferentes alimentos misturem sabores e mantenham os seus respectivos sabores.<\/p>\n<p><strong>F\u00e1cil de limpar:<\/strong> O interior deste recipiente para alimentos isolado em a\u00e7o inoxid\u00e1vel \u00e9 polido, a superf\u00edcie interior \u00e9 lisa e a sua limpeza \u00e9 f\u00e1cil e econ\u00f3mica.<\/p>\n<p><strong>Amostras gr\u00e1tis:<\/strong> Antes de adquirir recipientes para alimentos por atacado, fornecemos-lhe amostras gr\u00e1tis para que possa compreender melhor os nossos produtos.<\/p>\n<p>&nbsp;<\/p>","protected":false},"featured_media":8671,"comment_status":"open","ping_status":"closed","template":"","meta":[],"product_cat":[58],"product_tag":[89,90,86,91],"class_list":{"0":"post-5271","1":"product","2":"type-product","3":"status-publish","4":"has-post-thumbnail","6":"product_cat-lunch-box-wholesale","7":"product_tag-wholesale-3-layer-lunch-box","8":"product_tag-wholesale-double-layer-lunch-box","9":"product_tag-wholesale-insulated-lunch-box","10":"product_tag-wholesale-round-lunch-box","12":"first","13":"instock","14":"shipping-taxable","15":"product-type-simple"},"_links":{"self":[{"href":"https:\/\/moyahousehold.com\/pt\/wp-json\/wp\/v2\/product\/5271","targetHints":{"allow":["GET"]}}],"collection":[{"href":"https:\/\/moyahousehold.com\/pt\/wp-json\/wp\/v2\/product"}],"about":[{"href":"https:\/\/moyahousehold.com\/pt\/wp-json\/wp\/v2\/types\/product"}],"replies":[{"embeddable":true,"href":"https:\/\/moyahousehold.com\/pt\/wp-json\/wp\/v2\/comments?post=5271"}],"version-history":[{"count":0,"href":"https:\/\/moyahousehold.com\/pt\/wp-json\/wp\/v2\/product\/5271\/revisions"}],"wp:featuredmedia":[{"embeddable":true,"href":"https:\/\/moyahousehold.com\/pt\/wp-json\/wp\/v2\/media\/8671"}],"wp:attachment":[{"href":"https:\/\/moyahousehold.com\/pt\/wp-json\/wp\/v2\/media?parent=5271"}],"wp:term":[{"taxonomy":"product_cat","embeddable":true,"href":"https:\/\/moyahousehold.com\/pt\/wp-json\/wp\/v2\/product_cat?post=5271"},{"taxonomy":"product_tag","embeddable":true,"href":"https:\/\/moyahousehold.com\/pt\/wp-json\/wp\/v2\/product_tag?post=5271"}],"curies":[{"name":"wp","href":"https:\/\/api.w.org\/{rel}","templated":true}]}}