{"id":5289,"date":"2024-06-07T07:45:11","date_gmt":"2024-06-07T07:45:11","guid":{"rendered":"https:\/\/moyahousehold.com\/?post_type=product&#038;p=5289"},"modified":"2025-04-22T09:20:11","modified_gmt":"2025-04-22T09:20:11","slug":"wholesale-bulk-lunch-boxes","status":"publish","type":"product","link":"https:\/\/moyahousehold.com\/pt\/produto\/lancheiras-a-granel-por-atacado\/","title":{"rendered":"Lancheiras isoladas com estilo para mulheres: Design multi-camadas, apar\u00eancia requintada"},"content":{"rendered":"<h2 class=\"wp-block-heading\">Par\u00e2metros das lancheiras isoladas com estilo para mulher<\/h2>\n\n\n\n<p><strong>material:<\/strong>304 + PP <strong> cor:<\/strong>Bege\/caqui<\/p>\n\n\n\n<figure class=\"wp-block-table\"><table><tbody><tr><td>N\u00famero do modelo<\/td><td>capacidade<\/td><td>Tamanho do produto<\/td><td>Tamanho da caixa exterior<\/td><td>Quantidade por caixa<\/td><td>N.W<\/td><td>G.W\/Caixa<\/td><\/tr><tr><td>MYSC001<\/td><td>900ml<\/td><td>19.5*12*8<\/td><td>62*53*43<\/td><td>48<\/td><td>0.35<\/td><td>18.8<\/td><\/tr><tr><td>MYSC002<\/td><td>1600ml<\/td><td>19.5*12*14.5<\/td><td>63*53*49<\/td><td>36<\/td><td>0.7<\/td><td>27.2<\/td><\/tr><tr><td>MYSC003<\/td><td>2300ml<\/td><td>19.5*12*22.5<\/td><td>62*53*45<\/td><td>24<\/td><td>1<\/td><td>26<\/td><\/tr><\/tbody><\/table><\/figure>\n\n\n\n<h3 class=\"wp-block-heading\">Op\u00e7\u00f5es de lancheiras personalizadas<\/h3>\n\n\n\n<p><strong>Log\u00f3tipo:<\/strong> Personalize o log\u00f3tipo da sua marca em lancheiras e embalagens.<br><strong>Op\u00e7\u00f5es de log\u00f3tipo: <\/strong>log\u00f3tipo impresso, log\u00f3tipo gravado a laser, etc.<br><strong>Padr\u00e3o: <\/strong>Padr\u00f5es de impress\u00e3o <br><strong>Tecnologia de impress\u00e3o:<\/strong> impress\u00e3o por transfer\u00eancia de \u00e1gua, impress\u00e3o serigr\u00e1fica, impress\u00e3o por transfer\u00eancia de calor, transfer\u00eancia por sublima\u00e7\u00e3o, etc.<br><strong>Embalagem<\/strong>: Caixa de cor<br><a href=\"https:\/\/moyahousehold.com\/pt\/solucao-personalizada\/\"><strong>Saiba mais sobre as solu\u00e7\u00f5es de lancheiras personalizadas<\/strong><\/a><\/p>\n\n\n\n<div class=\"wp-block-columns is-layout-flex wp-container-core-columns-is-layout-9d6595d7 wp-block-columns-is-layout-flex\">\n<div class=\"wp-block-column is-layout-flow wp-block-column-is-layout-flow\">\n<figure class=\"wp-block-image size-full\"><img fetchpriority=\"high\" decoding=\"async\" width=\"3642\" height=\"3642\" src=\"https:\/\/moyahousehold.com\/wp-content\/uploads\/2024\/06\/MYSC001-003-10.webp\" alt=\"lancheiras a granel por atacado\" class=\"wp-image-5297\" srcset=\"https:\/\/moyahousehold.com\/wp-content\/uploads\/2024\/06\/MYSC001-003-10.webp 3642w, https:\/\/moyahousehold.com\/wp-content\/uploads\/2024\/06\/MYSC001-003-10-300x300.webp 300w, https:\/\/moyahousehold.com\/wp-content\/uploads\/2024\/06\/MYSC001-003-10-150x150.webp 150w, https:\/\/moyahousehold.com\/wp-content\/uploads\/2024\/06\/MYSC001-003-10-768x768.webp 768w, https:\/\/moyahousehold.com\/wp-content\/uploads\/2024\/06\/MYSC001-003-10-285x285.webp 285w, https:\/\/moyahousehold.com\/wp-content\/uploads\/2024\/06\/MYSC001-003-10-1600x1600.webp 1600w, https:\/\/moyahousehold.com\/wp-content\/uploads\/2024\/06\/MYSC001-003-10-270x270.webp 270w, https:\/\/moyahousehold.com\/wp-content\/uploads\/2024\/06\/MYSC001-003-10-540x540.webp 540w, https:\/\/moyahousehold.com\/wp-content\/uploads\/2024\/06\/MYSC001-003-10-660x660.webp 660w\" sizes=\"(max-width: 3642px) 100vw, 3642px\" \/><\/figure>\n<\/div>\n\n\n\n<div class=\"wp-block-column is-layout-flow wp-block-column-is-layout-flow\">\n<figure class=\"wp-block-image size-full\"><img decoding=\"async\" width=\"3629\" height=\"3629\" src=\"https:\/\/moyahousehold.com\/wp-content\/uploads\/2024\/06\/MYSC001-003-11.webp\" alt=\"lancheiras a granel por atacado\" class=\"wp-image-5298\" srcset=\"https:\/\/moyahousehold.com\/wp-content\/uploads\/2024\/06\/MYSC001-003-11.webp 3629w, https:\/\/moyahousehold.com\/wp-content\/uploads\/2024\/06\/MYSC001-003-11-300x300.webp 300w, https:\/\/moyahousehold.com\/wp-content\/uploads\/2024\/06\/MYSC001-003-11-150x150.webp 150w, https:\/\/moyahousehold.com\/wp-content\/uploads\/2024\/06\/MYSC001-003-11-768x768.webp 768w, https:\/\/moyahousehold.com\/wp-content\/uploads\/2024\/06\/MYSC001-003-11-285x285.webp 285w, https:\/\/moyahousehold.com\/wp-content\/uploads\/2024\/06\/MYSC001-003-11-1600x1600.webp 1600w, https:\/\/moyahousehold.com\/wp-content\/uploads\/2024\/06\/MYSC001-003-11-270x270.webp 270w, https:\/\/moyahousehold.com\/wp-content\/uploads\/2024\/06\/MYSC001-003-11-540x540.webp 540w, https:\/\/moyahousehold.com\/wp-content\/uploads\/2024\/06\/MYSC001-003-11-660x660.webp 660w\" sizes=\"(max-width: 3629px) 100vw, 3629px\" \/><\/figure>\n<\/div>\n<\/div>\n\n\n\n<div class=\"wp-block-columns is-layout-flex wp-container-core-columns-is-layout-9d6595d7 wp-block-columns-is-layout-flex\">\n<div class=\"wp-block-column is-layout-flow wp-block-column-is-layout-flow\">\n<figure class=\"wp-block-image size-full\"><img decoding=\"async\" width=\"3247\" height=\"3247\" src=\"https:\/\/moyahousehold.com\/wp-content\/uploads\/2024\/06\/MYSC001-003-13.webp\" alt=\"lancheiras a granel por atacado\" class=\"wp-image-5299\" srcset=\"https:\/\/moyahousehold.com\/wp-content\/uploads\/2024\/06\/MYSC001-003-13.webp 3247w, https:\/\/moyahousehold.com\/wp-content\/uploads\/2024\/06\/MYSC001-003-13-300x300.webp 300w, https:\/\/moyahousehold.com\/wp-content\/uploads\/2024\/06\/MYSC001-003-13-150x150.webp 150w, https:\/\/moyahousehold.com\/wp-content\/uploads\/2024\/06\/MYSC001-003-13-768x768.webp 768w, https:\/\/moyahousehold.com\/wp-content\/uploads\/2024\/06\/MYSC001-003-13-285x285.webp 285w, https:\/\/moyahousehold.com\/wp-content\/uploads\/2024\/06\/MYSC001-003-13-1600x1600.webp 1600w, https:\/\/moyahousehold.com\/wp-content\/uploads\/2024\/06\/MYSC001-003-13-270x270.webp 270w, https:\/\/moyahousehold.com\/wp-content\/uploads\/2024\/06\/MYSC001-003-13-540x540.webp 540w, https:\/\/moyahousehold.com\/wp-content\/uploads\/2024\/06\/MYSC001-003-13-660x660.webp 660w\" sizes=\"(max-width: 3247px) 100vw, 3247px\" \/><\/figure>\n<\/div>\n\n\n\n<div class=\"wp-block-column is-layout-flow wp-block-column-is-layout-flow\">\n<figure class=\"wp-block-image size-full\"><img loading=\"lazy\" decoding=\"async\" width=\"3341\" height=\"3341\" src=\"https:\/\/moyahousehold.com\/wp-content\/uploads\/2024\/06\/MYSC001-003-14.webp\" alt=\"lancheiras a granel por atacado\" class=\"wp-image-5300\" srcset=\"https:\/\/moyahousehold.com\/wp-content\/uploads\/2024\/06\/MYSC001-003-14.webp 3341w, https:\/\/moyahousehold.com\/wp-content\/uploads\/2024\/06\/MYSC001-003-14-300x300.webp 300w, https:\/\/moyahousehold.com\/wp-content\/uploads\/2024\/06\/MYSC001-003-14-150x150.webp 150w, https:\/\/moyahousehold.com\/wp-content\/uploads\/2024\/06\/MYSC001-003-14-768x768.webp 768w, https:\/\/moyahousehold.com\/wp-content\/uploads\/2024\/06\/MYSC001-003-14-285x285.webp 285w, https:\/\/moyahousehold.com\/wp-content\/uploads\/2024\/06\/MYSC001-003-14-1600x1600.webp 1600w, https:\/\/moyahousehold.com\/wp-content\/uploads\/2024\/06\/MYSC001-003-14-270x270.webp 270w, https:\/\/moyahousehold.com\/wp-content\/uploads\/2024\/06\/MYSC001-003-14-540x540.webp 540w, https:\/\/moyahousehold.com\/wp-content\/uploads\/2024\/06\/MYSC001-003-14-660x660.webp 660w\" sizes=\"(max-width: 3341px) 100vw, 3341px\" \/><\/figure>\n<\/div>\n<\/div>","protected":false},"excerpt":{"rendered":"<p>Est\u00e3o dispon\u00edveis lancheiras isoladas com estilo por grosso a granel, 900 ml, 1600 ml e 2300 ml. O forro da lancheira \u00e9 feito de a\u00e7o inoxid\u00e1vel 304. \u00c9 resistente \u00e0 corros\u00e3o e \u00e0 prova de ferrugem, garantindo seguran\u00e7a e sa\u00fade. E esta lancheira tem uma apar\u00eancia elegante, combinando perfeitamente praticidade e beleza, adequada para as mulheres carregarem. Bem-vindo a comprar as nossas lancheiras por atacado.<\/p>\n<h3>Carater\u00edsticas das elegantes lancheiras isoladas para mulher<\/h3>\n<p><strong>Conce\u00e7\u00e3o de isolamento t\u00e9rmico:<\/strong> O inv\u00f3lucro exterior desta lancheira \u00e9 feito de pl\u00e1stico PP amigo do ambiente, que isola eficazmente e evita escald\u00f5es, protegendo a seguran\u00e7a dos utilizadores.<\/p>\n<p><strong>Pega oculta:<\/strong> Esta lancheira tem uma pega oculta, que \u00e9 f\u00e1cil de transportar e \u00e9 simultaneamente bonita e pr\u00e1tica.<\/p>\n<p><strong>Combina\u00e7\u00e3o de v\u00e1rias camadas: T<\/strong>A sua lancheira tem v\u00e1rias camadas e o n\u00famero de camadas pode ser livremente combinado para satisfazer as necessidades de diferentes utilizadores.<\/p>\n<p><strong>Material de alta qualidade:<\/strong> O revestimento interior da lancheira \u00e9 feito de a\u00e7o inoxid\u00e1vel 304 de qualidade alimentar e \u00e9 polido como um espelho, o que o torna muito f\u00e1cil de limpar.<\/p>\n<p><strong>Personaliza\u00e7\u00e3o OEM&amp;ODM:<\/strong> Como um fabricante profissional de lancheiras, a MOYA fornece servi\u00e7os personalizados de lancheiras para encomendas a granel, incluindo materiais, desenhos e muito mais.<\/p>\n<p>&nbsp;<\/p>","protected":false},"featured_media":8674,"comment_status":"closed","ping_status":"closed","template":"","meta":[],"product_cat":[58],"product_tag":[89,90,86,92],"class_list":{"0":"post-5289","1":"product","2":"type-product","3":"status-publish","4":"has-post-thumbnail","6":"product_cat-lunch-box-wholesale","7":"product_tag-wholesale-3-layer-lunch-box","8":"product_tag-wholesale-double-layer-lunch-box","9":"product_tag-wholesale-insulated-lunch-box","10":"product_tag-wholesale-rectangle-lunch-box","12":"first","13":"instock","14":"shipping-taxable","15":"product-type-simple"},"_links":{"self":[{"href":"https:\/\/moyahousehold.com\/pt\/wp-json\/wp\/v2\/product\/5289","targetHints":{"allow":["GET"]}}],"collection":[{"href":"https:\/\/moyahousehold.com\/pt\/wp-json\/wp\/v2\/product"}],"about":[{"href":"https:\/\/moyahousehold.com\/pt\/wp-json\/wp\/v2\/types\/product"}],"replies":[{"embeddable":true,"href":"https:\/\/moyahousehold.com\/pt\/wp-json\/wp\/v2\/comments?post=5289"}],"version-history":[{"count":0,"href":"https:\/\/moyahousehold.com\/pt\/wp-json\/wp\/v2\/product\/5289\/revisions"}],"wp:featuredmedia":[{"embeddable":true,"href":"https:\/\/moyahousehold.com\/pt\/wp-json\/wp\/v2\/media\/8674"}],"wp:attachment":[{"href":"https:\/\/moyahousehold.com\/pt\/wp-json\/wp\/v2\/media?parent=5289"}],"wp:term":[{"taxonomy":"product_cat","embeddable":true,"href":"https:\/\/moyahousehold.com\/pt\/wp-json\/wp\/v2\/product_cat?post=5289"},{"taxonomy":"product_tag","embeddable":true,"href":"https:\/\/moyahousehold.com\/pt\/wp-json\/wp\/v2\/product_tag?post=5289"}],"curies":[{"name":"wp","href":"https:\/\/api.w.org\/{rel}","templated":true}]}}