{"id":5304,"date":"2024-06-07T08:53:37","date_gmt":"2024-06-07T08:53:37","guid":{"rendered":"https:\/\/moyahousehold.com\/?post_type=product&#038;p=5304"},"modified":"2025-02-05T08:39:21","modified_gmt":"2025-02-05T08:39:21","slug":"wholesale-stainless-steel-lunch-box-with-compartments","status":"publish","type":"product","link":"https:\/\/moyahousehold.com\/pt\/produto\/wholesale-stainless-steel-lunch-box-with-compartments\/","title":{"rendered":"Lancheira de a\u00e7o inoxid\u00e1vel por atacado com compartimentos - Lancheira com 2 compartimentos e Lancheira com 3 compartimentos"},"content":{"rendered":"<h2 class=\"wp-block-heading\">Par\u00e2metros da Lancheira de a\u00e7o inoxid\u00e1vel com compartimentos<\/h2>\n\n\n\n<p><strong>material:<\/strong>304 + PP <strong> cor:<\/strong>Bege<\/p>\n\n\n\n<figure class=\"wp-block-table\"><table><tbody><tr><td>N\u00famero do modelo<\/td><td>Nome do produto<\/td><td>capacidade<\/td><td>Tamanho do produto<\/td><td>Tamanho da caixa exterior<\/td><td>Quantidade por caixa<\/td><td>N.W<\/td><td>G.W\/Caixa<\/td><\/tr><tr><td>MYJD110<\/td><td>Caixa bento com dois compartimentos<\/td><td>2 compartimentos<\/td><td>20.5*14*6.5<\/td><td>62*38*68<\/td><td>60<\/td><td>0.44<\/td><td>26<\/td><\/tr><tr><td>MYJD111<\/td><td>Caixa bento com 3 compartimentos<\/td><td>3 compartimentos<\/td><td>20.5*14*6.5<\/td><td>62*38*68<\/td><td>60<\/td><td>0.44<\/td><td>32.5<\/td><\/tr><\/tbody><\/table><\/figure>\n\n\n\n<h3 class=\"wp-block-heading\">Op\u00e7\u00f5es de lancheiras personalizadas<\/h3>\n\n\n\n<p><strong>Log\u00f3tipo<\/strong>: Personalize o log\u00f3tipo da sua marca nas caixas e embalagens bento.<br><strong>Op\u00e7\u00f5es de log\u00f3tipo<\/strong>: log\u00f3tipo impresso, log\u00f3tipo gravado a laser, etc.<br><strong>Padr\u00e3o<\/strong>: Impress\u00e3o de padr\u00f5es personalizados em caixas bento<br><strong>Tecnologia de impress\u00e3o<\/strong>: impress\u00e3o por transfer\u00eancia de \u00e1gua, impress\u00e3o por serigrafia, impress\u00e3o por transfer\u00eancia de calor, transfer\u00eancia por sublima\u00e7\u00e3o, etc.<br>Embalagem:caixa a cores<br><a href=\"https:\/\/moyahousehold.com\/pt\/solucao-personalizada\/\"><strong>Saiba mais sobre as solu\u00e7\u00f5es de lancheiras personalizadas<\/strong><\/a><\/p>\n\n\n\n<div class=\"wp-block-columns is-layout-flex wp-container-core-columns-is-layout-9d6595d7 wp-block-columns-is-layout-flex\">\n<div class=\"wp-block-column is-layout-flow wp-block-column-is-layout-flow\">\n<figure class=\"wp-block-image size-full\"><img fetchpriority=\"high\" decoding=\"async\" width=\"1500\" height=\"1500\" src=\"https:\/\/moyahousehold.com\/wp-content\/uploads\/2024\/06\/stainless-steel-with-compartments-1.jpg\" alt=\"a\u00e7o inoxid\u00e1vel com compartimentos (1)\" class=\"wp-image-8596\" srcset=\"https:\/\/moyahousehold.com\/wp-content\/uploads\/2024\/06\/stainless-steel-with-compartments-1.jpg 1500w, https:\/\/moyahousehold.com\/wp-content\/uploads\/2024\/06\/stainless-steel-with-compartments-1-300x300.jpg 300w, https:\/\/moyahousehold.com\/wp-content\/uploads\/2024\/06\/stainless-steel-with-compartments-1-150x150.jpg 150w, https:\/\/moyahousehold.com\/wp-content\/uploads\/2024\/06\/stainless-steel-with-compartments-1-768x768.jpg 768w, https:\/\/moyahousehold.com\/wp-content\/uploads\/2024\/06\/stainless-steel-with-compartments-1-12x12.jpg 12w, https:\/\/moyahousehold.com\/wp-content\/uploads\/2024\/06\/stainless-steel-with-compartments-1-285x285.jpg 285w, https:\/\/moyahousehold.com\/wp-content\/uploads\/2024\/06\/stainless-steel-with-compartments-1-270x270.jpg 270w, https:\/\/moyahousehold.com\/wp-content\/uploads\/2024\/06\/stainless-steel-with-compartments-1-540x540.jpg 540w, https:\/\/moyahousehold.com\/wp-content\/uploads\/2024\/06\/stainless-steel-with-compartments-1-660x660.jpg 660w\" sizes=\"(max-width: 1500px) 100vw, 1500px\" \/><\/figure>\n<\/div>\n\n\n\n<div class=\"wp-block-column is-layout-flow wp-block-column-is-layout-flow\">\n<figure class=\"wp-block-image size-full\"><img decoding=\"async\" width=\"1500\" height=\"1500\" src=\"https:\/\/moyahousehold.com\/wp-content\/uploads\/2024\/06\/stainless-steel-with-compartments-2-1.jpg\" alt=\"a\u00e7o inoxid\u00e1vel com compartimentos (2)\" class=\"wp-image-8600\" srcset=\"https:\/\/moyahousehold.com\/wp-content\/uploads\/2024\/06\/stainless-steel-with-compartments-2-1.jpg 1500w, https:\/\/moyahousehold.com\/wp-content\/uploads\/2024\/06\/stainless-steel-with-compartments-2-1-300x300.jpg 300w, https:\/\/moyahousehold.com\/wp-content\/uploads\/2024\/06\/stainless-steel-with-compartments-2-1-150x150.jpg 150w, https:\/\/moyahousehold.com\/wp-content\/uploads\/2024\/06\/stainless-steel-with-compartments-2-1-768x768.jpg 768w, https:\/\/moyahousehold.com\/wp-content\/uploads\/2024\/06\/stainless-steel-with-compartments-2-1-12x12.jpg 12w, https:\/\/moyahousehold.com\/wp-content\/uploads\/2024\/06\/stainless-steel-with-compartments-2-1-285x285.jpg 285w, https:\/\/moyahousehold.com\/wp-content\/uploads\/2024\/06\/stainless-steel-with-compartments-2-1-270x270.jpg 270w, https:\/\/moyahousehold.com\/wp-content\/uploads\/2024\/06\/stainless-steel-with-compartments-2-1-540x540.jpg 540w, https:\/\/moyahousehold.com\/wp-content\/uploads\/2024\/06\/stainless-steel-with-compartments-2-1-660x660.jpg 660w\" sizes=\"(max-width: 1500px) 100vw, 1500px\" \/><\/figure>\n<\/div>\n<\/div>\n\n\n\n<div class=\"wp-block-columns is-layout-flex wp-container-core-columns-is-layout-9d6595d7 wp-block-columns-is-layout-flex\">\n<div class=\"wp-block-column is-layout-flow wp-block-column-is-layout-flow\"><\/div>\n\n\n\n<div class=\"wp-block-column is-layout-flow wp-block-column-is-layout-flow\"><\/div>\n<\/div>","protected":false},"excerpt":{"rendered":"<p>Lancheira de a\u00e7o inoxid\u00e1vel por grosso com compartimentos, dispon\u00edvel em 2 compartimentos e 3 compartimentos, o design do compartimento permite uma melhor coloca\u00e7\u00e3o dos alimentos. O design da fivela de quatro lados garante que a lancheira seja resistente e dur\u00e1vel e n\u00e3o seja f\u00e1cil de soltar. Bem-vindo a contactar-nos para um or\u00e7amento.<\/p>\n<h3>Carater\u00edsticas e vantagens da lancheira de a\u00e7o inoxid\u00e1vel com compartimentos<\/h3>\n<p><strong>F\u00e1cil de limpar:<\/strong> A lancheira \u00e9 fabricada com um revestimento interior em a\u00e7o inoxid\u00e1vel 304, n\u00e3o s\u00f3 dur\u00e1vel como tamb\u00e9m f\u00e1cil de limpar<\/p>\n<p><strong>\u00c0 prova de \u00e1gua e de fugas:<\/strong> A lancheira com compartimentos tem um anel de silicone de qualidade alimentar incorporado e a tampa pode ser firmemente afivelada \u00e0 lancheira para formar um efeito de veda\u00e7\u00e3o, que n\u00e3o s\u00f3 \u00e9 \u00e0 prova de \u00e1gua e de fugas, como tamb\u00e9m mant\u00e9m eficazmente a frescura dos alimentos.<\/p>\n<p><strong>Design do compartimento:<\/strong> A lancheira adopta um design de compartimento flex\u00edvel, com dois compartimentos e tr\u00eas compartimentos \u00e0 escolha.<\/p>\n<p><strong>F\u00e1cil de transportar:<\/strong> Esta lancheira tem um design requintado, \u00e9 leve e f\u00e1cil de transportar, perfeita para desloca\u00e7\u00f5es di\u00e1rias, piqueniques ou viagens. O seu tamanho compacto torna-a f\u00e1cil de colocar numa mochila ou mala de m\u00e3o, permitindo-lhe desfrutar de uma refei\u00e7\u00e3o deliciosa em qualquer altura.<\/p>\n<p><strong>Servi\u00e7o grossista:<\/strong> N\u00f3s fornecemos servi\u00e7o profissional de lancheiras por atacado. Desde o fornecimento de amostras gr\u00e1tis, produ\u00e7\u00e3o at\u00e9 ao envio, fornecemos-lhe uma solu\u00e7\u00e3o \u00fanica.<\/p>\n<p><strong>Servi\u00e7o personalizado:<\/strong> Fornecemos servi\u00e7os de lancheiras personalizadas OEM e ODM, personalizando a sua lancheira de marca exclusiva de 0 a 1.<\/p>","protected":false},"featured_media":8595,"comment_status":"open","ping_status":"closed","template":"","meta":[],"product_cat":[58],"product_tag":[87,92],"class_list":{"0":"post-5304","1":"product","2":"type-product","3":"status-publish","4":"has-post-thumbnail","6":"product_cat-lunch-box-wholesale","7":"product_tag-wholesale-multi-compartment-lunch-box","8":"product_tag-wholesale-rectangle-lunch-box","10":"first","11":"instock","12":"shipping-taxable","13":"product-type-simple"},"_links":{"self":[{"href":"https:\/\/moyahousehold.com\/pt\/wp-json\/wp\/v2\/product\/5304","targetHints":{"allow":["GET"]}}],"collection":[{"href":"https:\/\/moyahousehold.com\/pt\/wp-json\/wp\/v2\/product"}],"about":[{"href":"https:\/\/moyahousehold.com\/pt\/wp-json\/wp\/v2\/types\/product"}],"replies":[{"embeddable":true,"href":"https:\/\/moyahousehold.com\/pt\/wp-json\/wp\/v2\/comments?post=5304"}],"version-history":[{"count":0,"href":"https:\/\/moyahousehold.com\/pt\/wp-json\/wp\/v2\/product\/5304\/revisions"}],"wp:featuredmedia":[{"embeddable":true,"href":"https:\/\/moyahousehold.com\/pt\/wp-json\/wp\/v2\/media\/8595"}],"wp:attachment":[{"href":"https:\/\/moyahousehold.com\/pt\/wp-json\/wp\/v2\/media?parent=5304"}],"wp:term":[{"taxonomy":"product_cat","embeddable":true,"href":"https:\/\/moyahousehold.com\/pt\/wp-json\/wp\/v2\/product_cat?post=5304"},{"taxonomy":"product_tag","embeddable":true,"href":"https:\/\/moyahousehold.com\/pt\/wp-json\/wp\/v2\/product_tag?post=5304"}],"curies":[{"name":"wp","href":"https:\/\/api.w.org\/{rel}","templated":true}]}}