{"id":5319,"date":"2024-06-07T09:21:37","date_gmt":"2024-06-07T09:21:37","guid":{"rendered":"https:\/\/moyahousehold.com\/?post_type=product&#038;p=5319"},"modified":"2025-02-05T08:38:16","modified_gmt":"2025-02-05T08:38:16","slug":"custom-insulated-lunch-box-wholesale","status":"publish","type":"product","link":"https:\/\/moyahousehold.com\/pt\/produto\/custom-insulated-lunch-box-wholesale\/","title":{"rendered":"Lancheira isolada personalizada por atacado: Op\u00e7\u00f5es flex\u00edveis de personaliza\u00e7\u00e3o para a sua marca"},"content":{"rendered":"<h3 class=\"wp-block-heading\">Par\u00e2metros da caixa de almo\u00e7o isolada personaliz\u00e1vel<\/h3>\n\n\n\n<p><strong>material:<\/strong>304 + PP <strong> cor:<\/strong>Bege<\/p>\n\n\n\n<figure class=\"wp-block-table\"><table><tbody><tr><td>N\u00famero do modelo<\/td><td>Nome do produto<\/td><td>capacidade<\/td><td>Tamanho do produto<\/td><td>Tamanho da caixa exterior<\/td><td>Quantidade por caixa<\/td><td>N.W<\/td><td>G.W\/Caixa<\/td><\/tr><tr><td>MYJD112<\/td><td>lancheira isolada de dupla camada<\/td><td>750ml-2 camadas<\/td><td>11.5*11.5*20<\/td><td>62*46.5*61.5<\/td><td>36<\/td><td>0.49<\/td><td>20.64<\/td><\/tr><tr><td>MYJD113<\/td><td>Lancheira isolada de 3 camadas<\/td><td>1000ml-3 camadas<\/td><td>11.5*11.5*26<\/td><td>58*43*45<\/td><td>24<\/td><td>0.66<\/td><td>18.84<\/td><\/tr><\/tbody><\/table><\/figure>\n\n\n\n<h3 class=\"wp-block-heading\">Op\u00e7\u00f5es de lancheiras isoladas personalizadas<\/h3>\n\n\n\n<p><strong>Log\u00f3tipo<\/strong>: personalizar o log\u00f3tipo da sua marca nas lancheiras e na embalagem.<br><strong>Op\u00e7\u00f5es de log\u00f3tipo<\/strong>: log\u00f3tipo impresso, log\u00f3tipo gravado a laser, etc.<br><strong>Padr\u00e3o<\/strong>: Impress\u00e3o de padr\u00f5es personalizados em lancheiras<br><strong>Tecnologia de impress\u00e3o<\/strong>: impress\u00e3o por transfer\u00eancia de \u00e1gua, impress\u00e3o por serigrafia, impress\u00e3o por transfer\u00eancia de calor, transfer\u00eancia por sublima\u00e7\u00e3o, etc.<br><strong>Embalagem<\/strong>:caixa de cor<br><a href=\"https:\/\/moyahousehold.com\/pt\/solucao-personalizada\/\"><strong>Saiba mais sobre as solu\u00e7\u00f5es de lancheiras personalizadas<\/strong><\/a><\/p>\n\n\n\n<div class=\"wp-block-columns is-layout-flex wp-container-core-columns-is-layout-9d6595d7 wp-block-columns-is-layout-flex\">\n<div class=\"wp-block-column is-layout-flow wp-block-column-is-layout-flow\">\n<figure class=\"wp-block-image size-full\"><img fetchpriority=\"high\" decoding=\"async\" width=\"3579\" height=\"3579\" src=\"https:\/\/moyahousehold.com\/wp-content\/uploads\/2024\/06\/custom-insulated-lunch-box-2-1.webp\" alt=\"lancheira isolada personalizada\" class=\"wp-image-5330\" srcset=\"https:\/\/moyahousehold.com\/wp-content\/uploads\/2024\/06\/custom-insulated-lunch-box-2-1.webp 3579w, https:\/\/moyahousehold.com\/wp-content\/uploads\/2024\/06\/custom-insulated-lunch-box-2-1-300x300.webp 300w, https:\/\/moyahousehold.com\/wp-content\/uploads\/2024\/06\/custom-insulated-lunch-box-2-1-150x150.webp 150w, https:\/\/moyahousehold.com\/wp-content\/uploads\/2024\/06\/custom-insulated-lunch-box-2-1-768x768.webp 768w, https:\/\/moyahousehold.com\/wp-content\/uploads\/2024\/06\/custom-insulated-lunch-box-2-1-285x285.webp 285w, https:\/\/moyahousehold.com\/wp-content\/uploads\/2024\/06\/custom-insulated-lunch-box-2-1-1600x1600.webp 1600w, https:\/\/moyahousehold.com\/wp-content\/uploads\/2024\/06\/custom-insulated-lunch-box-2-1-270x270.webp 270w, https:\/\/moyahousehold.com\/wp-content\/uploads\/2024\/06\/custom-insulated-lunch-box-2-1-540x540.webp 540w, https:\/\/moyahousehold.com\/wp-content\/uploads\/2024\/06\/custom-insulated-lunch-box-2-1-660x660.webp 660w\" sizes=\"(max-width: 3579px) 100vw, 3579px\" \/><\/figure>\n<\/div>\n\n\n\n<div class=\"wp-block-column is-layout-flow wp-block-column-is-layout-flow\">\n<figure class=\"wp-block-image size-full\"><img decoding=\"async\" width=\"3623\" height=\"3623\" src=\"https:\/\/moyahousehold.com\/wp-content\/uploads\/2024\/06\/custom-insulated-lunch-box-4-1.webp\" alt=\"lancheira isolada personalizada\" class=\"wp-image-5332\" srcset=\"https:\/\/moyahousehold.com\/wp-content\/uploads\/2024\/06\/custom-insulated-lunch-box-4-1.webp 3623w, https:\/\/moyahousehold.com\/wp-content\/uploads\/2024\/06\/custom-insulated-lunch-box-4-1-300x300.webp 300w, https:\/\/moyahousehold.com\/wp-content\/uploads\/2024\/06\/custom-insulated-lunch-box-4-1-150x150.webp 150w, https:\/\/moyahousehold.com\/wp-content\/uploads\/2024\/06\/custom-insulated-lunch-box-4-1-768x768.webp 768w, https:\/\/moyahousehold.com\/wp-content\/uploads\/2024\/06\/custom-insulated-lunch-box-4-1-285x285.webp 285w, https:\/\/moyahousehold.com\/wp-content\/uploads\/2024\/06\/custom-insulated-lunch-box-4-1-1600x1600.webp 1600w, https:\/\/moyahousehold.com\/wp-content\/uploads\/2024\/06\/custom-insulated-lunch-box-4-1-270x270.webp 270w, https:\/\/moyahousehold.com\/wp-content\/uploads\/2024\/06\/custom-insulated-lunch-box-4-1-540x540.webp 540w, https:\/\/moyahousehold.com\/wp-content\/uploads\/2024\/06\/custom-insulated-lunch-box-4-1-660x660.webp 660w\" sizes=\"(max-width: 3623px) 100vw, 3623px\" \/><\/figure>\n<\/div>\n<\/div>\n\n\n\n<div class=\"wp-block-columns is-layout-flex wp-container-core-columns-is-layout-9d6595d7 wp-block-columns-is-layout-flex\">\n<div class=\"wp-block-column is-layout-flow wp-block-column-is-layout-flow\">\n<figure class=\"wp-block-image size-full\"><img decoding=\"async\" width=\"3514\" height=\"3514\" src=\"https:\/\/moyahousehold.com\/wp-content\/uploads\/2024\/06\/custom-insulated-lunch-box-5.webp\" alt=\"lancheira isolada personalizada\" class=\"wp-image-5333\" srcset=\"https:\/\/moyahousehold.com\/wp-content\/uploads\/2024\/06\/custom-insulated-lunch-box-5.webp 3514w, https:\/\/moyahousehold.com\/wp-content\/uploads\/2024\/06\/custom-insulated-lunch-box-5-300x300.webp 300w, https:\/\/moyahousehold.com\/wp-content\/uploads\/2024\/06\/custom-insulated-lunch-box-5-150x150.webp 150w, https:\/\/moyahousehold.com\/wp-content\/uploads\/2024\/06\/custom-insulated-lunch-box-5-768x768.webp 768w, https:\/\/moyahousehold.com\/wp-content\/uploads\/2024\/06\/custom-insulated-lunch-box-5-285x285.webp 285w, https:\/\/moyahousehold.com\/wp-content\/uploads\/2024\/06\/custom-insulated-lunch-box-5-1600x1600.webp 1600w, https:\/\/moyahousehold.com\/wp-content\/uploads\/2024\/06\/custom-insulated-lunch-box-5-270x270.webp 270w, https:\/\/moyahousehold.com\/wp-content\/uploads\/2024\/06\/custom-insulated-lunch-box-5-540x540.webp 540w, https:\/\/moyahousehold.com\/wp-content\/uploads\/2024\/06\/custom-insulated-lunch-box-5-660x660.webp 660w\" sizes=\"(max-width: 3514px) 100vw, 3514px\" \/><\/figure>\n<\/div>\n\n\n\n<div class=\"wp-block-column is-layout-flow wp-block-column-is-layout-flow\">\n<figure class=\"wp-block-image size-full\"><img loading=\"lazy\" decoding=\"async\" width=\"3447\" height=\"3447\" src=\"https:\/\/moyahousehold.com\/wp-content\/uploads\/2024\/06\/custom-insulated-lunch-box-6.webp\" alt=\"lancheira isolada personalizada\" class=\"wp-image-5334\" srcset=\"https:\/\/moyahousehold.com\/wp-content\/uploads\/2024\/06\/custom-insulated-lunch-box-6.webp 3447w, https:\/\/moyahousehold.com\/wp-content\/uploads\/2024\/06\/custom-insulated-lunch-box-6-300x300.webp 300w, https:\/\/moyahousehold.com\/wp-content\/uploads\/2024\/06\/custom-insulated-lunch-box-6-150x150.webp 150w, https:\/\/moyahousehold.com\/wp-content\/uploads\/2024\/06\/custom-insulated-lunch-box-6-768x768.webp 768w, https:\/\/moyahousehold.com\/wp-content\/uploads\/2024\/06\/custom-insulated-lunch-box-6-285x285.webp 285w, https:\/\/moyahousehold.com\/wp-content\/uploads\/2024\/06\/custom-insulated-lunch-box-6-1600x1600.webp 1600w, https:\/\/moyahousehold.com\/wp-content\/uploads\/2024\/06\/custom-insulated-lunch-box-6-270x270.webp 270w, https:\/\/moyahousehold.com\/wp-content\/uploads\/2024\/06\/custom-insulated-lunch-box-6-540x540.webp 540w, https:\/\/moyahousehold.com\/wp-content\/uploads\/2024\/06\/custom-insulated-lunch-box-6-660x660.webp 660w\" sizes=\"(max-width: 3447px) 100vw, 3447px\" \/><\/figure>\n<\/div>\n<\/div>","protected":false},"excerpt":{"rendered":"<p>Lancheira isolada personaliz\u00e1vel por atacado, esta s\u00e9rie de lancheiras isoladas tem dois estilos: lancheira de camada dupla e lancheira de camada tripla, que podem manter a temperatura dos alimentos por um longo tempo e s\u00e3o adequadas para a realiza\u00e7\u00e3o. Fornecemos solu\u00e7\u00f5es profissionais de lancheiras personalizadas. Incluindo capacidade personalizada, cor, design de impress\u00e3o e muito mais, personalize produtos de lancheira de marca exclusiva para si. Bem-vindo a contactar-nos.<\/p>\n<h3>Carater\u00edsticas da Lancheira isolada personaliz\u00e1vel<\/h3>\n<p><strong>Design multi-camadas:<\/strong> Esta lancheira isolada adopta um design de v\u00e1rias camadas. Pode combinar e escolher livremente uma lancheira de camada dupla ou uma lancheira de camada tripla.<\/p>\n<p><strong>Bom efeito de isolamento:<\/strong> O revestimento interior da lancheira \u00e9 feito de a\u00e7o inoxid\u00e1vel 304 e o meio \u00e9 feito de espuma de isolamento, que pode manter-se quente at\u00e9 10 horas.<\/p>\n<p><strong>Pega ergon\u00f3mica:<\/strong> Esta lancheira tem uma pega larga e confort\u00e1vel; pode ser facilmente transportada, permitindo-lhe desfrutar de um delicioso almo\u00e7o em qualquer altura;<\/p>\n<p><strong>Boa estanquidade ao ar:<\/strong> A lancheira tem um anel de veda\u00e7\u00e3o incorporado, que n\u00e3o deixa escapar nada mesmo que seja sacudida violentamente, pelo que n\u00e3o tem de se preocupar mais com isso e a experi\u00eancia de utiliza\u00e7\u00e3o \u00e9 significativamente melhorada.<\/p>\n<p><strong>Servi\u00e7o personalizado:<\/strong> Fornecemos solu\u00e7\u00f5es profissionais de lancheiras personalizadas. A forma, a capacidade, o padr\u00e3o e o log\u00f3tipo podem ser personalizados. Criamos lancheiras de marcas exclusivas para si.<\/p>","protected":false},"featured_media":8062,"comment_status":"open","ping_status":"closed","template":"","meta":[],"product_cat":[58],"product_tag":[89,90,86,91],"class_list":{"0":"post-5319","1":"product","2":"type-product","3":"status-publish","4":"has-post-thumbnail","6":"product_cat-lunch-box-wholesale","7":"product_tag-wholesale-3-layer-lunch-box","8":"product_tag-wholesale-double-layer-lunch-box","9":"product_tag-wholesale-insulated-lunch-box","10":"product_tag-wholesale-round-lunch-box","12":"first","13":"instock","14":"shipping-taxable","15":"product-type-simple"},"_links":{"self":[{"href":"https:\/\/moyahousehold.com\/pt\/wp-json\/wp\/v2\/product\/5319","targetHints":{"allow":["GET"]}}],"collection":[{"href":"https:\/\/moyahousehold.com\/pt\/wp-json\/wp\/v2\/product"}],"about":[{"href":"https:\/\/moyahousehold.com\/pt\/wp-json\/wp\/v2\/types\/product"}],"replies":[{"embeddable":true,"href":"https:\/\/moyahousehold.com\/pt\/wp-json\/wp\/v2\/comments?post=5319"}],"version-history":[{"count":0,"href":"https:\/\/moyahousehold.com\/pt\/wp-json\/wp\/v2\/product\/5319\/revisions"}],"wp:featuredmedia":[{"embeddable":true,"href":"https:\/\/moyahousehold.com\/pt\/wp-json\/wp\/v2\/media\/8062"}],"wp:attachment":[{"href":"https:\/\/moyahousehold.com\/pt\/wp-json\/wp\/v2\/media?parent=5319"}],"wp:term":[{"taxonomy":"product_cat","embeddable":true,"href":"https:\/\/moyahousehold.com\/pt\/wp-json\/wp\/v2\/product_cat?post=5319"},{"taxonomy":"product_tag","embeddable":true,"href":"https:\/\/moyahousehold.com\/pt\/wp-json\/wp\/v2\/product_tag?post=5319"}],"curies":[{"name":"wp","href":"https:\/\/api.w.org\/{rel}","templated":true}]}}