{"id":5338,"date":"2024-06-07T09:50:15","date_gmt":"2024-06-07T09:50:15","guid":{"rendered":"https:\/\/moyahousehold.com\/?post_type=product&#038;p=5338"},"modified":"2025-02-05T08:37:58","modified_gmt":"2025-02-05T08:37:58","slug":"wholesale-stainless-steel-insulated-lunch-box","status":"publish","type":"product","link":"https:\/\/moyahousehold.com\/pt\/produto\/wholesale-stainless-steel-insulated-lunch-box\/","title":{"rendered":"Lancheira quente isolada de a\u00e7o inoxid\u00e1vel por atacado: 800ML e 1200ML"},"content":{"rendered":"<h3 class=\"wp-block-heading\">Par\u00e2metros da Lancheira quente isolada<\/h3>\n\n\n\n<p><strong>material:<\/strong>304 + PP <strong> cor:<\/strong>Bege<\/p>\n\n\n\n<figure class=\"wp-block-table\"><table><tbody><tr><td>N\u00famero do modelo<\/td><td>capacidade<\/td><td>Tamanho do produto<\/td><td>Tamanho da caixa exterior<\/td><td>Quantidade por caixa<\/td><td>N.W<\/td><td>G.W\/Caixa<\/td><\/tr><tr><td>MYJD115<\/td><td>800ml<\/td><td>12*12*8<\/td><td>58*43*45<\/td><td>36<\/td><td>0.06<\/td><td>9.36<\/td><\/tr><tr><td>MYJD116<\/td><td>1200ml<\/td><td>12*12*13<\/td><td>58*43*52<\/td><td>36<\/td><td>0.33<\/td><td>19.08<\/td><\/tr><\/tbody><\/table><\/figure>\n\n\n\n<h3 class=\"wp-block-heading\">Op\u00e7\u00f5es de lancheiras isoladas personalizadas<\/h3>\n\n\n\n<p><strong>Log\u00f3tipo: <\/strong>personalize o log\u00f3tipo da sua marca em lancheiras e embalagens.<br><strong>Op\u00e7\u00f5es de log\u00f3tipo: <\/strong>log\u00f3tipo impresso, log\u00f3tipo gravado a laser, etc.<br><strong>Padr\u00e3o:<\/strong> padr\u00f5es de impress\u00e3o <br><strong>Tecnologia de impress\u00e3o: <\/strong>impress\u00e3o por transfer\u00eancia de \u00e1gua, impress\u00e3o por serigrafia, impress\u00e3o por transfer\u00eancia de calor, transfer\u00eancia por sublima\u00e7\u00e3o, etc.<br><strong>Embalagem: <\/strong>caixa de cor<br><a href=\"https:\/\/moyahousehold.com\/pt\/solucao-personalizada\/\"><strong>Saiba mais sobre as solu\u00e7\u00f5es de lancheiras com isolamento t\u00e9rmico personalizadas<\/strong><\/a><\/p>\n\n\n\n<div class=\"wp-block-columns is-layout-flex wp-container-core-columns-is-layout-9d6595d7 wp-block-columns-is-layout-flex\">\n<div class=\"wp-block-column is-layout-flow wp-block-column-is-layout-flow\">\n<figure class=\"wp-block-image size-full\"><img fetchpriority=\"high\" decoding=\"async\" width=\"1500\" height=\"1501\" src=\"https:\/\/moyahousehold.com\/wp-content\/uploads\/2024\/06\/insulated-hot-lunch-box-display-1.jpg\" alt=\"expositor de lancheiras quentes isoladas (1)\" class=\"wp-image-8948\" srcset=\"https:\/\/moyahousehold.com\/wp-content\/uploads\/2024\/06\/insulated-hot-lunch-box-display-1.jpg 1500w, https:\/\/moyahousehold.com\/wp-content\/uploads\/2024\/06\/insulated-hot-lunch-box-display-1-300x300.jpg 300w, https:\/\/moyahousehold.com\/wp-content\/uploads\/2024\/06\/insulated-hot-lunch-box-display-1-150x150.jpg 150w, https:\/\/moyahousehold.com\/wp-content\/uploads\/2024\/06\/insulated-hot-lunch-box-display-1-768x769.jpg 768w, https:\/\/moyahousehold.com\/wp-content\/uploads\/2024\/06\/insulated-hot-lunch-box-display-1-12x12.jpg 12w, https:\/\/moyahousehold.com\/wp-content\/uploads\/2024\/06\/insulated-hot-lunch-box-display-1-285x285.jpg 285w, https:\/\/moyahousehold.com\/wp-content\/uploads\/2024\/06\/insulated-hot-lunch-box-display-1-270x270.jpg 270w, https:\/\/moyahousehold.com\/wp-content\/uploads\/2024\/06\/insulated-hot-lunch-box-display-1-540x540.jpg 540w, https:\/\/moyahousehold.com\/wp-content\/uploads\/2024\/06\/insulated-hot-lunch-box-display-1-660x660.jpg 660w\" sizes=\"(max-width: 1500px) 100vw, 1500px\" \/><\/figure>\n<\/div>\n\n\n\n<div class=\"wp-block-column is-layout-flow wp-block-column-is-layout-flow\">\n<figure class=\"wp-block-image size-full\"><img decoding=\"async\" width=\"1500\" height=\"1501\" src=\"https:\/\/moyahousehold.com\/wp-content\/uploads\/2024\/06\/insulated-hot-lunch-box-display-2.jpg\" alt=\"expositor de lancheiras quentes isoladas (2)\" class=\"wp-image-8949\" srcset=\"https:\/\/moyahousehold.com\/wp-content\/uploads\/2024\/06\/insulated-hot-lunch-box-display-2.jpg 1500w, https:\/\/moyahousehold.com\/wp-content\/uploads\/2024\/06\/insulated-hot-lunch-box-display-2-300x300.jpg 300w, https:\/\/moyahousehold.com\/wp-content\/uploads\/2024\/06\/insulated-hot-lunch-box-display-2-150x150.jpg 150w, https:\/\/moyahousehold.com\/wp-content\/uploads\/2024\/06\/insulated-hot-lunch-box-display-2-768x769.jpg 768w, https:\/\/moyahousehold.com\/wp-content\/uploads\/2024\/06\/insulated-hot-lunch-box-display-2-12x12.jpg 12w, https:\/\/moyahousehold.com\/wp-content\/uploads\/2024\/06\/insulated-hot-lunch-box-display-2-285x285.jpg 285w, https:\/\/moyahousehold.com\/wp-content\/uploads\/2024\/06\/insulated-hot-lunch-box-display-2-270x270.jpg 270w, https:\/\/moyahousehold.com\/wp-content\/uploads\/2024\/06\/insulated-hot-lunch-box-display-2-540x540.jpg 540w, https:\/\/moyahousehold.com\/wp-content\/uploads\/2024\/06\/insulated-hot-lunch-box-display-2-660x660.jpg 660w\" sizes=\"(max-width: 1500px) 100vw, 1500px\" \/><\/figure>\n<\/div>\n<\/div>\n\n\n\n<div class=\"wp-block-columns is-layout-flex wp-container-core-columns-is-layout-9d6595d7 wp-block-columns-is-layout-flex\">\n<div class=\"wp-block-column is-layout-flow wp-block-column-is-layout-flow\"><\/div>\n\n\n\n<div class=\"wp-block-column is-layout-flow wp-block-column-is-layout-flow\"><\/div>\n<\/div>","protected":false},"excerpt":{"rendered":"<p>Lancheira quente isolada redonda por atacado. Oferecemos estilos de 800 ml e 1200 ml para satisfazer as suas necessidades gastron\u00f3micas. Com um design redondo bonito, \u00e9 adequado para transportar ou como um presente. Se precisar, podemos ajud\u00e1-lo a desenvolver uma solu\u00e7\u00e3o detalhada e personalizada de lancheira isolada em a\u00e7o inoxid\u00e1vel. Os compradores B2B s\u00e3o bem-vindos a contactar-nos para comprar lancheiras quentes isoladas a granel.<\/p>\n<h3>Carater\u00edsticas e vantagens da lancheira isolada em a\u00e7o inoxid\u00e1vel<\/h3>\n<p><strong>Conce\u00e7\u00e3o pr\u00e1tica:<\/strong> A lancheira adopta um design de tr\u00eas camadas com um excelente efeito de preserva\u00e7\u00e3o do calor. O revestimento interior \u00e9 feito de a\u00e7o inoxid\u00e1vel 304, o meio \u00e9 de material de isolamento de espuma e a camada exterior \u00e9 de PP.<\/p>\n<p><strong>Forma gira:<\/strong> Esta lancheira quente isolada adopta um design redondo, com um aspeto simples e elegante, para que possa manter a boa disposi\u00e7\u00e3o durante as refei\u00e7\u00f5es.<\/p>\n<p><strong>Boa veda\u00e7\u00e3o:<\/strong> Esta lancheira quente isolada tem um anel de silicone incorporado e tem uma boa veda\u00e7\u00e3o. Os utilizadores podem transport\u00e1-la com confian\u00e7a sem se preocuparem com o derrame do conte\u00fado da lancheira.<\/p>\n<p><strong>Dois estilos:<\/strong> Fornecemos dois estilos de 800 ml e 1200 ml para satisfazer as necessidades de refei\u00e7\u00f5es de diferentes utilizadores.<\/p>\n<p><strong>Servi\u00e7o OEM&amp;ODM:<\/strong> Como um fabricante profissional de lancheiras, fornecemos uma solu\u00e7\u00e3o de lancheira personalizada de uma paragem. Bem-vindo a contactar-nos para personalizar a sua lancheira exclusiva.<\/p>\n<p>&nbsp;<\/p>","protected":false},"featured_media":8944,"comment_status":"closed","ping_status":"closed","template":"","meta":[],"product_cat":[58],"product_tag":[86,91],"class_list":{"0":"post-5338","1":"product","2":"type-product","3":"status-publish","4":"has-post-thumbnail","6":"product_cat-lunch-box-wholesale","7":"product_tag-wholesale-insulated-lunch-box","8":"product_tag-wholesale-round-lunch-box","10":"first","11":"instock","12":"shipping-taxable","13":"product-type-simple"},"_links":{"self":[{"href":"https:\/\/moyahousehold.com\/pt\/wp-json\/wp\/v2\/product\/5338","targetHints":{"allow":["GET"]}}],"collection":[{"href":"https:\/\/moyahousehold.com\/pt\/wp-json\/wp\/v2\/product"}],"about":[{"href":"https:\/\/moyahousehold.com\/pt\/wp-json\/wp\/v2\/types\/product"}],"replies":[{"embeddable":true,"href":"https:\/\/moyahousehold.com\/pt\/wp-json\/wp\/v2\/comments?post=5338"}],"version-history":[{"count":0,"href":"https:\/\/moyahousehold.com\/pt\/wp-json\/wp\/v2\/product\/5338\/revisions"}],"wp:featuredmedia":[{"embeddable":true,"href":"https:\/\/moyahousehold.com\/pt\/wp-json\/wp\/v2\/media\/8944"}],"wp:attachment":[{"href":"https:\/\/moyahousehold.com\/pt\/wp-json\/wp\/v2\/media?parent=5338"}],"wp:term":[{"taxonomy":"product_cat","embeddable":true,"href":"https:\/\/moyahousehold.com\/pt\/wp-json\/wp\/v2\/product_cat?post=5338"},{"taxonomy":"product_tag","embeddable":true,"href":"https:\/\/moyahousehold.com\/pt\/wp-json\/wp\/v2\/product_tag?post=5338"}],"curies":[{"name":"wp","href":"https:\/\/api.w.org\/{rel}","templated":true}]}}