{"id":5360,"date":"2024-06-08T01:05:00","date_gmt":"2024-06-08T01:05:00","guid":{"rendered":"https:\/\/moyahousehold.com\/?post_type=product&#038;p=5360"},"modified":"2025-04-22T09:56:59","modified_gmt":"2025-04-22T09:56:59","slug":"stackable-round-lunch-box-wholesale","status":"publish","type":"product","link":"https:\/\/moyahousehold.com\/pt\/produto\/stackable-round-lunch-box-wholesale\/","title":{"rendered":"Lancheira redonda empilh\u00e1vel por atacado: Estanqueidade e preserva\u00e7\u00e3o duradoura do calor"},"content":{"rendered":"<h2 class=\"wp-block-heading\">Par\u00e2metros da lancheira redonda empilh\u00e1vel<\/h2>\n\n\n\n<p><strong>material:<\/strong>316 + PP <strong> cor:<\/strong>Bege\/caqui\/branco\/amarelo<\/p>\n\n\n\n<figure class=\"wp-block-table\"><table><tbody><tr><td>N\u00famero do modelo<\/td><td>capacidade<\/td><td>Tamanho do produto<\/td><td>Tamanho da caixa exterior<\/td><td>Quantidade por caixa<\/td><td>N.W<\/td><td>G.W\/Caixa<\/td><\/tr><tr><td>MYJD108<\/td><td>400ML<\/td><td>11.8*11.8*6.5<\/td><td>61*49*34<\/td><td>100<\/td><td>0.17<\/td><td>19.07<\/td><\/tr><tr><td>MYJD109<\/td><td>600ML<\/td><td>11.8*11.8*8.5<\/td><td>61*49*36<\/td><td>80<\/td><td>0.2<\/td><td>17.58<\/td><\/tr><\/tbody><\/table><\/figure>\n\n\n\n<h3 class=\"wp-block-heading\">Lancheira personalizada Op\u00e7\u00f5es<\/h3>\n\n\n\n<p><strong>Log\u00f3tipo: <\/strong>Personalize o log\u00f3tipo da sua marca em caixas e embalagens bento.<br><strong>Op\u00e7\u00f5es de log\u00f3tipo:<\/strong> log\u00f3tipo impresso, log\u00f3tipo gravado a laser, etc.<br><strong>Padr\u00e3o: <\/strong>padr\u00f5es de impress\u00e3o <br><strong>Tecnologia de impress\u00e3o: <\/strong>impress\u00e3o por transfer\u00eancia de \u00e1gua, impress\u00e3o por serigrafia, impress\u00e3o por transfer\u00eancia de calor, transfer\u00eancia por sublima\u00e7\u00e3o, etc.<br><strong>Embalagem: <\/strong>caixa de cor<br><a href=\"https:\/\/moyahousehold.com\/pt\/solucao-personalizada\/\"><strong>Saiba mais sobre as solu\u00e7\u00f5es de caixas bento personalizadas<\/strong><\/a><\/p>\n\n\n\n<div class=\"wp-block-columns is-layout-flex wp-container-core-columns-is-layout-9d6595d7 wp-block-columns-is-layout-flex\">\n<div class=\"wp-block-column is-layout-flow wp-block-column-is-layout-flow\">\n<figure class=\"wp-block-image size-full\"><img fetchpriority=\"high\" decoding=\"async\" width=\"1500\" height=\"1500\" src=\"https:\/\/moyahousehold.com\/wp-content\/uploads\/2024\/06\/Macaron-color-round-bento-box.jpg\" alt=\"Caixa bento redonda cor de macaron\" class=\"wp-image-8909\" srcset=\"https:\/\/moyahousehold.com\/wp-content\/uploads\/2024\/06\/Macaron-color-round-bento-box.jpg 1500w, https:\/\/moyahousehold.com\/wp-content\/uploads\/2024\/06\/Macaron-color-round-bento-box-300x300.jpg 300w, https:\/\/moyahousehold.com\/wp-content\/uploads\/2024\/06\/Macaron-color-round-bento-box-150x150.jpg 150w, https:\/\/moyahousehold.com\/wp-content\/uploads\/2024\/06\/Macaron-color-round-bento-box-768x768.jpg 768w, https:\/\/moyahousehold.com\/wp-content\/uploads\/2024\/06\/Macaron-color-round-bento-box-12x12.jpg 12w, https:\/\/moyahousehold.com\/wp-content\/uploads\/2024\/06\/Macaron-color-round-bento-box-285x285.jpg 285w, https:\/\/moyahousehold.com\/wp-content\/uploads\/2024\/06\/Macaron-color-round-bento-box-270x270.jpg 270w, https:\/\/moyahousehold.com\/wp-content\/uploads\/2024\/06\/Macaron-color-round-bento-box-540x540.jpg 540w, https:\/\/moyahousehold.com\/wp-content\/uploads\/2024\/06\/Macaron-color-round-bento-box-660x660.jpg 660w\" sizes=\"(max-width: 1500px) 100vw, 1500px\" \/><\/figure>\n<\/div>\n\n\n\n<div class=\"wp-block-column is-layout-flow wp-block-column-is-layout-flow\">\n<figure class=\"wp-block-image size-full\"><img decoding=\"async\" width=\"1500\" height=\"1500\" src=\"https:\/\/moyahousehold.com\/wp-content\/uploads\/2024\/06\/cute-round-bento-box-display-2.jpg\" alt=\"expositor redondo bonito para caixas bento (2)\" class=\"wp-image-8903\" srcset=\"https:\/\/moyahousehold.com\/wp-content\/uploads\/2024\/06\/cute-round-bento-box-display-2.jpg 1500w, https:\/\/moyahousehold.com\/wp-content\/uploads\/2024\/06\/cute-round-bento-box-display-2-300x300.jpg 300w, https:\/\/moyahousehold.com\/wp-content\/uploads\/2024\/06\/cute-round-bento-box-display-2-150x150.jpg 150w, https:\/\/moyahousehold.com\/wp-content\/uploads\/2024\/06\/cute-round-bento-box-display-2-768x768.jpg 768w, https:\/\/moyahousehold.com\/wp-content\/uploads\/2024\/06\/cute-round-bento-box-display-2-12x12.jpg 12w, https:\/\/moyahousehold.com\/wp-content\/uploads\/2024\/06\/cute-round-bento-box-display-2-285x285.jpg 285w, https:\/\/moyahousehold.com\/wp-content\/uploads\/2024\/06\/cute-round-bento-box-display-2-270x270.jpg 270w, https:\/\/moyahousehold.com\/wp-content\/uploads\/2024\/06\/cute-round-bento-box-display-2-540x540.jpg 540w, https:\/\/moyahousehold.com\/wp-content\/uploads\/2024\/06\/cute-round-bento-box-display-2-660x660.jpg 660w\" sizes=\"(max-width: 1500px) 100vw, 1500px\" \/><\/figure>\n<\/div>\n<\/div>\n\n\n\n<div class=\"wp-block-columns is-layout-flex wp-container-core-columns-is-layout-9d6595d7 wp-block-columns-is-layout-flex\">\n<div class=\"wp-block-column is-layout-flow wp-block-column-is-layout-flow\">\n<figure class=\"wp-block-image size-full\"><img decoding=\"async\" width=\"1500\" height=\"1500\" src=\"https:\/\/moyahousehold.com\/wp-content\/uploads\/2024\/06\/White-round-bento-box.jpg\" alt=\"Caixa bento redonda branca\" class=\"wp-image-8912\" srcset=\"https:\/\/moyahousehold.com\/wp-content\/uploads\/2024\/06\/White-round-bento-box.jpg 1500w, https:\/\/moyahousehold.com\/wp-content\/uploads\/2024\/06\/White-round-bento-box-300x300.jpg 300w, https:\/\/moyahousehold.com\/wp-content\/uploads\/2024\/06\/White-round-bento-box-150x150.jpg 150w, https:\/\/moyahousehold.com\/wp-content\/uploads\/2024\/06\/White-round-bento-box-768x768.jpg 768w, https:\/\/moyahousehold.com\/wp-content\/uploads\/2024\/06\/White-round-bento-box-12x12.jpg 12w, https:\/\/moyahousehold.com\/wp-content\/uploads\/2024\/06\/White-round-bento-box-285x285.jpg 285w, https:\/\/moyahousehold.com\/wp-content\/uploads\/2024\/06\/White-round-bento-box-270x270.jpg 270w, https:\/\/moyahousehold.com\/wp-content\/uploads\/2024\/06\/White-round-bento-box-540x540.jpg 540w, https:\/\/moyahousehold.com\/wp-content\/uploads\/2024\/06\/White-round-bento-box-660x660.jpg 660w\" sizes=\"(max-width: 1500px) 100vw, 1500px\" \/><\/figure>\n<\/div>\n\n\n\n<div class=\"wp-block-column is-layout-flow wp-block-column-is-layout-flow\">\n<figure class=\"wp-block-image size-full\"><img loading=\"lazy\" decoding=\"async\" width=\"1500\" height=\"1500\" src=\"https:\/\/moyahousehold.com\/wp-content\/uploads\/2024\/06\/cute-round-bento-box-display-1.jpg\" alt=\"expositor redondo bonito para caixas bento (1)\" class=\"wp-image-8902\" srcset=\"https:\/\/moyahousehold.com\/wp-content\/uploads\/2024\/06\/cute-round-bento-box-display-1.jpg 1500w, https:\/\/moyahousehold.com\/wp-content\/uploads\/2024\/06\/cute-round-bento-box-display-1-300x300.jpg 300w, https:\/\/moyahousehold.com\/wp-content\/uploads\/2024\/06\/cute-round-bento-box-display-1-150x150.jpg 150w, https:\/\/moyahousehold.com\/wp-content\/uploads\/2024\/06\/cute-round-bento-box-display-1-768x768.jpg 768w, https:\/\/moyahousehold.com\/wp-content\/uploads\/2024\/06\/cute-round-bento-box-display-1-12x12.jpg 12w, https:\/\/moyahousehold.com\/wp-content\/uploads\/2024\/06\/cute-round-bento-box-display-1-285x285.jpg 285w, https:\/\/moyahousehold.com\/wp-content\/uploads\/2024\/06\/cute-round-bento-box-display-1-270x270.jpg 270w, https:\/\/moyahousehold.com\/wp-content\/uploads\/2024\/06\/cute-round-bento-box-display-1-540x540.jpg 540w, https:\/\/moyahousehold.com\/wp-content\/uploads\/2024\/06\/cute-round-bento-box-display-1-660x660.jpg 660w\" sizes=\"(max-width: 1500px) 100vw, 1500px\" \/><\/figure>\n<\/div>\n<\/div>","protected":false},"excerpt":{"rendered":"<p>Lancheira redonda empilh\u00e1vel por atacado. Esta lancheira isolada redonda de cor macaron n\u00e3o tem apenas um design elegante, mas tamb\u00e9m um bom efeito de preserva\u00e7\u00e3o do calor, que pode manter os alimentos quentes at\u00e9 8-10 horas. \u00c9 feita de a\u00e7o de grau m\u00e9dico 316, que n\u00e3o s\u00f3 \u00e9 mais dur\u00e1vel, mas tamb\u00e9m protege melhor a sua sa\u00fade. N\u00f3s n\u00e3o s\u00f3 fornecemos servi\u00e7o de atacado de lancheira, mas tamb\u00e9m fornecemos solu\u00e7\u00f5es profissionais de lancheira personalizada. Bem-vindo a contactar-nos.<\/p>\n<h3>Carater\u00edsticas e vantagens da lancheira redonda empilh\u00e1vel<\/h3>\n<p><strong>Moda e aspeto bonito<\/strong>: apar\u00eancia de cor de macaron da moda, design redondo bonito, simples, cheio de vitalidade.<\/p>\n<p><strong>Design empilh\u00e1vel:<\/strong> A lancheira adopta um design empilh\u00e1vel, que pode ser facilmente empilhado e poupa espa\u00e7o de armazenamento.<\/p>\n<p><strong>Leve e c\u00f3modo:<\/strong> Pequena e leve, f\u00e1cil de transportar, adequada para v\u00e1rias ocasi\u00f5es, pode ser utilizada para sair, trabalhar, fazer exerc\u00edcio f\u00edsico, etc.<\/p>\n<p><strong>Forro de alta qualidade:<\/strong> O forro da lancheira redonda gira \u00e9 feito de a\u00e7o inoxid\u00e1vel 316 de qualidade m\u00e9dica para garantir a seguran\u00e7a alimentar e a sa\u00fade.<\/p>\n<p><strong>Concha em PP:<\/strong> O PP de camada dupla \u00e9 utilizado no inv\u00f3lucro da lancheira redonda, que ser\u00e1 mais dur\u00e1vel e melhorar\u00e1 o efeito de isolamento para evitar que as flutua\u00e7\u00f5es de temperatura exterior afectem a temperatura interior.<\/p>\n<p><strong>Excelente efeito de isolamento:<\/strong> Adoptando o design de camada de v\u00e1cuo, pode ter um excelente efeito de isolamento e bloquear eficazmente a temperatura e a nutri\u00e7\u00e3o.<\/p>","protected":false},"featured_media":8910,"comment_status":"closed","ping_status":"closed","template":"","meta":[],"product_cat":[58],"product_tag":[86,91],"class_list":{"0":"post-5360","1":"product","2":"type-product","3":"status-publish","4":"has-post-thumbnail","6":"product_cat-lunch-box-wholesale","7":"product_tag-wholesale-insulated-lunch-box","8":"product_tag-wholesale-round-lunch-box","10":"first","11":"instock","12":"shipping-taxable","13":"product-type-simple"},"_links":{"self":[{"href":"https:\/\/moyahousehold.com\/pt\/wp-json\/wp\/v2\/product\/5360","targetHints":{"allow":["GET"]}}],"collection":[{"href":"https:\/\/moyahousehold.com\/pt\/wp-json\/wp\/v2\/product"}],"about":[{"href":"https:\/\/moyahousehold.com\/pt\/wp-json\/wp\/v2\/types\/product"}],"replies":[{"embeddable":true,"href":"https:\/\/moyahousehold.com\/pt\/wp-json\/wp\/v2\/comments?post=5360"}],"version-history":[{"count":0,"href":"https:\/\/moyahousehold.com\/pt\/wp-json\/wp\/v2\/product\/5360\/revisions"}],"wp:featuredmedia":[{"embeddable":true,"href":"https:\/\/moyahousehold.com\/pt\/wp-json\/wp\/v2\/media\/8910"}],"wp:attachment":[{"href":"https:\/\/moyahousehold.com\/pt\/wp-json\/wp\/v2\/media?parent=5360"}],"wp:term":[{"taxonomy":"product_cat","embeddable":true,"href":"https:\/\/moyahousehold.com\/pt\/wp-json\/wp\/v2\/product_cat?post=5360"},{"taxonomy":"product_tag","embeddable":true,"href":"https:\/\/moyahousehold.com\/pt\/wp-json\/wp\/v2\/product_tag?post=5360"}],"curies":[{"name":"wp","href":"https:\/\/api.w.org\/{rel}","templated":true}]}}