{"id":5390,"date":"2024-06-08T01:41:29","date_gmt":"2024-06-08T01:41:29","guid":{"rendered":"https:\/\/moyahousehold.com\/?post_type=product&#038;p=5390"},"modified":"2025-02-05T10:12:02","modified_gmt":"2025-02-05T10:12:02","slug":"factory-direct-airtight-tea-containers","status":"publish","type":"product","link":"https:\/\/moyahousehold.com\/pt\/produto\/factory-direct-airtight-tea-containers\/","title":{"rendered":"Recipientes de ch\u00e1 herm\u00e9ticos diretos da f\u00e1brica \u3001 Recipientes de armazenamento de gr\u00e3os de caf\u00e9"},"content":{"rendered":"<h3 class=\"wp-block-heading\">Par\u00e2metros do recipiente herm\u00e9tico de a\u00e7o inoxid\u00e1vel<\/h3>\n\n\n\n<p><strong>material:<\/strong>304 + PP <strong> cor:<\/strong>Rosa\/Verde\/Bege\/A\u00e7o<\/p>\n\n\n\n<figure class=\"wp-block-table\"><table><tbody><tr><td>N\u00famero do modelo<\/td><td>capacidade<\/td><td>Tamanho do produto<\/td><td>Tamanho da caixa exterior<\/td><td>Quantidade por caixa<\/td><td>N.W<\/td><td>G.W\/Caixa<\/td><\/tr><tr><td>MYHL001<\/td><td>750ml<\/td><td>14.3*14.3*9.3<\/td><td>62*35*62<\/td><td>48<\/td><td>0.32<\/td><td>17.36<\/td><\/tr><tr><td>MYHL002<\/td><td>1100ml<\/td><td>14.3*14.3*11.7<\/td><td>62*41*62<\/td><td>48<\/td><td>0.35<\/td><td>18.8<\/td><\/tr><tr><td>MYHL003<\/td><td>1600ml<\/td><td>14.3*14.3*14.7<\/td><td>62*49*62<\/td><td>48<\/td><td>0.4<\/td><td>21.2<\/td><\/tr><\/tbody><\/table><\/figure>\n\n\n\n<h3 class=\"wp-block-heading\">Op\u00e7\u00f5es de recipientes herm\u00e9ticos personalizados para ch\u00e1<\/h3>\n\n\n\n<p><strong>Log\u00f3tipo<\/strong>: personalize o log\u00f3tipo da sua marca em recipientes e embalagens para alimentos.<br><strong>Op\u00e7\u00f5es de log\u00f3tipo<\/strong>: log\u00f3tipo impresso, log\u00f3tipo gravado a laser, etc.<br><strong>Padr\u00e3o<\/strong>: padr\u00f5es de impress\u00e3o <br><strong>Tecnologia de impress\u00e3o<\/strong>: impress\u00e3o por transfer\u00eancia de \u00e1gua, impress\u00e3o por serigrafia, impress\u00e3o por transfer\u00eancia de calor, transfer\u00eancia por sublima\u00e7\u00e3o, etc.<br><strong>Embalagem<\/strong>:caixa de cor<br><a href=\"https:\/\/moyahousehold.com\/pt\/solucao-personalizada\/\"><strong>Explore mais solu\u00e7\u00f5es personalizadas de contentores para alimentos.<\/strong><\/a><\/p>\n\n\n\n<div class=\"wp-block-columns is-layout-flex wp-container-core-columns-is-layout-9d6595d7 wp-block-columns-is-layout-flex\">\n<div class=\"wp-block-column is-layout-flow wp-block-column-is-layout-flow\">\n<figure class=\"wp-block-image size-full\"><img fetchpriority=\"high\" decoding=\"async\" width=\"1500\" height=\"1500\" src=\"https:\/\/moyahousehold.com\/wp-content\/uploads\/2024\/06\/stainless-steel-airtight-container-display-1.jpg\" alt=\"expositor de recipientes herm\u00e9ticos em a\u00e7o inoxid\u00e1vel (1)\" class=\"wp-image-9120\" srcset=\"https:\/\/moyahousehold.com\/wp-content\/uploads\/2024\/06\/stainless-steel-airtight-container-display-1.jpg 1500w, https:\/\/moyahousehold.com\/wp-content\/uploads\/2024\/06\/stainless-steel-airtight-container-display-1-300x300.jpg 300w, https:\/\/moyahousehold.com\/wp-content\/uploads\/2024\/06\/stainless-steel-airtight-container-display-1-150x150.jpg 150w, https:\/\/moyahousehold.com\/wp-content\/uploads\/2024\/06\/stainless-steel-airtight-container-display-1-768x768.jpg 768w, https:\/\/moyahousehold.com\/wp-content\/uploads\/2024\/06\/stainless-steel-airtight-container-display-1-12x12.jpg 12w, https:\/\/moyahousehold.com\/wp-content\/uploads\/2024\/06\/stainless-steel-airtight-container-display-1-285x285.jpg 285w, https:\/\/moyahousehold.com\/wp-content\/uploads\/2024\/06\/stainless-steel-airtight-container-display-1-270x270.jpg 270w, https:\/\/moyahousehold.com\/wp-content\/uploads\/2024\/06\/stainless-steel-airtight-container-display-1-540x540.jpg 540w, https:\/\/moyahousehold.com\/wp-content\/uploads\/2024\/06\/stainless-steel-airtight-container-display-1-660x660.jpg 660w\" sizes=\"(max-width: 1500px) 100vw, 1500px\" \/><\/figure>\n<\/div>\n\n\n\n<div class=\"wp-block-column is-layout-flow wp-block-column-is-layout-flow\">\n<figure class=\"wp-block-image size-full\"><img decoding=\"async\" width=\"1500\" height=\"1500\" src=\"https:\/\/moyahousehold.com\/wp-content\/uploads\/2024\/06\/stainless-steel-airtight-container-display-2.jpg\" alt=\"expositor de recipientes herm\u00e9ticos em a\u00e7o inoxid\u00e1vel (2)\" class=\"wp-image-9121\" srcset=\"https:\/\/moyahousehold.com\/wp-content\/uploads\/2024\/06\/stainless-steel-airtight-container-display-2.jpg 1500w, https:\/\/moyahousehold.com\/wp-content\/uploads\/2024\/06\/stainless-steel-airtight-container-display-2-300x300.jpg 300w, https:\/\/moyahousehold.com\/wp-content\/uploads\/2024\/06\/stainless-steel-airtight-container-display-2-150x150.jpg 150w, https:\/\/moyahousehold.com\/wp-content\/uploads\/2024\/06\/stainless-steel-airtight-container-display-2-768x768.jpg 768w, https:\/\/moyahousehold.com\/wp-content\/uploads\/2024\/06\/stainless-steel-airtight-container-display-2-12x12.jpg 12w, https:\/\/moyahousehold.com\/wp-content\/uploads\/2024\/06\/stainless-steel-airtight-container-display-2-285x285.jpg 285w, https:\/\/moyahousehold.com\/wp-content\/uploads\/2024\/06\/stainless-steel-airtight-container-display-2-270x270.jpg 270w, https:\/\/moyahousehold.com\/wp-content\/uploads\/2024\/06\/stainless-steel-airtight-container-display-2-540x540.jpg 540w, https:\/\/moyahousehold.com\/wp-content\/uploads\/2024\/06\/stainless-steel-airtight-container-display-2-660x660.jpg 660w\" sizes=\"(max-width: 1500px) 100vw, 1500px\" \/><\/figure>\n<\/div>\n<\/div>\n\n\n\n<p><\/p>","protected":false},"excerpt":{"rendered":"<p>Venda direta da f\u00e1brica de recipientes selados em a\u00e7o inoxid\u00e1vel. Podem ser utilizados para armazenar folhas de ch\u00e1, gr\u00e3os de caf\u00e9, leite em p\u00f3, etc. O recipiente selado para ch\u00e1 tem um anel de silicone incorporado para evitar fugas e garantir a frescura do ch\u00e1. Feito de a\u00e7o inoxid\u00e1vel de qualidade alimentar, tem uma excelente resist\u00eancia ao impacto e \u00e0 corros\u00e3o. Fornecemos recipientes selados em a\u00e7o inoxid\u00e1vel a pre\u00e7os de f\u00e1brica, entre em contacto connosco para mais informa\u00e7\u00f5es.<\/p>\n<h3>Carater\u00edsticas e vantagens do recipiente herm\u00e9tico de a\u00e7o inoxid\u00e1vel<\/h3>\n<p><strong>Polivalente:<\/strong> Este recipiente selado em a\u00e7o inoxid\u00e1vel pode ser utilizado para armazenar ch\u00e1, caf\u00e9 em gr\u00e3o e outros alimentos. \u00c9 muito adequado como recipiente selado para ch\u00e1 e para guardar gr\u00e3os de caf\u00e9.<\/p>\n<p><strong>Boa veda\u00e7\u00e3o:<\/strong> Este recipiente de a\u00e7o inoxid\u00e1vel tem um bom design de veda\u00e7\u00e3o, que \u00e9 seguro para armazenamento, impede a entrada de p\u00f3 e vapor de \u00e1gua e mant\u00e9m os alimentos limpos e secos.<\/p>\n<p><strong>F\u00e1cil de utilizar:<\/strong> Prima o bot\u00e3o de escape para abrir a arruma\u00e7\u00e3o, o que \u00e9 pr\u00e1tico e eficiente, proporcionando-lhe uma melhor experi\u00eancia.<\/p>\n<p><strong>Especifica\u00e7\u00f5es m\u00faltiplas:<\/strong> Fornecemos tr\u00eas especifica\u00e7\u00f5es de recipientes selados, incluindo 750 ml, 1100 ml e 1600 ml, para que possa armazenar diferentes tipos de alimentos separadamente.<\/p>\n<p><strong>Servi\u00e7o personalizado:<\/strong> Como fabricante profissional de recipientes para alimentos, a MOYA fornece-lhe uma solu\u00e7\u00e3o \u00fanica de recipientes para alimentos em a\u00e7o inoxid\u00e1vel selados e personalizados.<\/p>","protected":false},"featured_media":9122,"comment_status":"closed","ping_status":"closed","template":"","meta":[],"product_cat":[57],"product_tag":[98],"class_list":{"0":"post-5390","1":"product","2":"type-product","3":"status-publish","4":"has-post-thumbnail","6":"product_cat-food-storage-container-wholesale","7":"product_tag-wholesale-round-food-storage-containers","9":"first","10":"instock","11":"shipping-taxable","12":"product-type-simple"},"_links":{"self":[{"href":"https:\/\/moyahousehold.com\/pt\/wp-json\/wp\/v2\/product\/5390","targetHints":{"allow":["GET"]}}],"collection":[{"href":"https:\/\/moyahousehold.com\/pt\/wp-json\/wp\/v2\/product"}],"about":[{"href":"https:\/\/moyahousehold.com\/pt\/wp-json\/wp\/v2\/types\/product"}],"replies":[{"embeddable":true,"href":"https:\/\/moyahousehold.com\/pt\/wp-json\/wp\/v2\/comments?post=5390"}],"version-history":[{"count":0,"href":"https:\/\/moyahousehold.com\/pt\/wp-json\/wp\/v2\/product\/5390\/revisions"}],"wp:featuredmedia":[{"embeddable":true,"href":"https:\/\/moyahousehold.com\/pt\/wp-json\/wp\/v2\/media\/9122"}],"wp:attachment":[{"href":"https:\/\/moyahousehold.com\/pt\/wp-json\/wp\/v2\/media?parent=5390"}],"wp:term":[{"taxonomy":"product_cat","embeddable":true,"href":"https:\/\/moyahousehold.com\/pt\/wp-json\/wp\/v2\/product_cat?post=5390"},{"taxonomy":"product_tag","embeddable":true,"href":"https:\/\/moyahousehold.com\/pt\/wp-json\/wp\/v2\/product_tag?post=5390"}],"curies":[{"name":"wp","href":"https:\/\/api.w.org\/{rel}","templated":true}]}}