{"id":5425,"date":"2024-06-08T03:10:29","date_gmt":"2024-06-08T03:10:29","guid":{"rendered":"https:\/\/moyahousehold.com\/?post_type=product&#038;p=5425"},"modified":"2025-02-05T08:37:31","modified_gmt":"2025-02-05T08:37:31","slug":"portable-thermal-lunch-box-wholesale","status":"publish","type":"product","link":"https:\/\/moyahousehold.com\/pt\/produto\/portable-thermal-lunch-box-wholesale\/","title":{"rendered":"Lancheira t\u00e9rmica port\u00e1til por atacado com pega segura para transporte f\u00e1cil"},"content":{"rendered":"<h3 class=\"wp-block-heading\">Par\u00e2metros da Lancheira T\u00e9rmica Port\u00e1til<\/h3>\n\n\n\n<p><strong>material:<\/strong>304 + PP <strong> cor:<\/strong>Branco\/rosa\/verde<\/p>\n\n\n\n<figure class=\"wp-block-table\"><table><tbody><tr><td>N\u00famero do modelo<\/td><td>capacidade<\/td><td>Tamanho do produto<\/td><td>Tamanho da caixa exterior<\/td><td>Quantidade por caixa<\/td><td>N.W<\/td><td>G.W\/Caixa<\/td><\/tr><tr><td>MYJJL01<\/td><td>1400ml<br>com uma caixa funda<\/td><td>14.5*14.5*16.3<\/td><td>71*35*36<\/td><td>16<\/td><td>0.78<\/td><td>15.68<\/td><\/tr><tr><td>MYJJL02<\/td><td>1800ml<br>com caixa de saperate<br>\uff08uma luz e uma profundidade\uff09<\/td><td>14.5*14.5*19.3<\/td><td>70.5*35*47.5<\/td><td>16<\/td><td>1.1<\/td><td>20.8<\/td><\/tr><tr><td>MYJJL03<\/td><td>2200ml<br>com caixa de saperate<br>\uff08dois leves e um profundo\uff09<\/td><td>14.5*14.5*22.5<\/td><td>70.5*35*53.5<\/td><td>16<\/td><td>1.3<\/td><td>24<\/td><\/tr><\/tbody><\/table><\/figure>\n\n\n\n<h3 class=\"wp-block-heading\">Op\u00e7\u00f5es de lancheiras personalizadas<\/h3>\n\n\n\n<p><strong>Log\u00f3tipo<\/strong>: personalizar o log\u00f3tipo da sua marca nas lancheiras e na embalagem.<br><strong>Op\u00e7\u00f5es de log\u00f3tipo<\/strong>: log\u00f3tipo impresso, log\u00f3tipo gravado a laser, etc.<br><strong>Padr\u00e3o<\/strong>: impress\u00e3o de padr\u00f5es personalizados na lancheira t\u00e9rmica<br><strong>Tecnologia de impress\u00e3o<\/strong>: impress\u00e3o por transfer\u00eancia de \u00e1gua, impress\u00e3o por serigrafia, impress\u00e3o por transfer\u00eancia de calor, transfer\u00eancia por sublima\u00e7\u00e3o, etc.<br><strong>Embalagem<\/strong>:caixa de cor<br><a href=\"https:\/\/moyahousehold.com\/pt\/solucao-personalizada\/\"><strong>Explore mais solu\u00e7\u00f5es de lancheiras personalizadas <\/strong><\/a><\/p>\n\n\n\n<div class=\"wp-block-columns is-layout-flex wp-container-core-columns-is-layout-9d6595d7 wp-block-columns-is-layout-flex\">\n<div class=\"wp-block-column is-layout-flow wp-block-column-is-layout-flow\">\n<figure class=\"wp-block-image size-full\"><img fetchpriority=\"high\" decoding=\"async\" width=\"1200\" height=\"1200\" src=\"https:\/\/moyahousehold.com\/wp-content\/uploads\/2024\/06\/Portable-Thermal-Lunch-Box-Display-2.jpg\" alt=\"Expositor de lancheiras t\u00e9rmicas port\u00e1teis (2)\" class=\"wp-image-8931\" srcset=\"https:\/\/moyahousehold.com\/wp-content\/uploads\/2024\/06\/Portable-Thermal-Lunch-Box-Display-2.jpg 1200w, https:\/\/moyahousehold.com\/wp-content\/uploads\/2024\/06\/Portable-Thermal-Lunch-Box-Display-2-300x300.jpg 300w, https:\/\/moyahousehold.com\/wp-content\/uploads\/2024\/06\/Portable-Thermal-Lunch-Box-Display-2-150x150.jpg 150w, https:\/\/moyahousehold.com\/wp-content\/uploads\/2024\/06\/Portable-Thermal-Lunch-Box-Display-2-768x768.jpg 768w, https:\/\/moyahousehold.com\/wp-content\/uploads\/2024\/06\/Portable-Thermal-Lunch-Box-Display-2-12x12.jpg 12w, https:\/\/moyahousehold.com\/wp-content\/uploads\/2024\/06\/Portable-Thermal-Lunch-Box-Display-2-285x285.jpg 285w, https:\/\/moyahousehold.com\/wp-content\/uploads\/2024\/06\/Portable-Thermal-Lunch-Box-Display-2-270x270.jpg 270w, https:\/\/moyahousehold.com\/wp-content\/uploads\/2024\/06\/Portable-Thermal-Lunch-Box-Display-2-540x540.jpg 540w, https:\/\/moyahousehold.com\/wp-content\/uploads\/2024\/06\/Portable-Thermal-Lunch-Box-Display-2-660x660.jpg 660w\" sizes=\"(max-width: 1200px) 100vw, 1200px\" \/><\/figure>\n<\/div>\n\n\n\n<div class=\"wp-block-column is-layout-flow wp-block-column-is-layout-flow\">\n<figure class=\"wp-block-image size-full\"><img decoding=\"async\" width=\"1200\" height=\"1200\" src=\"https:\/\/moyahousehold.com\/wp-content\/uploads\/2024\/06\/Portable-Thermal-Lunch-Box-Display-1.jpg\" alt=\"Expositor de lancheiras t\u00e9rmicas port\u00e1teis (1)\" class=\"wp-image-8930\" srcset=\"https:\/\/moyahousehold.com\/wp-content\/uploads\/2024\/06\/Portable-Thermal-Lunch-Box-Display-1.jpg 1200w, https:\/\/moyahousehold.com\/wp-content\/uploads\/2024\/06\/Portable-Thermal-Lunch-Box-Display-1-300x300.jpg 300w, https:\/\/moyahousehold.com\/wp-content\/uploads\/2024\/06\/Portable-Thermal-Lunch-Box-Display-1-150x150.jpg 150w, https:\/\/moyahousehold.com\/wp-content\/uploads\/2024\/06\/Portable-Thermal-Lunch-Box-Display-1-768x768.jpg 768w, https:\/\/moyahousehold.com\/wp-content\/uploads\/2024\/06\/Portable-Thermal-Lunch-Box-Display-1-12x12.jpg 12w, https:\/\/moyahousehold.com\/wp-content\/uploads\/2024\/06\/Portable-Thermal-Lunch-Box-Display-1-285x285.jpg 285w, https:\/\/moyahousehold.com\/wp-content\/uploads\/2024\/06\/Portable-Thermal-Lunch-Box-Display-1-270x270.jpg 270w, https:\/\/moyahousehold.com\/wp-content\/uploads\/2024\/06\/Portable-Thermal-Lunch-Box-Display-1-540x540.jpg 540w, https:\/\/moyahousehold.com\/wp-content\/uploads\/2024\/06\/Portable-Thermal-Lunch-Box-Display-1-660x660.jpg 660w\" sizes=\"(max-width: 1200px) 100vw, 1200px\" \/><\/figure>\n<\/div>\n<\/div>","protected":false},"excerpt":{"rendered":"<p>Fornecemos lancheiras t\u00e9rmicas port\u00e1teis por atacado com pegas. A lancheira t\u00e9rmica adopta tecnologia de v\u00e1cuo de dupla camada, tem uma capacidade de preserva\u00e7\u00e3o de calor de 8-10 horas, uma apar\u00eancia elegante e bonita, e uma variedade de cores pode ser selecionada para satisfazer as prefer\u00eancias de diferentes utilizadores. \u00c9 adequado para utiliza\u00e7\u00e3o em muitos cen\u00e1rios, como escrit\u00f3rios, escolas e actividades ao ar livre. Suporta servi\u00e7os personalizados e pode adicionar log\u00f3tipos de marcas ou escolher cores exclusivas de acordo com as necessidades. Contacte-nos para obter um or\u00e7amento.<\/p>\n<h3>Carater\u00edsticas da Lancheira T\u00e9rmica Port\u00e1til<\/h3>\n<p><strong>A\u00e7o inoxid\u00e1vel 304 de alta qualidade:<\/strong> A lancheira t\u00e9rmica port\u00e1til \u00e9 feita de a\u00e7o inoxid\u00e1vel 304 de qualidade alimentar, que \u00e9 dur\u00e1vel, pode ser utilizada durante muito tempo e n\u00e3o \u00e9 f\u00e1cil de deformar ou danificar.<\/p>\n<p><strong>Bom efeito de isolamento:<\/strong> A lancheira adopta um design de estrutura de v\u00e1cuo de camada dupla, que pode manter-se quente at\u00e9 8-10 horas. Mesmo que participe em longas actividades ao ar livre, esta lancheira pode fornecer-lhe refei\u00e7\u00f5es quentes.<\/p>\n<p><strong>Design \u00e0 prova de fugas:<\/strong> O material de silicone \u00e9 macio e dur\u00e1vel, e pode ajustar-se firmemente \u00e0 interface entre a tampa e a lancheira para evitar fugas de odores ou mistura de alimentos.<\/p>\n<p><strong>Fundo com design antiderrapante:<\/strong> O fundo da lancheira t\u00e9rmica adopta um design especial antiderrapante. Este material pode aumentar significativamente a fric\u00e7\u00e3o da lancheira em v\u00e1rias superf\u00edcies, e pode ser colocada firmemente mesmo numa mesa lisa.<\/p>\n<p><strong>Servi\u00e7o grossista de lancheiras:<\/strong> Como um fabricante profissional de lancheiras, n\u00f3s fornecemos lancheiras por atacado para empresas e comerciantes em todo o mundo. Os nossos servi\u00e7os abrangem o processo de personaliza\u00e7\u00e3o, produ\u00e7\u00e3o e transporte para garantir que obt\u00e9m a melhor experi\u00eancia.<\/p>","protected":false},"featured_media":8920,"comment_status":"closed","ping_status":"closed","template":"","meta":[],"product_cat":[58],"product_tag":[89,90,86,91],"class_list":{"0":"post-5425","1":"product","2":"type-product","3":"status-publish","4":"has-post-thumbnail","6":"product_cat-lunch-box-wholesale","7":"product_tag-wholesale-3-layer-lunch-box","8":"product_tag-wholesale-double-layer-lunch-box","9":"product_tag-wholesale-insulated-lunch-box","10":"product_tag-wholesale-round-lunch-box","12":"first","13":"instock","14":"shipping-taxable","15":"product-type-simple"},"_links":{"self":[{"href":"https:\/\/moyahousehold.com\/pt\/wp-json\/wp\/v2\/product\/5425","targetHints":{"allow":["GET"]}}],"collection":[{"href":"https:\/\/moyahousehold.com\/pt\/wp-json\/wp\/v2\/product"}],"about":[{"href":"https:\/\/moyahousehold.com\/pt\/wp-json\/wp\/v2\/types\/product"}],"replies":[{"embeddable":true,"href":"https:\/\/moyahousehold.com\/pt\/wp-json\/wp\/v2\/comments?post=5425"}],"version-history":[{"count":0,"href":"https:\/\/moyahousehold.com\/pt\/wp-json\/wp\/v2\/product\/5425\/revisions"}],"wp:featuredmedia":[{"embeddable":true,"href":"https:\/\/moyahousehold.com\/pt\/wp-json\/wp\/v2\/media\/8920"}],"wp:attachment":[{"href":"https:\/\/moyahousehold.com\/pt\/wp-json\/wp\/v2\/media?parent=5425"}],"wp:term":[{"taxonomy":"product_cat","embeddable":true,"href":"https:\/\/moyahousehold.com\/pt\/wp-json\/wp\/v2\/product_cat?post=5425"},{"taxonomy":"product_tag","embeddable":true,"href":"https:\/\/moyahousehold.com\/pt\/wp-json\/wp\/v2\/product_tag?post=5425"}],"curies":[{"name":"wp","href":"https:\/\/api.w.org\/{rel}","templated":true}]}}