{"id":5469,"date":"2024-06-08T03:58:35","date_gmt":"2024-06-08T03:58:35","guid":{"rendered":"https:\/\/moyahousehold.com\/?post_type=product&#038;p=5469"},"modified":"2025-02-05T08:37:16","modified_gmt":"2025-02-05T08:37:16","slug":"bulk-insulated-lunch-boxes-wholesale","status":"publish","type":"product","link":"https:\/\/moyahousehold.com\/pt\/produto\/bulk-insulated-lunch-boxes-wholesale\/","title":{"rendered":"Lancheira de a\u00e7o inoxid\u00e1vel isolada a granel por atacado"},"content":{"rendered":"<h2 class=\"wp-block-heading\">Par\u00e2metros da lancheira isolada de a\u00e7o inoxid\u00e1vel <\/h2>\n\n\n\n<p><strong>material:<\/strong>304 + PP <strong> cor:<\/strong>A\u00e7o\/Preto\/Bege<\/p>\n\n\n\n<figure class=\"wp-block-table\"><table><tbody><tr><td>N\u00famero do modelo<\/td><td>capacidade<\/td><td>Tamanho do produto<\/td><td>Tamanho da caixa exterior<\/td><td>Quantidade por caixa<\/td><td>N.W<\/td><td>G.W\/Caixa<\/td><\/tr><tr><td>MYJJL04<\/td><td>1400ml<br>com uma luz e uma caixa funda<\/td><td>14.5*14.5*16.3<\/td><td>71*35*36<\/td><td>16<\/td><td>0.78<\/td><td>15.68<\/td><\/tr><tr><td>MYJJL05<\/td><td>1800ml<br>com caixa de saperate<br>\uff08duas caixas fundas\uff09<\/td><td>14.5*14.5*19.3<\/td><td>70.5*35*47.5<\/td><td>16<\/td><td>1.1<\/td><td>20.8<\/td><\/tr><tr><td>MYJJL06<\/td><td>2200ml<br>com caixa de saperate<br>\uff08dois leves e um profundo\uff09<\/td><td>14.5*14.5*22.5<\/td><td>70.5*35*53.5<\/td><td>16<\/td><td>1.3<\/td><td>24<\/td><\/tr><\/tbody><\/table><\/figure>\n\n\n\n<h3 class=\"wp-block-heading\">Op\u00e7\u00f5es de lancheiras personalizadas em a\u00e7o inoxid\u00e1vel<\/h3>\n\n\n\n<p><strong>Log\u00f3tipo<\/strong>: personalizar o log\u00f3tipo da sua marca nas lancheiras e na embalagem.<br><strong>Op\u00e7\u00f5es de log\u00f3tipo<\/strong>: log\u00f3tipo impresso, log\u00f3tipo gravado a laser, etc.<br><strong>Padr\u00e3o<\/strong>: Padr\u00f5es de impress\u00e3o <br><strong>Tecnologia de impress\u00e3o<\/strong>: impress\u00e3o por transfer\u00eancia de \u00e1gua, impress\u00e3o por serigrafia, impress\u00e3o por transfer\u00eancia de calor, transfer\u00eancia por sublima\u00e7\u00e3o, etc.<br><strong>Embalagem:<\/strong> caixa de cor<br><a href=\"https:\/\/moyahousehold.com\/pt\/solucao-personalizada\/\"><strong>Saiba mais sobre a solu\u00e7\u00e3o de lancheiras personalizadas<\/strong><\/a><\/p>\n\n\n\n<div class=\"wp-block-columns is-layout-flex wp-container-core-columns-is-layout-9d6595d7 wp-block-columns-is-layout-flex\">\n<div class=\"wp-block-column is-layout-flow wp-block-column-is-layout-flow\">\n<figure class=\"wp-block-image size-full\"><img fetchpriority=\"high\" decoding=\"async\" width=\"3284\" height=\"3284\" src=\"https:\/\/moyahousehold.com\/wp-content\/uploads\/2024\/06\/Wholesale-Insulated-Stainless-Steel-Lunch-Box-1.webp\" alt=\"Lancheira de a\u00e7o inoxid\u00e1vel com isolamento por atacado (1)\" class=\"wp-image-8840\" srcset=\"https:\/\/moyahousehold.com\/wp-content\/uploads\/2024\/06\/Wholesale-Insulated-Stainless-Steel-Lunch-Box-1.webp 3284w, https:\/\/moyahousehold.com\/wp-content\/uploads\/2024\/06\/Wholesale-Insulated-Stainless-Steel-Lunch-Box-1-300x300.webp 300w, https:\/\/moyahousehold.com\/wp-content\/uploads\/2024\/06\/Wholesale-Insulated-Stainless-Steel-Lunch-Box-1-150x150.webp 150w, https:\/\/moyahousehold.com\/wp-content\/uploads\/2024\/06\/Wholesale-Insulated-Stainless-Steel-Lunch-Box-1-768x768.webp 768w, https:\/\/moyahousehold.com\/wp-content\/uploads\/2024\/06\/Wholesale-Insulated-Stainless-Steel-Lunch-Box-1-12x12.webp 12w, https:\/\/moyahousehold.com\/wp-content\/uploads\/2024\/06\/Wholesale-Insulated-Stainless-Steel-Lunch-Box-1-285x285.webp 285w, https:\/\/moyahousehold.com\/wp-content\/uploads\/2024\/06\/Wholesale-Insulated-Stainless-Steel-Lunch-Box-1-1600x1600.webp 1600w, https:\/\/moyahousehold.com\/wp-content\/uploads\/2024\/06\/Wholesale-Insulated-Stainless-Steel-Lunch-Box-1-270x270.webp 270w, https:\/\/moyahousehold.com\/wp-content\/uploads\/2024\/06\/Wholesale-Insulated-Stainless-Steel-Lunch-Box-1-540x540.webp 540w, https:\/\/moyahousehold.com\/wp-content\/uploads\/2024\/06\/Wholesale-Insulated-Stainless-Steel-Lunch-Box-1-660x660.webp 660w\" sizes=\"(max-width: 3284px) 100vw, 3284px\" \/><\/figure>\n<\/div>\n\n\n\n<div class=\"wp-block-column is-layout-flow wp-block-column-is-layout-flow\">\n<figure class=\"wp-block-image size-full\"><img decoding=\"async\" width=\"3284\" height=\"3284\" src=\"https:\/\/moyahousehold.com\/wp-content\/uploads\/2024\/06\/Wholesale-Insulated-Stainless-Steel-Lunch-Box-2.webp\" alt=\"Lancheira de a\u00e7o inoxid\u00e1vel com isolamento por atacado (2)\" class=\"wp-image-8841\" srcset=\"https:\/\/moyahousehold.com\/wp-content\/uploads\/2024\/06\/Wholesale-Insulated-Stainless-Steel-Lunch-Box-2.webp 3284w, https:\/\/moyahousehold.com\/wp-content\/uploads\/2024\/06\/Wholesale-Insulated-Stainless-Steel-Lunch-Box-2-300x300.webp 300w, https:\/\/moyahousehold.com\/wp-content\/uploads\/2024\/06\/Wholesale-Insulated-Stainless-Steel-Lunch-Box-2-150x150.webp 150w, https:\/\/moyahousehold.com\/wp-content\/uploads\/2024\/06\/Wholesale-Insulated-Stainless-Steel-Lunch-Box-2-768x768.webp 768w, https:\/\/moyahousehold.com\/wp-content\/uploads\/2024\/06\/Wholesale-Insulated-Stainless-Steel-Lunch-Box-2-12x12.webp 12w, https:\/\/moyahousehold.com\/wp-content\/uploads\/2024\/06\/Wholesale-Insulated-Stainless-Steel-Lunch-Box-2-285x285.webp 285w, https:\/\/moyahousehold.com\/wp-content\/uploads\/2024\/06\/Wholesale-Insulated-Stainless-Steel-Lunch-Box-2-1600x1600.webp 1600w, https:\/\/moyahousehold.com\/wp-content\/uploads\/2024\/06\/Wholesale-Insulated-Stainless-Steel-Lunch-Box-2-270x270.webp 270w, https:\/\/moyahousehold.com\/wp-content\/uploads\/2024\/06\/Wholesale-Insulated-Stainless-Steel-Lunch-Box-2-540x540.webp 540w, https:\/\/moyahousehold.com\/wp-content\/uploads\/2024\/06\/Wholesale-Insulated-Stainless-Steel-Lunch-Box-2-660x660.webp 660w\" sizes=\"(max-width: 3284px) 100vw, 3284px\" \/><\/figure>\n<\/div>\n<\/div>\n\n\n\n<div class=\"wp-block-columns is-layout-flex wp-container-core-columns-is-layout-9d6595d7 wp-block-columns-is-layout-flex\">\n<div class=\"wp-block-column is-layout-flow wp-block-column-is-layout-flow\">\n<figure class=\"wp-block-image size-full\"><img decoding=\"async\" width=\"3284\" height=\"3284\" src=\"https:\/\/moyahousehold.com\/wp-content\/uploads\/2024\/06\/Wholesale-Insulated-Stainless-Steel-Lunch-Box-3.webp\" alt=\"Lancheira de a\u00e7o inoxid\u00e1vel com isolamento por atacado (3)\" class=\"wp-image-8842\" srcset=\"https:\/\/moyahousehold.com\/wp-content\/uploads\/2024\/06\/Wholesale-Insulated-Stainless-Steel-Lunch-Box-3.webp 3284w, https:\/\/moyahousehold.com\/wp-content\/uploads\/2024\/06\/Wholesale-Insulated-Stainless-Steel-Lunch-Box-3-300x300.webp 300w, https:\/\/moyahousehold.com\/wp-content\/uploads\/2024\/06\/Wholesale-Insulated-Stainless-Steel-Lunch-Box-3-150x150.webp 150w, https:\/\/moyahousehold.com\/wp-content\/uploads\/2024\/06\/Wholesale-Insulated-Stainless-Steel-Lunch-Box-3-768x768.webp 768w, https:\/\/moyahousehold.com\/wp-content\/uploads\/2024\/06\/Wholesale-Insulated-Stainless-Steel-Lunch-Box-3-12x12.webp 12w, https:\/\/moyahousehold.com\/wp-content\/uploads\/2024\/06\/Wholesale-Insulated-Stainless-Steel-Lunch-Box-3-285x285.webp 285w, https:\/\/moyahousehold.com\/wp-content\/uploads\/2024\/06\/Wholesale-Insulated-Stainless-Steel-Lunch-Box-3-1600x1600.webp 1600w, https:\/\/moyahousehold.com\/wp-content\/uploads\/2024\/06\/Wholesale-Insulated-Stainless-Steel-Lunch-Box-3-270x270.webp 270w, https:\/\/moyahousehold.com\/wp-content\/uploads\/2024\/06\/Wholesale-Insulated-Stainless-Steel-Lunch-Box-3-540x540.webp 540w, https:\/\/moyahousehold.com\/wp-content\/uploads\/2024\/06\/Wholesale-Insulated-Stainless-Steel-Lunch-Box-3-660x660.webp 660w\" sizes=\"(max-width: 3284px) 100vw, 3284px\" \/><\/figure>\n<\/div>\n\n\n\n<div class=\"wp-block-column is-layout-flow wp-block-column-is-layout-flow\">\n<figure class=\"wp-block-image size-full\"><img loading=\"lazy\" decoding=\"async\" width=\"3284\" height=\"3284\" src=\"https:\/\/moyahousehold.com\/wp-content\/uploads\/2024\/06\/Wholesale-Insulated-Stainless-Steel-Lunch-Box-4.webp\" alt=\"Lancheira de a\u00e7o inoxid\u00e1vel com isolamento por atacado (4)\" class=\"wp-image-8843\" srcset=\"https:\/\/moyahousehold.com\/wp-content\/uploads\/2024\/06\/Wholesale-Insulated-Stainless-Steel-Lunch-Box-4.webp 3284w, https:\/\/moyahousehold.com\/wp-content\/uploads\/2024\/06\/Wholesale-Insulated-Stainless-Steel-Lunch-Box-4-300x300.webp 300w, https:\/\/moyahousehold.com\/wp-content\/uploads\/2024\/06\/Wholesale-Insulated-Stainless-Steel-Lunch-Box-4-150x150.webp 150w, https:\/\/moyahousehold.com\/wp-content\/uploads\/2024\/06\/Wholesale-Insulated-Stainless-Steel-Lunch-Box-4-768x768.webp 768w, https:\/\/moyahousehold.com\/wp-content\/uploads\/2024\/06\/Wholesale-Insulated-Stainless-Steel-Lunch-Box-4-12x12.webp 12w, https:\/\/moyahousehold.com\/wp-content\/uploads\/2024\/06\/Wholesale-Insulated-Stainless-Steel-Lunch-Box-4-285x285.webp 285w, https:\/\/moyahousehold.com\/wp-content\/uploads\/2024\/06\/Wholesale-Insulated-Stainless-Steel-Lunch-Box-4-1600x1600.webp 1600w, https:\/\/moyahousehold.com\/wp-content\/uploads\/2024\/06\/Wholesale-Insulated-Stainless-Steel-Lunch-Box-4-270x270.webp 270w, https:\/\/moyahousehold.com\/wp-content\/uploads\/2024\/06\/Wholesale-Insulated-Stainless-Steel-Lunch-Box-4-540x540.webp 540w, https:\/\/moyahousehold.com\/wp-content\/uploads\/2024\/06\/Wholesale-Insulated-Stainless-Steel-Lunch-Box-4-660x660.webp 660w\" sizes=\"(max-width: 3284px) 100vw, 3284px\" \/><\/figure>\n<\/div>\n<\/div>\n\n\n\n<p><\/p>","protected":false},"excerpt":{"rendered":"<p>Lancheira de a\u00e7o inoxid\u00e1vel isolada a granel Vendas diretas da f\u00e1brica, as nossas lancheiras por atacado s\u00e3o concebidas com camada de v\u00e1cuo, que tem efeito de isolamento a longo prazo, para que as refei\u00e7\u00f5es mantenham a melhor temperatura e sabor, adequadas para muitas ocasi\u00f5es, como escrit\u00f3rio, escola, actividades ao ar livre, etc. Como fabricante de lancheiras, n\u00f3s fornecemos-lhe lancheiras a granel a pre\u00e7os de f\u00e1brica, bem-vindo a contactar-nos.<\/p>\n<h3>Carater\u00edsticas da Lancheira isolada em a\u00e7o inoxid\u00e1vel<\/h3>\n<p><strong>Design de camada de v\u00e1cuo:<\/strong> Esta lancheira isolada de a\u00e7o inoxid\u00e1vel adopta um design de camada de v\u00e1cuo, que tem um excelente desempenho de isolamento e pode efetivamente manter a temperatura dos alimentos durante 8-10 horas, para que os utilizadores possam desfrutar de pratos quentes em qualquer altura.<\/p>\n<p><strong>Design multi-camadas:<\/strong> Esta lancheira isolada em a\u00e7o inoxid\u00e1vel tem v\u00e1rias camadas de armazenamento independentes, com um design requintado, que pode facilmente separar diferentes tipos de alimentos.<\/p>\n<p><strong>Boa veda\u00e7\u00e3o:<\/strong> Esta lancheira isolada em a\u00e7o inoxid\u00e1vel tem um anel de veda\u00e7\u00e3o em silicone de alta qualidade incorporado com um excelente desempenho de veda\u00e7\u00e3o. Tamb\u00e9m pode ser utilizada com confian\u00e7a para transportar sopa.<\/p>\n<p><strong>Base antiderrapante:<\/strong> A base antiderrapante especialmente concebida aumenta a estabilidade da lancheira, que pode manter-se est\u00e1vel mesmo quando colocada numa mesa de vidro.<\/p>\n<p><strong>Pega confort\u00e1vel:<\/strong> A configura\u00e7\u00e3o \u00e9 confort\u00e1vel e a pega duradoura reduz o peso, o que a torna muito pr\u00e1tica.<\/p>\n<p><strong>Lancheiras por grosso:<\/strong> Oferecemos lancheiras a granel para venda por grosso, adequadas para empresas personalizarem e comprarem a granel.<\/p>\n<p>&nbsp;<\/p>","protected":false},"featured_media":8847,"comment_status":"closed","ping_status":"closed","template":"","meta":[],"product_cat":[58],"product_tag":[89,90,86,91],"class_list":{"0":"post-5469","1":"product","2":"type-product","3":"status-publish","4":"has-post-thumbnail","6":"product_cat-lunch-box-wholesale","7":"product_tag-wholesale-3-layer-lunch-box","8":"product_tag-wholesale-double-layer-lunch-box","9":"product_tag-wholesale-insulated-lunch-box","10":"product_tag-wholesale-round-lunch-box","12":"first","13":"instock","14":"shipping-taxable","15":"product-type-simple"},"_links":{"self":[{"href":"https:\/\/moyahousehold.com\/pt\/wp-json\/wp\/v2\/product\/5469","targetHints":{"allow":["GET"]}}],"collection":[{"href":"https:\/\/moyahousehold.com\/pt\/wp-json\/wp\/v2\/product"}],"about":[{"href":"https:\/\/moyahousehold.com\/pt\/wp-json\/wp\/v2\/types\/product"}],"replies":[{"embeddable":true,"href":"https:\/\/moyahousehold.com\/pt\/wp-json\/wp\/v2\/comments?post=5469"}],"version-history":[{"count":0,"href":"https:\/\/moyahousehold.com\/pt\/wp-json\/wp\/v2\/product\/5469\/revisions"}],"wp:featuredmedia":[{"embeddable":true,"href":"https:\/\/moyahousehold.com\/pt\/wp-json\/wp\/v2\/media\/8847"}],"wp:attachment":[{"href":"https:\/\/moyahousehold.com\/pt\/wp-json\/wp\/v2\/media?parent=5469"}],"wp:term":[{"taxonomy":"product_cat","embeddable":true,"href":"https:\/\/moyahousehold.com\/pt\/wp-json\/wp\/v2\/product_cat?post=5469"},{"taxonomy":"product_tag","embeddable":true,"href":"https:\/\/moyahousehold.com\/pt\/wp-json\/wp\/v2\/product_tag?post=5469"}],"curies":[{"name":"wp","href":"https:\/\/api.w.org\/{rel}","templated":true}]}}