{"id":5511,"date":"2024-06-08T06:46:55","date_gmt":"2024-06-08T06:46:55","guid":{"rendered":"https:\/\/moyahousehold.com\/?post_type=product&#038;p=5511"},"modified":"2025-02-05T08:37:00","modified_gmt":"2025-02-05T08:37:00","slug":"wholesale-insulated-bento-box","status":"publish","type":"product","link":"https:\/\/moyahousehold.com\/pt\/produto\/wholesale-insulated-bento-box\/","title":{"rendered":"Caixas Bento de a\u00e7o inoxid\u00e1vel isoladas por atacado Adequadas para alimentos quentes e frios"},"content":{"rendered":"<h2 class=\"wp-block-heading\">Par\u00e2metros da caixa Bento em a\u00e7o inoxid\u00e1vel com isolamento<\/h2>\n\n\n\n<p><strong>material:<\/strong>304 + PP <strong> cor:<\/strong>A\u00e7o\/Bege\/Cinza<\/p>\n\n\n\n<figure class=\"wp-block-table\"><table><tbody><tr><td>N\u00famero do modelo<\/td><td>capacidade<\/td><td>Tamanho do produto<\/td><td>Tamanho da caixa exterior<\/td><td>Quantidade por caixa<\/td><td>N.W<\/td><td>G.W\/Caixa<\/td><\/tr><tr><td>MYJJL07<\/td><td>1800ml<br>com caixa de saperate<br>\uff08duas caixas fundas\uff09<\/td><td>14.5*14.5*19.3<\/td><td>71*35*51<\/td><td>16<\/td><td>1.1<\/td><td>20.8<\/td><\/tr><tr><td>MYJJL08<\/td><td>2200ml<br>com caixa de saperate<br>\uff08duas profundas e uma leve\uff09<\/td><td>14.5*14.5*22.5<\/td><td>71*35*58<\/td><td>16<\/td><td>1.3<\/td><td>24<\/td><\/tr><tr><td>MYJJL09<\/td><td>2500ml<br>com caixa de saperate<br>\uff08duas profundas e duas leves\uff09<\/td><td>14.5*14.5*28.5<\/td><td>71*35*70<\/td><td>16<\/td><td>1.3<\/td><td>24<\/td><\/tr><\/tbody><\/table><\/figure>\n\n\n\n<h3 class=\"wp-block-heading\">Op\u00e7\u00f5es de boi Bento com isolamento personalizado<\/h3>\n\n\n\n<p><strong>Log\u00f3tipo:<\/strong> personalize o log\u00f3tipo da sua marca em caixas e embalagens bento.<br><strong>Op\u00e7\u00f5es de log\u00f3tipo:<\/strong> log\u00f3tipo impresso, log\u00f3tipo gravado a laser, etc.<br><strong>Padr\u00e3o: <\/strong>Padr\u00f5es de impress\u00e3o <br><strong>Tecnologia de impress\u00e3o: <\/strong>impress\u00e3o por transfer\u00eancia de \u00e1gua, impress\u00e3o por serigrafia, impress\u00e3o por transfer\u00eancia de calor, transfer\u00eancia por sublima\u00e7\u00e3o, etc.<br><strong>Embalagem:<\/strong>caixa de cor<br><a href=\"https:\/\/moyahousehold.com\/pt\/solucao-personalizada\/\"><strong>Explore mais solu\u00e7\u00f5es de caixas bento personalizadas.<\/strong><\/a><br><br><\/p>\n\n\n\n<div class=\"wp-block-columns is-layout-flex wp-container-core-columns-is-layout-9d6595d7 wp-block-columns-is-layout-flex\">\n<div class=\"wp-block-column is-layout-flow wp-block-column-is-layout-flow\">\n<figure class=\"wp-block-image size-full\"><img fetchpriority=\"high\" decoding=\"async\" width=\"2000\" height=\"2000\" src=\"https:\/\/moyahousehold.com\/wp-content\/uploads\/2024\/06\/Insulated-Stainless-Steel-Bento-Box-Display.jpg\" alt=\"Expositor de caixa Bento em a\u00e7o inoxid\u00e1vel isolado\" class=\"wp-image-8825\" srcset=\"https:\/\/moyahousehold.com\/wp-content\/uploads\/2024\/06\/Insulated-Stainless-Steel-Bento-Box-Display.jpg 2000w, https:\/\/moyahousehold.com\/wp-content\/uploads\/2024\/06\/Insulated-Stainless-Steel-Bento-Box-Display-300x300.jpg 300w, https:\/\/moyahousehold.com\/wp-content\/uploads\/2024\/06\/Insulated-Stainless-Steel-Bento-Box-Display-150x150.jpg 150w, https:\/\/moyahousehold.com\/wp-content\/uploads\/2024\/06\/Insulated-Stainless-Steel-Bento-Box-Display-768x768.jpg 768w, https:\/\/moyahousehold.com\/wp-content\/uploads\/2024\/06\/Insulated-Stainless-Steel-Bento-Box-Display-12x12.jpg 12w, https:\/\/moyahousehold.com\/wp-content\/uploads\/2024\/06\/Insulated-Stainless-Steel-Bento-Box-Display-285x285.jpg 285w, https:\/\/moyahousehold.com\/wp-content\/uploads\/2024\/06\/Insulated-Stainless-Steel-Bento-Box-Display-1600x1600.jpg 1600w, https:\/\/moyahousehold.com\/wp-content\/uploads\/2024\/06\/Insulated-Stainless-Steel-Bento-Box-Display-270x270.jpg 270w, https:\/\/moyahousehold.com\/wp-content\/uploads\/2024\/06\/Insulated-Stainless-Steel-Bento-Box-Display-540x540.jpg 540w, https:\/\/moyahousehold.com\/wp-content\/uploads\/2024\/06\/Insulated-Stainless-Steel-Bento-Box-Display-660x660.jpg 660w\" sizes=\"(max-width: 2000px) 100vw, 2000px\" \/><\/figure>\n<\/div>\n\n\n\n<div class=\"wp-block-column is-layout-flow wp-block-column-is-layout-flow\">\n<figure class=\"wp-block-image size-full\"><img decoding=\"async\" width=\"2000\" height=\"2000\" src=\"https:\/\/moyahousehold.com\/wp-content\/uploads\/2024\/06\/Insulated-Stainless-Steel-Bento-Box-Display-2.jpg\" alt=\"Expositor de caixa Bento em a\u00e7o inoxid\u00e1vel isolado (2)\" class=\"wp-image-8824\" srcset=\"https:\/\/moyahousehold.com\/wp-content\/uploads\/2024\/06\/Insulated-Stainless-Steel-Bento-Box-Display-2.jpg 2000w, https:\/\/moyahousehold.com\/wp-content\/uploads\/2024\/06\/Insulated-Stainless-Steel-Bento-Box-Display-2-300x300.jpg 300w, https:\/\/moyahousehold.com\/wp-content\/uploads\/2024\/06\/Insulated-Stainless-Steel-Bento-Box-Display-2-150x150.jpg 150w, https:\/\/moyahousehold.com\/wp-content\/uploads\/2024\/06\/Insulated-Stainless-Steel-Bento-Box-Display-2-768x768.jpg 768w, https:\/\/moyahousehold.com\/wp-content\/uploads\/2024\/06\/Insulated-Stainless-Steel-Bento-Box-Display-2-12x12.jpg 12w, https:\/\/moyahousehold.com\/wp-content\/uploads\/2024\/06\/Insulated-Stainless-Steel-Bento-Box-Display-2-285x285.jpg 285w, https:\/\/moyahousehold.com\/wp-content\/uploads\/2024\/06\/Insulated-Stainless-Steel-Bento-Box-Display-2-1600x1600.jpg 1600w, https:\/\/moyahousehold.com\/wp-content\/uploads\/2024\/06\/Insulated-Stainless-Steel-Bento-Box-Display-2-270x270.jpg 270w, https:\/\/moyahousehold.com\/wp-content\/uploads\/2024\/06\/Insulated-Stainless-Steel-Bento-Box-Display-2-540x540.jpg 540w, https:\/\/moyahousehold.com\/wp-content\/uploads\/2024\/06\/Insulated-Stainless-Steel-Bento-Box-Display-2-660x660.jpg 660w\" sizes=\"(max-width: 2000px) 100vw, 2000px\" \/><\/figure>\n<\/div>\n<\/div>","protected":false},"excerpt":{"rendered":"<p>Caixa bento em a\u00e7o inoxid\u00e1vel com isolamento por atacado. Esta caixa bento pode manter os alimentos quentes ou frios durante 8 a 10 horas. Adopta um design multi-camada, adequado para armazenar diferentes tipos de alimentos. N\u00f3s fornecemos servi\u00e7os de OEM e ODM, entre em contato conosco.<\/p>\n<h3>Carater\u00edsticas da Caixa Bento em a\u00e7o inoxid\u00e1vel com isolamento<\/h3>\n<p><strong>Material de a\u00e7o inoxid\u00e1vel de qualidade alimentar:<\/strong> A caixa bento isolada \u00e9 fabricada em a\u00e7o inoxid\u00e1vel 304 de qualidade alimentar, o que permite um armazenamento mais saud\u00e1vel e seguro dos alimentos.<\/p>\n<p><strong>8-10 horas de tempo de conserva\u00e7\u00e3o do calor:<\/strong> O design da estrutura de camadas de v\u00e1cuo da lancheira mant\u00e9m a preserva\u00e7\u00e3o do calor durante um per\u00edodo mais longo e pode tomar a sua refei\u00e7\u00e3o quente em qualquer altura.<\/p>\n<p><strong>Boa veda\u00e7\u00e3o:<\/strong> A lancheira isolada em a\u00e7o inoxid\u00e1vel com v\u00e1cuo tem um anel de veda\u00e7\u00e3o de silicone incorporado para garantir que o l\u00edquido n\u00e3o vaza.<\/p>\n<p><strong>Design multi-camadas:<\/strong> As lancheiras s\u00e3o concebidas em v\u00e1rias camadas e os utilizadores podem escolher livremente 1-4 camadas para misturar ou combinar livremente.<\/p>\n<p><strong>Pega confort\u00e1vel:<\/strong> Equipada com uma pega resistente e confort\u00e1vel, esta lancheira \u00e9 muito pr\u00e1tica de transportar e, por conseguinte, adequada para ser utilizada por empregados e estudantes.<\/p>\n<p><strong>Servi\u00e7o de personaliza\u00e7\u00e3o OEM&amp;ODM:<\/strong> Apoiamos a solu\u00e7\u00e3o de lancheira personalizada, aplicamos a personaliza\u00e7\u00e3o empresarial e a compra a granel.<\/p>","protected":false},"featured_media":8823,"comment_status":"closed","ping_status":"closed","template":"","meta":[],"product_cat":[58],"product_tag":[89,86,91],"class_list":{"0":"post-5511","1":"product","2":"type-product","3":"status-publish","4":"has-post-thumbnail","6":"product_cat-lunch-box-wholesale","7":"product_tag-wholesale-3-layer-lunch-box","8":"product_tag-wholesale-insulated-lunch-box","9":"product_tag-wholesale-round-lunch-box","11":"first","12":"instock","13":"shipping-taxable","14":"product-type-simple"},"_links":{"self":[{"href":"https:\/\/moyahousehold.com\/pt\/wp-json\/wp\/v2\/product\/5511","targetHints":{"allow":["GET"]}}],"collection":[{"href":"https:\/\/moyahousehold.com\/pt\/wp-json\/wp\/v2\/product"}],"about":[{"href":"https:\/\/moyahousehold.com\/pt\/wp-json\/wp\/v2\/types\/product"}],"replies":[{"embeddable":true,"href":"https:\/\/moyahousehold.com\/pt\/wp-json\/wp\/v2\/comments?post=5511"}],"version-history":[{"count":0,"href":"https:\/\/moyahousehold.com\/pt\/wp-json\/wp\/v2\/product\/5511\/revisions"}],"wp:featuredmedia":[{"embeddable":true,"href":"https:\/\/moyahousehold.com\/pt\/wp-json\/wp\/v2\/media\/8823"}],"wp:attachment":[{"href":"https:\/\/moyahousehold.com\/pt\/wp-json\/wp\/v2\/media?parent=5511"}],"wp:term":[{"taxonomy":"product_cat","embeddable":true,"href":"https:\/\/moyahousehold.com\/pt\/wp-json\/wp\/v2\/product_cat?post=5511"},{"taxonomy":"product_tag","embeddable":true,"href":"https:\/\/moyahousehold.com\/pt\/wp-json\/wp\/v2\/product_tag?post=5511"}],"curies":[{"name":"wp","href":"https:\/\/api.w.org\/{rel}","templated":true}]}}