{"id":5543,"date":"2024-06-08T08:13:21","date_gmt":"2024-06-08T08:13:21","guid":{"rendered":"https:\/\/moyahousehold.com\/?post_type=product&#038;p=5543"},"modified":"2025-04-12T04:38:43","modified_gmt":"2025-04-12T04:38:43","slug":"fashion-stainless-steel-mug-wholesale","status":"publish","type":"product","link":"https:\/\/moyahousehold.com\/pt\/produto\/fashion-stainless-steel-mug-wholesale\/","title":{"rendered":"Canecas de caf\u00e9 de a\u00e7o inoxid\u00e1vel por atacado 400ML, OEM e ODM dispon\u00edveis"},"content":{"rendered":"<h2 class=\"wp-block-heading\">Par\u00e2metros das canecas de caf\u00e9 da moda em a\u00e7o inoxid\u00e1vel<\/h2>\n\n\n\n<p><strong>material:<\/strong>304 + 316 + PP <strong> cor:<\/strong>Branco\/Preto\/A\u00e7o\/Verde<\/p>\n\n\n\n<figure class=\"wp-block-table\"><table><tbody><tr><td>N\u00famero do modelo<\/td><td>capacidade<\/td><td>Tamanho do produto<\/td><td>Tamanho da caixa exterior<\/td><td>Quantidade por caixa<\/td><td>N.W<\/td><td>G.W\/Caixa<\/td><\/tr><tr><td>MYJJL10<\/td><td>400ml<\/td><td>8.8*8.8*10.8<\/td><td>62*40*37.5<\/td><td>60<\/td><td>0.3<\/td><td>30<\/td><\/tr><\/tbody><\/table><\/figure>\n\n\n\n<h3 class=\"wp-block-heading\">Op\u00e7\u00e3o de caneca de caf\u00e9 personalizada em a\u00e7o inoxid\u00e1vel<\/h3>\n\n\n\n<p><strong>Log\u00f3tipo:<\/strong> Personalize o log\u00f3tipo da sua marca no produto e na embalagem.<br><strong>Op\u00e7\u00f5es de log\u00f3tipo:<\/strong> log\u00f3tipo impresso, log\u00f3tipo gravado a laser, etc.<br><strong>Padr\u00e3o:<\/strong> Padr\u00f5es de impress\u00e3o <br><strong>Tecnologia de impress\u00e3o:<\/strong> impress\u00e3o por transfer\u00eancia de \u00e1gua, impress\u00e3o serigr\u00e1fica, impress\u00e3o por transfer\u00eancia de calor, transfer\u00eancia por sublima\u00e7\u00e3o, etc.<br><strong>Embalagem:<\/strong> caixa de cor<br><a href=\"https:\/\/moyahousehold.com\/pt\/solucao-personalizada\/\"><strong>Explore mais pormenores sobre canecas de caf\u00e9 personalizadas.<\/strong><\/a><\/p>\n\n\n\n<div class=\"wp-block-columns is-layout-flex wp-container-core-columns-is-layout-9d6595d7 wp-block-columns-is-layout-flex\">\n<div class=\"wp-block-column is-layout-flow wp-block-column-is-layout-flow\">\n<figure class=\"wp-block-image size-full\"><img fetchpriority=\"high\" decoding=\"async\" width=\"2500\" height=\"2500\" src=\"https:\/\/moyahousehold.com\/wp-content\/uploads\/2024\/06\/wholesale-stainless-steel-coffee-mug-display-1.webp\" alt=\"expositor de canecas de caf\u00e9 em a\u00e7o inoxid\u00e1vel por atacado (1)\" class=\"wp-image-10817\" srcset=\"https:\/\/moyahousehold.com\/wp-content\/uploads\/2024\/06\/wholesale-stainless-steel-coffee-mug-display-1.webp 2500w, https:\/\/moyahousehold.com\/wp-content\/uploads\/2024\/06\/wholesale-stainless-steel-coffee-mug-display-1-300x300.webp 300w, https:\/\/moyahousehold.com\/wp-content\/uploads\/2024\/06\/wholesale-stainless-steel-coffee-mug-display-1-150x150.webp 150w, https:\/\/moyahousehold.com\/wp-content\/uploads\/2024\/06\/wholesale-stainless-steel-coffee-mug-display-1-768x768.webp 768w, https:\/\/moyahousehold.com\/wp-content\/uploads\/2024\/06\/wholesale-stainless-steel-coffee-mug-display-1-12x12.webp 12w, https:\/\/moyahousehold.com\/wp-content\/uploads\/2024\/06\/wholesale-stainless-steel-coffee-mug-display-1-285x285.webp 285w, https:\/\/moyahousehold.com\/wp-content\/uploads\/2024\/06\/wholesale-stainless-steel-coffee-mug-display-1-1600x1600.webp 1600w, https:\/\/moyahousehold.com\/wp-content\/uploads\/2024\/06\/wholesale-stainless-steel-coffee-mug-display-1-270x270.webp 270w, https:\/\/moyahousehold.com\/wp-content\/uploads\/2024\/06\/wholesale-stainless-steel-coffee-mug-display-1-540x540.webp 540w, https:\/\/moyahousehold.com\/wp-content\/uploads\/2024\/06\/wholesale-stainless-steel-coffee-mug-display-1-660x660.webp 660w\" sizes=\"(max-width: 2500px) 100vw, 2500px\" \/><\/figure>\n<\/div>\n\n\n\n<div class=\"wp-block-column is-layout-flow wp-block-column-is-layout-flow\">\n<figure class=\"wp-block-image size-full\"><img decoding=\"async\" width=\"2500\" height=\"2500\" src=\"https:\/\/moyahousehold.com\/wp-content\/uploads\/2024\/06\/wholesale-stainless-steel-coffee-mug-display-2.webp\" alt=\"expositor de canecas de caf\u00e9 em a\u00e7o inoxid\u00e1vel por atacado (2)\" class=\"wp-image-10818\" srcset=\"https:\/\/moyahousehold.com\/wp-content\/uploads\/2024\/06\/wholesale-stainless-steel-coffee-mug-display-2.webp 2500w, https:\/\/moyahousehold.com\/wp-content\/uploads\/2024\/06\/wholesale-stainless-steel-coffee-mug-display-2-300x300.webp 300w, https:\/\/moyahousehold.com\/wp-content\/uploads\/2024\/06\/wholesale-stainless-steel-coffee-mug-display-2-150x150.webp 150w, https:\/\/moyahousehold.com\/wp-content\/uploads\/2024\/06\/wholesale-stainless-steel-coffee-mug-display-2-768x768.webp 768w, https:\/\/moyahousehold.com\/wp-content\/uploads\/2024\/06\/wholesale-stainless-steel-coffee-mug-display-2-12x12.webp 12w, https:\/\/moyahousehold.com\/wp-content\/uploads\/2024\/06\/wholesale-stainless-steel-coffee-mug-display-2-285x285.webp 285w, https:\/\/moyahousehold.com\/wp-content\/uploads\/2024\/06\/wholesale-stainless-steel-coffee-mug-display-2-1600x1600.webp 1600w, https:\/\/moyahousehold.com\/wp-content\/uploads\/2024\/06\/wholesale-stainless-steel-coffee-mug-display-2-270x270.webp 270w, https:\/\/moyahousehold.com\/wp-content\/uploads\/2024\/06\/wholesale-stainless-steel-coffee-mug-display-2-540x540.webp 540w, https:\/\/moyahousehold.com\/wp-content\/uploads\/2024\/06\/wholesale-stainless-steel-coffee-mug-display-2-660x660.webp 660w\" sizes=\"(max-width: 2500px) 100vw, 2500px\" \/><\/figure>\n<\/div>\n<\/div>\n\n\n\n<div class=\"wp-block-columns is-layout-flex wp-container-core-columns-is-layout-9d6595d7 wp-block-columns-is-layout-flex\">\n<div class=\"wp-block-column is-layout-flow wp-block-column-is-layout-flow\">\n<figure class=\"wp-block-image size-full\"><img decoding=\"async\" width=\"1024\" height=\"1024\" src=\"https:\/\/moyahousehold.com\/wp-content\/uploads\/2024\/06\/stainless-steel-coffee-mug-details-1.webp\" alt=\"pormenores da caneca de caf\u00e9 em a\u00e7o inoxid\u00e1vel (1)\" class=\"wp-image-10813\" srcset=\"https:\/\/moyahousehold.com\/wp-content\/uploads\/2024\/06\/stainless-steel-coffee-mug-details-1.webp 1024w, https:\/\/moyahousehold.com\/wp-content\/uploads\/2024\/06\/stainless-steel-coffee-mug-details-1-300x300.webp 300w, https:\/\/moyahousehold.com\/wp-content\/uploads\/2024\/06\/stainless-steel-coffee-mug-details-1-150x150.webp 150w, https:\/\/moyahousehold.com\/wp-content\/uploads\/2024\/06\/stainless-steel-coffee-mug-details-1-768x768.webp 768w, https:\/\/moyahousehold.com\/wp-content\/uploads\/2024\/06\/stainless-steel-coffee-mug-details-1-12x12.webp 12w, https:\/\/moyahousehold.com\/wp-content\/uploads\/2024\/06\/stainless-steel-coffee-mug-details-1-285x285.webp 285w, https:\/\/moyahousehold.com\/wp-content\/uploads\/2024\/06\/stainless-steel-coffee-mug-details-1-270x270.webp 270w, https:\/\/moyahousehold.com\/wp-content\/uploads\/2024\/06\/stainless-steel-coffee-mug-details-1-540x540.webp 540w, https:\/\/moyahousehold.com\/wp-content\/uploads\/2024\/06\/stainless-steel-coffee-mug-details-1-660x660.webp 660w\" sizes=\"(max-width: 1024px) 100vw, 1024px\" \/><\/figure>\n<\/div>\n\n\n\n<div class=\"wp-block-column is-layout-flow wp-block-column-is-layout-flow\">\n<figure class=\"wp-block-image size-full\"><img loading=\"lazy\" decoding=\"async\" width=\"1024\" height=\"1024\" src=\"https:\/\/moyahousehold.com\/wp-content\/uploads\/2024\/06\/stainless-steel-coffee-mug-details-2.webp\" alt=\"pormenores da caneca de caf\u00e9 em a\u00e7o inoxid\u00e1vel (2)\" class=\"wp-image-10814\" srcset=\"https:\/\/moyahousehold.com\/wp-content\/uploads\/2024\/06\/stainless-steel-coffee-mug-details-2.webp 1024w, https:\/\/moyahousehold.com\/wp-content\/uploads\/2024\/06\/stainless-steel-coffee-mug-details-2-300x300.webp 300w, https:\/\/moyahousehold.com\/wp-content\/uploads\/2024\/06\/stainless-steel-coffee-mug-details-2-150x150.webp 150w, https:\/\/moyahousehold.com\/wp-content\/uploads\/2024\/06\/stainless-steel-coffee-mug-details-2-768x768.webp 768w, https:\/\/moyahousehold.com\/wp-content\/uploads\/2024\/06\/stainless-steel-coffee-mug-details-2-12x12.webp 12w, https:\/\/moyahousehold.com\/wp-content\/uploads\/2024\/06\/stainless-steel-coffee-mug-details-2-285x285.webp 285w, https:\/\/moyahousehold.com\/wp-content\/uploads\/2024\/06\/stainless-steel-coffee-mug-details-2-270x270.webp 270w, https:\/\/moyahousehold.com\/wp-content\/uploads\/2024\/06\/stainless-steel-coffee-mug-details-2-540x540.webp 540w, https:\/\/moyahousehold.com\/wp-content\/uploads\/2024\/06\/stainless-steel-coffee-mug-details-2-660x660.webp 660w\" sizes=\"(max-width: 1024px) 100vw, 1024px\" \/><\/figure>\n<\/div>\n<\/div>","protected":false},"excerpt":{"rendered":"<p>As canecas de caf\u00e9 de a\u00e7o inoxid\u00e1vel por grosso s\u00e3o uma mistura perfeita de moda, praticidade e seguran\u00e7a. Com design de tampa deslizante, f\u00e1cil de abrir e fechar, mais f\u00e1cil de usar. Ideal para escrit\u00f3rio, casa ou viagens. Suporte OEM e ODM, contacte-nos para um or\u00e7amento.<\/p>\n<h3>Carater\u00edsticas e vantagens da caneca de caf\u00e9 em a\u00e7o inoxid\u00e1vel<\/h3>\n<p><strong>Seguro e saud\u00e1vel:<\/strong> Fabricado com revestimento em a\u00e7o inoxid\u00e1vel 304 de qualidade alimentar - inodoro e f\u00e1cil de limpar para uma experi\u00eancia de consumo mais saud\u00e1vel.<\/p>\n<p><strong>Dur\u00e1vel e pr\u00e1tico:<\/strong> A caneca de caf\u00e9 em a\u00e7o inoxid\u00e1vel adopta um design espessado de camada dupla com fun\u00e7\u00e3o anti-escaldante, mantendo a bebida \u00e0 temperatura certa e protegendo as suas m\u00e3os.<\/p>\n<p><strong>Design c\u00f3modo:<\/strong> A caneca de caf\u00e9 em a\u00e7o inoxid\u00e1vel adopta um design de boca larga, que \u00e9 f\u00e1cil de preparar e limpar; e est\u00e1 equipada com uma tampa anti-p\u00f3 deslizante para abertura\/fecho flex\u00edvel.<\/p>\n<p><strong>Personaliz\u00e1vel e grossista:<\/strong> O fornecedor de canecas de caf\u00e9 MOYA apoia a venda por grosso a granel e a personaliza\u00e7\u00e3o OEM\/ODM.<\/p>","protected":false},"featured_media":10819,"comment_status":"closed","ping_status":"closed","template":"","meta":[],"product_cat":[75],"product_tag":[],"class_list":{"0":"post-5543","1":"product","2":"type-product","3":"status-publish","4":"has-post-thumbnail","6":"product_cat-wholesale-stainless-steel-coffee-mug","8":"first","9":"instock","10":"shipping-taxable","11":"product-type-simple"},"_links":{"self":[{"href":"https:\/\/moyahousehold.com\/pt\/wp-json\/wp\/v2\/product\/5543","targetHints":{"allow":["GET"]}}],"collection":[{"href":"https:\/\/moyahousehold.com\/pt\/wp-json\/wp\/v2\/product"}],"about":[{"href":"https:\/\/moyahousehold.com\/pt\/wp-json\/wp\/v2\/types\/product"}],"replies":[{"embeddable":true,"href":"https:\/\/moyahousehold.com\/pt\/wp-json\/wp\/v2\/comments?post=5543"}],"version-history":[{"count":0,"href":"https:\/\/moyahousehold.com\/pt\/wp-json\/wp\/v2\/product\/5543\/revisions"}],"wp:featuredmedia":[{"embeddable":true,"href":"https:\/\/moyahousehold.com\/pt\/wp-json\/wp\/v2\/media\/10819"}],"wp:attachment":[{"href":"https:\/\/moyahousehold.com\/pt\/wp-json\/wp\/v2\/media?parent=5543"}],"wp:term":[{"taxonomy":"product_cat","embeddable":true,"href":"https:\/\/moyahousehold.com\/pt\/wp-json\/wp\/v2\/product_cat?post=5543"},{"taxonomy":"product_tag","embeddable":true,"href":"https:\/\/moyahousehold.com\/pt\/wp-json\/wp\/v2\/product_tag?post=5543"}],"curies":[{"name":"wp","href":"https:\/\/api.w.org\/{rel}","templated":true}]}}