{"id":5566,"date":"2024-06-08T08:41:46","date_gmt":"2024-06-08T08:41:46","guid":{"rendered":"https:\/\/moyahousehold.com\/?post_type=product&#038;p=5566"},"modified":"2025-04-12T09:29:34","modified_gmt":"2025-04-12T09:29:34","slug":"wholesale-stainless-steel-coffee-cups-with-handle","status":"publish","type":"product","link":"https:\/\/moyahousehold.com\/pt\/produto\/chavenas-de-cafe-em-aco-inoxidavel-por-atacado\/","title":{"rendered":"Ch\u00e1venas de caf\u00e9 de a\u00e7o inoxid\u00e1vel por atacado com pega, design simples, duas op\u00e7\u00f5es de cores"},"content":{"rendered":"<h3 class=\"wp-block-heading\">Par\u00e2metros das ch\u00e1venas de caf\u00e9 em a\u00e7o inoxid\u00e1vel<\/h3>\n\n\n\n<p><strong>material:<\/strong>304 + 316 + PP <strong> cor:<\/strong>Branco\/Preto<\/p>\n\n\n\n<figure class=\"wp-block-table\"><table><tbody><tr><td>N\u00famero do modelo<\/td><td>capacidade<\/td><td>Tamanho do produto<\/td><td>Tamanho da caixa exterior<\/td><td>Quantidade por caixa<\/td><td>N.W<\/td><td>G.W\/Caixa<\/td><\/tr><tr><td>MYJJL11<\/td><td>400ml<\/td><td>9*9*10<\/td><td>62*40*37.5<\/td><td>60<\/td><td>0.21<\/td><td>24.6<\/td><\/tr><\/tbody><\/table><\/figure>\n\n\n\n<h3 class=\"wp-block-heading\">Ch\u00e1venas de caf\u00e9 personalizadas em a\u00e7o inoxid\u00e1vel<\/h3>\n\n\n\n<p><strong>Log\u00f3tipo:<\/strong> Personalize o log\u00f3tipo da sua marca no produto e na embalagem.<br><strong>Op\u00e7\u00f5es de log\u00f3tipo:<\/strong> log\u00f3tipo impresso, log\u00f3tipo gravado a laser, etc.<br><strong>Padr\u00e3o: <\/strong>Padr\u00f5es de impress\u00e3o <br><strong>Tecnologia de impress\u00e3o: <\/strong>impress\u00e3o por transfer\u00eancia de \u00e1gua, impress\u00e3o serigr\u00e1fica, impress\u00e3o por transfer\u00eancia de calor, transfer\u00eancia por sublima\u00e7\u00e3o, etc.<br><strong>Embalagem: <\/strong>caixa de cor<br><a href=\"https:\/\/moyahousehold.com\/pt\/solucao-personalizada\/\"><strong>Saiba mais sobre as solu\u00e7\u00f5es personalizadas para ch\u00e1venas de caf\u00e9.<\/strong><\/a><\/p>\n\n\n\n<div class=\"wp-block-columns is-layout-flex wp-container-core-columns-is-layout-9d6595d7 wp-block-columns-is-layout-flex\">\n<div class=\"wp-block-column is-layout-flow wp-block-column-is-layout-flow\">\n<figure class=\"wp-block-image size-full\"><img fetchpriority=\"high\" decoding=\"async\" width=\"2500\" height=\"2437\" src=\"https:\/\/moyahousehold.com\/wp-content\/uploads\/2024\/06\/Wholesale-Stainless-Steel-Coffee-Cups-with-Handle-3.webp\" alt=\"Ch\u00e1venas de caf\u00e9 em a\u00e7o inoxid\u00e1vel com pega (3)\" class=\"wp-image-10900\" srcset=\"https:\/\/moyahousehold.com\/wp-content\/uploads\/2024\/06\/Wholesale-Stainless-Steel-Coffee-Cups-with-Handle-3.webp 2500w, https:\/\/moyahousehold.com\/wp-content\/uploads\/2024\/06\/Wholesale-Stainless-Steel-Coffee-Cups-with-Handle-3-300x292.webp 300w, https:\/\/moyahousehold.com\/wp-content\/uploads\/2024\/06\/Wholesale-Stainless-Steel-Coffee-Cups-with-Handle-3-768x749.webp 768w, https:\/\/moyahousehold.com\/wp-content\/uploads\/2024\/06\/Wholesale-Stainless-Steel-Coffee-Cups-with-Handle-3-12x12.webp 12w, https:\/\/moyahousehold.com\/wp-content\/uploads\/2024\/06\/Wholesale-Stainless-Steel-Coffee-Cups-with-Handle-3-285x278.webp 285w, https:\/\/moyahousehold.com\/wp-content\/uploads\/2024\/06\/Wholesale-Stainless-Steel-Coffee-Cups-with-Handle-3-1600x1560.webp 1600w, https:\/\/moyahousehold.com\/wp-content\/uploads\/2024\/06\/Wholesale-Stainless-Steel-Coffee-Cups-with-Handle-3-660x643.webp 660w, https:\/\/moyahousehold.com\/wp-content\/uploads\/2024\/06\/Wholesale-Stainless-Steel-Coffee-Cups-with-Handle-3-150x146.webp 150w\" sizes=\"(max-width: 2500px) 100vw, 2500px\" \/><\/figure>\n<\/div>\n\n\n\n<div class=\"wp-block-column is-layout-flow wp-block-column-is-layout-flow\">\n<figure class=\"wp-block-image size-full\"><img decoding=\"async\" width=\"2500\" height=\"2437\" src=\"https:\/\/moyahousehold.com\/wp-content\/uploads\/2024\/06\/Wholesale-Stainless-Steel-Coffee-Cups-with-Handle-4.webp\" alt=\"Ch\u00e1venas de caf\u00e9 em a\u00e7o inoxid\u00e1vel com pega (4)\" class=\"wp-image-10901\" srcset=\"https:\/\/moyahousehold.com\/wp-content\/uploads\/2024\/06\/Wholesale-Stainless-Steel-Coffee-Cups-with-Handle-4.webp 2500w, https:\/\/moyahousehold.com\/wp-content\/uploads\/2024\/06\/Wholesale-Stainless-Steel-Coffee-Cups-with-Handle-4-300x292.webp 300w, https:\/\/moyahousehold.com\/wp-content\/uploads\/2024\/06\/Wholesale-Stainless-Steel-Coffee-Cups-with-Handle-4-768x749.webp 768w, https:\/\/moyahousehold.com\/wp-content\/uploads\/2024\/06\/Wholesale-Stainless-Steel-Coffee-Cups-with-Handle-4-12x12.webp 12w, https:\/\/moyahousehold.com\/wp-content\/uploads\/2024\/06\/Wholesale-Stainless-Steel-Coffee-Cups-with-Handle-4-285x278.webp 285w, https:\/\/moyahousehold.com\/wp-content\/uploads\/2024\/06\/Wholesale-Stainless-Steel-Coffee-Cups-with-Handle-4-1600x1560.webp 1600w, https:\/\/moyahousehold.com\/wp-content\/uploads\/2024\/06\/Wholesale-Stainless-Steel-Coffee-Cups-with-Handle-4-660x643.webp 660w, https:\/\/moyahousehold.com\/wp-content\/uploads\/2024\/06\/Wholesale-Stainless-Steel-Coffee-Cups-with-Handle-4-150x146.webp 150w\" sizes=\"(max-width: 2500px) 100vw, 2500px\" \/><\/figure>\n<\/div>\n<\/div>\n\n\n\n<div class=\"wp-block-columns is-layout-flex wp-container-core-columns-is-layout-9d6595d7 wp-block-columns-is-layout-flex\">\n<div class=\"wp-block-column is-layout-flow wp-block-column-is-layout-flow\">\n<figure class=\"wp-block-image size-full\"><img decoding=\"async\" width=\"2500\" height=\"1666\" src=\"https:\/\/moyahousehold.com\/wp-content\/uploads\/2024\/06\/Stainless-Steel-Coffee-Mug-Series-1-2.webp\" alt=\"S\u00e9rie de canecas de caf\u00e9 em a\u00e7o inoxid\u00e1vel (1)\" class=\"wp-image-10896\" srcset=\"https:\/\/moyahousehold.com\/wp-content\/uploads\/2024\/06\/Stainless-Steel-Coffee-Mug-Series-1-2.webp 2500w, https:\/\/moyahousehold.com\/wp-content\/uploads\/2024\/06\/Stainless-Steel-Coffee-Mug-Series-1-2-300x200.webp 300w, https:\/\/moyahousehold.com\/wp-content\/uploads\/2024\/06\/Stainless-Steel-Coffee-Mug-Series-1-2-768x512.webp 768w, https:\/\/moyahousehold.com\/wp-content\/uploads\/2024\/06\/Stainless-Steel-Coffee-Mug-Series-1-2-18x12.webp 18w, https:\/\/moyahousehold.com\/wp-content\/uploads\/2024\/06\/Stainless-Steel-Coffee-Mug-Series-1-2-285x190.webp 285w, https:\/\/moyahousehold.com\/wp-content\/uploads\/2024\/06\/Stainless-Steel-Coffee-Mug-Series-1-2-1600x1066.webp 1600w, https:\/\/moyahousehold.com\/wp-content\/uploads\/2024\/06\/Stainless-Steel-Coffee-Mug-Series-1-2-660x440.webp 660w, https:\/\/moyahousehold.com\/wp-content\/uploads\/2024\/06\/Stainless-Steel-Coffee-Mug-Series-1-2-150x100.webp 150w\" sizes=\"(max-width: 2500px) 100vw, 2500px\" \/><\/figure>\n<\/div>\n\n\n\n<div class=\"wp-block-column is-layout-flow wp-block-column-is-layout-flow\">\n<figure class=\"wp-block-image size-full\"><img loading=\"lazy\" decoding=\"async\" width=\"2500\" height=\"1666\" src=\"https:\/\/moyahousehold.com\/wp-content\/uploads\/2024\/06\/Stainless-Steel-Coffee-Mug-Series-2-2.webp\" alt=\"S\u00e9rie de canecas de caf\u00e9 em a\u00e7o inoxid\u00e1vel (2)\" class=\"wp-image-10897\" srcset=\"https:\/\/moyahousehold.com\/wp-content\/uploads\/2024\/06\/Stainless-Steel-Coffee-Mug-Series-2-2.webp 2500w, https:\/\/moyahousehold.com\/wp-content\/uploads\/2024\/06\/Stainless-Steel-Coffee-Mug-Series-2-2-300x200.webp 300w, https:\/\/moyahousehold.com\/wp-content\/uploads\/2024\/06\/Stainless-Steel-Coffee-Mug-Series-2-2-768x512.webp 768w, https:\/\/moyahousehold.com\/wp-content\/uploads\/2024\/06\/Stainless-Steel-Coffee-Mug-Series-2-2-18x12.webp 18w, https:\/\/moyahousehold.com\/wp-content\/uploads\/2024\/06\/Stainless-Steel-Coffee-Mug-Series-2-2-285x190.webp 285w, https:\/\/moyahousehold.com\/wp-content\/uploads\/2024\/06\/Stainless-Steel-Coffee-Mug-Series-2-2-1600x1066.webp 1600w, https:\/\/moyahousehold.com\/wp-content\/uploads\/2024\/06\/Stainless-Steel-Coffee-Mug-Series-2-2-660x440.webp 660w, https:\/\/moyahousehold.com\/wp-content\/uploads\/2024\/06\/Stainless-Steel-Coffee-Mug-Series-2-2-150x100.webp 150w\" sizes=\"(max-width: 2500px) 100vw, 2500px\" \/><\/figure>\n<\/div>\n<\/div>","protected":false},"excerpt":{"rendered":"<p>As ch\u00e1venas de caf\u00e9 de a\u00e7o inoxid\u00e1vel MOYA, estas ch\u00e1venas de caf\u00e9 s\u00e3o elegantes e pr\u00e1ticas, com design de boca larga e tampa deslizante contra o p\u00f3. Apoiar a impress\u00e3o do logotipo, correspond\u00eancia de cores e design de embalagem, bem-vindo compradores B2B para nos contactar.<\/p>\n<h3>Carater\u00edsticas e vantagens das ch\u00e1venas de caf\u00e9 em a\u00e7o inoxid\u00e1vel<\/h3>\n<p><strong>Aplica\u00e7\u00e3o pr\u00e1tica:<\/strong> As canecas de caf\u00e9 em a\u00e7o inoxid\u00e1vel MOYA s\u00e3o fabricadas em a\u00e7o inoxid\u00e1vel 304 de alta qualidade e podem ser utilizadas tanto para bebidas frias como quentes, sendo perfeitas para usar em casa, no escrit\u00f3rio ou em viagem.<\/p>\n<p><strong>Aplica\u00e7\u00e3o amig\u00e1vel:<\/strong> As canecas de caf\u00e9 em a\u00e7o inoxid\u00e1vel MOYA s\u00e3o fabricadas com um design de boca larga, simples de preparar, verter e limpar; possui uma tampa deslizante contra o p\u00f3 que pode ser aberta e fechada livremente.<\/p>\n<p><strong>Capacidade Liberal:<\/strong> Com capacidade para 400 ml, \u00e9 perfeita para caf\u00e9, ch\u00e1 ou outras bebidas, reduzindo o reabastecimento.<\/p>\n<p><strong>Servi\u00e7o grossista:<\/strong> Apoiamos os servi\u00e7os grossistas de ch\u00e1venas de caf\u00e9 em a\u00e7o inoxid\u00e1vel, abertos a clientes B2B globais, e podemos fornecer solu\u00e7\u00f5es personalizadas com base nas necessidades da sua marca:<\/p>\n<ol>\n<li>\n<p>Log\u00f3tipo da marca personaliz\u00e1vel.<\/p>\n<\/li>\n<li>\n<p>A cor do corpo do copo e o estilo da embalagem s\u00e3o opcionais.<\/p>\n<\/li>\n<li>\n<p>Aplic\u00e1vel a v\u00e1rios modelos de neg\u00f3cio, como promo\u00e7\u00f5es de brindes, plataformas de com\u00e9rcio eletr\u00f3nico e canais de retalho.<\/p>\n<\/li>\n<\/ol>","protected":false},"featured_media":10902,"comment_status":"closed","ping_status":"closed","template":"","meta":[],"product_cat":[75],"product_tag":[],"class_list":{"0":"post-5566","1":"product","2":"type-product","3":"status-publish","4":"has-post-thumbnail","6":"product_cat-wholesale-stainless-steel-coffee-mug","8":"first","9":"instock","10":"shipping-taxable","11":"product-type-simple"},"_links":{"self":[{"href":"https:\/\/moyahousehold.com\/pt\/wp-json\/wp\/v2\/product\/5566","targetHints":{"allow":["GET"]}}],"collection":[{"href":"https:\/\/moyahousehold.com\/pt\/wp-json\/wp\/v2\/product"}],"about":[{"href":"https:\/\/moyahousehold.com\/pt\/wp-json\/wp\/v2\/types\/product"}],"replies":[{"embeddable":true,"href":"https:\/\/moyahousehold.com\/pt\/wp-json\/wp\/v2\/comments?post=5566"}],"version-history":[{"count":0,"href":"https:\/\/moyahousehold.com\/pt\/wp-json\/wp\/v2\/product\/5566\/revisions"}],"wp:featuredmedia":[{"embeddable":true,"href":"https:\/\/moyahousehold.com\/pt\/wp-json\/wp\/v2\/media\/10902"}],"wp:attachment":[{"href":"https:\/\/moyahousehold.com\/pt\/wp-json\/wp\/v2\/media?parent=5566"}],"wp:term":[{"taxonomy":"product_cat","embeddable":true,"href":"https:\/\/moyahousehold.com\/pt\/wp-json\/wp\/v2\/product_cat?post=5566"},{"taxonomy":"product_tag","embeddable":true,"href":"https:\/\/moyahousehold.com\/pt\/wp-json\/wp\/v2\/product_tag?post=5566"}],"curies":[{"name":"wp","href":"https:\/\/api.w.org\/{rel}","templated":true}]}}