{"id":5570,"date":"2024-06-08T09:08:03","date_gmt":"2024-06-08T09:08:03","guid":{"rendered":"https:\/\/moyahousehold.com\/?post_type=product&#038;p=5570"},"modified":"2025-04-12T08:50:26","modified_gmt":"2025-04-12T08:50:26","slug":"wholesale-stainless-steel-coffee-travel-mugs","status":"publish","type":"product","link":"https:\/\/moyahousehold.com\/pt\/produto\/wholesale-stainless-steel-coffee-travel-mugs\/","title":{"rendered":"Canecas de viagem de caf\u00e9 de a\u00e7o inoxid\u00e1vel por atacado, caneca de acampamento de a\u00e7o inoxid\u00e1vel"},"content":{"rendered":"<h2 class=\"wp-block-heading\">Par\u00e2metros das canecas de viagem para caf\u00e9 em a\u00e7o inoxid\u00e1vel<\/h2>\n\n\n\n<p><strong>material:<\/strong>304 + PP <strong> cor:<\/strong>Bege\/caqui<\/p>\n\n\n\n<figure class=\"wp-block-table\"><table><tbody><tr><td>N\u00famero do modelo<\/td><td>capacidade<\/td><td>Tamanho do produto<\/td><td>Tamanho da caixa exterior<\/td><td>Quantidade por caixa<\/td><td>N.W<\/td><td>G.W\/Caixa<\/td><\/tr><tr><td>MYLY016<\/td><td>480ml<\/td><td>9*7.2*12.3<\/td><td>64*45*53<\/td><td>80<\/td><td>0.16<\/td><td>28.8<\/td><\/tr><tr><td>MYLY017<\/td><td>400ml<\/td><td>8*9*11<\/td><td>62*40*49.5<\/td><td>80<\/td><td>0.16<\/td><td>28.8<\/td><\/tr><\/tbody><\/table><\/figure>\n\n\n\n<h3 class=\"wp-block-heading\">Op\u00e7\u00f5es de canecas de caf\u00e9 personalizadas<\/h3>\n\n\n\n<p><strong>Log\u00f3tipo: <\/strong>Personalize o log\u00f3tipo da sua marca no produto e na embalagem.<br><strong>Op\u00e7\u00f5es de log\u00f3tipo:<\/strong> log\u00f3tipo impresso, log\u00f3tipo gravado a laser, etc.<br><strong>Padr\u00e3o: <\/strong>Padr\u00f5es de impress\u00e3o <br><strong>Tecnologia de impress\u00e3o:<\/strong> impress\u00e3o por transfer\u00eancia de \u00e1gua, impress\u00e3o serigr\u00e1fica, impress\u00e3o por transfer\u00eancia de calor, transfer\u00eancia por sublima\u00e7\u00e3o, etc.<br><strong>Embalagem:<\/strong> caixa de cor<br><a href=\"https:\/\/moyahousehold.com\/pt\/solucao-personalizada\/\"><strong>Saiba mais sobre as solu\u00e7\u00f5es personalizadas para canecas de caf\u00e9.<\/strong><\/a><\/p>\n\n\n\n<div class=\"wp-block-columns is-layout-flex wp-container-core-columns-is-layout-9d6595d7 wp-block-columns-is-layout-flex\">\n<div class=\"wp-block-column is-layout-flow wp-block-column-is-layout-flow\">\n<figure class=\"wp-block-image size-full\"><img fetchpriority=\"high\" decoding=\"async\" width=\"2000\" height=\"2000\" src=\"https:\/\/moyahousehold.com\/wp-content\/uploads\/2024\/06\/Wholesale-Stainless-Steel-Coffee-Travel-Mugs-Display-3.webp\" alt=\"Venda por grosso de canecas de viagem para caf\u00e9 em a\u00e7o inoxid\u00e1vel (3)\" class=\"wp-image-10889\" srcset=\"https:\/\/moyahousehold.com\/wp-content\/uploads\/2024\/06\/Wholesale-Stainless-Steel-Coffee-Travel-Mugs-Display-3.webp 2000w, https:\/\/moyahousehold.com\/wp-content\/uploads\/2024\/06\/Wholesale-Stainless-Steel-Coffee-Travel-Mugs-Display-3-300x300.webp 300w, https:\/\/moyahousehold.com\/wp-content\/uploads\/2024\/06\/Wholesale-Stainless-Steel-Coffee-Travel-Mugs-Display-3-150x150.webp 150w, https:\/\/moyahousehold.com\/wp-content\/uploads\/2024\/06\/Wholesale-Stainless-Steel-Coffee-Travel-Mugs-Display-3-768x768.webp 768w, https:\/\/moyahousehold.com\/wp-content\/uploads\/2024\/06\/Wholesale-Stainless-Steel-Coffee-Travel-Mugs-Display-3-12x12.webp 12w, https:\/\/moyahousehold.com\/wp-content\/uploads\/2024\/06\/Wholesale-Stainless-Steel-Coffee-Travel-Mugs-Display-3-285x285.webp 285w, https:\/\/moyahousehold.com\/wp-content\/uploads\/2024\/06\/Wholesale-Stainless-Steel-Coffee-Travel-Mugs-Display-3-1600x1600.webp 1600w, https:\/\/moyahousehold.com\/wp-content\/uploads\/2024\/06\/Wholesale-Stainless-Steel-Coffee-Travel-Mugs-Display-3-270x270.webp 270w, https:\/\/moyahousehold.com\/wp-content\/uploads\/2024\/06\/Wholesale-Stainless-Steel-Coffee-Travel-Mugs-Display-3-540x540.webp 540w, https:\/\/moyahousehold.com\/wp-content\/uploads\/2024\/06\/Wholesale-Stainless-Steel-Coffee-Travel-Mugs-Display-3-660x660.webp 660w\" sizes=\"(max-width: 2000px) 100vw, 2000px\" \/><\/figure>\n<\/div>\n\n\n\n<div class=\"wp-block-column is-layout-flow wp-block-column-is-layout-flow\">\n<figure class=\"wp-block-image size-full\"><img decoding=\"async\" width=\"2000\" height=\"2000\" src=\"https:\/\/moyahousehold.com\/wp-content\/uploads\/2024\/06\/Wholesale-Stainless-Steel-Coffee-Travel-Mugs-Display-4.webp\" alt=\"Venda por grosso de canecas de viagem para caf\u00e9 em a\u00e7o inoxid\u00e1vel (4)\" class=\"wp-image-10890\" srcset=\"https:\/\/moyahousehold.com\/wp-content\/uploads\/2024\/06\/Wholesale-Stainless-Steel-Coffee-Travel-Mugs-Display-4.webp 2000w, https:\/\/moyahousehold.com\/wp-content\/uploads\/2024\/06\/Wholesale-Stainless-Steel-Coffee-Travel-Mugs-Display-4-300x300.webp 300w, https:\/\/moyahousehold.com\/wp-content\/uploads\/2024\/06\/Wholesale-Stainless-Steel-Coffee-Travel-Mugs-Display-4-150x150.webp 150w, https:\/\/moyahousehold.com\/wp-content\/uploads\/2024\/06\/Wholesale-Stainless-Steel-Coffee-Travel-Mugs-Display-4-768x768.webp 768w, https:\/\/moyahousehold.com\/wp-content\/uploads\/2024\/06\/Wholesale-Stainless-Steel-Coffee-Travel-Mugs-Display-4-12x12.webp 12w, https:\/\/moyahousehold.com\/wp-content\/uploads\/2024\/06\/Wholesale-Stainless-Steel-Coffee-Travel-Mugs-Display-4-285x285.webp 285w, https:\/\/moyahousehold.com\/wp-content\/uploads\/2024\/06\/Wholesale-Stainless-Steel-Coffee-Travel-Mugs-Display-4-1600x1600.webp 1600w, https:\/\/moyahousehold.com\/wp-content\/uploads\/2024\/06\/Wholesale-Stainless-Steel-Coffee-Travel-Mugs-Display-4-270x270.webp 270w, https:\/\/moyahousehold.com\/wp-content\/uploads\/2024\/06\/Wholesale-Stainless-Steel-Coffee-Travel-Mugs-Display-4-540x540.webp 540w, https:\/\/moyahousehold.com\/wp-content\/uploads\/2024\/06\/Wholesale-Stainless-Steel-Coffee-Travel-Mugs-Display-4-660x660.webp 660w\" sizes=\"(max-width: 2000px) 100vw, 2000px\" \/><\/figure>\n<\/div>\n<\/div>\n\n\n\n<div class=\"wp-block-columns is-layout-flex wp-container-core-columns-is-layout-9d6595d7 wp-block-columns-is-layout-flex\">\n<div class=\"wp-block-column is-layout-flow wp-block-column-is-layout-flow\">\n<figure class=\"wp-block-image size-full\"><img decoding=\"async\" width=\"1024\" height=\"1024\" src=\"https:\/\/moyahousehold.com\/wp-content\/uploads\/2024\/06\/Stainless-Steel-Coffee-Travel-Mug-Details-1.webp\" alt=\"Detalhes da caneca de viagem de caf\u00e9 em a\u00e7o inoxid\u00e1vel (1)\" class=\"wp-image-10883\" srcset=\"https:\/\/moyahousehold.com\/wp-content\/uploads\/2024\/06\/Stainless-Steel-Coffee-Travel-Mug-Details-1.webp 1024w, https:\/\/moyahousehold.com\/wp-content\/uploads\/2024\/06\/Stainless-Steel-Coffee-Travel-Mug-Details-1-300x300.webp 300w, https:\/\/moyahousehold.com\/wp-content\/uploads\/2024\/06\/Stainless-Steel-Coffee-Travel-Mug-Details-1-150x150.webp 150w, https:\/\/moyahousehold.com\/wp-content\/uploads\/2024\/06\/Stainless-Steel-Coffee-Travel-Mug-Details-1-768x768.webp 768w, https:\/\/moyahousehold.com\/wp-content\/uploads\/2024\/06\/Stainless-Steel-Coffee-Travel-Mug-Details-1-12x12.webp 12w, https:\/\/moyahousehold.com\/wp-content\/uploads\/2024\/06\/Stainless-Steel-Coffee-Travel-Mug-Details-1-285x285.webp 285w, https:\/\/moyahousehold.com\/wp-content\/uploads\/2024\/06\/Stainless-Steel-Coffee-Travel-Mug-Details-1-270x270.webp 270w, https:\/\/moyahousehold.com\/wp-content\/uploads\/2024\/06\/Stainless-Steel-Coffee-Travel-Mug-Details-1-540x540.webp 540w, https:\/\/moyahousehold.com\/wp-content\/uploads\/2024\/06\/Stainless-Steel-Coffee-Travel-Mug-Details-1-660x660.webp 660w\" sizes=\"(max-width: 1024px) 100vw, 1024px\" \/><\/figure>\n<\/div>\n\n\n\n<div class=\"wp-block-column is-layout-flow wp-block-column-is-layout-flow\">\n<figure class=\"wp-block-image size-full\"><img loading=\"lazy\" decoding=\"async\" width=\"1024\" height=\"1024\" src=\"https:\/\/moyahousehold.com\/wp-content\/uploads\/2024\/06\/Stainless-Steel-Coffee-Travel-Mug-Details-2.webp\" alt=\"Detalhes da caneca de viagem de caf\u00e9 em a\u00e7o inoxid\u00e1vel (2)\" class=\"wp-image-10884\" srcset=\"https:\/\/moyahousehold.com\/wp-content\/uploads\/2024\/06\/Stainless-Steel-Coffee-Travel-Mug-Details-2.webp 1024w, https:\/\/moyahousehold.com\/wp-content\/uploads\/2024\/06\/Stainless-Steel-Coffee-Travel-Mug-Details-2-300x300.webp 300w, https:\/\/moyahousehold.com\/wp-content\/uploads\/2024\/06\/Stainless-Steel-Coffee-Travel-Mug-Details-2-150x150.webp 150w, https:\/\/moyahousehold.com\/wp-content\/uploads\/2024\/06\/Stainless-Steel-Coffee-Travel-Mug-Details-2-768x768.webp 768w, https:\/\/moyahousehold.com\/wp-content\/uploads\/2024\/06\/Stainless-Steel-Coffee-Travel-Mug-Details-2-12x12.webp 12w, https:\/\/moyahousehold.com\/wp-content\/uploads\/2024\/06\/Stainless-Steel-Coffee-Travel-Mug-Details-2-285x285.webp 285w, https:\/\/moyahousehold.com\/wp-content\/uploads\/2024\/06\/Stainless-Steel-Coffee-Travel-Mug-Details-2-270x270.webp 270w, https:\/\/moyahousehold.com\/wp-content\/uploads\/2024\/06\/Stainless-Steel-Coffee-Travel-Mug-Details-2-540x540.webp 540w, https:\/\/moyahousehold.com\/wp-content\/uploads\/2024\/06\/Stainless-Steel-Coffee-Travel-Mug-Details-2-660x660.webp 660w\" sizes=\"(max-width: 1024px) 100vw, 1024px\" \/><\/figure>\n<\/div>\n<\/div>\n\n\n\n<div class=\"wp-block-columns is-layout-flex wp-container-core-columns-is-layout-9d6595d7 wp-block-columns-is-layout-flex\">\n<div class=\"wp-block-column is-layout-flow wp-block-column-is-layout-flow\"><\/div>\n\n\n\n<div class=\"wp-block-column is-layout-flow wp-block-column-is-layout-flow\"><\/div>\n<\/div>","protected":false},"excerpt":{"rendered":"<p>Caneca de viagem de caf\u00e9 em a\u00e7o inoxid\u00e1vel por atacado, com design minimalista, a camada interna \u00e9 feita de a\u00e7o inoxid\u00e1vel 304 de qualidade alimentar, a camada externa \u00e9 feita de material PP fosco, macio ao toque, com prote\u00e7\u00e3o anti-escaldamento. Dispon\u00edvel nas op\u00e7\u00f5es de capacidade de 400ml e 480ml, com cores bege e caqui \u00e0 escolha. Suporte OEM e ODM, bem-vindo compradores B2B para nos contactar para cota\u00e7\u00f5es.<\/p>\n<h3>Carater\u00edsticas e vantagens das canecas de viagem para caf\u00e9 em a\u00e7o inoxid\u00e1vel<\/h3>\n<p><strong>Est\u00e9tica minimalista e elegante:<\/strong> A caneca de viagem de caf\u00e9 em a\u00e7o inoxid\u00e1vel foi concebida com cores confort\u00e1veis e linhas suaves, com um super poder de cura, adequada para uma decora\u00e7\u00e3o simples da casa.<\/p>\n<p><strong>Punho confort\u00e1vel com textura fosca:<\/strong> O inv\u00f3lucro da caneca de viagem de caf\u00e9 em a\u00e7o inoxid\u00e1vel \u00e9 feito de material PP fosco de alta qualidade, apresentando um aspeto mate delicado, e tem uma superf\u00edcie macia e antiderrapante<\/p>\n<p><strong>Isolamento de camada dupla:<\/strong> A caneca de viagem de caf\u00e9 em a\u00e7o inoxid\u00e1vel adopta um design de camada dupla para formar uma barreira, mantendo eficazmente o calor e o frio, e as suas m\u00e3os n\u00e3o se queimar\u00e3o, sem necessidade de mangas ou bases para copos adicionais.<\/p>\n<p><strong>F\u00e1cil de limpar:<\/strong> A caneca de viagem de caf\u00e9 em a\u00e7o inoxid\u00e1vel tem uma abertura ampla e uma tampa de ch\u00e1vena amov\u00edvel, que \u00e9 f\u00e1cil de lavar e esfregar.<\/p>\n<p><strong>Venda por atacado e personaliza\u00e7\u00e3o dispon\u00edveis:<\/strong> Oferecemos op\u00e7\u00f5es flex\u00edveis de venda por grosso e servi\u00e7os abrangentes de OEM\/ODM, proporcionando-lhe op\u00e7\u00f5es como a adi\u00e7\u00e3o de log\u00f3tipos e a altera\u00e7\u00e3o de cores.<\/p>","protected":false},"featured_media":10885,"comment_status":"closed","ping_status":"closed","template":"","meta":[],"product_cat":[75],"product_tag":[],"class_list":{"0":"post-5570","1":"product","2":"type-product","3":"status-publish","4":"has-post-thumbnail","6":"product_cat-wholesale-stainless-steel-coffee-mug","8":"first","9":"instock","10":"shipping-taxable","11":"product-type-simple"},"_links":{"self":[{"href":"https:\/\/moyahousehold.com\/pt\/wp-json\/wp\/v2\/product\/5570","targetHints":{"allow":["GET"]}}],"collection":[{"href":"https:\/\/moyahousehold.com\/pt\/wp-json\/wp\/v2\/product"}],"about":[{"href":"https:\/\/moyahousehold.com\/pt\/wp-json\/wp\/v2\/types\/product"}],"replies":[{"embeddable":true,"href":"https:\/\/moyahousehold.com\/pt\/wp-json\/wp\/v2\/comments?post=5570"}],"version-history":[{"count":0,"href":"https:\/\/moyahousehold.com\/pt\/wp-json\/wp\/v2\/product\/5570\/revisions"}],"wp:featuredmedia":[{"embeddable":true,"href":"https:\/\/moyahousehold.com\/pt\/wp-json\/wp\/v2\/media\/10885"}],"wp:attachment":[{"href":"https:\/\/moyahousehold.com\/pt\/wp-json\/wp\/v2\/media?parent=5570"}],"wp:term":[{"taxonomy":"product_cat","embeddable":true,"href":"https:\/\/moyahousehold.com\/pt\/wp-json\/wp\/v2\/product_cat?post=5570"},{"taxonomy":"product_tag","embeddable":true,"href":"https:\/\/moyahousehold.com\/pt\/wp-json\/wp\/v2\/product_tag?post=5570"}],"curies":[{"name":"wp","href":"https:\/\/api.w.org\/{rel}","templated":true}]}}