{"id":5606,"date":"2024-06-10T01:31:40","date_gmt":"2024-06-10T01:31:40","guid":{"rendered":"https:\/\/moyahousehold.com\/?post_type=product&#038;p=5606"},"modified":"2026-04-07T09:46:00","modified_gmt":"2026-04-07T09:46:00","slug":"wholesale-coffee-mugs-for-the-office","status":"publish","type":"product","link":"https:\/\/moyahousehold.com\/pt\/produto\/wholesale-coffee-mugs-for-the-office\/","title":{"rendered":"304 Stainless Steel Coffee Mug 400ml | Wholesale Bulk for Office Use, BPA-Free"},"content":{"rendered":"<figure class=\"wp-block-image size-full\"><img fetchpriority=\"high\" decoding=\"async\" width=\"3984\" height=\"2656\" src=\"https:\/\/moyahousehold.com\/wp-content\/uploads\/2024\/06\/LY-\u676f\u5b50\u5408\u96c6\u65e9\u9910\u676f-2.jpg\" alt=\"304 stainless steel insulated coffee mugs in beige and white \u2014 perfect for office, home, or coworker moments. Keeps drinks hot or cold for hours.\" class=\"wp-image-12708\" srcset=\"https:\/\/moyahousehold.com\/wp-content\/uploads\/2024\/06\/LY-\u676f\u5b50\u5408\u96c6\u65e9\u9910\u676f-2.jpg 3984w, https:\/\/moyahousehold.com\/wp-content\/uploads\/2024\/06\/LY-\u676f\u5b50\u5408\u96c6\u65e9\u9910\u676f-2-300x200.jpg 300w, https:\/\/moyahousehold.com\/wp-content\/uploads\/2024\/06\/LY-\u676f\u5b50\u5408\u96c6\u65e9\u9910\u676f-2-768x512.jpg 768w, https:\/\/moyahousehold.com\/wp-content\/uploads\/2024\/06\/LY-\u676f\u5b50\u5408\u96c6\u65e9\u9910\u676f-2-18x12.jpg 18w, https:\/\/moyahousehold.com\/wp-content\/uploads\/2024\/06\/LY-\u676f\u5b50\u5408\u96c6\u65e9\u9910\u676f-2-285x190.jpg 285w, https:\/\/moyahousehold.com\/wp-content\/uploads\/2024\/06\/LY-\u676f\u5b50\u5408\u96c6\u65e9\u9910\u676f-2-1600x1067.jpg 1600w, https:\/\/moyahousehold.com\/wp-content\/uploads\/2024\/06\/LY-\u676f\u5b50\u5408\u96c6\u65e9\u9910\u676f-2-660x440.jpg 660w, https:\/\/moyahousehold.com\/wp-content\/uploads\/2024\/06\/LY-\u676f\u5b50\u5408\u96c6\u65e9\u9910\u676f-2-150x100.jpg 150w\" sizes=\"(max-width: 3984px) 100vw, 3984px\" \/><\/figure>\n\n\n\n<h2 class=\"wp-block-heading\">Par\u00e2metros das canecas de caf\u00e9 para o escrit\u00f3rio<\/h2>\n\n\n\n<p><strong>Material:<\/strong> 304 + PP <strong> Cor:<\/strong> Bege\/caqui<\/p>\n\n\n\n<figure class=\"wp-block-table\"><table><tbody><tr><td><strong>Item<\/strong><\/td><td><strong>Capacidade<\/strong><\/td><td><strong>Tamanho do produto<\/strong><\/td><td><strong>PCS\/Caixa<\/strong><\/td><td>N<strong>.W\/PCS<\/strong><\/td><td><strong>G.W\/Caixa<\/strong><\/td><\/tr><tr><td>MYLY017<\/td><td>400ml<\/td><td>8*9*11<\/td><td>80<\/td><td>0.16<\/td><td>18.8<\/td><\/tr><\/tbody><\/table><\/figure>\n\n\n\n<h3 class=\"wp-block-heading\">Custom Travel Coffee Mugs<\/h3>\n\n\n\n<p><strong>Log\u00f3tipo<\/strong>: Custom your brand logo on product and package.<br><strong>Logo Options: <\/strong>Printed logo, laser engraved logo, etc.<br><strong>Padr\u00e3o:<\/strong> Padr\u00f5es de impress\u00e3o <br><strong>Printing Technology:<\/strong> Water transfer printing, silk screen printing, heat transfer printing, sublimation transfer, etc.<br><strong>Embalagem:<\/strong> Color box<br><a href=\"https:\/\/moyahousehold.com\/pt\/solucao-personalizada\/\"><strong>Explore mais pormenores sobre canecas de caf\u00e9 personalizadas.<\/strong><\/a><\/p>\n\n\n\n<div class=\"wp-block-columns is-layout-flex wp-container-core-columns-is-layout-9d6595d7 wp-block-columns-is-layout-flex\">\n<div class=\"wp-block-column is-layout-flow wp-block-column-is-layout-flow\">\n<figure class=\"wp-block-image size-full\"><img decoding=\"async\" width=\"2500\" height=\"2437\" src=\"https:\/\/moyahousehold.com\/wp-content\/uploads\/2024\/06\/Coffee-Mugs-for-the-Office-Display-1.webp\" alt=\"Canecas de caf\u00e9 para o expositor do escrit\u00f3rio (1)\" class=\"wp-image-10832\" srcset=\"https:\/\/moyahousehold.com\/wp-content\/uploads\/2024\/06\/Coffee-Mugs-for-the-Office-Display-1.webp 2500w, https:\/\/moyahousehold.com\/wp-content\/uploads\/2024\/06\/Coffee-Mugs-for-the-Office-Display-1-300x292.webp 300w, https:\/\/moyahousehold.com\/wp-content\/uploads\/2024\/06\/Coffee-Mugs-for-the-Office-Display-1-768x749.webp 768w, https:\/\/moyahousehold.com\/wp-content\/uploads\/2024\/06\/Coffee-Mugs-for-the-Office-Display-1-12x12.webp 12w, https:\/\/moyahousehold.com\/wp-content\/uploads\/2024\/06\/Coffee-Mugs-for-the-Office-Display-1-285x278.webp 285w, https:\/\/moyahousehold.com\/wp-content\/uploads\/2024\/06\/Coffee-Mugs-for-the-Office-Display-1-1600x1560.webp 1600w, https:\/\/moyahousehold.com\/wp-content\/uploads\/2024\/06\/Coffee-Mugs-for-the-Office-Display-1-660x643.webp 660w, https:\/\/moyahousehold.com\/wp-content\/uploads\/2024\/06\/Coffee-Mugs-for-the-Office-Display-1-150x146.webp 150w\" sizes=\"(max-width: 2500px) 100vw, 2500px\" \/><\/figure>\n<\/div>\n\n\n\n<div class=\"wp-block-column is-layout-flow wp-block-column-is-layout-flow\">\n<figure class=\"wp-block-image size-full\"><img decoding=\"async\" width=\"2500\" height=\"2437\" src=\"https:\/\/moyahousehold.com\/wp-content\/uploads\/2024\/06\/Coffee-Mugs-for-the-Office-Display-2.webp\" alt=\"Canecas de caf\u00e9 para o expositor do escrit\u00f3rio (2)\" class=\"wp-image-10833\" srcset=\"https:\/\/moyahousehold.com\/wp-content\/uploads\/2024\/06\/Coffee-Mugs-for-the-Office-Display-2.webp 2500w, https:\/\/moyahousehold.com\/wp-content\/uploads\/2024\/06\/Coffee-Mugs-for-the-Office-Display-2-300x292.webp 300w, https:\/\/moyahousehold.com\/wp-content\/uploads\/2024\/06\/Coffee-Mugs-for-the-Office-Display-2-768x749.webp 768w, https:\/\/moyahousehold.com\/wp-content\/uploads\/2024\/06\/Coffee-Mugs-for-the-Office-Display-2-12x12.webp 12w, https:\/\/moyahousehold.com\/wp-content\/uploads\/2024\/06\/Coffee-Mugs-for-the-Office-Display-2-285x278.webp 285w, https:\/\/moyahousehold.com\/wp-content\/uploads\/2024\/06\/Coffee-Mugs-for-the-Office-Display-2-1600x1560.webp 1600w, https:\/\/moyahousehold.com\/wp-content\/uploads\/2024\/06\/Coffee-Mugs-for-the-Office-Display-2-660x643.webp 660w, https:\/\/moyahousehold.com\/wp-content\/uploads\/2024\/06\/Coffee-Mugs-for-the-Office-Display-2-150x146.webp 150w\" sizes=\"(max-width: 2500px) 100vw, 2500px\" \/><\/figure>\n<\/div>\n<\/div>\n\n\n\n<div class=\"wp-block-columns is-layout-flex wp-container-core-columns-is-layout-9d6595d7 wp-block-columns-is-layout-flex\">\n<div class=\"wp-block-column is-layout-flow wp-block-column-is-layout-flow\">\n<figure class=\"wp-block-image size-full\"><img loading=\"lazy\" decoding=\"async\" width=\"1080\" height=\"1620\" src=\"https:\/\/moyahousehold.com\/wp-content\/uploads\/2024\/06\/LY-\u529e\u516c\u676f-28.jpg\" alt=\"304 stainless steel insulated coffee mugs in beige and white \u2014 perfect for office, home, or coworker moments. Keeps drinks hot or cold for hours.\" class=\"wp-image-12706\" srcset=\"https:\/\/moyahousehold.com\/wp-content\/uploads\/2024\/06\/LY-\u529e\u516c\u676f-28.jpg 1080w, https:\/\/moyahousehold.com\/wp-content\/uploads\/2024\/06\/LY-\u529e\u516c\u676f-28-200x300.jpg 200w, https:\/\/moyahousehold.com\/wp-content\/uploads\/2024\/06\/LY-\u529e\u516c\u676f-28-768x1152.jpg 768w, https:\/\/moyahousehold.com\/wp-content\/uploads\/2024\/06\/LY-\u529e\u516c\u676f-28-8x12.jpg 8w, https:\/\/moyahousehold.com\/wp-content\/uploads\/2024\/06\/LY-\u529e\u516c\u676f-28-285x428.jpg 285w, https:\/\/moyahousehold.com\/wp-content\/uploads\/2024\/06\/LY-\u529e\u516c\u676f-28-440x660.jpg 440w, https:\/\/moyahousehold.com\/wp-content\/uploads\/2024\/06\/LY-\u529e\u516c\u676f-28-100x150.jpg 100w\" sizes=\"(max-width: 1080px) 100vw, 1080px\" \/><\/figure>\n<\/div>\n\n\n\n<div class=\"wp-block-column is-layout-flow wp-block-column-is-layout-flow\">\n<figure class=\"wp-block-image size-full\"><img loading=\"lazy\" decoding=\"async\" width=\"1080\" height=\"1620\" src=\"https:\/\/moyahousehold.com\/wp-content\/uploads\/2024\/06\/LY-\u529e\u516c\u676f-31.jpg\" alt=\"304 stainless steel insulated coffee mugs in beige and white \u2014 perfect for office, home, or coworker moments. Keeps drinks hot or cold for hours.\" class=\"wp-image-12707\" srcset=\"https:\/\/moyahousehold.com\/wp-content\/uploads\/2024\/06\/LY-\u529e\u516c\u676f-31.jpg 1080w, https:\/\/moyahousehold.com\/wp-content\/uploads\/2024\/06\/LY-\u529e\u516c\u676f-31-200x300.jpg 200w, https:\/\/moyahousehold.com\/wp-content\/uploads\/2024\/06\/LY-\u529e\u516c\u676f-31-768x1152.jpg 768w, https:\/\/moyahousehold.com\/wp-content\/uploads\/2024\/06\/LY-\u529e\u516c\u676f-31-8x12.jpg 8w, https:\/\/moyahousehold.com\/wp-content\/uploads\/2024\/06\/LY-\u529e\u516c\u676f-31-285x428.jpg 285w, https:\/\/moyahousehold.com\/wp-content\/uploads\/2024\/06\/LY-\u529e\u516c\u676f-31-440x660.jpg 440w, https:\/\/moyahousehold.com\/wp-content\/uploads\/2024\/06\/LY-\u529e\u516c\u676f-31-100x150.jpg 100w\" sizes=\"(max-width: 1080px) 100vw, 1080px\" \/><\/figure>\n<\/div>\n<\/div>\n\n\n\n<p><\/p>","protected":false},"excerpt":{"rendered":"<p>As canecas de caf\u00e9 por atacado para o escrit\u00f3rio, a s\u00e9rie de canecas de caf\u00e9 de 400 ml por atacado s\u00e3o cuidadosamente projetadas para o ambiente de escrit\u00f3rio moderno, alcan\u00e7ando o equil\u00edbrio perfeito entre estilo, conforto e funcionalidade. Moya oferece servi\u00e7os de venda por atacado a granel e servi\u00e7os completos de personaliza\u00e7\u00e3o OEM\/ODM, incluindo logotipo e embalagem personalizados. Contacte-nos para obter um or\u00e7amento.<\/p>\n<h3>Carater\u00edsticas e vantagens das canecas de caf\u00e9 para o escrit\u00f3rio<\/h3>\n<p><strong>Design bonito:<\/strong> Esta caneca de caf\u00e9 Office est\u00e1 dispon\u00edvel em cores suaves e calmantes de creme e aveia, com um design moderno e simples, o que a torna um belo acess\u00f3rio para a sua secret\u00e1ria.<\/p>\n<p><strong>Seguro e f\u00e1cil de utilizar:<\/strong> Esta caneca de caf\u00e9 Office \u00e9 revestida com a\u00e7o inoxid\u00e1vel 304 de qualidade alimentar para garantir bebidas frias e quentes seguras e higi\u00e9nicas. O revestimento exterior \u00e9 feito de pl\u00e1stico PP de textura mate de alta qualidade, que \u00e9 confort\u00e1vel de segurar.<\/p>\n<p><strong>Adequado para casa e escrit\u00f3rio:<\/strong> Esta caneca de caf\u00e9 combina beleza e praticidade com um estilo moderno, tornando-a perfeita para o lazer em casa ou para o trabalho no escrit\u00f3rio.<\/p>\n<p><strong>Log\u00f3tipo da marca personalizado:<\/strong> O fabricante da caneca de caf\u00e9 MOYA fornece servi\u00e7o OEM, esta caneca de caf\u00e9 suporta impress\u00e3o de log\u00f3tipo personalizado, pode facilmente criar a sua pr\u00f3pria caneca de caf\u00e9.<\/p>\n<p><strong>Servi\u00e7o grossista:<\/strong> O fabricante de canecas de caf\u00e9 MOYA fornece um fornecimento est\u00e1vel de produtos para o seu neg\u00f3cio, e fornece pre\u00e7os de f\u00e1brica e servi\u00e7os de consultoria.<\/p>","protected":false},"featured_media":10836,"comment_status":"closed","ping_status":"closed","template":"","meta":[],"product_cat":[75],"product_tag":[144,145],"class_list":{"0":"post-5606","1":"product","2":"type-product","3":"status-publish","4":"has-post-thumbnail","6":"product_cat-wholesale-stainless-steel-coffee-mug","7":"product_tag-coffee-mug","8":"product_tag-office-mug","10":"first","11":"instock","12":"shipping-taxable","13":"product-type-simple"},"_links":{"self":[{"href":"https:\/\/moyahousehold.com\/pt\/wp-json\/wp\/v2\/product\/5606","targetHints":{"allow":["GET"]}}],"collection":[{"href":"https:\/\/moyahousehold.com\/pt\/wp-json\/wp\/v2\/product"}],"about":[{"href":"https:\/\/moyahousehold.com\/pt\/wp-json\/wp\/v2\/types\/product"}],"replies":[{"embeddable":true,"href":"https:\/\/moyahousehold.com\/pt\/wp-json\/wp\/v2\/comments?post=5606"}],"version-history":[{"count":0,"href":"https:\/\/moyahousehold.com\/pt\/wp-json\/wp\/v2\/product\/5606\/revisions"}],"wp:featuredmedia":[{"embeddable":true,"href":"https:\/\/moyahousehold.com\/pt\/wp-json\/wp\/v2\/media\/10836"}],"wp:attachment":[{"href":"https:\/\/moyahousehold.com\/pt\/wp-json\/wp\/v2\/media?parent=5606"}],"wp:term":[{"taxonomy":"product_cat","embeddable":true,"href":"https:\/\/moyahousehold.com\/pt\/wp-json\/wp\/v2\/product_cat?post=5606"},{"taxonomy":"product_tag","embeddable":true,"href":"https:\/\/moyahousehold.com\/pt\/wp-json\/wp\/v2\/product_tag?post=5606"}],"curies":[{"name":"wp","href":"https:\/\/api.w.org\/{rel}","templated":true}]}}