{"id":5619,"date":"2024-06-10T03:09:01","date_gmt":"2024-06-10T03:09:01","guid":{"rendered":"https:\/\/moyahousehold.com\/?post_type=product&#038;p=5619"},"modified":"2025-04-10T10:08:58","modified_gmt":"2025-04-10T10:08:58","slug":"wholesale-stainless-steel-coffee-cups-280ml-and-550ml","status":"publish","type":"product","link":"https:\/\/moyahousehold.com\/pt\/produto\/wholesale-stainless-steel-coffee-cups-280ml-and-550ml\/","title":{"rendered":"Ch\u00e1venas de caf\u00e9 em a\u00e7o inoxid\u00e1vel por grosso, 280 ml e 550 ml"},"content":{"rendered":"<h2 class=\"wp-block-heading\">Par\u00e2metros das ch\u00e1venas de caf\u00e9 em a\u00e7o inoxid\u00e1vel<\/h2>\n\n\n\n<p><strong>material:<\/strong>304 + PP <strong> cor:<\/strong>Bege\/caqui<\/p>\n\n\n\n<figure class=\"wp-block-table\"><table><tbody><tr><td>N\u00famero do modelo<\/td><td>capacidade<\/td><td>Tamanho do produto<\/td><td>Tamanho da caixa exterior<\/td><td>Quantidade por caixa<\/td><td>N.W<\/td><td>G.W\/Caixa<\/td><\/tr><tr><td>MYLY018<\/td><td>280ml<\/td><td>10.2*5.5*6.5<\/td><td>64*45*53<\/td><td>80<\/td><td>0.16<\/td><td>28.8<\/td><\/tr><tr><td>MYLY019<\/td><td>550ml<\/td><td>12.5*6.5*8.2<\/td><td>68*48*56<\/td><td>80<\/td><td>0.2<\/td><td>18<\/td><\/tr><\/tbody><\/table><\/figure>\n\n\n\n<h3 class=\"wp-block-heading\">Ch\u00e1venas de caf\u00e9 personalizadas<\/h3>\n\n\n\n<p><strong>Log\u00f3tipo: <\/strong>personalizar o log\u00f3tipo da sua marca no produto e na embalagem.<br><strong>Op\u00e7\u00f5es de log\u00f3tipo:<\/strong> log\u00f3tipo impresso, log\u00f3tipo gravado a laser, etc.<br><strong>Padr\u00e3o:<\/strong> Padr\u00f5es de impress\u00e3o <br><strong>Tecnologia de impress\u00e3o:<\/strong> impress\u00e3o por transfer\u00eancia de \u00e1gua, impress\u00e3o por serigrafia, impress\u00e3o por transfer\u00eancia de calor, transfer\u00eancia por sublima\u00e7\u00e3o, etc.<br><strong>Embalagem: <\/strong>caixa de cor<br><a href=\"https:\/\/moyahousehold.com\/pt\/solucao-personalizada\/\"><strong>Saiba mais sobre as solu\u00e7\u00f5es personalizadas para ch\u00e1venas de caf\u00e9.<\/strong><\/a><\/p>\n\n\n\n<div class=\"wp-block-columns is-layout-flex wp-container-core-columns-is-layout-9d6595d7 wp-block-columns-is-layout-flex\">\n<div class=\"wp-block-column is-layout-flow wp-block-column-is-layout-flow\">\n<figure class=\"wp-block-image size-full\"><img fetchpriority=\"high\" decoding=\"async\" width=\"1024\" height=\"1024\" src=\"https:\/\/moyahousehold.com\/wp-content\/uploads\/2024\/06\/280ml-stainless-steel-cup-details.webp\" alt=\"Detalhes do copo de a\u00e7o inoxid\u00e1vel de 280 ml\" class=\"wp-image-10728\" srcset=\"https:\/\/moyahousehold.com\/wp-content\/uploads\/2024\/06\/280ml-stainless-steel-cup-details.webp 1024w, https:\/\/moyahousehold.com\/wp-content\/uploads\/2024\/06\/280ml-stainless-steel-cup-details-300x300.webp 300w, https:\/\/moyahousehold.com\/wp-content\/uploads\/2024\/06\/280ml-stainless-steel-cup-details-150x150.webp 150w, https:\/\/moyahousehold.com\/wp-content\/uploads\/2024\/06\/280ml-stainless-steel-cup-details-768x768.webp 768w, https:\/\/moyahousehold.com\/wp-content\/uploads\/2024\/06\/280ml-stainless-steel-cup-details-12x12.webp 12w, https:\/\/moyahousehold.com\/wp-content\/uploads\/2024\/06\/280ml-stainless-steel-cup-details-285x285.webp 285w, https:\/\/moyahousehold.com\/wp-content\/uploads\/2024\/06\/280ml-stainless-steel-cup-details-270x270.webp 270w, https:\/\/moyahousehold.com\/wp-content\/uploads\/2024\/06\/280ml-stainless-steel-cup-details-540x540.webp 540w, https:\/\/moyahousehold.com\/wp-content\/uploads\/2024\/06\/280ml-stainless-steel-cup-details-660x660.webp 660w\" sizes=\"(max-width: 1024px) 100vw, 1024px\" \/><\/figure>\n<\/div>\n\n\n\n<div class=\"wp-block-column is-layout-flow wp-block-column-is-layout-flow\">\n<figure class=\"wp-block-image size-full\"><img decoding=\"async\" width=\"1024\" height=\"1024\" src=\"https:\/\/moyahousehold.com\/wp-content\/uploads\/2024\/06\/550ml-stainless-steel-cup-details.webp\" alt=\"Detalhes do copo de a\u00e7o inoxid\u00e1vel de 550 ml\" class=\"wp-image-10729\" srcset=\"https:\/\/moyahousehold.com\/wp-content\/uploads\/2024\/06\/550ml-stainless-steel-cup-details.webp 1024w, https:\/\/moyahousehold.com\/wp-content\/uploads\/2024\/06\/550ml-stainless-steel-cup-details-300x300.webp 300w, https:\/\/moyahousehold.com\/wp-content\/uploads\/2024\/06\/550ml-stainless-steel-cup-details-150x150.webp 150w, https:\/\/moyahousehold.com\/wp-content\/uploads\/2024\/06\/550ml-stainless-steel-cup-details-768x768.webp 768w, https:\/\/moyahousehold.com\/wp-content\/uploads\/2024\/06\/550ml-stainless-steel-cup-details-12x12.webp 12w, https:\/\/moyahousehold.com\/wp-content\/uploads\/2024\/06\/550ml-stainless-steel-cup-details-285x285.webp 285w, https:\/\/moyahousehold.com\/wp-content\/uploads\/2024\/06\/550ml-stainless-steel-cup-details-270x270.webp 270w, https:\/\/moyahousehold.com\/wp-content\/uploads\/2024\/06\/550ml-stainless-steel-cup-details-540x540.webp 540w, https:\/\/moyahousehold.com\/wp-content\/uploads\/2024\/06\/550ml-stainless-steel-cup-details-660x660.webp 660w\" sizes=\"(max-width: 1024px) 100vw, 1024px\" \/><\/figure>\n<\/div>\n<\/div>\n\n\n\n<div class=\"wp-block-columns is-layout-flex wp-container-core-columns-is-layout-9d6595d7 wp-block-columns-is-layout-flex\">\n<div class=\"wp-block-column is-layout-flow wp-block-column-is-layout-flow\">\n<figure class=\"wp-block-image size-full\"><img decoding=\"async\" width=\"2000\" height=\"1333\" src=\"https:\/\/moyahousehold.com\/wp-content\/uploads\/2024\/06\/stainless-steel-cup-series-display-1.webp\" alt=\"ecr\u00e3 da s\u00e9rie cup em a\u00e7o inoxid\u00e1vel (1)\" class=\"wp-image-10730\" srcset=\"https:\/\/moyahousehold.com\/wp-content\/uploads\/2024\/06\/stainless-steel-cup-series-display-1.webp 2000w, https:\/\/moyahousehold.com\/wp-content\/uploads\/2024\/06\/stainless-steel-cup-series-display-1-300x200.webp 300w, https:\/\/moyahousehold.com\/wp-content\/uploads\/2024\/06\/stainless-steel-cup-series-display-1-768x512.webp 768w, https:\/\/moyahousehold.com\/wp-content\/uploads\/2024\/06\/stainless-steel-cup-series-display-1-18x12.webp 18w, https:\/\/moyahousehold.com\/wp-content\/uploads\/2024\/06\/stainless-steel-cup-series-display-1-285x190.webp 285w, https:\/\/moyahousehold.com\/wp-content\/uploads\/2024\/06\/stainless-steel-cup-series-display-1-1600x1066.webp 1600w, https:\/\/moyahousehold.com\/wp-content\/uploads\/2024\/06\/stainless-steel-cup-series-display-1-660x440.webp 660w, https:\/\/moyahousehold.com\/wp-content\/uploads\/2024\/06\/stainless-steel-cup-series-display-1-150x100.webp 150w\" sizes=\"(max-width: 2000px) 100vw, 2000px\" \/><\/figure>\n<\/div>\n\n\n\n<div class=\"wp-block-column is-layout-flow wp-block-column-is-layout-flow\">\n<figure class=\"wp-block-image size-full\"><img loading=\"lazy\" decoding=\"async\" width=\"2000\" height=\"1333\" src=\"https:\/\/moyahousehold.com\/wp-content\/uploads\/2024\/06\/stainless-steel-cup-series-display-2.webp\" alt=\"ecr\u00e3 da s\u00e9rie cup em a\u00e7o inoxid\u00e1vel (2)\" class=\"wp-image-10731\" srcset=\"https:\/\/moyahousehold.com\/wp-content\/uploads\/2024\/06\/stainless-steel-cup-series-display-2.webp 2000w, https:\/\/moyahousehold.com\/wp-content\/uploads\/2024\/06\/stainless-steel-cup-series-display-2-300x200.webp 300w, https:\/\/moyahousehold.com\/wp-content\/uploads\/2024\/06\/stainless-steel-cup-series-display-2-768x512.webp 768w, https:\/\/moyahousehold.com\/wp-content\/uploads\/2024\/06\/stainless-steel-cup-series-display-2-18x12.webp 18w, https:\/\/moyahousehold.com\/wp-content\/uploads\/2024\/06\/stainless-steel-cup-series-display-2-285x190.webp 285w, https:\/\/moyahousehold.com\/wp-content\/uploads\/2024\/06\/stainless-steel-cup-series-display-2-1600x1066.webp 1600w, https:\/\/moyahousehold.com\/wp-content\/uploads\/2024\/06\/stainless-steel-cup-series-display-2-660x440.webp 660w, https:\/\/moyahousehold.com\/wp-content\/uploads\/2024\/06\/stainless-steel-cup-series-display-2-150x100.webp 150w\" sizes=\"(max-width: 2000px) 100vw, 2000px\" \/><\/figure>\n<\/div>\n<\/div>\n\n\n\n<div class=\"wp-block-columns is-layout-flex wp-container-core-columns-is-layout-9d6595d7 wp-block-columns-is-layout-flex\">\n<div class=\"wp-block-column is-layout-flow wp-block-column-is-layout-flow\"><\/div>\n\n\n\n<div class=\"wp-block-column is-layout-flow wp-block-column-is-layout-flow\"><\/div>\n<\/div>","protected":false},"excerpt":{"rendered":"<p>Fornecemos servi\u00e7os por grosso de canecas de caf\u00e9 personalizadas a granel com log\u00f3tipos. Podemos imprimir o seu log\u00f3tipo ou marca, e pode escolher impress\u00e3o por transfer\u00eancia de \u00e1gua ou impress\u00e3o a laser. Esta ch\u00e1vena de caf\u00e9 tem um revestimento de a\u00e7o inoxid\u00e1vel de alta qualidade e uma concha feita de material PP. Tem uma forma elegante e \u00e9 adequada para utiliza\u00e7\u00e3o em casa ou no local de trabalho. Bem-vindo a contactar-nos para solu\u00e7\u00f5es personalizadas de ch\u00e1venas de caf\u00e9.<\/p>\n<h3>Carater\u00edsticas e vantagens das ch\u00e1venas de caf\u00e9 em a\u00e7o inoxid\u00e1vel<\/h3>\n<p><strong>Design simples e bonito:<\/strong> O design elegante e moderno \u00e9 perfeito para estilos de vida modernos e adequado para ser colocado em casa ou no escrit\u00f3rio.<\/p>\n<p><strong>Duas op\u00e7\u00f5es de cores:<\/strong> Oferecemos dois estilos, bege e caqui. Os tons suaves e tranquilizantes transmitem uma sensa\u00e7\u00e3o de calma e conforto, criando uma atmosfera confort\u00e1vel.<\/p>\n<p><strong>Material em a\u00e7o inoxid\u00e1vel 304:<\/strong> Fabricado em a\u00e7o inoxid\u00e1vel 304 de qualidade alimentar, garante a sua durabilidade e mant\u00e9m o sabor das bebidas, tendo tamb\u00e9m uma excelente resist\u00eancia \u00e0 corros\u00e3o.<\/p>\n<p><strong>Inv\u00f3lucro em PP com textura fosca:<\/strong> O inv\u00f3lucro \u00e9 feito de material PP e foi concebido com uma textura fosca, que est\u00e1 na moda e \u00e9 pr\u00e1tica, confort\u00e1vel de segurar e reduz o risco de queimaduras.<\/p>\n<p><strong>Servi\u00e7o de impress\u00e3o de log\u00f3tipo personalizado:<\/strong> Fornecemos ch\u00e1venas de caf\u00e9 personalizadas por atacado com log\u00f3tipos de marcas, permitindo \u00e0s empresas criar produtos \u00fanicos que reflectem a sua identidade de marca.<\/p>","protected":false},"featured_media":10724,"comment_status":"closed","ping_status":"closed","template":"","meta":[],"product_cat":[75],"product_tag":[],"class_list":{"0":"post-5619","1":"product","2":"type-product","3":"status-publish","4":"has-post-thumbnail","6":"product_cat-wholesale-stainless-steel-coffee-mug","8":"first","9":"instock","10":"shipping-taxable","11":"product-type-simple"},"_links":{"self":[{"href":"https:\/\/moyahousehold.com\/pt\/wp-json\/wp\/v2\/product\/5619","targetHints":{"allow":["GET"]}}],"collection":[{"href":"https:\/\/moyahousehold.com\/pt\/wp-json\/wp\/v2\/product"}],"about":[{"href":"https:\/\/moyahousehold.com\/pt\/wp-json\/wp\/v2\/types\/product"}],"replies":[{"embeddable":true,"href":"https:\/\/moyahousehold.com\/pt\/wp-json\/wp\/v2\/comments?post=5619"}],"version-history":[{"count":0,"href":"https:\/\/moyahousehold.com\/pt\/wp-json\/wp\/v2\/product\/5619\/revisions"}],"wp:featuredmedia":[{"embeddable":true,"href":"https:\/\/moyahousehold.com\/pt\/wp-json\/wp\/v2\/media\/10724"}],"wp:attachment":[{"href":"https:\/\/moyahousehold.com\/pt\/wp-json\/wp\/v2\/media?parent=5619"}],"wp:term":[{"taxonomy":"product_cat","embeddable":true,"href":"https:\/\/moyahousehold.com\/pt\/wp-json\/wp\/v2\/product_cat?post=5619"},{"taxonomy":"product_tag","embeddable":true,"href":"https:\/\/moyahousehold.com\/pt\/wp-json\/wp\/v2\/product_tag?post=5619"}],"curies":[{"name":"wp","href":"https:\/\/api.w.org\/{rel}","templated":true}]}}