{"id":5631,"date":"2024-06-10T03:23:16","date_gmt":"2024-06-10T03:23:16","guid":{"rendered":"https:\/\/moyahousehold.com\/?post_type=product&#038;p=5631"},"modified":"2025-04-12T07:42:49","modified_gmt":"2025-04-12T07:42:49","slug":"wholesale-stainless-steel-coffee-mugs-in-bulk","status":"publish","type":"product","link":"https:\/\/moyahousehold.com\/pt\/produto\/wholesale-stainless-steel-coffee-mugs-in-bulk\/","title":{"rendered":"Canecas de caf\u00e9 de a\u00e7o inoxid\u00e1vel por atacado a granel, caneca de a\u00e7o inoxid\u00e1vel de parede dupla"},"content":{"rendered":"<h2 class=\"wp-block-heading\">Par\u00e2metros da caneca de caf\u00e9 em a\u00e7o inoxid\u00e1vel<\/h2>\n\n\n\n<p><strong>material:<\/strong>304 + PP <strong> cor:<\/strong>Bege\/caqui<\/p>\n\n\n\n<figure class=\"wp-block-table\"><table><tbody><tr><td>N\u00famero do modelo<\/td><td>capacidade<\/td><td>Tamanho do produto<\/td><td>Tamanho da caixa exterior<\/td><td>Quantidade por caixa<\/td><td>N.W<\/td><td>G.W\/Caixa<\/td><\/tr><tr><td>MYLY020<\/td><td>400ml<\/td><td>8*9*11<\/td><td>62*40*49.5<\/td><td>80<\/td><td>0.16<\/td><td>28.8<\/td><\/tr><\/tbody><\/table><\/figure>\n\n\n\n<h3 class=\"wp-block-heading\">Canecas de caf\u00e9 personalizadas com tampa<\/h3>\n\n\n\n<p><strong>Log\u00f3tipo: <\/strong>Personalize o log\u00f3tipo da sua marca para o produto e a embalagem.<br><strong>Op\u00e7\u00f5es de log\u00f3tipo:<\/strong> log\u00f3tipo impresso, log\u00f3tipo gravado a laser, etc.<br><strong>Padr\u00e3o: <\/strong>Padr\u00f5es de impress\u00e3o <br><strong>Tecnologia de impress\u00e3o:<\/strong> impress\u00e3o por transfer\u00eancia de \u00e1gua, impress\u00e3o serigr\u00e1fica, impress\u00e3o por transfer\u00eancia de calor, transfer\u00eancia por sublima\u00e7\u00e3o, etc.<br><strong>Embalagem: <\/strong>caixa de cor<br><a href=\"https:\/\/moyahousehold.com\/pt\/solucao-personalizada\/\"><strong>Explore mais pormenores sobre canecas de caf\u00e9 personalizadas.<\/strong><\/a><\/p>\n\n\n\n<div class=\"wp-block-columns is-layout-flex wp-container-core-columns-is-layout-9d6595d7 wp-block-columns-is-layout-flex\">\n<div class=\"wp-block-column is-layout-flow wp-block-column-is-layout-flow\">\n<figure class=\"wp-block-image size-full\"><img fetchpriority=\"high\" decoding=\"async\" width=\"2656\" height=\"2657\" src=\"https:\/\/moyahousehold.com\/wp-content\/uploads\/2024\/06\/Stainless-Steel-Coffee-Mug-Details-1-1.webp\" alt=\"Detalhes da caneca de caf\u00e9 em a\u00e7o inoxid\u00e1vel (1)\" class=\"wp-image-10857\" srcset=\"https:\/\/moyahousehold.com\/wp-content\/uploads\/2024\/06\/Stainless-Steel-Coffee-Mug-Details-1-1.webp 2656w, https:\/\/moyahousehold.com\/wp-content\/uploads\/2024\/06\/Stainless-Steel-Coffee-Mug-Details-1-1-300x300.webp 300w, https:\/\/moyahousehold.com\/wp-content\/uploads\/2024\/06\/Stainless-Steel-Coffee-Mug-Details-1-1-150x150.webp 150w, https:\/\/moyahousehold.com\/wp-content\/uploads\/2024\/06\/Stainless-Steel-Coffee-Mug-Details-1-1-768x768.webp 768w, https:\/\/moyahousehold.com\/wp-content\/uploads\/2024\/06\/Stainless-Steel-Coffee-Mug-Details-1-1-12x12.webp 12w, https:\/\/moyahousehold.com\/wp-content\/uploads\/2024\/06\/Stainless-Steel-Coffee-Mug-Details-1-1-285x285.webp 285w, https:\/\/moyahousehold.com\/wp-content\/uploads\/2024\/06\/Stainless-Steel-Coffee-Mug-Details-1-1-1600x1601.webp 1600w, https:\/\/moyahousehold.com\/wp-content\/uploads\/2024\/06\/Stainless-Steel-Coffee-Mug-Details-1-1-270x270.webp 270w, https:\/\/moyahousehold.com\/wp-content\/uploads\/2024\/06\/Stainless-Steel-Coffee-Mug-Details-1-1-540x540.webp 540w, https:\/\/moyahousehold.com\/wp-content\/uploads\/2024\/06\/Stainless-Steel-Coffee-Mug-Details-1-1-660x660.webp 660w\" sizes=\"(max-width: 2656px) 100vw, 2656px\" \/><\/figure>\n<\/div>\n\n\n\n<div class=\"wp-block-column is-layout-flow wp-block-column-is-layout-flow\">\n<figure class=\"wp-block-image size-full\"><img decoding=\"async\" width=\"2656\" height=\"2657\" src=\"https:\/\/moyahousehold.com\/wp-content\/uploads\/2024\/06\/Stainless-Steel-Coffee-Mug-Details-2-1.webp\" alt=\"Detalhes da caneca de caf\u00e9 em a\u00e7o inoxid\u00e1vel (2)\" class=\"wp-image-10858\" srcset=\"https:\/\/moyahousehold.com\/wp-content\/uploads\/2024\/06\/Stainless-Steel-Coffee-Mug-Details-2-1.webp 2656w, https:\/\/moyahousehold.com\/wp-content\/uploads\/2024\/06\/Stainless-Steel-Coffee-Mug-Details-2-1-300x300.webp 300w, https:\/\/moyahousehold.com\/wp-content\/uploads\/2024\/06\/Stainless-Steel-Coffee-Mug-Details-2-1-150x150.webp 150w, https:\/\/moyahousehold.com\/wp-content\/uploads\/2024\/06\/Stainless-Steel-Coffee-Mug-Details-2-1-768x768.webp 768w, https:\/\/moyahousehold.com\/wp-content\/uploads\/2024\/06\/Stainless-Steel-Coffee-Mug-Details-2-1-12x12.webp 12w, https:\/\/moyahousehold.com\/wp-content\/uploads\/2024\/06\/Stainless-Steel-Coffee-Mug-Details-2-1-285x285.webp 285w, https:\/\/moyahousehold.com\/wp-content\/uploads\/2024\/06\/Stainless-Steel-Coffee-Mug-Details-2-1-1600x1601.webp 1600w, https:\/\/moyahousehold.com\/wp-content\/uploads\/2024\/06\/Stainless-Steel-Coffee-Mug-Details-2-1-270x270.webp 270w, https:\/\/moyahousehold.com\/wp-content\/uploads\/2024\/06\/Stainless-Steel-Coffee-Mug-Details-2-1-540x540.webp 540w, https:\/\/moyahousehold.com\/wp-content\/uploads\/2024\/06\/Stainless-Steel-Coffee-Mug-Details-2-1-660x660.webp 660w\" sizes=\"(max-width: 2656px) 100vw, 2656px\" \/><\/figure>\n<\/div>\n<\/div>\n\n\n\n<div class=\"wp-block-columns is-layout-flex wp-container-core-columns-is-layout-9d6595d7 wp-block-columns-is-layout-flex\">\n<div class=\"wp-block-column is-layout-flow wp-block-column-is-layout-flow\">\n<figure class=\"wp-block-image size-full\"><img decoding=\"async\" width=\"3984\" height=\"2656\" src=\"https:\/\/moyahousehold.com\/wp-content\/uploads\/2024\/06\/Coffee-Mugs-Details-1.webp\" alt=\"Detalhes das canecas de caf\u00e9 (1)\" class=\"wp-image-10679\" srcset=\"https:\/\/moyahousehold.com\/wp-content\/uploads\/2024\/06\/Coffee-Mugs-Details-1.webp 3984w, https:\/\/moyahousehold.com\/wp-content\/uploads\/2024\/06\/Coffee-Mugs-Details-1-300x200.webp 300w, https:\/\/moyahousehold.com\/wp-content\/uploads\/2024\/06\/Coffee-Mugs-Details-1-768x512.webp 768w, https:\/\/moyahousehold.com\/wp-content\/uploads\/2024\/06\/Coffee-Mugs-Details-1-18x12.webp 18w, https:\/\/moyahousehold.com\/wp-content\/uploads\/2024\/06\/Coffee-Mugs-Details-1-285x190.webp 285w, https:\/\/moyahousehold.com\/wp-content\/uploads\/2024\/06\/Coffee-Mugs-Details-1-1600x1067.webp 1600w, https:\/\/moyahousehold.com\/wp-content\/uploads\/2024\/06\/Coffee-Mugs-Details-1-660x440.webp 660w, https:\/\/moyahousehold.com\/wp-content\/uploads\/2024\/06\/Coffee-Mugs-Details-1-150x100.webp 150w\" sizes=\"(max-width: 3984px) 100vw, 3984px\" \/><\/figure>\n<\/div>\n\n\n\n<div class=\"wp-block-column is-layout-flow wp-block-column-is-layout-flow\">\n<figure class=\"wp-block-image size-full\"><img loading=\"lazy\" decoding=\"async\" width=\"3984\" height=\"2656\" src=\"https:\/\/moyahousehold.com\/wp-content\/uploads\/2024\/06\/Coffee-Mugs-Details-2.webp\" alt=\"\" class=\"wp-image-10680\" srcset=\"https:\/\/moyahousehold.com\/wp-content\/uploads\/2024\/06\/Coffee-Mugs-Details-2.webp 3984w, https:\/\/moyahousehold.com\/wp-content\/uploads\/2024\/06\/Coffee-Mugs-Details-2-300x200.webp 300w, https:\/\/moyahousehold.com\/wp-content\/uploads\/2024\/06\/Coffee-Mugs-Details-2-768x512.webp 768w, https:\/\/moyahousehold.com\/wp-content\/uploads\/2024\/06\/Coffee-Mugs-Details-2-18x12.webp 18w, https:\/\/moyahousehold.com\/wp-content\/uploads\/2024\/06\/Coffee-Mugs-Details-2-285x190.webp 285w, https:\/\/moyahousehold.com\/wp-content\/uploads\/2024\/06\/Coffee-Mugs-Details-2-1600x1067.webp 1600w, https:\/\/moyahousehold.com\/wp-content\/uploads\/2024\/06\/Coffee-Mugs-Details-2-660x440.webp 660w, https:\/\/moyahousehold.com\/wp-content\/uploads\/2024\/06\/Coffee-Mugs-Details-2-150x100.webp 150w\" sizes=\"(max-width: 3984px) 100vw, 3984px\" \/><\/figure>\n<\/div>\n<\/div>","protected":false},"excerpt":{"rendered":"<p>As canecas de caf\u00e9 de a\u00e7o inoxid\u00e1vel de parede dupla por atacado, com design elegante e moderno, n\u00e3o s\u00f3 podem melhorar a experi\u00eancia de beber do usu\u00e1rio, mas tamb\u00e9m fornecem excelente desempenho de preserva\u00e7\u00e3o de calor. Suporte OEM e ODM, pode ser personalizado de acordo com sua marca ou necessidades de neg\u00f3cios. Contacte-nos para obter um or\u00e7amento.<\/p>\n<h3>Carater\u00edsticas e vantagens das canecas de caf\u00e9 em a\u00e7o inoxid\u00e1vel<\/h3>\n<p><strong>Design minimalista e est\u00e9tico:<\/strong> A caneca de caf\u00e9 em a\u00e7o inoxid\u00e1vel combina simplicidade e beleza, com linhas simples e tons suaves e neutros, que podem ser colocados em salas de estar e caf\u00e9s para trazer harmonia visual.<\/p>\n<p><strong>Estrutura de dupla camada:<\/strong> A caneca de caf\u00e9 em a\u00e7o inoxid\u00e1vel adopta um design de parede dupla, e a parede interior em a\u00e7o inoxid\u00e1vel pode isolar e manter a temperatura ideal da bebida. A camada exterior em PP evita que o calor seja transferido para as m\u00e3os do utilizador.<\/p>\n<p><strong>Pega confort\u00e1vel:<\/strong> A caneca de caf\u00e9 adopta um design ergon\u00f3mico, adapta-se \u00e0 curva natural da m\u00e3o e \u00e9 est\u00e1vel e confort\u00e1vel de segurar.<\/p>\n<p><strong>Servi\u00e7os de venda por grosso e de personaliza\u00e7\u00e3o:<\/strong> Fornecemos servi\u00e7os flex\u00edveis de OEM e ODM para satisfazer as necessidades de promo\u00e7\u00e3o da sua marca. Adequado para retalhistas e grossistas que necessitam de criar uma linha de produtos \u00fanica.<\/p>","protected":false},"featured_media":10861,"comment_status":"closed","ping_status":"closed","template":"","meta":[],"product_cat":[75],"product_tag":[],"class_list":{"0":"post-5631","1":"product","2":"type-product","3":"status-publish","4":"has-post-thumbnail","6":"product_cat-wholesale-stainless-steel-coffee-mug","8":"first","9":"instock","10":"shipping-taxable","11":"product-type-simple"},"_links":{"self":[{"href":"https:\/\/moyahousehold.com\/pt\/wp-json\/wp\/v2\/product\/5631","targetHints":{"allow":["GET"]}}],"collection":[{"href":"https:\/\/moyahousehold.com\/pt\/wp-json\/wp\/v2\/product"}],"about":[{"href":"https:\/\/moyahousehold.com\/pt\/wp-json\/wp\/v2\/types\/product"}],"replies":[{"embeddable":true,"href":"https:\/\/moyahousehold.com\/pt\/wp-json\/wp\/v2\/comments?post=5631"}],"version-history":[{"count":0,"href":"https:\/\/moyahousehold.com\/pt\/wp-json\/wp\/v2\/product\/5631\/revisions"}],"wp:featuredmedia":[{"embeddable":true,"href":"https:\/\/moyahousehold.com\/pt\/wp-json\/wp\/v2\/media\/10861"}],"wp:attachment":[{"href":"https:\/\/moyahousehold.com\/pt\/wp-json\/wp\/v2\/media?parent=5631"}],"wp:term":[{"taxonomy":"product_cat","embeddable":true,"href":"https:\/\/moyahousehold.com\/pt\/wp-json\/wp\/v2\/product_cat?post=5631"},{"taxonomy":"product_tag","embeddable":true,"href":"https:\/\/moyahousehold.com\/pt\/wp-json\/wp\/v2\/product_tag?post=5631"}],"curies":[{"name":"wp","href":"https:\/\/api.w.org\/{rel}","templated":true}]}}