{"id":5644,"date":"2024-06-10T03:35:11","date_gmt":"2024-06-10T03:35:11","guid":{"rendered":"https:\/\/moyahousehold.com\/?post_type=product&#038;p=5644"},"modified":"2025-04-12T08:16:54","modified_gmt":"2025-04-12T08:16:54","slug":"wholesale-insulated-coffee-mugs-with-handles","status":"publish","type":"product","link":"https:\/\/moyahousehold.com\/pt\/produto\/wholesale-insulated-coffee-mugs-with-handles\/","title":{"rendered":"Canecas de caf\u00e9 isoladas por atacado com pegas, canecas de viagem de parede dupla a granel"},"content":{"rendered":"<h2 class=\"wp-block-heading\">Par\u00e2metros das canecas de caf\u00e9 isoladas com pegas<\/h2>\n\n\n\n<p><strong>material:<\/strong>304 + PP <strong> cor:<\/strong>C\u00e1qui\/branco\/amarelo\/bege\/preto<\/p>\n\n\n\n<figure class=\"wp-block-table\"><table><tbody><tr><td>N\u00famero do modelo<\/td><td>capacidade<\/td><td>Tamanho do produto<\/td><td>Tamanho da caixa exterior<\/td><td>Quantidade por caixa<\/td><td>N.W<\/td><td>G.W\/Caixa<\/td><\/tr><tr><td>MYJD106<\/td><td>480ML\/com infusor de ch\u00e1<\/td><td>8.5*8.5*14.2<\/td><td>53*42.5*43<\/td><td>60<\/td><td>0.28&nbsp;<\/td><td>28.8<\/td><\/tr><tr><td>MYJD107<\/td><td>600ML\/com infusor de ch\u00e1<\/td><td>40*49.5<\/td><td>53*42.5*43<\/td><td>60<\/td><td>0.30&nbsp;<\/td><td>29.8<\/td><\/tr><\/tbody><\/table><\/figure>\n\n\n\n<h3 class=\"wp-block-heading\">Canecas de caf\u00e9 isoladas personalizadas<\/h3>\n\n\n\n<p><strong>Log\u00f3tipo: <\/strong>Personalize o log\u00f3tipo da sua marca no produto e na embalagem.<br><strong>Op\u00e7\u00f5es de log\u00f3tipo:<\/strong> log\u00f3tipo impresso, log\u00f3tipo gravado a laser, etc.<br><strong>Padr\u00e3o:<\/strong> Padr\u00f5es de impress\u00e3o <br><strong>Tecnologia de impress\u00e3o:<\/strong> impress\u00e3o por transfer\u00eancia de \u00e1gua, impress\u00e3o serigr\u00e1fica, impress\u00e3o por transfer\u00eancia de calor, transfer\u00eancia por sublima\u00e7\u00e3o, etc.<br><strong>Embalagem:<\/strong> caixa de cor<br><a href=\"https:\/\/moyahousehold.com\/pt\/solucao-personalizada\/\"><strong>Explore mais pormenores sobre canecas de caf\u00e9 personalizadas.<\/strong><\/a><\/p>\n\n\n\n<div class=\"wp-block-columns is-layout-flex wp-container-core-columns-is-layout-9d6595d7 wp-block-columns-is-layout-flex\">\n<div class=\"wp-block-column is-layout-flow wp-block-column-is-layout-flow\">\n<figure class=\"wp-block-image size-full\"><img fetchpriority=\"high\" decoding=\"async\" width=\"2000\" height=\"1999\" src=\"https:\/\/moyahousehold.com\/wp-content\/uploads\/2024\/06\/insulated-coffee-mugs-details-1.webp\" alt=\"detalhes de canecas de caf\u00e9 isoladas (1)\" class=\"wp-image-10790\" srcset=\"https:\/\/moyahousehold.com\/wp-content\/uploads\/2024\/06\/insulated-coffee-mugs-details-1.webp 2000w, https:\/\/moyahousehold.com\/wp-content\/uploads\/2024\/06\/insulated-coffee-mugs-details-1-300x300.webp 300w, https:\/\/moyahousehold.com\/wp-content\/uploads\/2024\/06\/insulated-coffee-mugs-details-1-150x150.webp 150w, https:\/\/moyahousehold.com\/wp-content\/uploads\/2024\/06\/insulated-coffee-mugs-details-1-768x768.webp 768w, https:\/\/moyahousehold.com\/wp-content\/uploads\/2024\/06\/insulated-coffee-mugs-details-1-12x12.webp 12w, https:\/\/moyahousehold.com\/wp-content\/uploads\/2024\/06\/insulated-coffee-mugs-details-1-285x285.webp 285w, https:\/\/moyahousehold.com\/wp-content\/uploads\/2024\/06\/insulated-coffee-mugs-details-1-1600x1599.webp 1600w, https:\/\/moyahousehold.com\/wp-content\/uploads\/2024\/06\/insulated-coffee-mugs-details-1-270x270.webp 270w, https:\/\/moyahousehold.com\/wp-content\/uploads\/2024\/06\/insulated-coffee-mugs-details-1-540x540.webp 540w, https:\/\/moyahousehold.com\/wp-content\/uploads\/2024\/06\/insulated-coffee-mugs-details-1-660x660.webp 660w\" sizes=\"(max-width: 2000px) 100vw, 2000px\" \/><\/figure>\n<\/div>\n\n\n\n<div class=\"wp-block-column is-layout-flow wp-block-column-is-layout-flow\">\n<figure class=\"wp-block-image size-full\"><img decoding=\"async\" width=\"2000\" height=\"1999\" src=\"https:\/\/moyahousehold.com\/wp-content\/uploads\/2024\/06\/insulated-coffee-mugs-details-2.webp\" alt=\"detalhes das canecas de caf\u00e9 isoladas (2)\" class=\"wp-image-10791\" srcset=\"https:\/\/moyahousehold.com\/wp-content\/uploads\/2024\/06\/insulated-coffee-mugs-details-2.webp 2000w, https:\/\/moyahousehold.com\/wp-content\/uploads\/2024\/06\/insulated-coffee-mugs-details-2-300x300.webp 300w, https:\/\/moyahousehold.com\/wp-content\/uploads\/2024\/06\/insulated-coffee-mugs-details-2-150x150.webp 150w, https:\/\/moyahousehold.com\/wp-content\/uploads\/2024\/06\/insulated-coffee-mugs-details-2-768x768.webp 768w, https:\/\/moyahousehold.com\/wp-content\/uploads\/2024\/06\/insulated-coffee-mugs-details-2-12x12.webp 12w, https:\/\/moyahousehold.com\/wp-content\/uploads\/2024\/06\/insulated-coffee-mugs-details-2-285x285.webp 285w, https:\/\/moyahousehold.com\/wp-content\/uploads\/2024\/06\/insulated-coffee-mugs-details-2-1600x1599.webp 1600w, https:\/\/moyahousehold.com\/wp-content\/uploads\/2024\/06\/insulated-coffee-mugs-details-2-270x270.webp 270w, https:\/\/moyahousehold.com\/wp-content\/uploads\/2024\/06\/insulated-coffee-mugs-details-2-540x540.webp 540w, https:\/\/moyahousehold.com\/wp-content\/uploads\/2024\/06\/insulated-coffee-mugs-details-2-660x660.webp 660w\" sizes=\"(max-width: 2000px) 100vw, 2000px\" \/><\/figure>\n<\/div>\n<\/div>\n\n\n\n<div class=\"wp-block-columns is-layout-flex wp-container-core-columns-is-layout-9d6595d7 wp-block-columns-is-layout-flex\">\n<div class=\"wp-block-column is-layout-flow wp-block-column-is-layout-flow\">\n<figure class=\"wp-block-image size-full\"><img decoding=\"async\" width=\"1024\" height=\"1024\" src=\"https:\/\/moyahousehold.com\/wp-content\/uploads\/2024\/06\/insulated-coffee-mug-display-1.webp\" alt=\"expositor de canecas de caf\u00e9 isoladas (1)\" class=\"wp-image-10788\" srcset=\"https:\/\/moyahousehold.com\/wp-content\/uploads\/2024\/06\/insulated-coffee-mug-display-1.webp 1024w, https:\/\/moyahousehold.com\/wp-content\/uploads\/2024\/06\/insulated-coffee-mug-display-1-300x300.webp 300w, https:\/\/moyahousehold.com\/wp-content\/uploads\/2024\/06\/insulated-coffee-mug-display-1-150x150.webp 150w, https:\/\/moyahousehold.com\/wp-content\/uploads\/2024\/06\/insulated-coffee-mug-display-1-768x768.webp 768w, https:\/\/moyahousehold.com\/wp-content\/uploads\/2024\/06\/insulated-coffee-mug-display-1-12x12.webp 12w, https:\/\/moyahousehold.com\/wp-content\/uploads\/2024\/06\/insulated-coffee-mug-display-1-285x285.webp 285w, https:\/\/moyahousehold.com\/wp-content\/uploads\/2024\/06\/insulated-coffee-mug-display-1-270x270.webp 270w, https:\/\/moyahousehold.com\/wp-content\/uploads\/2024\/06\/insulated-coffee-mug-display-1-540x540.webp 540w, https:\/\/moyahousehold.com\/wp-content\/uploads\/2024\/06\/insulated-coffee-mug-display-1-660x660.webp 660w\" sizes=\"(max-width: 1024px) 100vw, 1024px\" \/><\/figure>\n<\/div>\n\n\n\n<div class=\"wp-block-column is-layout-flow wp-block-column-is-layout-flow\">\n<figure class=\"wp-block-image size-full\"><img loading=\"lazy\" decoding=\"async\" width=\"1024\" height=\"1024\" src=\"https:\/\/moyahousehold.com\/wp-content\/uploads\/2024\/06\/insulated-coffee-mug-display-2.webp\" alt=\"expositor de canecas de caf\u00e9 isoladas (2)\" class=\"wp-image-10789\" srcset=\"https:\/\/moyahousehold.com\/wp-content\/uploads\/2024\/06\/insulated-coffee-mug-display-2.webp 1024w, https:\/\/moyahousehold.com\/wp-content\/uploads\/2024\/06\/insulated-coffee-mug-display-2-300x300.webp 300w, https:\/\/moyahousehold.com\/wp-content\/uploads\/2024\/06\/insulated-coffee-mug-display-2-150x150.webp 150w, https:\/\/moyahousehold.com\/wp-content\/uploads\/2024\/06\/insulated-coffee-mug-display-2-768x768.webp 768w, https:\/\/moyahousehold.com\/wp-content\/uploads\/2024\/06\/insulated-coffee-mug-display-2-12x12.webp 12w, https:\/\/moyahousehold.com\/wp-content\/uploads\/2024\/06\/insulated-coffee-mug-display-2-285x285.webp 285w, https:\/\/moyahousehold.com\/wp-content\/uploads\/2024\/06\/insulated-coffee-mug-display-2-270x270.webp 270w, https:\/\/moyahousehold.com\/wp-content\/uploads\/2024\/06\/insulated-coffee-mug-display-2-540x540.webp 540w, https:\/\/moyahousehold.com\/wp-content\/uploads\/2024\/06\/insulated-coffee-mug-display-2-660x660.webp 660w\" sizes=\"(max-width: 1024px) 100vw, 1024px\" \/><\/figure>\n<\/div>\n<\/div>\n\n\n\n<div class=\"wp-block-columns is-layout-flex wp-container-core-columns-is-layout-9d6595d7 wp-block-columns-is-layout-flex\">\n<div class=\"wp-block-column is-layout-flow wp-block-column-is-layout-flow\"><\/div>\n\n\n\n<div class=\"wp-block-column is-layout-flow wp-block-column-is-layout-flow\"><\/div>\n<\/div>\n\n\n\n<div class=\"wp-block-columns is-layout-flex wp-container-core-columns-is-layout-9d6595d7 wp-block-columns-is-layout-flex\">\n<div class=\"wp-block-column is-layout-flow wp-block-column-is-layout-flow\"><\/div>\n\n\n\n<div class=\"wp-block-column is-layout-flow wp-block-column-is-layout-flow\"><\/div>\n<\/div>","protected":false},"excerpt":{"rendered":"<p>Canecas de caf\u00e9 isoladas por atacado com pegas, funcionais, duradouras e elegantes. Estrutura de isolamento de parede dupla para manter a sua bebida \u00e0 temperatura desejada durante muito tempo. Dispon\u00edvel nas op\u00e7\u00f5es de 480 ml e 600 ml, quatro cores elegantes, contacte-nos para obter um or\u00e7amento.<\/p>\n<h3>Carater\u00edsticas e vantagens das canecas de caf\u00e9 isoladas com pegas<\/h3>\n<p><strong>A\u00e7o inoxid\u00e1vel 304 Revestimento interior:<\/strong> Dur\u00e1vel, resistente ao impacto, resistente \u00e0 corros\u00e3o e f\u00e1cil de limpar.<\/p>\n<p><strong>Concha PP de qualidade alimentar:<\/strong> Material seguro, sem BPA, com forte isolamento de dupla camada para bebidas quentes e frias.<\/p>\n<p><strong>Isolamento de camada dupla:<\/strong> Mant\u00e9m a temperatura durante longos per\u00edodos - mant\u00e9m as bebidas quentes ou frias.<\/p>\n<p><strong>Design de f\u00e1cil utiliza\u00e7\u00e3o:<\/strong> As canecas de caf\u00e9 isoladas para venda por grosso t\u00eam uma pega alargada, que \u00e9 confort\u00e1vel de segurar e f\u00e1cil de transportar.<\/p>\n<p><strong>Utiliza\u00e7\u00e3o em v\u00e1rias cenas:<\/strong> Perfeito para escrit\u00f3rio, viagens ou utiliza\u00e7\u00e3o no exterior: O design compacto e pr\u00e1tico adapta-se ao seu estilo de vida.<\/p>\n<p><strong>Personaliza\u00e7\u00e3o e apoio ao com\u00e9rcio grossista:<\/strong> As nossas canecas de caf\u00e9 isoladas para venda por grosso s\u00e3o ideais para retalhistas, marcas ou utiliza\u00e7\u00e3o promocional.<\/p>","protected":false},"featured_media":10794,"comment_status":"closed","ping_status":"closed","template":"","meta":[],"product_cat":[75],"product_tag":[],"class_list":{"0":"post-5644","1":"product","2":"type-product","3":"status-publish","4":"has-post-thumbnail","6":"product_cat-wholesale-stainless-steel-coffee-mug","8":"first","9":"instock","10":"shipping-taxable","11":"product-type-simple"},"_links":{"self":[{"href":"https:\/\/moyahousehold.com\/pt\/wp-json\/wp\/v2\/product\/5644","targetHints":{"allow":["GET"]}}],"collection":[{"href":"https:\/\/moyahousehold.com\/pt\/wp-json\/wp\/v2\/product"}],"about":[{"href":"https:\/\/moyahousehold.com\/pt\/wp-json\/wp\/v2\/types\/product"}],"replies":[{"embeddable":true,"href":"https:\/\/moyahousehold.com\/pt\/wp-json\/wp\/v2\/comments?post=5644"}],"version-history":[{"count":0,"href":"https:\/\/moyahousehold.com\/pt\/wp-json\/wp\/v2\/product\/5644\/revisions"}],"wp:featuredmedia":[{"embeddable":true,"href":"https:\/\/moyahousehold.com\/pt\/wp-json\/wp\/v2\/media\/10794"}],"wp:attachment":[{"href":"https:\/\/moyahousehold.com\/pt\/wp-json\/wp\/v2\/media?parent=5644"}],"wp:term":[{"taxonomy":"product_cat","embeddable":true,"href":"https:\/\/moyahousehold.com\/pt\/wp-json\/wp\/v2\/product_cat?post=5644"},{"taxonomy":"product_tag","embeddable":true,"href":"https:\/\/moyahousehold.com\/pt\/wp-json\/wp\/v2\/product_tag?post=5644"}],"curies":[{"name":"wp","href":"https:\/\/api.w.org\/{rel}","templated":true}]}}