{"id":5673,"date":"2024-06-10T04:27:12","date_gmt":"2024-06-10T04:27:12","guid":{"rendered":"https:\/\/moyahousehold.com\/?post_type=product&#038;p=5673"},"modified":"2025-05-03T09:17:45","modified_gmt":"2025-05-03T09:17:45","slug":"wholesale-double-wall-travel-mugs","status":"publish","type":"product","link":"https:\/\/moyahousehold.com\/pt\/produto\/wholesale-double-wall-travel-mugs\/","title":{"rendered":"Canecas de viagem de parede dupla por atacado, canecas de caf\u00e9 de viagem e de escrit\u00f3rio a granel para venda"},"content":{"rendered":"<h2 class=\"wp-block-heading\">Par\u00e2metros da caneca de viagem de parede dupla<\/h2>\n\n\n\n<p><strong>material:<\/strong>304 + PP <strong> cor:<\/strong>C\u00e1qui\/branco\/amarelo\/bege\/preto<\/p>\n\n\n\n<figure class=\"wp-block-table\"><table><tbody><tr><td>N\u00famero do modelo<\/td><td>capacidade<\/td><td>Tamanho do produto<\/td><td>Tamanho da caixa exterior<\/td><td>Quantidade por caixa<\/td><td>N.W<\/td><td>G.W\/Caixa<\/td><\/tr><tr><td>MYJD106<\/td><td>480ML\/com infusor de ch\u00e1<\/td><td>8.5*8.5*14.2<\/td><td>53*42.5*43<\/td><td>60<\/td><td>0.28&nbsp;<\/td><td>28.8<\/td><\/tr><tr><td>MYJD107<\/td><td>600ML\/com infusor de ch\u00e1<\/td><td>40*49.5<\/td><td>53*42.5*43<\/td><td>60<\/td><td>0.30&nbsp;<\/td><td>29.8<\/td><\/tr><\/tbody><\/table><\/figure>\n\n\n\n<h3 class=\"wp-block-heading\">Canecas de caf\u00e9 isoladas personalizadas<\/h3>\n\n\n\n<p><strong>Log\u00f3tipo:<\/strong> personalizar o log\u00f3tipo da sua marca no produto e na embalagem.<br><strong>Op\u00e7\u00f5es de log\u00f3tipo:<\/strong> log\u00f3tipo impresso, log\u00f3tipo gravado a laser, etc.<br><strong>Padr\u00e3o:<\/strong> Padr\u00f5es de impress\u00e3o <br>Tecnologia de impress\u00e3o: impress\u00e3o por transfer\u00eancia de \u00e1gua, impress\u00e3o por serigrafia, impress\u00e3o por transfer\u00eancia de calor, transfer\u00eancia por sublima\u00e7\u00e3o, etc.<br>Embalagem: caixa a cores<br><a href=\"https:\/\/moyahousehold.com\/pt\/solucao-personalizada\/\"><strong>Explore mais pormenores sobre canecas de caf\u00e9 personalizadas.<\/strong><\/a><\/p>\n\n\n\n<div class=\"wp-block-columns is-layout-flex wp-container-core-columns-is-layout-9d6595d7 wp-block-columns-is-layout-flex\">\n<div class=\"wp-block-column is-layout-flow wp-block-column-is-layout-flow\">\n<figure class=\"wp-block-image size-full\"><img fetchpriority=\"high\" decoding=\"async\" width=\"2000\" height=\"1999\" src=\"https:\/\/moyahousehold.com\/wp-content\/uploads\/2024\/06\/wholesale-stainless-steel-travel-mug-details-1.webp\" alt=\"detalhes da caneca de viagem de a\u00e7o inoxid\u00e1vel por atacado (1)\" class=\"wp-image-10875\" srcset=\"https:\/\/moyahousehold.com\/wp-content\/uploads\/2024\/06\/wholesale-stainless-steel-travel-mug-details-1.webp 2000w, https:\/\/moyahousehold.com\/wp-content\/uploads\/2024\/06\/wholesale-stainless-steel-travel-mug-details-1-300x300.webp 300w, https:\/\/moyahousehold.com\/wp-content\/uploads\/2024\/06\/wholesale-stainless-steel-travel-mug-details-1-150x150.webp 150w, https:\/\/moyahousehold.com\/wp-content\/uploads\/2024\/06\/wholesale-stainless-steel-travel-mug-details-1-768x768.webp 768w, https:\/\/moyahousehold.com\/wp-content\/uploads\/2024\/06\/wholesale-stainless-steel-travel-mug-details-1-12x12.webp 12w, https:\/\/moyahousehold.com\/wp-content\/uploads\/2024\/06\/wholesale-stainless-steel-travel-mug-details-1-285x285.webp 285w, https:\/\/moyahousehold.com\/wp-content\/uploads\/2024\/06\/wholesale-stainless-steel-travel-mug-details-1-1600x1599.webp 1600w, https:\/\/moyahousehold.com\/wp-content\/uploads\/2024\/06\/wholesale-stainless-steel-travel-mug-details-1-270x270.webp 270w, https:\/\/moyahousehold.com\/wp-content\/uploads\/2024\/06\/wholesale-stainless-steel-travel-mug-details-1-540x540.webp 540w, https:\/\/moyahousehold.com\/wp-content\/uploads\/2024\/06\/wholesale-stainless-steel-travel-mug-details-1-660x660.webp 660w\" sizes=\"(max-width: 2000px) 100vw, 2000px\" \/><\/figure>\n<\/div>\n\n\n\n<div class=\"wp-block-column is-layout-flow wp-block-column-is-layout-flow\">\n<figure class=\"wp-block-image size-full\"><img decoding=\"async\" width=\"2000\" height=\"1999\" src=\"https:\/\/moyahousehold.com\/wp-content\/uploads\/2024\/06\/wholesale-stainless-steel-travel-mug-details-2.webp\" alt=\"detalhes da caneca de viagem de a\u00e7o inoxid\u00e1vel por atacado (2)\" class=\"wp-image-10876\" srcset=\"https:\/\/moyahousehold.com\/wp-content\/uploads\/2024\/06\/wholesale-stainless-steel-travel-mug-details-2.webp 2000w, https:\/\/moyahousehold.com\/wp-content\/uploads\/2024\/06\/wholesale-stainless-steel-travel-mug-details-2-300x300.webp 300w, https:\/\/moyahousehold.com\/wp-content\/uploads\/2024\/06\/wholesale-stainless-steel-travel-mug-details-2-150x150.webp 150w, https:\/\/moyahousehold.com\/wp-content\/uploads\/2024\/06\/wholesale-stainless-steel-travel-mug-details-2-768x768.webp 768w, https:\/\/moyahousehold.com\/wp-content\/uploads\/2024\/06\/wholesale-stainless-steel-travel-mug-details-2-12x12.webp 12w, https:\/\/moyahousehold.com\/wp-content\/uploads\/2024\/06\/wholesale-stainless-steel-travel-mug-details-2-285x285.webp 285w, https:\/\/moyahousehold.com\/wp-content\/uploads\/2024\/06\/wholesale-stainless-steel-travel-mug-details-2-1600x1599.webp 1600w, https:\/\/moyahousehold.com\/wp-content\/uploads\/2024\/06\/wholesale-stainless-steel-travel-mug-details-2-270x270.webp 270w, https:\/\/moyahousehold.com\/wp-content\/uploads\/2024\/06\/wholesale-stainless-steel-travel-mug-details-2-540x540.webp 540w, https:\/\/moyahousehold.com\/wp-content\/uploads\/2024\/06\/wholesale-stainless-steel-travel-mug-details-2-660x660.webp 660w\" sizes=\"(max-width: 2000px) 100vw, 2000px\" \/><\/figure>\n<\/div>\n<\/div>\n\n\n\n<div class=\"wp-block-columns is-layout-flex wp-container-core-columns-is-layout-9d6595d7 wp-block-columns-is-layout-flex\">\n<div class=\"wp-block-column is-layout-flow wp-block-column-is-layout-flow\">\n<figure class=\"wp-block-image size-full\"><img decoding=\"async\" width=\"1024\" height=\"1024\" src=\"https:\/\/moyahousehold.com\/wp-content\/uploads\/2024\/06\/stainless-steel-travel-mug-details-1.webp\" alt=\"detalhes da caneca de viagem em a\u00e7o inoxid\u00e1vel (1)\" class=\"wp-image-10867\" srcset=\"https:\/\/moyahousehold.com\/wp-content\/uploads\/2024\/06\/stainless-steel-travel-mug-details-1.webp 1024w, https:\/\/moyahousehold.com\/wp-content\/uploads\/2024\/06\/stainless-steel-travel-mug-details-1-300x300.webp 300w, https:\/\/moyahousehold.com\/wp-content\/uploads\/2024\/06\/stainless-steel-travel-mug-details-1-150x150.webp 150w, https:\/\/moyahousehold.com\/wp-content\/uploads\/2024\/06\/stainless-steel-travel-mug-details-1-768x768.webp 768w, https:\/\/moyahousehold.com\/wp-content\/uploads\/2024\/06\/stainless-steel-travel-mug-details-1-12x12.webp 12w, https:\/\/moyahousehold.com\/wp-content\/uploads\/2024\/06\/stainless-steel-travel-mug-details-1-285x285.webp 285w, https:\/\/moyahousehold.com\/wp-content\/uploads\/2024\/06\/stainless-steel-travel-mug-details-1-270x270.webp 270w, https:\/\/moyahousehold.com\/wp-content\/uploads\/2024\/06\/stainless-steel-travel-mug-details-1-540x540.webp 540w, https:\/\/moyahousehold.com\/wp-content\/uploads\/2024\/06\/stainless-steel-travel-mug-details-1-660x660.webp 660w\" sizes=\"(max-width: 1024px) 100vw, 1024px\" \/><\/figure>\n<\/div>\n\n\n\n<div class=\"wp-block-column is-layout-flow wp-block-column-is-layout-flow\">\n<figure class=\"wp-block-image size-full\"><img loading=\"lazy\" decoding=\"async\" width=\"1024\" height=\"1024\" src=\"https:\/\/moyahousehold.com\/wp-content\/uploads\/2024\/06\/stainless-steel-travel-mug-details-2.webp\" alt=\"detalhes da caneca de viagem em a\u00e7o inoxid\u00e1vel (2)\" class=\"wp-image-10868\" srcset=\"https:\/\/moyahousehold.com\/wp-content\/uploads\/2024\/06\/stainless-steel-travel-mug-details-2.webp 1024w, https:\/\/moyahousehold.com\/wp-content\/uploads\/2024\/06\/stainless-steel-travel-mug-details-2-300x300.webp 300w, https:\/\/moyahousehold.com\/wp-content\/uploads\/2024\/06\/stainless-steel-travel-mug-details-2-150x150.webp 150w, https:\/\/moyahousehold.com\/wp-content\/uploads\/2024\/06\/stainless-steel-travel-mug-details-2-768x768.webp 768w, https:\/\/moyahousehold.com\/wp-content\/uploads\/2024\/06\/stainless-steel-travel-mug-details-2-12x12.webp 12w, https:\/\/moyahousehold.com\/wp-content\/uploads\/2024\/06\/stainless-steel-travel-mug-details-2-285x285.webp 285w, https:\/\/moyahousehold.com\/wp-content\/uploads\/2024\/06\/stainless-steel-travel-mug-details-2-270x270.webp 270w, https:\/\/moyahousehold.com\/wp-content\/uploads\/2024\/06\/stainless-steel-travel-mug-details-2-540x540.webp 540w, https:\/\/moyahousehold.com\/wp-content\/uploads\/2024\/06\/stainless-steel-travel-mug-details-2-660x660.webp 660w\" sizes=\"(max-width: 1024px) 100vw, 1024px\" \/><\/figure>\n<\/div>\n<\/div>","protected":false},"excerpt":{"rendered":"<p>As canecas de viagem de a\u00e7o inoxid\u00e1vel por atacado com pega, t\u00eam um aspeto moderno e profissional que aumenta o seu apelo nas prateleiras de retalho, mercadoria de marca e brindes promocionais. Suporte OEM e ODM, bem-vindo compradores B2B para nos contactar para cota\u00e7\u00f5es.<\/p>\n<h3>Carater\u00edsticas e vantagens da caneca de viagem de parede dupla<\/h3>\n<p><strong>Grande selo:<\/strong> As canecas de viagem t\u00eam um anel de silicone incorporado na tampa, selando a caneca \u00e0 prova de fugas e derrames.<\/p>\n<p><strong>Design flip-top:<\/strong> A tampa segura com abertura flip-top \u00e9 f\u00e1cil de utilizar com uma m\u00e3o e minimiza os derrames, perfeita para profissionais de escrit\u00f3rio ocupados.<\/p>\n<p><strong>Pega grande para uma f\u00e1cil ader\u00eancia:<\/strong> A pega foi ergonomicamente concebida para ser grande e f\u00e1cil de agarrar, ideal para utilizadores de todas as idades e mais adequada para utiliza\u00e7\u00e3o em casa e no escrit\u00f3rio.<\/p>\n<p><strong>Cen\u00e1rios de utiliza\u00e7\u00e3o m\u00faltipla:<\/strong> O design de estilo de vida satisfaz as necessidades de estilo de vida de diferentes grupos de clientes, incluindo escrit\u00f3rio, viagens ao ar livre e utiliza\u00e7\u00e3o dom\u00e9stica.<\/p>\n<p><strong>Servi\u00e7o grossista:<\/strong> O fornecedor da caneca de caf\u00e9 MOYA fornece um fornecimento est\u00e1vel de mercadorias, personaliza\u00e7\u00e3o OEM e ODM e pre\u00e7o de f\u00e1brica, e encontra-se com compradores B2B para compras a granel.<\/p>","protected":false},"featured_media":10871,"comment_status":"closed","ping_status":"closed","template":"","meta":[],"product_cat":[75],"product_tag":[],"class_list":{"0":"post-5673","1":"product","2":"type-product","3":"status-publish","4":"has-post-thumbnail","6":"product_cat-wholesale-stainless-steel-coffee-mug","8":"first","9":"instock","10":"shipping-taxable","11":"product-type-simple"},"_links":{"self":[{"href":"https:\/\/moyahousehold.com\/pt\/wp-json\/wp\/v2\/product\/5673","targetHints":{"allow":["GET"]}}],"collection":[{"href":"https:\/\/moyahousehold.com\/pt\/wp-json\/wp\/v2\/product"}],"about":[{"href":"https:\/\/moyahousehold.com\/pt\/wp-json\/wp\/v2\/types\/product"}],"replies":[{"embeddable":true,"href":"https:\/\/moyahousehold.com\/pt\/wp-json\/wp\/v2\/comments?post=5673"}],"version-history":[{"count":0,"href":"https:\/\/moyahousehold.com\/pt\/wp-json\/wp\/v2\/product\/5673\/revisions"}],"wp:featuredmedia":[{"embeddable":true,"href":"https:\/\/moyahousehold.com\/pt\/wp-json\/wp\/v2\/media\/10871"}],"wp:attachment":[{"href":"https:\/\/moyahousehold.com\/pt\/wp-json\/wp\/v2\/media?parent=5673"}],"wp:term":[{"taxonomy":"product_cat","embeddable":true,"href":"https:\/\/moyahousehold.com\/pt\/wp-json\/wp\/v2\/product_cat?post=5673"},{"taxonomy":"product_tag","embeddable":true,"href":"https:\/\/moyahousehold.com\/pt\/wp-json\/wp\/v2\/product_tag?post=5673"}],"curies":[{"name":"wp","href":"https:\/\/api.w.org\/{rel}","templated":true}]}}