{"id":5684,"date":"2024-06-10T04:42:54","date_gmt":"2024-06-10T04:42:54","guid":{"rendered":"https:\/\/moyahousehold.com\/?post_type=product&#038;p=5684"},"modified":"2025-04-12T04:08:11","modified_gmt":"2025-04-12T04:08:11","slug":"wholesale-insulated-soup-container","status":"publish","type":"product","link":"https:\/\/moyahousehold.com\/pt\/produto\/wholesale-insulated-soup-container\/","title":{"rendered":"Recipiente de sopa isolado por atacado, frascos de comida isolados com estilo OEM, 480ML e 600ML"},"content":{"rendered":"<h3 class=\"wp-block-heading\">Par\u00e2metros do recipiente isolado para sopa<\/h3>\n\n\n\n<p><strong>material:<\/strong>304 + PP <strong> cor:<\/strong>Bege\/caqui<\/p>\n\n\n\n<figure class=\"wp-block-table\"><table><tbody><tr><td>N\u00famero do modelo<\/td><td>Capacidade<\/td><td>Tamanho do produto<\/td><td>Tamanho da caixa exterior<\/td><td>Quantidade por caixa<\/td><td>N.W<\/td><td>G.W\/Caixa<\/td><\/tr><tr><td>MYJD014<\/td><td>480ml<br>\uff08com colher PP\uff09<\/td><td>8.5*8.9*13.8<\/td><td>53*42.5*43<\/td><td>60<\/td><td>0.37&nbsp;<\/td><td>19<\/td><\/tr><tr><td>MYJD015<\/td><td>600ml<br>\uff08com colher PP\uff09<\/td><td>8.5*8.9*15<\/td><td>43*42*49<\/td><td>48<\/td><td>0.40&nbsp;<\/td><td>18<\/td><\/tr><\/tbody><\/table><\/figure>\n\n\n\n<h3 class=\"wp-block-heading\">Canecas de caf\u00e9 isoladas personalizadas <\/h3>\n\n\n\n<p><strong>Log\u00f3tipo:<\/strong> Personalize o log\u00f3tipo da sua marca no produto e na embalagem.<br><strong>Op\u00e7\u00f5es de log\u00f3tipo:<\/strong> log\u00f3tipo impresso, log\u00f3tipo gravado a laser, etc.<br><strong>Padr\u00e3o:<\/strong> Padr\u00f5es de impress\u00e3o <br><strong>Tecnologia de impress\u00e3o: <\/strong>impress\u00e3o por transfer\u00eancia de \u00e1gua, impress\u00e3o serigr\u00e1fica, impress\u00e3o por transfer\u00eancia de calor, transfer\u00eancia por sublima\u00e7\u00e3o, etc.<br>Embalagem: caixa a cores<br><a href=\"https:\/\/moyahousehold.com\/pt\/solucao-personalizada\/\"><strong>Explore mais pormenores sobre contentores isolados personalizados.<\/strong><\/a><\/p>\n\n\n\n<div class=\"wp-block-columns is-layout-flex wp-container-core-columns-is-layout-9d6595d7 wp-block-columns-is-layout-flex\">\n<div class=\"wp-block-column is-layout-flow wp-block-column-is-layout-flow\">\n<figure class=\"wp-block-image size-full\"><img fetchpriority=\"high\" decoding=\"async\" width=\"2500\" height=\"2500\" src=\"https:\/\/moyahousehold.com\/wp-content\/uploads\/2024\/06\/Insualted-Soup-Container-Dispaly-1.webp\" alt=\"Disposi\u00e7\u00e3o de recipientes de sopa isolados (1)\" class=\"wp-image-10806\" srcset=\"https:\/\/moyahousehold.com\/wp-content\/uploads\/2024\/06\/Insualted-Soup-Container-Dispaly-1.webp 2500w, https:\/\/moyahousehold.com\/wp-content\/uploads\/2024\/06\/Insualted-Soup-Container-Dispaly-1-300x300.webp 300w, https:\/\/moyahousehold.com\/wp-content\/uploads\/2024\/06\/Insualted-Soup-Container-Dispaly-1-150x150.webp 150w, https:\/\/moyahousehold.com\/wp-content\/uploads\/2024\/06\/Insualted-Soup-Container-Dispaly-1-768x768.webp 768w, https:\/\/moyahousehold.com\/wp-content\/uploads\/2024\/06\/Insualted-Soup-Container-Dispaly-1-12x12.webp 12w, https:\/\/moyahousehold.com\/wp-content\/uploads\/2024\/06\/Insualted-Soup-Container-Dispaly-1-285x285.webp 285w, https:\/\/moyahousehold.com\/wp-content\/uploads\/2024\/06\/Insualted-Soup-Container-Dispaly-1-1600x1600.webp 1600w, https:\/\/moyahousehold.com\/wp-content\/uploads\/2024\/06\/Insualted-Soup-Container-Dispaly-1-270x270.webp 270w, https:\/\/moyahousehold.com\/wp-content\/uploads\/2024\/06\/Insualted-Soup-Container-Dispaly-1-540x540.webp 540w, https:\/\/moyahousehold.com\/wp-content\/uploads\/2024\/06\/Insualted-Soup-Container-Dispaly-1-660x660.webp 660w\" sizes=\"(max-width: 2500px) 100vw, 2500px\" \/><\/figure>\n<\/div>\n\n\n\n<div class=\"wp-block-column is-layout-flow wp-block-column-is-layout-flow\">\n<figure class=\"wp-block-image size-full\"><img decoding=\"async\" width=\"2500\" height=\"2500\" src=\"https:\/\/moyahousehold.com\/wp-content\/uploads\/2024\/06\/Insualted-Soup-Container-Dispaly-2.webp\" alt=\"\" class=\"wp-image-10807\" srcset=\"https:\/\/moyahousehold.com\/wp-content\/uploads\/2024\/06\/Insualted-Soup-Container-Dispaly-2.webp 2500w, https:\/\/moyahousehold.com\/wp-content\/uploads\/2024\/06\/Insualted-Soup-Container-Dispaly-2-300x300.webp 300w, https:\/\/moyahousehold.com\/wp-content\/uploads\/2024\/06\/Insualted-Soup-Container-Dispaly-2-150x150.webp 150w, https:\/\/moyahousehold.com\/wp-content\/uploads\/2024\/06\/Insualted-Soup-Container-Dispaly-2-768x768.webp 768w, https:\/\/moyahousehold.com\/wp-content\/uploads\/2024\/06\/Insualted-Soup-Container-Dispaly-2-12x12.webp 12w, https:\/\/moyahousehold.com\/wp-content\/uploads\/2024\/06\/Insualted-Soup-Container-Dispaly-2-285x285.webp 285w, https:\/\/moyahousehold.com\/wp-content\/uploads\/2024\/06\/Insualted-Soup-Container-Dispaly-2-1600x1600.webp 1600w, https:\/\/moyahousehold.com\/wp-content\/uploads\/2024\/06\/Insualted-Soup-Container-Dispaly-2-270x270.webp 270w, https:\/\/moyahousehold.com\/wp-content\/uploads\/2024\/06\/Insualted-Soup-Container-Dispaly-2-540x540.webp 540w, https:\/\/moyahousehold.com\/wp-content\/uploads\/2024\/06\/Insualted-Soup-Container-Dispaly-2-660x660.webp 660w\" sizes=\"(max-width: 2500px) 100vw, 2500px\" \/><\/figure>\n<\/div>\n<\/div>\n\n\n\n<div class=\"wp-block-columns is-layout-flex wp-container-core-columns-is-layout-9d6595d7 wp-block-columns-is-layout-flex\">\n<div class=\"wp-block-column is-layout-flow wp-block-column-is-layout-flow\">\n<figure class=\"wp-block-image size-full\"><img decoding=\"async\" width=\"1024\" height=\"1024\" src=\"https:\/\/moyahousehold.com\/wp-content\/uploads\/2024\/06\/Insualted-Soup-Container-Details-1.webp\" alt=\"Detalhes do recipiente de sopa isolado (1)\" class=\"wp-image-10804\" srcset=\"https:\/\/moyahousehold.com\/wp-content\/uploads\/2024\/06\/Insualted-Soup-Container-Details-1.webp 1024w, https:\/\/moyahousehold.com\/wp-content\/uploads\/2024\/06\/Insualted-Soup-Container-Details-1-300x300.webp 300w, https:\/\/moyahousehold.com\/wp-content\/uploads\/2024\/06\/Insualted-Soup-Container-Details-1-150x150.webp 150w, https:\/\/moyahousehold.com\/wp-content\/uploads\/2024\/06\/Insualted-Soup-Container-Details-1-768x768.webp 768w, https:\/\/moyahousehold.com\/wp-content\/uploads\/2024\/06\/Insualted-Soup-Container-Details-1-12x12.webp 12w, https:\/\/moyahousehold.com\/wp-content\/uploads\/2024\/06\/Insualted-Soup-Container-Details-1-285x285.webp 285w, https:\/\/moyahousehold.com\/wp-content\/uploads\/2024\/06\/Insualted-Soup-Container-Details-1-270x270.webp 270w, https:\/\/moyahousehold.com\/wp-content\/uploads\/2024\/06\/Insualted-Soup-Container-Details-1-540x540.webp 540w, https:\/\/moyahousehold.com\/wp-content\/uploads\/2024\/06\/Insualted-Soup-Container-Details-1-660x660.webp 660w\" sizes=\"(max-width: 1024px) 100vw, 1024px\" \/><\/figure>\n<\/div>\n\n\n\n<div class=\"wp-block-column is-layout-flow wp-block-column-is-layout-flow\">\n<figure class=\"wp-block-image size-full\"><img loading=\"lazy\" decoding=\"async\" width=\"1024\" height=\"1024\" src=\"https:\/\/moyahousehold.com\/wp-content\/uploads\/2024\/06\/Insualted-Soup-Container-Details-2.webp\" alt=\"Detalhes do recipiente de sopa isolado (2)\" class=\"wp-image-10805\" srcset=\"https:\/\/moyahousehold.com\/wp-content\/uploads\/2024\/06\/Insualted-Soup-Container-Details-2.webp 1024w, https:\/\/moyahousehold.com\/wp-content\/uploads\/2024\/06\/Insualted-Soup-Container-Details-2-300x300.webp 300w, https:\/\/moyahousehold.com\/wp-content\/uploads\/2024\/06\/Insualted-Soup-Container-Details-2-150x150.webp 150w, https:\/\/moyahousehold.com\/wp-content\/uploads\/2024\/06\/Insualted-Soup-Container-Details-2-768x768.webp 768w, https:\/\/moyahousehold.com\/wp-content\/uploads\/2024\/06\/Insualted-Soup-Container-Details-2-12x12.webp 12w, https:\/\/moyahousehold.com\/wp-content\/uploads\/2024\/06\/Insualted-Soup-Container-Details-2-285x285.webp 285w, https:\/\/moyahousehold.com\/wp-content\/uploads\/2024\/06\/Insualted-Soup-Container-Details-2-270x270.webp 270w, https:\/\/moyahousehold.com\/wp-content\/uploads\/2024\/06\/Insualted-Soup-Container-Details-2-540x540.webp 540w, https:\/\/moyahousehold.com\/wp-content\/uploads\/2024\/06\/Insualted-Soup-Container-Details-2-660x660.webp 660w\" sizes=\"(max-width: 1024px) 100vw, 1024px\" \/><\/figure>\n<\/div>\n<\/div>\n\n\n\n<p><\/p>","protected":false},"excerpt":{"rendered":"<p>O recipiente de sopa isolado por atacado, com excelente desempenho de isolamento, pode manter os alimentos quentes ou frios durante horas. Apoiamos a personaliza\u00e7\u00e3o OEM, incluindo a adi\u00e7\u00e3o do log\u00f3tipo da sua marca, cor personalizada, embalagem e design. Os grossistas, retalhistas e distribuidores s\u00e3o bem-vindos a contactar-nos.<\/p>\n<h3>Carater\u00edsticas e vantagens do recipiente isolado para sopa<\/h3>\n<p><strong>Utiliza\u00e7\u00e3o f\u00e1cil com uma s\u00f3 m\u00e3o:<\/strong> O recipiente de sopa isolado \u00e9 f\u00e1cil de segurar com uma m\u00e3o e \u00e9 tamb\u00e9m extremamente confort\u00e1vel beber da pr\u00f3pria panela sem uma colher de sopa.<\/p>\n<p><strong>Tampa \u00e0 prova de fugas:<\/strong> A tampa tem um anel de veda\u00e7\u00e3o de silicone de qualidade superior inclu\u00eddo para uma prote\u00e7\u00e3o extra contra fugas.<\/p>\n<p><strong>Acess\u00f3rios pr\u00e1ticos:<\/strong> O recipiente isolado para sopa inclui uma colher dobr\u00e1vel PP integrada, perfeita para mexer e saborear sopa ou comida instant\u00e2nea em viagem.<\/p>\n<p><strong>Estilo elegante inspirado no caf\u00e9:<\/strong> O aspeto elegante em tons de caf\u00e9 cria um espa\u00e7o de vida suave e moderno, perfeito para utiliza\u00e7\u00e3o di\u00e1ria.<\/p>\n<p><strong>Isolamento t\u00e9rmico superior:<\/strong> O recipiente para sopas com isolamento de camada dupla mant\u00e9m as bebidas e sopas quentes ou frias durante um longo per\u00edodo de tempo.<\/p>\n<p><strong>Servi\u00e7o de personaliza\u00e7\u00e3o:<\/strong> Dispon\u00edvel em servi\u00e7os de personaliza\u00e7\u00e3o por atacado, OEM e ODM para produzir os seus pr\u00f3prios copos ou recipientes de caf\u00e9 isolados de marca.<\/p>","protected":false},"featured_media":10800,"comment_status":"closed","ping_status":"closed","template":"","meta":[],"product_cat":[75],"product_tag":[],"class_list":{"0":"post-5684","1":"product","2":"type-product","3":"status-publish","4":"has-post-thumbnail","6":"product_cat-wholesale-stainless-steel-coffee-mug","8":"first","9":"instock","10":"shipping-taxable","11":"product-type-simple"},"_links":{"self":[{"href":"https:\/\/moyahousehold.com\/pt\/wp-json\/wp\/v2\/product\/5684","targetHints":{"allow":["GET"]}}],"collection":[{"href":"https:\/\/moyahousehold.com\/pt\/wp-json\/wp\/v2\/product"}],"about":[{"href":"https:\/\/moyahousehold.com\/pt\/wp-json\/wp\/v2\/types\/product"}],"replies":[{"embeddable":true,"href":"https:\/\/moyahousehold.com\/pt\/wp-json\/wp\/v2\/comments?post=5684"}],"version-history":[{"count":0,"href":"https:\/\/moyahousehold.com\/pt\/wp-json\/wp\/v2\/product\/5684\/revisions"}],"wp:featuredmedia":[{"embeddable":true,"href":"https:\/\/moyahousehold.com\/pt\/wp-json\/wp\/v2\/media\/10800"}],"wp:attachment":[{"href":"https:\/\/moyahousehold.com\/pt\/wp-json\/wp\/v2\/media?parent=5684"}],"wp:term":[{"taxonomy":"product_cat","embeddable":true,"href":"https:\/\/moyahousehold.com\/pt\/wp-json\/wp\/v2\/product_cat?post=5684"},{"taxonomy":"product_tag","embeddable":true,"href":"https:\/\/moyahousehold.com\/pt\/wp-json\/wp\/v2\/product_tag?post=5684"}],"curies":[{"name":"wp","href":"https:\/\/api.w.org\/{rel}","templated":true}]}}