{"id":5697,"date":"2024-06-10T04:55:04","date_gmt":"2024-06-10T04:55:04","guid":{"rendered":"https:\/\/moyahousehold.com\/?post_type=product&#038;p=5697"},"modified":"2025-02-05T07:28:28","modified_gmt":"2025-02-05T07:28:28","slug":"wholesale-insulated-stainless-steel-food-jars","status":"publish","type":"product","link":"https:\/\/moyahousehold.com\/pt\/produto\/wholesale-insulated-stainless-steel-food-jars\/","title":{"rendered":"Frascos de alimentos de a\u00e7o inoxid\u00e1vel isolados por atacado: Design compacto, f\u00e1cil de transportar"},"content":{"rendered":"<h3 class=\"wp-block-heading\">Par\u00e2metros do frasco de a\u00e7o inoxid\u00e1vel isolado para alimentos<\/h3>\n\n\n\n<p><strong>material:<\/strong>304 + PP <strong> cor:<\/strong>Bege\/caqui<\/p>\n\n\n\n<figure class=\"wp-block-table\"><table><tbody><tr><td>N\u00famero do modelo<\/td><td>Capacidade<\/td><td>Tamanho do produto<\/td><td>Tamanho da caixa exterior<\/td><td>Quantidade por caixa<\/td><td>N.W<\/td><td>G.W\/Caixa<\/td><\/tr><tr><td>MYLY001<\/td><td>Camada \u00fanica 420ml<\/td><td>8.2*8.2*13<\/td><td>55*44*52<\/td><td>60<\/td><td>0.23<\/td><td>16<\/td><\/tr><tr><td>MYLY002<\/td><td>Camadas duplas 620ml<\/td><td>8.2*8.2*17<\/td><td>55*44*63<\/td><td>60<\/td><td>0.34<\/td><td>23<\/td><\/tr><\/tbody><\/table><\/figure>\n\n\n\n<h3 class=\"wp-block-heading\">Frasco para alimentos em a\u00e7o inoxid\u00e1vel com isolamento personalizado<\/h3>\n\n\n\n<p><strong>Log\u00f3tipo: <\/strong>personalizar o log\u00f3tipo da sua marca no frasco e na embalagem.<br><strong>Op\u00e7\u00f5es de log\u00f3tipo:<\/strong> log\u00f3tipo impresso, log\u00f3tipo gravado a laser, etc.<br><strong>Padr\u00e3o: <\/strong>padr\u00f5es de impress\u00e3o <br><strong>Tecnologia de impress\u00e3o:<\/strong> impress\u00e3o por transfer\u00eancia de \u00e1gua, impress\u00e3o por serigrafia, impress\u00e3o por transfer\u00eancia de calor, transfer\u00eancia por sublima\u00e7\u00e3o, etc.<br><strong>Embalagem:<\/strong>caixa de cor<br><a href=\"https:\/\/moyahousehold.com\/pt\/solucao-personalizada\/\" target=\"_blank\" rel=\"noreferrer noopener\"><strong>Saiba mais sobre a solu\u00e7\u00e3o personalizada para frascos para alimentos<\/strong><\/a> <\/p>\n\n\n\n<div class=\"wp-block-columns is-layout-flex wp-container-core-columns-is-layout-9d6595d7 wp-block-columns-is-layout-flex\">\n<div class=\"wp-block-column is-layout-flow wp-block-column-is-layout-flow\">\n<figure class=\"wp-block-image size-full\"><img fetchpriority=\"high\" decoding=\"async\" width=\"1500\" height=\"1500\" src=\"https:\/\/moyahousehold.com\/wp-content\/uploads\/2024\/06\/insulated-stainless-steel-food-jar-detail-1.jpg\" alt=\"pormenor do frasco de a\u00e7o inoxid\u00e1vel isolado para alimentos (1)\" class=\"wp-image-8745\" srcset=\"https:\/\/moyahousehold.com\/wp-content\/uploads\/2024\/06\/insulated-stainless-steel-food-jar-detail-1.jpg 1500w, https:\/\/moyahousehold.com\/wp-content\/uploads\/2024\/06\/insulated-stainless-steel-food-jar-detail-1-300x300.jpg 300w, https:\/\/moyahousehold.com\/wp-content\/uploads\/2024\/06\/insulated-stainless-steel-food-jar-detail-1-150x150.jpg 150w, https:\/\/moyahousehold.com\/wp-content\/uploads\/2024\/06\/insulated-stainless-steel-food-jar-detail-1-768x768.jpg 768w, https:\/\/moyahousehold.com\/wp-content\/uploads\/2024\/06\/insulated-stainless-steel-food-jar-detail-1-12x12.jpg 12w, https:\/\/moyahousehold.com\/wp-content\/uploads\/2024\/06\/insulated-stainless-steel-food-jar-detail-1-285x285.jpg 285w, https:\/\/moyahousehold.com\/wp-content\/uploads\/2024\/06\/insulated-stainless-steel-food-jar-detail-1-270x270.jpg 270w, https:\/\/moyahousehold.com\/wp-content\/uploads\/2024\/06\/insulated-stainless-steel-food-jar-detail-1-540x540.jpg 540w, https:\/\/moyahousehold.com\/wp-content\/uploads\/2024\/06\/insulated-stainless-steel-food-jar-detail-1-660x660.jpg 660w\" sizes=\"(max-width: 1500px) 100vw, 1500px\" \/><\/figure>\n<\/div>\n\n\n\n<div class=\"wp-block-column is-layout-flow wp-block-column-is-layout-flow\">\n<figure class=\"wp-block-image size-full\"><img decoding=\"async\" width=\"1500\" height=\"1500\" src=\"https:\/\/moyahousehold.com\/wp-content\/uploads\/2024\/06\/insulated-stainless-steel-food-jar-detail-2.jpg\" alt=\"pormenor do frasco de a\u00e7o inoxid\u00e1vel isolado para alimentos (2)\" class=\"wp-image-8746\" srcset=\"https:\/\/moyahousehold.com\/wp-content\/uploads\/2024\/06\/insulated-stainless-steel-food-jar-detail-2.jpg 1500w, https:\/\/moyahousehold.com\/wp-content\/uploads\/2024\/06\/insulated-stainless-steel-food-jar-detail-2-300x300.jpg 300w, https:\/\/moyahousehold.com\/wp-content\/uploads\/2024\/06\/insulated-stainless-steel-food-jar-detail-2-150x150.jpg 150w, https:\/\/moyahousehold.com\/wp-content\/uploads\/2024\/06\/insulated-stainless-steel-food-jar-detail-2-768x768.jpg 768w, https:\/\/moyahousehold.com\/wp-content\/uploads\/2024\/06\/insulated-stainless-steel-food-jar-detail-2-12x12.jpg 12w, https:\/\/moyahousehold.com\/wp-content\/uploads\/2024\/06\/insulated-stainless-steel-food-jar-detail-2-285x285.jpg 285w, https:\/\/moyahousehold.com\/wp-content\/uploads\/2024\/06\/insulated-stainless-steel-food-jar-detail-2-270x270.jpg 270w, https:\/\/moyahousehold.com\/wp-content\/uploads\/2024\/06\/insulated-stainless-steel-food-jar-detail-2-540x540.jpg 540w, https:\/\/moyahousehold.com\/wp-content\/uploads\/2024\/06\/insulated-stainless-steel-food-jar-detail-2-660x660.jpg 660w\" sizes=\"(max-width: 1500px) 100vw, 1500px\" \/><\/figure>\n<\/div>\n<\/div>\n\n\n\n<div class=\"wp-block-columns is-layout-flex wp-container-core-columns-is-layout-9d6595d7 wp-block-columns-is-layout-flex\">\n<div class=\"wp-block-column is-layout-flow wp-block-column-is-layout-flow\">\n<figure class=\"wp-block-image size-full\"><img decoding=\"async\" width=\"1500\" height=\"1500\" src=\"https:\/\/moyahousehold.com\/wp-content\/uploads\/2024\/06\/insulated-stainless-steel-food-jar-detail-3.jpg\" alt=\"pormenor do frasco de a\u00e7o inoxid\u00e1vel isolado para alimentos (3)\" class=\"wp-image-8747\" srcset=\"https:\/\/moyahousehold.com\/wp-content\/uploads\/2024\/06\/insulated-stainless-steel-food-jar-detail-3.jpg 1500w, https:\/\/moyahousehold.com\/wp-content\/uploads\/2024\/06\/insulated-stainless-steel-food-jar-detail-3-300x300.jpg 300w, https:\/\/moyahousehold.com\/wp-content\/uploads\/2024\/06\/insulated-stainless-steel-food-jar-detail-3-150x150.jpg 150w, https:\/\/moyahousehold.com\/wp-content\/uploads\/2024\/06\/insulated-stainless-steel-food-jar-detail-3-768x768.jpg 768w, https:\/\/moyahousehold.com\/wp-content\/uploads\/2024\/06\/insulated-stainless-steel-food-jar-detail-3-12x12.jpg 12w, https:\/\/moyahousehold.com\/wp-content\/uploads\/2024\/06\/insulated-stainless-steel-food-jar-detail-3-285x285.jpg 285w, https:\/\/moyahousehold.com\/wp-content\/uploads\/2024\/06\/insulated-stainless-steel-food-jar-detail-3-270x270.jpg 270w, https:\/\/moyahousehold.com\/wp-content\/uploads\/2024\/06\/insulated-stainless-steel-food-jar-detail-3-540x540.jpg 540w, https:\/\/moyahousehold.com\/wp-content\/uploads\/2024\/06\/insulated-stainless-steel-food-jar-detail-3-660x660.jpg 660w\" sizes=\"(max-width: 1500px) 100vw, 1500px\" \/><\/figure>\n<\/div>\n\n\n\n<div class=\"wp-block-column is-layout-flow wp-block-column-is-layout-flow\">\n<figure class=\"wp-block-image size-full\"><img loading=\"lazy\" decoding=\"async\" width=\"1500\" height=\"1500\" src=\"https:\/\/moyahousehold.com\/wp-content\/uploads\/2024\/06\/insulated-stainless-steel-food-jar-detail-4.jpg\" alt=\"pormenor do frasco de a\u00e7o inoxid\u00e1vel isolado para alimentos (4)\" class=\"wp-image-8748\" srcset=\"https:\/\/moyahousehold.com\/wp-content\/uploads\/2024\/06\/insulated-stainless-steel-food-jar-detail-4.jpg 1500w, https:\/\/moyahousehold.com\/wp-content\/uploads\/2024\/06\/insulated-stainless-steel-food-jar-detail-4-300x300.jpg 300w, https:\/\/moyahousehold.com\/wp-content\/uploads\/2024\/06\/insulated-stainless-steel-food-jar-detail-4-150x150.jpg 150w, https:\/\/moyahousehold.com\/wp-content\/uploads\/2024\/06\/insulated-stainless-steel-food-jar-detail-4-768x768.jpg 768w, https:\/\/moyahousehold.com\/wp-content\/uploads\/2024\/06\/insulated-stainless-steel-food-jar-detail-4-12x12.jpg 12w, https:\/\/moyahousehold.com\/wp-content\/uploads\/2024\/06\/insulated-stainless-steel-food-jar-detail-4-285x285.jpg 285w, https:\/\/moyahousehold.com\/wp-content\/uploads\/2024\/06\/insulated-stainless-steel-food-jar-detail-4-270x270.jpg 270w, https:\/\/moyahousehold.com\/wp-content\/uploads\/2024\/06\/insulated-stainless-steel-food-jar-detail-4-540x540.jpg 540w, https:\/\/moyahousehold.com\/wp-content\/uploads\/2024\/06\/insulated-stainless-steel-food-jar-detail-4-660x660.jpg 660w\" sizes=\"(max-width: 1500px) 100vw, 1500px\" \/><\/figure>\n<\/div>\n<\/div>","protected":false},"excerpt":{"rendered":"<p>Frascos para alimentos em a\u00e7o inoxid\u00e1vel com isolamento por atacado. Com uma forma bonita e moderna. Combina\u00e7\u00e3o perfeita de praticidade e est\u00e9tica. \u00c9 feito de a\u00e7o inoxid\u00e1vel de alta qualidade, e a camada interm\u00e9dia \u00e9 preenchida com espuma PU, que tem um bom efeito de preserva\u00e7\u00e3o do calor. Adequado para levar para fora. Bem-vindo a contactar-nos para obter um or\u00e7amento.<\/p>\n<h3>Carater\u00edsticas do frasco de a\u00e7o inoxid\u00e1vel isolado para alimentos<\/h3>\n<p><strong>Revestimento em a\u00e7o inoxid\u00e1vel de qualidade alimentar:<\/strong> O revestimento do frasco para alimentos \u00e9 feito de a\u00e7o inoxid\u00e1vel 304 de qualidade alimentar para garantir uma armazenagem segura dos alimentos e uma utiliza\u00e7\u00e3o mais segura.<\/p>\n<p><strong>Camada interm\u00e9dia de enchimento de espuma PU:<\/strong> Este frasco de comida isolado utiliza uma camada interm\u00e9dia de enchimento de espuma PU no interior para melhorar eficazmente o efeito de isolamento, adequado para passeios di\u00e1rios, trabalho, viagens e outras ocasi\u00f5es.<\/p>\n<p><strong>Selado e \u00e0 prova de fugas:<\/strong> A tampa ajusta-se firmemente ao corpo do frasco para evitar eficazmente a fuga de alimentos e \u00e9 f\u00e1cil de transportar.<\/p>\n<p><strong>Design leve:<\/strong> Este frasco de a\u00e7o inoxid\u00e1vel para alimentos tem um design compacto e \u00e9 leve, adequado para viagens, piqueniques e outros passeios.<\/p>\n<p><strong>Servi\u00e7os por grosso e personalizados:<\/strong> Fornecemos servi\u00e7os por grosso e solu\u00e7\u00f5es personalizadas de frascos para alimentos, adequadas \u00e0 personaliza\u00e7\u00e3o empresarial e a compras a granel.<\/p>","protected":false},"featured_media":8736,"comment_status":"closed","ping_status":"closed","template":"","meta":[],"product_cat":[58],"product_tag":[90,86],"class_list":{"0":"post-5697","1":"product","2":"type-product","3":"status-publish","4":"has-post-thumbnail","6":"product_cat-lunch-box-wholesale","7":"product_tag-wholesale-double-layer-lunch-box","8":"product_tag-wholesale-insulated-lunch-box","10":"first","11":"instock","12":"shipping-taxable","13":"product-type-simple"},"_links":{"self":[{"href":"https:\/\/moyahousehold.com\/pt\/wp-json\/wp\/v2\/product\/5697","targetHints":{"allow":["GET"]}}],"collection":[{"href":"https:\/\/moyahousehold.com\/pt\/wp-json\/wp\/v2\/product"}],"about":[{"href":"https:\/\/moyahousehold.com\/pt\/wp-json\/wp\/v2\/types\/product"}],"replies":[{"embeddable":true,"href":"https:\/\/moyahousehold.com\/pt\/wp-json\/wp\/v2\/comments?post=5697"}],"version-history":[{"count":0,"href":"https:\/\/moyahousehold.com\/pt\/wp-json\/wp\/v2\/product\/5697\/revisions"}],"wp:featuredmedia":[{"embeddable":true,"href":"https:\/\/moyahousehold.com\/pt\/wp-json\/wp\/v2\/media\/8736"}],"wp:attachment":[{"href":"https:\/\/moyahousehold.com\/pt\/wp-json\/wp\/v2\/media?parent=5697"}],"wp:term":[{"taxonomy":"product_cat","embeddable":true,"href":"https:\/\/moyahousehold.com\/pt\/wp-json\/wp\/v2\/product_cat?post=5697"},{"taxonomy":"product_tag","embeddable":true,"href":"https:\/\/moyahousehold.com\/pt\/wp-json\/wp\/v2\/product_tag?post=5697"}],"curies":[{"name":"wp","href":"https:\/\/api.w.org\/{rel}","templated":true}]}}