{"id":5711,"date":"2024-06-10T05:12:46","date_gmt":"2024-06-10T05:12:46","guid":{"rendered":"https:\/\/moyahousehold.com\/?post_type=product&#038;p=5711"},"modified":"2025-02-05T07:27:25","modified_gmt":"2025-02-05T07:27:25","slug":"thermos-stainless-steel-food-jar-wholesale","status":"publish","type":"product","link":"https:\/\/moyahousehold.com\/pt\/produto\/thermos-stainless-steel-food-jar-wholesale\/","title":{"rendered":"Frascos de a\u00e7o inoxid\u00e1vel para alimentos por atacado - perfeitos para refei\u00e7\u00f5es em viagem, viagens e utiliza\u00e7\u00e3o no escrit\u00f3rio"},"content":{"rendered":"<h3 class=\"wp-block-heading\">Par\u00e2metros do frasco de a\u00e7o inoxid\u00e1vel para alimentos<\/h3>\n\n\n\n<p><strong>material:<\/strong>304 + PP <strong> cor:<\/strong>Bege\/caqui<\/p>\n\n\n\n<figure class=\"wp-block-table\"><table><tbody><tr><td>N\u00famero do modelo<\/td><td>Capacidade<\/td><td>Tamanho do produto<\/td><td>Tamanho da caixa exterior<\/td><td>Quantidade por caixa<\/td><td>N.W<\/td><td>G.W\/Caixa<\/td><\/tr><tr><td>MYLY021<\/td><td>Camada \u00fanica&nbsp;<br>&nbsp;800ml<\/td><td>12*12*9.5<\/td><td>63*51*52<\/td><td>60<\/td><td>0.33<\/td><td>19.8<\/td><\/tr><tr><td>MYLY022<\/td><td>Camadas duplas&nbsp;<br>&nbsp;1200ml<\/td><td>12*12*18.5<\/td><td>63*51*47<\/td><td>40<\/td><td>0.52<\/td><td>20.8<\/td><\/tr><tr><td>MYLY023<\/td><td>Tr\u00eas camadas<br>1600ml<\/td><td>12*12*24<\/td><td>51*51*58<\/td><td>32<\/td><td>0.72<\/td><td>23.04<\/td><\/tr><tr><td>MYLY024<\/td><td>Quatro camadas<br>2000ml<\/td><td>12*12*30<\/td><td>51*38*70<\/td><td>24<\/td><td>0.91<\/td><td>21.84<\/td><\/tr><\/tbody><\/table><\/figure>\n\n\n\n<h3 class=\"wp-block-heading\">Frasco de a\u00e7o inoxid\u00e1vel personalizado para alimentos<\/h3>\n\n\n\n<p><strong>Log\u00f3tipo<\/strong>: personalize o log\u00f3tipo da sua marca em frascos e embalagens de alimentos.<br><strong>Op\u00e7\u00f5es de log\u00f3tipo<\/strong>: log\u00f3tipo impresso, log\u00f3tipo gravado a laser, etc.<br><strong>Padr\u00e3o<\/strong>: padr\u00f5es de impress\u00e3o <br><strong>Tecnologia de impress\u00e3o<\/strong>: impress\u00e3o por transfer\u00eancia de \u00e1gua, impress\u00e3o por serigrafia, impress\u00e3o por transfer\u00eancia de calor, transfer\u00eancia por sublima\u00e7\u00e3o, etc.<br><strong>Embalagem<\/strong>:caixa de cor<br><a href=\"https:\/\/moyahousehold.com\/pt\/solucao-personalizada\/\"><strong>Saiba mais sobre a solu\u00e7\u00e3o de frascos para alimentos personalizados<\/strong><\/a><\/p>\n\n\n\n<div class=\"wp-block-columns is-layout-flex wp-container-core-columns-is-layout-9d6595d7 wp-block-columns-is-layout-flex\">\n<div class=\"wp-block-column is-layout-flow wp-block-column-is-layout-flow\">\n<figure class=\"wp-block-image size-full\"><img fetchpriority=\"high\" decoding=\"async\" width=\"620\" height=\"622\" src=\"https:\/\/moyahousehold.com\/wp-content\/uploads\/2024\/06\/stainless-steel-food-jar-display-2.png\" alt=\"expositor de frascos para alimentos em a\u00e7o inoxid\u00e1vel (2)\" class=\"wp-image-8775\" srcset=\"https:\/\/moyahousehold.com\/wp-content\/uploads\/2024\/06\/stainless-steel-food-jar-display-2.png 620w, https:\/\/moyahousehold.com\/wp-content\/uploads\/2024\/06\/stainless-steel-food-jar-display-2-300x300.png 300w, https:\/\/moyahousehold.com\/wp-content\/uploads\/2024\/06\/stainless-steel-food-jar-display-2-150x150.png 150w, https:\/\/moyahousehold.com\/wp-content\/uploads\/2024\/06\/stainless-steel-food-jar-display-2-12x12.png 12w, https:\/\/moyahousehold.com\/wp-content\/uploads\/2024\/06\/stainless-steel-food-jar-display-2-285x286.png 285w, https:\/\/moyahousehold.com\/wp-content\/uploads\/2024\/06\/stainless-steel-food-jar-display-2-270x270.png 270w\" sizes=\"(max-width: 620px) 100vw, 620px\" \/><\/figure>\n<\/div>\n\n\n\n<div class=\"wp-block-column is-layout-flow wp-block-column-is-layout-flow\">\n<figure class=\"wp-block-image size-full\"><img decoding=\"async\" width=\"627\" height=\"626\" src=\"https:\/\/moyahousehold.com\/wp-content\/uploads\/2024\/06\/stainless-steel-food-jar-display-3.png\" alt=\"expositor de frascos para alimentos em a\u00e7o inoxid\u00e1vel (3)\" class=\"wp-image-8776\" srcset=\"https:\/\/moyahousehold.com\/wp-content\/uploads\/2024\/06\/stainless-steel-food-jar-display-3.png 627w, https:\/\/moyahousehold.com\/wp-content\/uploads\/2024\/06\/stainless-steel-food-jar-display-3-300x300.png 300w, https:\/\/moyahousehold.com\/wp-content\/uploads\/2024\/06\/stainless-steel-food-jar-display-3-150x150.png 150w, https:\/\/moyahousehold.com\/wp-content\/uploads\/2024\/06\/stainless-steel-food-jar-display-3-12x12.png 12w, https:\/\/moyahousehold.com\/wp-content\/uploads\/2024\/06\/stainless-steel-food-jar-display-3-285x285.png 285w, https:\/\/moyahousehold.com\/wp-content\/uploads\/2024\/06\/stainless-steel-food-jar-display-3-270x270.png 270w, https:\/\/moyahousehold.com\/wp-content\/uploads\/2024\/06\/stainless-steel-food-jar-display-3-540x540.png 540w\" sizes=\"(max-width: 627px) 100vw, 627px\" \/><\/figure>\n<\/div>\n<\/div>","protected":false},"excerpt":{"rendered":"<p>Frascos para alimentos em a\u00e7o inoxid\u00e1vel por atacado. Os frascos para alimentos em a\u00e7o inoxid\u00e1vel s\u00e3o revestidos com material de espuma PU, que tem um efeito de preserva\u00e7\u00e3o do calor e \u00e9 adequado para armazenar alimentos quentes ou frios durante muito tempo. \u00c9 muito adequado para a escola, trabalho ou piqueniques. N\u00f3s fornecemos servi\u00e7os personalizados de frascos para alimentos, incluindo tamanho personalizado, embalagem, capacidade e muito mais. Bem-vindo a contactar-nos para solu\u00e7\u00f5es personalizadas de frascos para alimentos e mais informa\u00e7\u00f5es sobre o produto.<\/p>\n<h3>Carater\u00edsticas e vantagens do frasco de a\u00e7o inoxid\u00e1vel isolado para alimentos<\/h3>\n<p><strong>A\u00e7o inoxid\u00e1vel 304 de alta qualidade:<\/strong> O revestimento interior do frasco para alimentos \u00e9 feito de a\u00e7o inoxid\u00e1vel 304 de qualidade alimentar de alta qualidade, que pode manter-se em boas condi\u00e7\u00f5es mesmo ap\u00f3s uma utiliza\u00e7\u00e3o prolongada.<\/p>\n<p><strong>Bom efeito de isolamento:<\/strong> O frasco de a\u00e7o inoxid\u00e1vel para alimentos adopta a tecnologia de enchimento de espuma PU, e a camada interm\u00e9dia de enchimento de espuma PU pode prevenir eficazmente a perda de calor e melhorar consideravelmente o efeito de isolamento.<\/p>\n<p><strong>Boa veda\u00e7\u00e3o:<\/strong> O design do frasco para alimentos centra-se na veda\u00e7\u00e3o e adopta um processo de encaixe preciso para garantir que o frasco para alimentos isolado n\u00e3o apresenta fugas em v\u00e1rias circunst\u00e2ncias.<\/p>\n<p><strong>Servi\u00e7o grossista:<\/strong> Fornecemos um servi\u00e7o grossista de frascos para alimentos, oferecemos pre\u00e7os competitivos para encomendas a granel, tornando os seus produtos mais competitivos no mercado.<\/p>\n<p><strong>Solu\u00e7\u00e3o personalizada:<\/strong> Podemos personalizar o frasco para alimentos de acordo com a imagem da marca, pode escolher diferentes tamanhos, cores, padr\u00f5es e log\u00f3tipos. Crie o seu pr\u00f3prio frasco para alimentos com isolamento t\u00e9rmico<\/p>","protected":false},"featured_media":8763,"comment_status":"closed","ping_status":"closed","template":"","meta":[],"product_cat":[58],"product_tag":[89,86],"class_list":{"0":"post-5711","1":"product","2":"type-product","3":"status-publish","4":"has-post-thumbnail","6":"product_cat-lunch-box-wholesale","7":"product_tag-wholesale-3-layer-lunch-box","8":"product_tag-wholesale-insulated-lunch-box","10":"first","11":"instock","12":"shipping-taxable","13":"product-type-simple"},"_links":{"self":[{"href":"https:\/\/moyahousehold.com\/pt\/wp-json\/wp\/v2\/product\/5711","targetHints":{"allow":["GET"]}}],"collection":[{"href":"https:\/\/moyahousehold.com\/pt\/wp-json\/wp\/v2\/product"}],"about":[{"href":"https:\/\/moyahousehold.com\/pt\/wp-json\/wp\/v2\/types\/product"}],"replies":[{"embeddable":true,"href":"https:\/\/moyahousehold.com\/pt\/wp-json\/wp\/v2\/comments?post=5711"}],"version-history":[{"count":0,"href":"https:\/\/moyahousehold.com\/pt\/wp-json\/wp\/v2\/product\/5711\/revisions"}],"wp:featuredmedia":[{"embeddable":true,"href":"https:\/\/moyahousehold.com\/pt\/wp-json\/wp\/v2\/media\/8763"}],"wp:attachment":[{"href":"https:\/\/moyahousehold.com\/pt\/wp-json\/wp\/v2\/media?parent=5711"}],"wp:term":[{"taxonomy":"product_cat","embeddable":true,"href":"https:\/\/moyahousehold.com\/pt\/wp-json\/wp\/v2\/product_cat?post=5711"},{"taxonomy":"product_tag","embeddable":true,"href":"https:\/\/moyahousehold.com\/pt\/wp-json\/wp\/v2\/product_tag?post=5711"}],"curies":[{"name":"wp","href":"https:\/\/api.w.org\/{rel}","templated":true}]}}