{"id":5721,"date":"2024-06-10T11:14:03","date_gmt":"2024-06-10T11:14:03","guid":{"rendered":"https:\/\/moyahousehold.com\/?post_type=product&#038;p=5721"},"modified":"2025-04-19T09:18:54","modified_gmt":"2025-04-19T09:18:54","slug":"wholesale-danish-style-insulated-thermal-carafe","status":"publish","type":"product","link":"https:\/\/moyahousehold.com\/pt\/produto\/wholesale-danish-style-insulated-thermal-carafe\/","title":{"rendered":"Garrafa de caf\u00e9 isolada por atacado, estilo dinamarqu\u00eas, 1,0 L, mant\u00e9m-se quente durante mais de 24 horas"},"content":{"rendered":"<h3 class=\"wp-block-heading\">Par\u00e2metros da garrafa t\u00e9rmica isolada 1.0L<\/h3>\n\n\n\n<figure class=\"wp-block-table\"><table class=\"has-fixed-layout\"><tbody><tr><td>Produto&nbsp;<\/td><td>Capacidade<\/td><td>Cor<\/td><td>Material<\/td><td>Dimens\u00f5es<\/td><td>Peso bruto<\/td><\/tr><tr><td>Garrafa t\u00e9rmica com revestimento de vidro de 1,0 L<\/td><td>1.0L<\/td><td>Preto, Branco, Camel, Verde<\/td><td>ABS, vidro borossilicato, PP, silicone.<\/td><td>19,7\u00d712,3\u00d724,5cm<\/td><td>0,5 kg<\/td><\/tr><\/tbody><\/table><\/figure>\n\n\n\n<h3 class=\"wp-block-heading\">Op\u00e7\u00f5es de jarro t\u00e9rmico personalizado<\/h3>\n\n\n\n<p><strong>Log\u00f3tipo<\/strong>: Personalize o log\u00f3tipo da sua marca no jarro t\u00e9rmico e na embalagem.<br><strong>Op\u00e7\u00f5es de log\u00f3tipo<\/strong>: log\u00f3tipo impresso, log\u00f3tipo gravado a laser, etc.<br><strong>Padr\u00e3o<\/strong>: padr\u00f5es de impress\u00e3o <br><strong>Tecnologia de impress\u00e3o<\/strong>: impress\u00e3o por transfer\u00eancia de \u00e1gua, impress\u00e3o por serigrafia, impress\u00e3o por transfer\u00eancia de calor, transfer\u00eancia por sublima\u00e7\u00e3o, etc.<br><strong>Embalagem<\/strong>: caixa de cor<br><a href=\"https:\/\/moyahousehold.com\/pt\/solucao-personalizada\/\"><strong>Explore mais op\u00e7\u00f5es de jarras t\u00e9rmicas personalizadas.<\/strong><\/a><\/p>\n\n\n\n<div class=\"wp-block-columns is-layout-flex wp-container-core-columns-is-layout-9d6595d7 wp-block-columns-is-layout-flex\">\n<div class=\"wp-block-column is-layout-flow wp-block-column-is-layout-flow\">\n<figure class=\"wp-block-image size-full\"><img fetchpriority=\"high\" decoding=\"async\" width=\"1500\" height=\"1500\" src=\"https:\/\/moyahousehold.com\/wp-content\/uploads\/2024\/06\/Wholesale-Danish-Style-Insulated-Thermal-Carafe-3.jpg\" alt=\"Garrafa t\u00e9rmica isolada estilo dinamarqu\u00eas por atacado (3)\" class=\"wp-image-9779\" srcset=\"https:\/\/moyahousehold.com\/wp-content\/uploads\/2024\/06\/Wholesale-Danish-Style-Insulated-Thermal-Carafe-3.jpg 1500w, https:\/\/moyahousehold.com\/wp-content\/uploads\/2024\/06\/Wholesale-Danish-Style-Insulated-Thermal-Carafe-3-300x300.jpg 300w, https:\/\/moyahousehold.com\/wp-content\/uploads\/2024\/06\/Wholesale-Danish-Style-Insulated-Thermal-Carafe-3-150x150.jpg 150w, https:\/\/moyahousehold.com\/wp-content\/uploads\/2024\/06\/Wholesale-Danish-Style-Insulated-Thermal-Carafe-3-768x768.jpg 768w, https:\/\/moyahousehold.com\/wp-content\/uploads\/2024\/06\/Wholesale-Danish-Style-Insulated-Thermal-Carafe-3-12x12.jpg 12w, https:\/\/moyahousehold.com\/wp-content\/uploads\/2024\/06\/Wholesale-Danish-Style-Insulated-Thermal-Carafe-3-285x285.jpg 285w, https:\/\/moyahousehold.com\/wp-content\/uploads\/2024\/06\/Wholesale-Danish-Style-Insulated-Thermal-Carafe-3-270x270.jpg 270w, https:\/\/moyahousehold.com\/wp-content\/uploads\/2024\/06\/Wholesale-Danish-Style-Insulated-Thermal-Carafe-3-540x540.jpg 540w, https:\/\/moyahousehold.com\/wp-content\/uploads\/2024\/06\/Wholesale-Danish-Style-Insulated-Thermal-Carafe-3-660x660.jpg 660w\" sizes=\"(max-width: 1500px) 100vw, 1500px\" \/><\/figure>\n<\/div>\n\n\n\n<div class=\"wp-block-column is-layout-flow wp-block-column-is-layout-flow\">\n<figure class=\"wp-block-image size-full\"><img decoding=\"async\" width=\"1500\" height=\"1500\" src=\"https:\/\/moyahousehold.com\/wp-content\/uploads\/2024\/06\/Wholesale-Danish-Style-Insulated-Thermal-Carafe-4.jpg\" alt=\"Garrafa t\u00e9rmica isolada estilo dinamarqu\u00eas por atacado (4)\" class=\"wp-image-9780\" srcset=\"https:\/\/moyahousehold.com\/wp-content\/uploads\/2024\/06\/Wholesale-Danish-Style-Insulated-Thermal-Carafe-4.jpg 1500w, https:\/\/moyahousehold.com\/wp-content\/uploads\/2024\/06\/Wholesale-Danish-Style-Insulated-Thermal-Carafe-4-300x300.jpg 300w, https:\/\/moyahousehold.com\/wp-content\/uploads\/2024\/06\/Wholesale-Danish-Style-Insulated-Thermal-Carafe-4-150x150.jpg 150w, https:\/\/moyahousehold.com\/wp-content\/uploads\/2024\/06\/Wholesale-Danish-Style-Insulated-Thermal-Carafe-4-768x768.jpg 768w, https:\/\/moyahousehold.com\/wp-content\/uploads\/2024\/06\/Wholesale-Danish-Style-Insulated-Thermal-Carafe-4-12x12.jpg 12w, https:\/\/moyahousehold.com\/wp-content\/uploads\/2024\/06\/Wholesale-Danish-Style-Insulated-Thermal-Carafe-4-285x285.jpg 285w, https:\/\/moyahousehold.com\/wp-content\/uploads\/2024\/06\/Wholesale-Danish-Style-Insulated-Thermal-Carafe-4-270x270.jpg 270w, https:\/\/moyahousehold.com\/wp-content\/uploads\/2024\/06\/Wholesale-Danish-Style-Insulated-Thermal-Carafe-4-540x540.jpg 540w, https:\/\/moyahousehold.com\/wp-content\/uploads\/2024\/06\/Wholesale-Danish-Style-Insulated-Thermal-Carafe-4-660x660.jpg 660w\" sizes=\"(max-width: 1500px) 100vw, 1500px\" \/><\/figure>\n<\/div>\n<\/div>","protected":false},"excerpt":{"rendered":"<p>Garrafa de caf\u00e9 isolada por atacado, 1.0L, esta garrafa de caf\u00e9 adopta o estilo de design n\u00f3rdico, tem uma apar\u00eancia bonita e \u00e9 um produto ideal para a decora\u00e7\u00e3o da casa. O tanque interno \u00e9 feito de vidro de borosilicato e o tempo de preserva\u00e7\u00e3o do calor \u00e9 de mais de 24 horas. Dispomos de 4 cores \u00e0 escolha: Preto, Branco, Camel, Verde. Contacte-nos para obter um or\u00e7amento.<\/p>\n<h3>Carater\u00edsticas da Garrafa t\u00e9rmica isolada estilo dinamarqu\u00eas<\/h3>\n<p><strong>Design minimalista:<\/strong> As linhas geom\u00e9tricas claras deste jarro t\u00e9rmico isolado conferem-lhe um aspeto moderno, elegante e simples, que pode ser integrado em v\u00e1rios ambientes dom\u00e9sticos e satisfazer as necessidades est\u00e9ticas dos clientes.<\/p>\n<p><strong>Design especial do bocal:<\/strong> A jarra de caf\u00e9 isolada adopta um design de bocal \u00fanico, que pode controlar com precis\u00e3o o fluxo de \u00e1gua, evitar salpicos ou derrames excessivos e melhorar a experi\u00eancia de utiliza\u00e7\u00e3o.<\/p>\n<p><strong>Excelente desempenho de isolamento:<\/strong> Este jarro t\u00e9rmico isolado pode manter a \u00e1gua quente ou fria durante mais de 24 horas, o que \u00e9 muito adequado para passeios de longa dura\u00e7\u00e3o ou para utiliza\u00e7\u00e3o no escrit\u00f3rio.<\/p>\n<p><strong>Revestimento de vidro:<\/strong> Utilizando um revestimento de vidro borossilicato de alta qualidade, tem uma resist\u00eancia ao calor extremamente elevada, resist\u00eancia \u00e0 corros\u00e3o e um forte desempenho de isolamento.<\/p>\n<p><strong>Solu\u00e7\u00f5es personalizadas OEM e ODM<\/strong>: Como fabricante de jarras t\u00e9rmicas, fornecemos servi\u00e7os personalizados OEM e ODM abrangentes, incluindo apar\u00eancia personalizada, fun\u00e7\u00e3o, capacidade e outros aspectos do design.<\/p>","protected":false},"featured_media":9776,"comment_status":"closed","ping_status":"closed","template":"","meta":[],"product_cat":[54],"product_tag":[66,84],"class_list":{"0":"post-5721","1":"product","2":"type-product","3":"status-publish","4":"has-post-thumbnail","6":"product_cat-thermal-carafe-wholesale","7":"product_tag-wholesale-1000ml-thermos-carafe","8":"product_tag-wholesale-glass-liner-thermos-carafe","10":"first","11":"instock","12":"shipping-taxable","13":"product-type-simple"},"_links":{"self":[{"href":"https:\/\/moyahousehold.com\/pt\/wp-json\/wp\/v2\/product\/5721","targetHints":{"allow":["GET"]}}],"collection":[{"href":"https:\/\/moyahousehold.com\/pt\/wp-json\/wp\/v2\/product"}],"about":[{"href":"https:\/\/moyahousehold.com\/pt\/wp-json\/wp\/v2\/types\/product"}],"replies":[{"embeddable":true,"href":"https:\/\/moyahousehold.com\/pt\/wp-json\/wp\/v2\/comments?post=5721"}],"version-history":[{"count":0,"href":"https:\/\/moyahousehold.com\/pt\/wp-json\/wp\/v2\/product\/5721\/revisions"}],"wp:featuredmedia":[{"embeddable":true,"href":"https:\/\/moyahousehold.com\/pt\/wp-json\/wp\/v2\/media\/9776"}],"wp:attachment":[{"href":"https:\/\/moyahousehold.com\/pt\/wp-json\/wp\/v2\/media?parent=5721"}],"wp:term":[{"taxonomy":"product_cat","embeddable":true,"href":"https:\/\/moyahousehold.com\/pt\/wp-json\/wp\/v2\/product_cat?post=5721"},{"taxonomy":"product_tag","embeddable":true,"href":"https:\/\/moyahousehold.com\/pt\/wp-json\/wp\/v2\/product_tag?post=5721"}],"curies":[{"name":"wp","href":"https:\/\/api.w.org\/{rel}","templated":true}]}}