{"id":5752,"date":"2024-06-10T12:32:25","date_gmt":"2024-06-10T12:32:25","guid":{"rendered":"https:\/\/moyahousehold.com\/?post_type=product&#038;p=5752"},"modified":"2025-02-05T04:07:09","modified_gmt":"2025-02-05T04:07:09","slug":"wholesale-1l-stylish-insulated-coffee-pots","status":"publish","type":"product","link":"https:\/\/moyahousehold.com\/pt\/produto\/wholesale-1l-stylish-insulated-coffee-pots\/","title":{"rendered":"Atacado de cafeteiras isoladas de 1.0L com estilo, chaleira t\u00e9rmica a granel para venda, suporte OEM e ODM"},"content":{"rendered":"<h3 class=\"wp-block-heading\">Par\u00e2metros das cafeteiras com isolamento t\u00e9rmico<\/h3>\n\n\n\n<figure class=\"wp-block-table\"><table><tbody><tr><td>Capacidade<\/td><td>Material<\/td><td>Tamanho do produto<\/td><td>Quantidade por caixa<\/td><td>Cor<\/td><\/tr><tr><td>1.0L<\/td><td>PP, a\u00e7o inoxid\u00e1vel<br>304,Silicone<\/td><td>13,7*12,4*26,5cm<\/td><td>12<\/td><td>Preto,Preto prateado<\/td><\/tr><\/tbody><\/table><\/figure>\n\n\n\n<h3 class=\"wp-block-heading\">Op\u00e7\u00f5es de cafeteiras personalizadas<\/h3>\n\n\n\n<p><strong>Tampas:<\/strong> tampa de press\u00e3o em a\u00e7o inoxid\u00e1vel<br><strong>Log\u00f3tipo:<\/strong> personalizar o log\u00f3tipo da sua marca no produto e na embalagem.<br><strong>Op\u00e7\u00f5es de log\u00f3tipo:<\/strong> log\u00f3tipo impresso, log\u00f3tipo gravado a laser, etc.<br><strong>Padr\u00e3o:<\/strong> impress\u00e3o de padr\u00f5es em garrafas t\u00e9rmicas<br><strong>Tecnologia de impress\u00e3o:<\/strong> impress\u00e3o por transfer\u00eancia de \u00e1gua, impress\u00e3o por serigrafia, impress\u00e3o por transfer\u00eancia de calor, transfer\u00eancia por sublima\u00e7\u00e3o, etc.<br><strong>Embalagem:<\/strong> caixa de cor<br><a href=\"https:\/\/moyahousehold.com\/pt\/solucao-personalizada\/\"><strong>Saiba mais sobre as solu\u00e7\u00f5es personalizadas para cafeteiras.<\/strong><\/a><\/p>\n\n\n\n<div class=\"wp-block-columns is-layout-flex wp-container-core-columns-is-layout-9d6595d7 wp-block-columns-is-layout-flex\">\n<div class=\"wp-block-column is-layout-flow wp-block-column-is-layout-flow\">\n<figure class=\"wp-block-image size-full\"><img fetchpriority=\"high\" decoding=\"async\" width=\"1500\" height=\"2250\" src=\"https:\/\/moyahousehold.com\/wp-content\/uploads\/2024\/06\/Insulated-Coffee-Pots-Detail-1.webp\" alt=\"Detalhe das cafeteiras com isolamento t\u00e9rmico (1)\" class=\"wp-image-9899\" srcset=\"https:\/\/moyahousehold.com\/wp-content\/uploads\/2024\/06\/Insulated-Coffee-Pots-Detail-1.webp 1500w, https:\/\/moyahousehold.com\/wp-content\/uploads\/2024\/06\/Insulated-Coffee-Pots-Detail-1-200x300.webp 200w, https:\/\/moyahousehold.com\/wp-content\/uploads\/2024\/06\/Insulated-Coffee-Pots-Detail-1-768x1152.webp 768w, https:\/\/moyahousehold.com\/wp-content\/uploads\/2024\/06\/Insulated-Coffee-Pots-Detail-1-8x12.webp 8w, https:\/\/moyahousehold.com\/wp-content\/uploads\/2024\/06\/Insulated-Coffee-Pots-Detail-1-285x428.webp 285w, https:\/\/moyahousehold.com\/wp-content\/uploads\/2024\/06\/Insulated-Coffee-Pots-Detail-1-440x660.webp 440w, https:\/\/moyahousehold.com\/wp-content\/uploads\/2024\/06\/Insulated-Coffee-Pots-Detail-1-100x150.webp 100w\" sizes=\"(max-width: 1500px) 100vw, 1500px\" \/><\/figure>\n<\/div>\n\n\n\n<div class=\"wp-block-column is-layout-flow wp-block-column-is-layout-flow\">\n<figure class=\"wp-block-image size-full\"><img decoding=\"async\" width=\"1500\" height=\"2250\" src=\"https:\/\/moyahousehold.com\/wp-content\/uploads\/2024\/06\/Insulated-Coffee-Pots-Detail-2.webp\" alt=\"Detalhe das cafeteiras com isolamento t\u00e9rmico (2)\" class=\"wp-image-9900\" srcset=\"https:\/\/moyahousehold.com\/wp-content\/uploads\/2024\/06\/Insulated-Coffee-Pots-Detail-2.webp 1500w, https:\/\/moyahousehold.com\/wp-content\/uploads\/2024\/06\/Insulated-Coffee-Pots-Detail-2-200x300.webp 200w, https:\/\/moyahousehold.com\/wp-content\/uploads\/2024\/06\/Insulated-Coffee-Pots-Detail-2-768x1152.webp 768w, https:\/\/moyahousehold.com\/wp-content\/uploads\/2024\/06\/Insulated-Coffee-Pots-Detail-2-8x12.webp 8w, https:\/\/moyahousehold.com\/wp-content\/uploads\/2024\/06\/Insulated-Coffee-Pots-Detail-2-285x428.webp 285w, https:\/\/moyahousehold.com\/wp-content\/uploads\/2024\/06\/Insulated-Coffee-Pots-Detail-2-440x660.webp 440w, https:\/\/moyahousehold.com\/wp-content\/uploads\/2024\/06\/Insulated-Coffee-Pots-Detail-2-100x150.webp 100w\" sizes=\"(max-width: 1500px) 100vw, 1500px\" \/><\/figure>\n<\/div>\n<\/div>","protected":false},"excerpt":{"rendered":"<p>As cafeteiras com isolamento t\u00e9rmico 1.0L da Wholesale Fashion t\u00eam um design bonito e elegante. A cafeteira isolada tem um excelente revestimento de isolamento para garantir que a bebida mantenha a temperatura ideal durante muito tempo. Bem-vindo a contactar-nos para cota\u00e7\u00e3o.<\/p>\n<h3>Carater\u00edsticas das cafeteiras com isolamento t\u00e9rmico de 1,0 L\u00a0<\/h3>\n<p><strong>Materiais de alta qualidade:<\/strong> As cafeteiras isoladas s\u00e3o feitas de a\u00e7o inoxid\u00e1vel 304 por dentro e por fora, e a tampa do bico \u00e9 feita de pp e silicone de qualidade alimentar para garantir durabilidade e seguran\u00e7a para uma utiliza\u00e7\u00e3o a longo prazo.<\/p>\n<p><strong>Design leve:<\/strong> O design geral desta cafeteira isolada \u00e9 fino e leve, e est\u00e1 equipada com uma pega confort\u00e1vel, que torna o despejo de \u00e1gua f\u00e1cil e simples de utilizar.<\/p>\n<p><strong>Funcionamento c\u00f3modo:<\/strong> Prima o bot\u00e3o da tampa para ligar e desligar a sa\u00edda de \u00e1gua, sem ter de manter o bot\u00e3o premido durante muito tempo, o que \u00e9 mais pr\u00e1tico de utilizar do que o jarro t\u00e9rmico tradicional.<\/p>\n<p><strong>Revestimento de pintura de prote\u00e7\u00e3o:<\/strong> A camada exterior de a\u00e7o inoxid\u00e1vel da cafeteira isolada \u00e9 revestida com tinta protetora para real\u00e7ar o brilho e evitar eficazmente res\u00edduos de impress\u00f5es digitais.<\/p>\n<p><strong>Servi\u00e7o de personaliza\u00e7\u00e3o OEM e ODM:<\/strong> Fornecemos servi\u00e7os personalizados de cafeteiras com isolamento t\u00e9rmico, fornecendo solu\u00e7\u00f5es de personaliza\u00e7\u00e3o OEM e ODM para atender \u00e0s necessidades da sua marca.<\/p>","protected":false},"featured_media":9901,"comment_status":"closed","ping_status":"closed","template":"","meta":[],"product_cat":[54],"product_tag":[66,85],"class_list":{"0":"post-5752","1":"product","2":"type-product","3":"status-publish","4":"has-post-thumbnail","6":"product_cat-thermal-carafe-wholesale","7":"product_tag-wholesale-1000ml-thermos-carafe","8":"product_tag-wholesale-stainless-steel-liner-thermos-carafe","10":"first","11":"instock","12":"shipping-taxable","13":"product-type-simple"},"_links":{"self":[{"href":"https:\/\/moyahousehold.com\/pt\/wp-json\/wp\/v2\/product\/5752","targetHints":{"allow":["GET"]}}],"collection":[{"href":"https:\/\/moyahousehold.com\/pt\/wp-json\/wp\/v2\/product"}],"about":[{"href":"https:\/\/moyahousehold.com\/pt\/wp-json\/wp\/v2\/types\/product"}],"replies":[{"embeddable":true,"href":"https:\/\/moyahousehold.com\/pt\/wp-json\/wp\/v2\/comments?post=5752"}],"version-history":[{"count":0,"href":"https:\/\/moyahousehold.com\/pt\/wp-json\/wp\/v2\/product\/5752\/revisions"}],"wp:featuredmedia":[{"embeddable":true,"href":"https:\/\/moyahousehold.com\/pt\/wp-json\/wp\/v2\/media\/9901"}],"wp:attachment":[{"href":"https:\/\/moyahousehold.com\/pt\/wp-json\/wp\/v2\/media?parent=5752"}],"wp:term":[{"taxonomy":"product_cat","embeddable":true,"href":"https:\/\/moyahousehold.com\/pt\/wp-json\/wp\/v2\/product_cat?post=5752"},{"taxonomy":"product_tag","embeddable":true,"href":"https:\/\/moyahousehold.com\/pt\/wp-json\/wp\/v2\/product_tag?post=5752"}],"curies":[{"name":"wp","href":"https:\/\/api.w.org\/{rel}","templated":true}]}}