{"id":5766,"date":"2024-06-10T12:57:22","date_gmt":"2024-06-10T12:57:22","guid":{"rendered":"https:\/\/moyahousehold.com\/?post_type=product&#038;p=5766"},"modified":"2025-04-19T08:55:22","modified_gmt":"2025-04-19T08:55:22","slug":"wholesale-1-liter-thermal-coffee-carafe","status":"publish","type":"product","link":"https:\/\/moyahousehold.com\/pt\/produto\/wholesale-1-liter-thermal-coffee-carafe\/","title":{"rendered":"Garrafa t\u00e9rmica de caf\u00e9 de 1 litro por atacado - Garrafa t\u00e9rmica MOYA Fabricante, suporte OEM e DOM"},"content":{"rendered":"<h3 class=\"wp-block-heading\">Par\u00e2metros da cafeteira t\u00e9rmica<\/h3>\n\n\n\n<figure class=\"wp-block-table\"><table><tbody><tr><td>Capacidade<\/td><td>Material do cabo<\/td><td>Material<\/td><td>Tamanho do produto<\/td><td>Quantidade por caixa<\/td><td>Cor<\/td><\/tr><tr><td>1.0L<\/td><td>De madeira<\/td><td>ABS, vidro borossilicato, PP, silicone.<\/td><td>19.7*12.3*24.5<\/td><td>12<\/td><td>Preto\uff0cBranco\uff0cCamelo,Verde<\/td><\/tr><tr><td>1.0L<\/td><td>A\u00e7o inoxid\u00e1vel<\/td><td>ABS, vidro borossilicato, PP, silicone.<\/td><td>19.7*12.3*24.5<\/td><td>12<\/td><td>Preto\uff0cBranco\uff0cCamelo,Verde<\/td><\/tr><tr><td>1.3L<\/td><td>De madeira<\/td><td>ABS, vidro borossilicato, PP, silicone.<\/td><td><\/td><td>12<\/td><td>Preto\uff0cBranco\uff0cCamelo,Verde<\/td><\/tr><tr><td>1.3L<\/td><td>A\u00e7o inoxid\u00e1vel<\/td><td>ABS, vidro borossilicato, PP, silicone.<\/td><td><\/td><td>12<\/td><td>Preto\uff0cBranco\uff0cCamelo,Verde<\/td><\/tr><\/tbody><\/table><\/figure>\n\n\n\n<h3 class=\"wp-block-heading\">Op\u00e7\u00f5es de jarro t\u00e9rmico personalizado<\/h3>\n\n\n\n<p><strong>Tampas<\/strong>: tampa de press\u00e3o em a\u00e7o inoxid\u00e1vel<br><strong>Log\u00f3tipo<\/strong>: personalizar o log\u00f3tipo da sua marca no produto e na embalagem.<br><strong>Op\u00e7\u00f5es de log\u00f3tipo<\/strong>: log\u00f3tipo impresso, log\u00f3tipo gravado a laser, etc.<br><strong>Padr\u00e3o<\/strong>: padr\u00f5es de impress\u00e3o na cafeteira.<br><strong>Tecnologia de impress\u00e3o<\/strong>: impress\u00e3o por transfer\u00eancia de \u00e1gua, impress\u00e3o por serigrafia, impress\u00e3o por transfer\u00eancia de calor, transfer\u00eancia por sublima\u00e7\u00e3o, etc. <br><strong>Embalagem:<\/strong> caixa de cor<br><a href=\"https:\/\/moyahousehold.com\/pt\/solucao-personalizada\/\"><strong>Explore mais solu\u00e7\u00f5es personalizadas de jarros t\u00e9rmicos<\/strong><\/a><\/p>\n\n\n\n<div class=\"wp-block-columns is-layout-flex wp-container-core-columns-is-layout-9d6595d7 wp-block-columns-is-layout-flex\">\n<div class=\"wp-block-column is-layout-flow wp-block-column-is-layout-flow\">\n<figure class=\"wp-block-image size-full\"><img fetchpriority=\"high\" decoding=\"async\" width=\"2610\" height=\"2610\" src=\"https:\/\/moyahousehold.com\/wp-content\/uploads\/2024\/06\/Thermal-Coffee-Carafe-with-Wooden-Handle.webp\" alt=\"Garrafa de caf\u00e9 t\u00e9rmica com pega de madeira\" class=\"wp-image-9860\" srcset=\"https:\/\/moyahousehold.com\/wp-content\/uploads\/2024\/06\/Thermal-Coffee-Carafe-with-Wooden-Handle.webp 2610w, https:\/\/moyahousehold.com\/wp-content\/uploads\/2024\/06\/Thermal-Coffee-Carafe-with-Wooden-Handle-300x300.webp 300w, https:\/\/moyahousehold.com\/wp-content\/uploads\/2024\/06\/Thermal-Coffee-Carafe-with-Wooden-Handle-150x150.webp 150w, https:\/\/moyahousehold.com\/wp-content\/uploads\/2024\/06\/Thermal-Coffee-Carafe-with-Wooden-Handle-768x768.webp 768w, https:\/\/moyahousehold.com\/wp-content\/uploads\/2024\/06\/Thermal-Coffee-Carafe-with-Wooden-Handle-12x12.webp 12w, https:\/\/moyahousehold.com\/wp-content\/uploads\/2024\/06\/Thermal-Coffee-Carafe-with-Wooden-Handle-285x285.webp 285w, https:\/\/moyahousehold.com\/wp-content\/uploads\/2024\/06\/Thermal-Coffee-Carafe-with-Wooden-Handle-1600x1600.webp 1600w, https:\/\/moyahousehold.com\/wp-content\/uploads\/2024\/06\/Thermal-Coffee-Carafe-with-Wooden-Handle-270x270.webp 270w, https:\/\/moyahousehold.com\/wp-content\/uploads\/2024\/06\/Thermal-Coffee-Carafe-with-Wooden-Handle-540x540.webp 540w, https:\/\/moyahousehold.com\/wp-content\/uploads\/2024\/06\/Thermal-Coffee-Carafe-with-Wooden-Handle-660x660.webp 660w\" sizes=\"(max-width: 2610px) 100vw, 2610px\" \/><\/figure>\n<\/div>\n\n\n\n<div class=\"wp-block-column is-layout-flow wp-block-column-is-layout-flow\">\n<figure class=\"wp-block-image size-full\"><img decoding=\"async\" width=\"2533\" height=\"2533\" src=\"https:\/\/moyahousehold.com\/wp-content\/uploads\/2024\/06\/Thermal-Coffee-Carafe-with-Stainless-Steel-Handle.webp\" alt=\"Garrafa de caf\u00e9 t\u00e9rmica com pega em a\u00e7o inoxid\u00e1vel\" class=\"wp-image-9859\" srcset=\"https:\/\/moyahousehold.com\/wp-content\/uploads\/2024\/06\/Thermal-Coffee-Carafe-with-Stainless-Steel-Handle.webp 2533w, https:\/\/moyahousehold.com\/wp-content\/uploads\/2024\/06\/Thermal-Coffee-Carafe-with-Stainless-Steel-Handle-300x300.webp 300w, https:\/\/moyahousehold.com\/wp-content\/uploads\/2024\/06\/Thermal-Coffee-Carafe-with-Stainless-Steel-Handle-150x150.webp 150w, https:\/\/moyahousehold.com\/wp-content\/uploads\/2024\/06\/Thermal-Coffee-Carafe-with-Stainless-Steel-Handle-768x768.webp 768w, https:\/\/moyahousehold.com\/wp-content\/uploads\/2024\/06\/Thermal-Coffee-Carafe-with-Stainless-Steel-Handle-12x12.webp 12w, https:\/\/moyahousehold.com\/wp-content\/uploads\/2024\/06\/Thermal-Coffee-Carafe-with-Stainless-Steel-Handle-285x285.webp 285w, https:\/\/moyahousehold.com\/wp-content\/uploads\/2024\/06\/Thermal-Coffee-Carafe-with-Stainless-Steel-Handle-1600x1600.webp 1600w, https:\/\/moyahousehold.com\/wp-content\/uploads\/2024\/06\/Thermal-Coffee-Carafe-with-Stainless-Steel-Handle-270x270.webp 270w, https:\/\/moyahousehold.com\/wp-content\/uploads\/2024\/06\/Thermal-Coffee-Carafe-with-Stainless-Steel-Handle-540x540.webp 540w, https:\/\/moyahousehold.com\/wp-content\/uploads\/2024\/06\/Thermal-Coffee-Carafe-with-Stainless-Steel-Handle-660x660.webp 660w\" sizes=\"(max-width: 2533px) 100vw, 2533px\" \/><\/figure>\n<\/div>\n<\/div>","protected":false},"excerpt":{"rendered":"<p>Garrafa de caf\u00e9 t\u00e9rmica personaliz\u00e1vel por atacado, esta garrafa de caf\u00e9 t\u00e9rmica pode manter-se quente durante 24 horas, a concha \u00e9 feita de material PP de qualidade alimentar, leve e confort\u00e1vel, adequada para v\u00e1rios cen\u00e1rios, como casa, restaurante, escrit\u00f3rio, etc. N\u00f3s fornecemos servi\u00e7o de jarra de caf\u00e9 t\u00e9rmica personalizada OEM e ODM, entre em contato conosco.<\/p>\n<h3>Carater\u00edsticas da cafeteira t\u00e9rmica<\/h3>\n<p><strong>Design moderno:<\/strong> Este jarro de caf\u00e9 t\u00e9rmico tem um aspeto simples e elegante, adequado para uma variedade de estilos de casas modernas, pr\u00e1tico e bonito.<\/p>\n<p><strong>Material de alta qualidade:<\/strong> O dep\u00f3sito interior do jarro de caf\u00e9 t\u00e9rmico \u00e9 feito de vidro, o que permite conservar o calor e o frio durante 24 horas.<\/p>\n<p><strong>V\u00e1rios estilos \u00e0 escolha:<\/strong> Fornecemos um jarro t\u00e9rmico com pega de madeira e um jarro t\u00e9rmico com pega de a\u00e7o inoxid\u00e1vel, e oferecemos op\u00e7\u00f5es de tamanho de 1,0 L e 1,3 L para satisfazer as prefer\u00eancias de diferentes utilizadores.<\/p>\n<p><strong>F\u00e1cil de utilizar:<\/strong> O corpo e a pega t\u00eam um design ergon\u00f3mico, confort\u00e1vel de segurar, e o bico tem a forma de uma \u00e1guia, para que a \u00e1gua n\u00e3o se derrame ao despejar.<\/p>\n<p><strong>Servi\u00e7o personalizado OEM e ODM:<\/strong> Como fabricante profissional de jarras t\u00e9rmicas, a MOYA fornece-lhe um servi\u00e7o personalizado de jarras t\u00e9rmicas, ajudando-o a criar produtos adequados ao mercado de 0 a 1.<\/p>","protected":false},"featured_media":9862,"comment_status":"closed","ping_status":"closed","template":"","meta":[],"product_cat":[54],"product_tag":[66,84],"class_list":{"0":"post-5766","1":"product","2":"type-product","3":"status-publish","4":"has-post-thumbnail","6":"product_cat-thermal-carafe-wholesale","7":"product_tag-wholesale-1000ml-thermos-carafe","8":"product_tag-wholesale-glass-liner-thermos-carafe","10":"first","11":"instock","12":"shipping-taxable","13":"product-type-simple"},"_links":{"self":[{"href":"https:\/\/moyahousehold.com\/pt\/wp-json\/wp\/v2\/product\/5766","targetHints":{"allow":["GET"]}}],"collection":[{"href":"https:\/\/moyahousehold.com\/pt\/wp-json\/wp\/v2\/product"}],"about":[{"href":"https:\/\/moyahousehold.com\/pt\/wp-json\/wp\/v2\/types\/product"}],"replies":[{"embeddable":true,"href":"https:\/\/moyahousehold.com\/pt\/wp-json\/wp\/v2\/comments?post=5766"}],"version-history":[{"count":0,"href":"https:\/\/moyahousehold.com\/pt\/wp-json\/wp\/v2\/product\/5766\/revisions"}],"wp:featuredmedia":[{"embeddable":true,"href":"https:\/\/moyahousehold.com\/pt\/wp-json\/wp\/v2\/media\/9862"}],"wp:attachment":[{"href":"https:\/\/moyahousehold.com\/pt\/wp-json\/wp\/v2\/media?parent=5766"}],"wp:term":[{"taxonomy":"product_cat","embeddable":true,"href":"https:\/\/moyahousehold.com\/pt\/wp-json\/wp\/v2\/product_cat?post=5766"},{"taxonomy":"product_tag","embeddable":true,"href":"https:\/\/moyahousehold.com\/pt\/wp-json\/wp\/v2\/product_tag?post=5766"}],"curies":[{"name":"wp","href":"https:\/\/api.w.org\/{rel}","templated":true}]}}