{"id":5785,"date":"2024-06-10T13:27:01","date_gmt":"2024-06-10T13:27:01","guid":{"rendered":"https:\/\/moyahousehold.com\/?post_type=product&#038;p=5785"},"modified":"2025-02-05T04:02:51","modified_gmt":"2025-02-05T04:02:51","slug":"wholesale-modern-1-liter-thermal-coffee-carafe","status":"publish","type":"product","link":"https:\/\/moyahousehold.com\/pt\/produto\/wholesale-modern-1-liter-thermal-coffee-carafe\/","title":{"rendered":"Garrafa t\u00e9rmica de 1 litro para caf\u00e9 - Garrafa t\u00e9rmica MOYA Fabricante, suporte OEM e ODM"},"content":{"rendered":"<h3 class=\"wp-block-heading\">Par\u00e2metros da cafeteira t\u00e9rmica<\/h3>\n\n\n\n<figure class=\"wp-block-table\"><table><tbody><tr><td>Capacidade<\/td><td>Material<\/td><td>Tamanho do produto<\/td><td>Quantidade por caixa<\/td><\/tr><tr><td>1.0L<\/td><td>PP, vidro borossilicato,<br>silicone<\/td><td>21.8*17*22.8<\/td><td>12<\/td><\/tr><\/tbody><\/table><\/figure>\n\n\n\n<h3 class=\"wp-block-heading\">Op\u00e7\u00f5es de jarro t\u00e9rmico personalizado<\/h3>\n\n\n\n<p><strong>Tampas: <\/strong>tampa de press\u00e3o em a\u00e7o inoxid\u00e1vel<br><strong>Log\u00f3tipo:<\/strong> personalizar o log\u00f3tipo da sua marca no produto e na embalagem.<br><strong>Op\u00e7\u00f5es de log\u00f3tipo: <\/strong>log\u00f3tipo impresso, log\u00f3tipo gravado a laser, etc.<br><strong>Padr\u00e3o: <\/strong>impress\u00e3o de padr\u00f5es em garrafas t\u00e9rmicas<br><strong>Tecnologia de impress\u00e3o<\/strong>: impress\u00e3o por transfer\u00eancia de \u00e1gua, impress\u00e3o por serigrafia, impress\u00e3o por transfer\u00eancia de calor, transfer\u00eancia por sublima\u00e7\u00e3o, etc. <br><strong>Embalagem:<\/strong>caixa de cor<br><a href=\"https:\/\/moyahousehold.com\/pt\/solucao-personalizada\/\"><strong>Explore mais solu\u00e7\u00f5es personalizadas de jarros t\u00e9rmicos<\/strong><\/a><\/p>\n\n\n\n<div class=\"wp-block-columns is-layout-flex wp-container-core-columns-is-layout-9d6595d7 wp-block-columns-is-layout-flex\">\n<div class=\"wp-block-column is-layout-flow wp-block-column-is-layout-flow\">\n<figure class=\"wp-block-image size-full\"><img fetchpriority=\"high\" decoding=\"async\" width=\"2569\" height=\"2569\" src=\"https:\/\/moyahousehold.com\/wp-content\/uploads\/2024\/06\/1-liter-Thermal-Coffee-Carafe-Detail-1.webp\" alt=\"Garrafa t\u00e9rmica de caf\u00e9 de 1 litro Detalhe (1)\" class=\"wp-image-9880\" srcset=\"https:\/\/moyahousehold.com\/wp-content\/uploads\/2024\/06\/1-liter-Thermal-Coffee-Carafe-Detail-1.webp 2569w, https:\/\/moyahousehold.com\/wp-content\/uploads\/2024\/06\/1-liter-Thermal-Coffee-Carafe-Detail-1-300x300.webp 300w, https:\/\/moyahousehold.com\/wp-content\/uploads\/2024\/06\/1-liter-Thermal-Coffee-Carafe-Detail-1-150x150.webp 150w, https:\/\/moyahousehold.com\/wp-content\/uploads\/2024\/06\/1-liter-Thermal-Coffee-Carafe-Detail-1-768x768.webp 768w, https:\/\/moyahousehold.com\/wp-content\/uploads\/2024\/06\/1-liter-Thermal-Coffee-Carafe-Detail-1-12x12.webp 12w, https:\/\/moyahousehold.com\/wp-content\/uploads\/2024\/06\/1-liter-Thermal-Coffee-Carafe-Detail-1-285x285.webp 285w, https:\/\/moyahousehold.com\/wp-content\/uploads\/2024\/06\/1-liter-Thermal-Coffee-Carafe-Detail-1-1600x1600.webp 1600w, https:\/\/moyahousehold.com\/wp-content\/uploads\/2024\/06\/1-liter-Thermal-Coffee-Carafe-Detail-1-270x270.webp 270w, https:\/\/moyahousehold.com\/wp-content\/uploads\/2024\/06\/1-liter-Thermal-Coffee-Carafe-Detail-1-540x540.webp 540w, https:\/\/moyahousehold.com\/wp-content\/uploads\/2024\/06\/1-liter-Thermal-Coffee-Carafe-Detail-1-660x660.webp 660w\" sizes=\"(max-width: 2569px) 100vw, 2569px\" \/><\/figure>\n<\/div>\n\n\n\n<div class=\"wp-block-column is-layout-flow wp-block-column-is-layout-flow\">\n<figure class=\"wp-block-image size-full\"><img decoding=\"async\" width=\"2546\" height=\"2546\" src=\"https:\/\/moyahousehold.com\/wp-content\/uploads\/2024\/06\/1-liter-Thermal-Coffee-Carafe-Detail-2.webp\" alt=\"Garrafa t\u00e9rmica de caf\u00e9 de 1 litro Detalhe (2)\" class=\"wp-image-9881\" srcset=\"https:\/\/moyahousehold.com\/wp-content\/uploads\/2024\/06\/1-liter-Thermal-Coffee-Carafe-Detail-2.webp 2546w, https:\/\/moyahousehold.com\/wp-content\/uploads\/2024\/06\/1-liter-Thermal-Coffee-Carafe-Detail-2-300x300.webp 300w, https:\/\/moyahousehold.com\/wp-content\/uploads\/2024\/06\/1-liter-Thermal-Coffee-Carafe-Detail-2-150x150.webp 150w, https:\/\/moyahousehold.com\/wp-content\/uploads\/2024\/06\/1-liter-Thermal-Coffee-Carafe-Detail-2-768x768.webp 768w, https:\/\/moyahousehold.com\/wp-content\/uploads\/2024\/06\/1-liter-Thermal-Coffee-Carafe-Detail-2-12x12.webp 12w, https:\/\/moyahousehold.com\/wp-content\/uploads\/2024\/06\/1-liter-Thermal-Coffee-Carafe-Detail-2-285x285.webp 285w, https:\/\/moyahousehold.com\/wp-content\/uploads\/2024\/06\/1-liter-Thermal-Coffee-Carafe-Detail-2-1600x1600.webp 1600w, https:\/\/moyahousehold.com\/wp-content\/uploads\/2024\/06\/1-liter-Thermal-Coffee-Carafe-Detail-2-270x270.webp 270w, https:\/\/moyahousehold.com\/wp-content\/uploads\/2024\/06\/1-liter-Thermal-Coffee-Carafe-Detail-2-540x540.webp 540w, https:\/\/moyahousehold.com\/wp-content\/uploads\/2024\/06\/1-liter-Thermal-Coffee-Carafe-Detail-2-660x660.webp 660w\" sizes=\"(max-width: 2546px) 100vw, 2546px\" \/><\/figure>\n<\/div>\n<\/div>","protected":false},"excerpt":{"rendered":"<p>Garrafa t\u00e9rmica de estilo moderno por grosso. O jarro t\u00e9rmico \u00e9 feito de materiais de isolamento t\u00e9rmico eficientes, com excelente desempenho de isolamento t\u00e9rmico, proporcionando preserva\u00e7\u00e3o de calor e efeito de resfriamento 24 horas por dia. Apoiamos os servi\u00e7os de personaliza\u00e7\u00e3o OEM e ODM e podem ser personalizados de acordo com as necessidades do cliente. Por favor, contacte-nos para um or\u00e7amento.<\/p>\n<h3>Carater\u00edsticas e vantagens da chaleira isolada personalizada<\/h3>\n<p><strong>Aspeto elegante:<\/strong> Este jarro de caf\u00e9 t\u00e9rmico tem um estilo de design \u00fanico e simples, que pode ser combinado com v\u00e1rios ambientes dom\u00e9sticos e tamb\u00e9m pode ser utilizado como uma bonita decora\u00e7\u00e3o na mesa de jantar.<\/p>\n<p><strong>Bom efeito de isolamento:<\/strong> O dep\u00f3sito interior \u00e9 feito de vidro vermelho, que pode efetivamente manter a temperatura da bebida e proporcionar um efeito de isolamento e arrefecimento durante 24 horas.<\/p>\n<p><strong>Conce\u00e7\u00e3o pr\u00e1tica:<\/strong> Adopta um design \"push-to-discharge\". Basta premir ligeiramente para libertar a \u00e1gua, o que \u00e9 simples e poupa trabalho.<\/p>\n<p><strong>F\u00e1cil de limpar:<\/strong> A superf\u00edcie interior lisa permite retirar facilmente o dep\u00f3sito interior do fundo, o que \u00e9 f\u00e1cil de limpar e pode manter a panela limpa e higi\u00e9nica.<\/p>\n<p><strong>Servi\u00e7os personalizados OEM e ODM:<\/strong> Fornecemos jarras t\u00e9rmicas personalizadas, oferecendo uma variedade de op\u00e7\u00f5es personalizadas, incluindo apar\u00eancia, padr\u00e3o, capacidade e embalagem.<\/p>\n<p><strong><a href=\"https:\/\/moyahousehold.com\/pt\/solucao-personalizada\/\">Saiba mais sobre as solu\u00e7\u00f5es de jarras t\u00e9rmicas personalizadas OEM&amp;ODM.<\/a><\/strong><\/p>","protected":false},"featured_media":9882,"comment_status":"closed","ping_status":"closed","template":"","meta":[],"product_cat":[54],"product_tag":[66,84],"class_list":{"0":"post-5785","1":"product","2":"type-product","3":"status-publish","4":"has-post-thumbnail","6":"product_cat-thermal-carafe-wholesale","7":"product_tag-wholesale-1000ml-thermos-carafe","8":"product_tag-wholesale-glass-liner-thermos-carafe","10":"first","11":"instock","12":"shipping-taxable","13":"product-type-simple"},"_links":{"self":[{"href":"https:\/\/moyahousehold.com\/pt\/wp-json\/wp\/v2\/product\/5785","targetHints":{"allow":["GET"]}}],"collection":[{"href":"https:\/\/moyahousehold.com\/pt\/wp-json\/wp\/v2\/product"}],"about":[{"href":"https:\/\/moyahousehold.com\/pt\/wp-json\/wp\/v2\/types\/product"}],"replies":[{"embeddable":true,"href":"https:\/\/moyahousehold.com\/pt\/wp-json\/wp\/v2\/comments?post=5785"}],"version-history":[{"count":0,"href":"https:\/\/moyahousehold.com\/pt\/wp-json\/wp\/v2\/product\/5785\/revisions"}],"wp:featuredmedia":[{"embeddable":true,"href":"https:\/\/moyahousehold.com\/pt\/wp-json\/wp\/v2\/media\/9882"}],"wp:attachment":[{"href":"https:\/\/moyahousehold.com\/pt\/wp-json\/wp\/v2\/media?parent=5785"}],"wp:term":[{"taxonomy":"product_cat","embeddable":true,"href":"https:\/\/moyahousehold.com\/pt\/wp-json\/wp\/v2\/product_cat?post=5785"},{"taxonomy":"product_tag","embeddable":true,"href":"https:\/\/moyahousehold.com\/pt\/wp-json\/wp\/v2\/product_tag?post=5785"}],"curies":[{"name":"wp","href":"https:\/\/api.w.org\/{rel}","templated":true}]}}