{"id":5906,"date":"2024-06-22T09:24:51","date_gmt":"2024-06-22T09:18:31","guid":{"rendered":"https:\/\/moyahousehold.com\/?post_type=product&#038;p=5906"},"modified":"2025-04-22T09:51:49","modified_gmt":"2025-04-22T09:51:49","slug":"customized-stainless-steel-bento-box-with-transparency-lid-wholesale","status":"publish","type":"product","link":"https:\/\/moyahousehold.com\/pt\/produto\/customized-stainless-steel-bento-box-with-transparency-lid-wholesale\/","title":{"rendered":"Lancheira de a\u00e7o inoxid\u00e1vel por atacado com tampa transparente: 2 compartimentos e 3 compartimentos dispon\u00edveis"},"content":{"rendered":"<h2 class=\"wp-block-heading\">Par\u00e2metros das lancheiras de a\u00e7o inoxid\u00e1vel<\/h2>\n\n\n\n<p><strong>material:<\/strong>304 + PP <strong> cor:<\/strong>Bege<\/p>\n\n\n\n<figure class=\"wp-block-table\"><table><tbody><tr><td>N\u00famero do modelo<\/td><td>Nome do produto <\/td><td>capacidade<\/td><td>Tamanho do produto<\/td><td>Tamanho da caixa exterior<\/td><td>Quantidade por caixa<\/td><td>N.W<\/td><td>G.W\/Caixa<\/td><\/tr><tr><td>MYJD110<\/td><td>caixa bento de 2 compartimentos em a\u00e7o inoxid\u00e1vel<\/td><td>2 compartimentos<\/td><td>20.5*14*6.5<\/td><td>62*38*68<\/td><td>60<\/td><td>0.44<\/td><td>26<\/td><\/tr><tr><td>MYJD111<\/td><td>caixa bento de 3 compartimentos em a\u00e7o inoxid\u00e1vel <\/td><td>3 compartimentos<\/td><td>20.5*14*6.5<\/td><td>62*38*68<\/td><td>60<\/td><td>0.44<\/td><td>32.5<\/td><\/tr><\/tbody><\/table><\/figure>\n\n\n\n<h3 class=\"wp-block-heading\">Op\u00e7\u00f5es de caixas Bento personalizadas<\/h3>\n\n\n\n<p><strong>Log\u00f3tipo<\/strong>: personalizar o log\u00f3tipo da sua marca na caixa bento em a\u00e7o inoxid\u00e1vel e na embalagem.<br><strong>Op\u00e7\u00f5es de log\u00f3tipo<\/strong>: log\u00f3tipo impresso, log\u00f3tipo gravado a laser, etc.<br><strong>Padr\u00e3o<\/strong>: Impress\u00e3o de padr\u00f5es personalizados em produtos e embalagens.<br><strong>Tecnologia de impress\u00e3o<\/strong>: impress\u00e3o por transfer\u00eancia de \u00e1gua, impress\u00e3o por serigrafia, impress\u00e3o por transfer\u00eancia de calor, transfer\u00eancia por sublima\u00e7\u00e3o, etc.<br><strong>Embalagem<\/strong>:caixa de cor<br><a href=\"https:\/\/moyahousehold.com\/pt\/solucao-personalizada\/\"><strong>Saiba mais sobre os pormenores das caixas bento personalizadas<\/strong><\/a><\/p>\n\n\n\n<div class=\"wp-block-columns is-layout-flex wp-container-core-columns-is-layout-9d6595d7 wp-block-columns-is-layout-flex\">\n<div class=\"wp-block-column is-layout-flow wp-block-column-is-layout-flow\">\n<figure class=\"wp-block-image size-full\"><img fetchpriority=\"high\" decoding=\"async\" width=\"2656\" height=\"2656\" src=\"https:\/\/moyahousehold.com\/wp-content\/uploads\/2024\/06\/YJD110-111-5.webp\" alt=\"Caixa Bento personalizada por atacado com tampa transparente\" class=\"wp-image-5311\" srcset=\"https:\/\/moyahousehold.com\/wp-content\/uploads\/2024\/06\/YJD110-111-5.webp 2656w, https:\/\/moyahousehold.com\/wp-content\/uploads\/2024\/06\/YJD110-111-5-300x300.webp 300w, https:\/\/moyahousehold.com\/wp-content\/uploads\/2024\/06\/YJD110-111-5-150x150.webp 150w, https:\/\/moyahousehold.com\/wp-content\/uploads\/2024\/06\/YJD110-111-5-768x768.webp 768w, https:\/\/moyahousehold.com\/wp-content\/uploads\/2024\/06\/YJD110-111-5-285x285.webp 285w, https:\/\/moyahousehold.com\/wp-content\/uploads\/2024\/06\/YJD110-111-5-1600x1600.webp 1600w, https:\/\/moyahousehold.com\/wp-content\/uploads\/2024\/06\/YJD110-111-5-270x270.webp 270w, https:\/\/moyahousehold.com\/wp-content\/uploads\/2024\/06\/YJD110-111-5-540x540.webp 540w, https:\/\/moyahousehold.com\/wp-content\/uploads\/2024\/06\/YJD110-111-5-660x660.webp 660w\" sizes=\"(max-width: 2656px) 100vw, 2656px\" \/><\/figure>\n<\/div>\n\n\n\n<div class=\"wp-block-column is-layout-flow wp-block-column-is-layout-flow\">\n<figure class=\"wp-block-image size-full\"><img decoding=\"async\" width=\"2656\" height=\"2656\" src=\"https:\/\/moyahousehold.com\/wp-content\/uploads\/2024\/06\/YJD110-111-11.webp\" alt=\"\" class=\"wp-image-5316\" srcset=\"https:\/\/moyahousehold.com\/wp-content\/uploads\/2024\/06\/YJD110-111-11.webp 2656w, https:\/\/moyahousehold.com\/wp-content\/uploads\/2024\/06\/YJD110-111-11-300x300.webp 300w, https:\/\/moyahousehold.com\/wp-content\/uploads\/2024\/06\/YJD110-111-11-150x150.webp 150w, https:\/\/moyahousehold.com\/wp-content\/uploads\/2024\/06\/YJD110-111-11-768x768.webp 768w, https:\/\/moyahousehold.com\/wp-content\/uploads\/2024\/06\/YJD110-111-11-285x285.webp 285w, https:\/\/moyahousehold.com\/wp-content\/uploads\/2024\/06\/YJD110-111-11-1600x1600.webp 1600w, https:\/\/moyahousehold.com\/wp-content\/uploads\/2024\/06\/YJD110-111-11-270x270.webp 270w, https:\/\/moyahousehold.com\/wp-content\/uploads\/2024\/06\/YJD110-111-11-540x540.webp 540w, https:\/\/moyahousehold.com\/wp-content\/uploads\/2024\/06\/YJD110-111-11-660x660.webp 660w\" sizes=\"(max-width: 2656px) 100vw, 2656px\" \/><\/figure>\n<\/div>\n<\/div>\n\n\n\n<div class=\"wp-block-columns is-layout-flex wp-container-core-columns-is-layout-9d6595d7 wp-block-columns-is-layout-flex\">\n<div class=\"wp-block-column is-layout-flow wp-block-column-is-layout-flow\"><\/div>\n\n\n\n<div class=\"wp-block-column is-layout-flow wp-block-column-is-layout-flow\"><\/div>\n<\/div>","protected":false},"excerpt":{"rendered":"<p>Lancheiras de a\u00e7o inoxid\u00e1vel por atacado, feitas de a\u00e7o inoxid\u00e1vel de alta qualidade, com certifica\u00e7\u00e3o FDA e LFGB. Este estilo tem 2 compartimentos e 3 compartimentos \u00e0 escolha. O forro de a\u00e7o inoxid\u00e1vel pode ser colocado no micro-ondas depois que o revestimento externo \u00e9 remov\u00edvel para aquecimento, adequado para uso em casa e no escrit\u00f3rio. Apoiamos a personaliza\u00e7\u00e3o da marca, convidamos os compradores B-end a contactar-nos para obter or\u00e7amentos.<\/p>\n<h3>Carater\u00edsticas da caixa Bento personaliz\u00e1vel<\/h3>\n<p><strong>Material em a\u00e7o inoxid\u00e1vel 304:<\/strong> A lancheira por atacado \u00e9 feita de a\u00e7o inoxid\u00e1vel 304 de alta qualidade. \u00c9 muito segura e adequada para armazenar v\u00e1rios alimentos quentes e frios durante muito tempo.<\/p>\n<p><strong>F\u00e1cil de limpar:<\/strong> A superf\u00edcie interior da lancheira \u00e9 polida. Para a limpeza di\u00e1ria, basta enxaguar ou passar um pano para remover as manchas. Tamb\u00e9m pode ser colocada na m\u00e1quina de lavar loi\u00e7a para limpeza, o que poupa tempo e esfor\u00e7o.<\/p>\n<p><strong>Design de veda\u00e7\u00e3o eficiente:<\/strong> A lancheira tem um anel de veda\u00e7\u00e3o de silicone de qualidade alimentar incorporado com um excelente desempenho de veda\u00e7\u00e3o. Evita eficazmente as fugas de sopa e de l\u00edquidos e \u00e9 muito adequada para o transporte.<\/p>\n<p><strong>Design de fechadura de quatro lados:<\/strong> A estrutura de fecho firme de quatro lados garante que a caixa bento n\u00e3o ser\u00e1 aberta acidentalmente durante o transporte. Cada fecho foi submetido a rigorosos testes de durabilidade e pode suportar uma utiliza\u00e7\u00e3o repetida.<\/p>\n<p><strong>F\u00e1cil de transportar:<\/strong> O design geral desta lancheira \u00e9 leve e compacto. Quer seja colocada numa mochila, mala de m\u00e3o ou saco de almo\u00e7o, n\u00e3o ocupa muito espa\u00e7o, o que a torna mais f\u00e1cil e conveniente para sair.<\/p>\n<p><strong>Servi\u00e7o personalizado:<\/strong> Fornecemos solu\u00e7\u00f5es personalizadas de lancheiras. Quer se trate da cor da apar\u00eancia, do design da capacidade ou da personaliza\u00e7\u00e3o do log\u00f3tipo da marca, a nossa equipa pode ajustar-se de forma flex\u00edvel de acordo com as necessidades do cliente.<\/p>","protected":false},"featured_media":8939,"comment_status":"closed","ping_status":"closed","template":"","meta":[],"product_cat":[58],"product_tag":[87,92],"class_list":{"0":"post-5906","1":"product","2":"type-product","3":"status-publish","4":"has-post-thumbnail","6":"product_cat-lunch-box-wholesale","7":"product_tag-wholesale-multi-compartment-lunch-box","8":"product_tag-wholesale-rectangle-lunch-box","10":"first","11":"instock","12":"shipping-taxable","13":"product-type-simple"},"_links":{"self":[{"href":"https:\/\/moyahousehold.com\/pt\/wp-json\/wp\/v2\/product\/5906","targetHints":{"allow":["GET"]}}],"collection":[{"href":"https:\/\/moyahousehold.com\/pt\/wp-json\/wp\/v2\/product"}],"about":[{"href":"https:\/\/moyahousehold.com\/pt\/wp-json\/wp\/v2\/types\/product"}],"replies":[{"embeddable":true,"href":"https:\/\/moyahousehold.com\/pt\/wp-json\/wp\/v2\/comments?post=5906"}],"version-history":[{"count":0,"href":"https:\/\/moyahousehold.com\/pt\/wp-json\/wp\/v2\/product\/5906\/revisions"}],"wp:featuredmedia":[{"embeddable":true,"href":"https:\/\/moyahousehold.com\/pt\/wp-json\/wp\/v2\/media\/8939"}],"wp:attachment":[{"href":"https:\/\/moyahousehold.com\/pt\/wp-json\/wp\/v2\/media?parent=5906"}],"wp:term":[{"taxonomy":"product_cat","embeddable":true,"href":"https:\/\/moyahousehold.com\/pt\/wp-json\/wp\/v2\/product_cat?post=5906"},{"taxonomy":"product_tag","embeddable":true,"href":"https:\/\/moyahousehold.com\/pt\/wp-json\/wp\/v2\/product_tag?post=5906"}],"curies":[{"name":"wp","href":"https:\/\/api.w.org\/{rel}","templated":true}]}}