{"id":5955,"date":"2024-06-25T03:52:51","date_gmt":"2024-06-25T03:52:51","guid":{"rendered":"https:\/\/moyahousehold.com\/?post_type=product&#038;p=5955"},"modified":"2025-03-05T10:11:22","modified_gmt":"2025-03-05T10:11:22","slug":"custom-stainless-steel-food-storage-container","status":"publish","type":"product","link":"https:\/\/moyahousehold.com\/pt\/produto\/custom-stainless-steel-food-storage-container\/","title":{"rendered":"Recipiente de a\u00e7o inoxid\u00e1vel personalizado para armazenamento de alimentos,Recipientes comerciais para armazenamento de alimentos a granel para venda"},"content":{"rendered":"<div class=\"wp-block-columns is-layout-flex wp-container-core-columns-is-layout-9d6595d7 wp-block-columns-is-layout-flex\">\n<div class=\"wp-block-column is-layout-flow wp-block-column-is-layout-flow\">\n<h3 class=\"wp-block-heading\">Par\u00e2metros do recipiente de a\u00e7o inoxid\u00e1vel para armazenagem de alimentos<\/h3>\n\n\n\n<figure class=\"wp-block-table\"><table><tbody><tr><td>Item NO<\/td><td>Capacidade<\/td><td>Tamanho\/PCS<\/td><td>PCS\/Caixa<\/td><td>N.W.\/PCS<\/td><td>G.W.\/Caso<\/td><\/tr><tr><td>MYJD224<\/td><td>420ml<\/td><td>13.3*9.6*5.6<\/td><td>80<\/td><td>14<\/td><td>0.15<\/td><\/tr><tr><td>MYJD225<\/td><td>660ml<\/td><td>13.3*9.6*8.2<\/td><td>80<\/td><td>14.8<\/td><td>0.16<\/td><\/tr><tr><td>MYJD226<\/td><td>900ml<\/td><td>13.3*9.6*10.7<\/td><td>60<\/td><td>14<\/td><td>0.2<\/td><\/tr><tr><td>MYJD227<\/td><td>1000ml<\/td><td>20.3*13.5*5.7<\/td><td>60<\/td><td>17<\/td><td>0.25<\/td><\/tr><tr><td>MYJD228<\/td><td>1600ml<\/td><td>20.3*13.5*8.2<\/td><td>60<\/td><td>18.8<\/td><td>0.28<\/td><\/tr><tr><td>MYJD229<\/td><td>2100ml<\/td><td>20.3*13.5*10.7<\/td><td>48<\/td><td>18.32<\/td><td>0.34<\/td><\/tr><tr><td>MYJD230<\/td><td>2400ml<\/td><td>27.5*20.2*6<\/td><td>48<\/td><td>25.52<\/td><td>0.49<\/td><\/tr><tr><td>MYJD231<\/td><td>3500ml<\/td><td>27.5*20.2*8.2<\/td><td>36<\/td><td>22.52<\/td><td>0.57<\/td><\/tr><tr><td>MYJD232<\/td><td>4600ml<\/td><td>27.5*20.2*10.7<\/td><td>24<\/td><td>17.12<\/td><td>0.63<\/td><\/tr><\/tbody><\/table><\/figure>\n<\/div>\n<\/div>\n\n\n\n<h3 class=\"wp-block-heading\">Op\u00e7\u00f5es de recipientes para alimentos em a\u00e7o inoxid\u00e1vel personalizados<\/h3>\n\n\n\n<p><strong>Log\u00f3tipo: <\/strong>personalize o log\u00f3tipo da sua marca em recipientes e embalagens de alimentos.<br><strong>Tampa:<\/strong> Tampa de vidro, tampa PP<br><strong>Op\u00e7\u00f5es de log\u00f3tipo:<\/strong> log\u00f3tipo impresso, log\u00f3tipo gravado a laser, etc.<br><strong>Padr\u00e3o:<\/strong> padr\u00f5es de impress\u00e3o em recipientes de armazenamento de alimentos.<br><strong>Tecnologia de impress\u00e3o: <\/strong>impress\u00e3o por transfer\u00eancia de \u00e1gua, serigrafia, impress\u00e3o por transfer\u00eancia de calor, etc.<br><strong>Embalagem:<\/strong> caixa de cor<br><a href=\"https:\/\/moyahousehold.com\/pt\/solucao-personalizada\/\" data-type=\"page\" data-id=\"2817\"><strong>Explore mais sobre a solu\u00e7\u00e3o de contentores para alimentos personalizados.<\/strong><\/a><\/p>\n\n\n\n<div class=\"wp-block-columns is-layout-flex wp-container-core-columns-is-layout-9d6595d7 wp-block-columns-is-layout-flex\">\n<div class=\"wp-block-column is-layout-flow wp-block-column-is-layout-flow\">\n<figure class=\"wp-block-image size-full\"><img fetchpriority=\"high\" decoding=\"async\" width=\"2000\" height=\"2000\" src=\"https:\/\/moyahousehold.com\/wp-content\/uploads\/2024\/06\/stainless-steel-csutom-food-container-1.jpg\" alt=\"recipiente para alimentos csutom em a\u00e7o inoxid\u00e1vel (1)\" class=\"wp-image-9147\" srcset=\"https:\/\/moyahousehold.com\/wp-content\/uploads\/2024\/06\/stainless-steel-csutom-food-container-1.jpg 2000w, https:\/\/moyahousehold.com\/wp-content\/uploads\/2024\/06\/stainless-steel-csutom-food-container-1-300x300.jpg 300w, https:\/\/moyahousehold.com\/wp-content\/uploads\/2024\/06\/stainless-steel-csutom-food-container-1-150x150.jpg 150w, https:\/\/moyahousehold.com\/wp-content\/uploads\/2024\/06\/stainless-steel-csutom-food-container-1-768x768.jpg 768w, https:\/\/moyahousehold.com\/wp-content\/uploads\/2024\/06\/stainless-steel-csutom-food-container-1-12x12.jpg 12w, https:\/\/moyahousehold.com\/wp-content\/uploads\/2024\/06\/stainless-steel-csutom-food-container-1-285x285.jpg 285w, https:\/\/moyahousehold.com\/wp-content\/uploads\/2024\/06\/stainless-steel-csutom-food-container-1-1600x1600.jpg 1600w, https:\/\/moyahousehold.com\/wp-content\/uploads\/2024\/06\/stainless-steel-csutom-food-container-1-270x270.jpg 270w, https:\/\/moyahousehold.com\/wp-content\/uploads\/2024\/06\/stainless-steel-csutom-food-container-1-540x540.jpg 540w, https:\/\/moyahousehold.com\/wp-content\/uploads\/2024\/06\/stainless-steel-csutom-food-container-1-660x660.jpg 660w\" sizes=\"(max-width: 2000px) 100vw, 2000px\" \/><\/figure>\n<\/div>\n\n\n\n<div class=\"wp-block-column is-layout-flow wp-block-column-is-layout-flow\">\n<figure class=\"wp-block-image size-full\"><img decoding=\"async\" width=\"2000\" height=\"2000\" src=\"https:\/\/moyahousehold.com\/wp-content\/uploads\/2024\/06\/stainless-steel-csutom-food-container-2.jpg\" alt=\"recipiente para alimentos csutom em a\u00e7o inoxid\u00e1vel (2)\" class=\"wp-image-9148\" srcset=\"https:\/\/moyahousehold.com\/wp-content\/uploads\/2024\/06\/stainless-steel-csutom-food-container-2.jpg 2000w, https:\/\/moyahousehold.com\/wp-content\/uploads\/2024\/06\/stainless-steel-csutom-food-container-2-300x300.jpg 300w, https:\/\/moyahousehold.com\/wp-content\/uploads\/2024\/06\/stainless-steel-csutom-food-container-2-150x150.jpg 150w, https:\/\/moyahousehold.com\/wp-content\/uploads\/2024\/06\/stainless-steel-csutom-food-container-2-768x768.jpg 768w, https:\/\/moyahousehold.com\/wp-content\/uploads\/2024\/06\/stainless-steel-csutom-food-container-2-12x12.jpg 12w, https:\/\/moyahousehold.com\/wp-content\/uploads\/2024\/06\/stainless-steel-csutom-food-container-2-285x285.jpg 285w, https:\/\/moyahousehold.com\/wp-content\/uploads\/2024\/06\/stainless-steel-csutom-food-container-2-1600x1600.jpg 1600w, https:\/\/moyahousehold.com\/wp-content\/uploads\/2024\/06\/stainless-steel-csutom-food-container-2-270x270.jpg 270w, https:\/\/moyahousehold.com\/wp-content\/uploads\/2024\/06\/stainless-steel-csutom-food-container-2-540x540.jpg 540w, https:\/\/moyahousehold.com\/wp-content\/uploads\/2024\/06\/stainless-steel-csutom-food-container-2-660x660.jpg 660w\" sizes=\"(max-width: 2000px) 100vw, 2000px\" \/><\/figure>\n<\/div>\n<\/div>","protected":false},"excerpt":{"rendered":"<p>Moya \u00e9 um fornecedor e fabricante de recipientes para alimentos por atacado da China. Vendemos por grosso contentores para alimentos com v\u00e1rias especifica\u00e7\u00f5es. E fornecemos servi\u00e7os personalizados de contentores para alimentos. Quer seja uma empresa de catering ou um supermercado, os nossos recipientes para alimentos por atacado em a\u00e7o inoxid\u00e1vel de alta qualidade podem satisfazer as suas necessidades de utiliza\u00e7\u00e3o ou de venda. Ao mesmo tempo, os recipientes para alimentos personalizados OEM e ODM s\u00e3o bem-vindos. Por favor, contacte-nos para mais detalhes por atacado e personalizados.<\/p>\n<h3>Carater\u00edsticas e vantagens dos recipientes para alimentos por grosso<\/h3>\n<p><strong>Personaliz\u00e1vel:<\/strong> Como um fabricante profissional de recipientes para alimentos em a\u00e7o inoxid\u00e1vel, oferecemos uma variedade de op\u00e7\u00f5es de personaliza\u00e7\u00e3o, incluindo tamanho, design, material e cor. Quer seja utilizado em restaurantes, hot\u00e9is, supermercados, podemos fornecer solu\u00e7\u00f5es de contentores para alimentos personalizados OEM e ODM de alta qualidade<\/p>\n<p><strong>Material de alta qualidade:<\/strong> Este recipiente para alimentos por atacado \u00e9 feito de a\u00e7o inoxid\u00e1vel 304 de alta qualidade com uma superf\u00edcie lisa, que reduz eficazmente o crescimento de bact\u00e9rias e \u00e9 f\u00e1cil de limpar. N\u00e3o deixa qualquer odor ao armazenar alimentos.<\/p>\n<p><strong>V\u00e1rias op\u00e7\u00f5es<\/strong>: Oferecemos recipientes para alimentos a granel em v\u00e1rios tamanhos para satisfazer as necessidades de armazenamento de casas e restaurantes, com uma capacidade que varia entre 420ml e 4600ml.<\/p>\n<p><strong>Design \u00e0 prova de fugas:<\/strong> Este recipiente para alimentos em a\u00e7o inoxid\u00e1vel est\u00e1 equipado com um anel de silicone de veda\u00e7\u00e3o alargado, que se ajusta firmemente para garantir a estanquicidade, a humidade e a conserva\u00e7\u00e3o da frescura.<\/p>\n<p><strong>Capa de caixa espessada:<\/strong> O recipiente para alimentos em a\u00e7o inoxid\u00e1vel utiliza uma tampa de caixa em PP espessada, que n\u00e3o \u00e9 f\u00e1cil de deformar e \u00e9 adequada para locais comerciais com utiliza\u00e7\u00e3o frequente.<\/p>","protected":false},"featured_media":9149,"comment_status":"open","ping_status":"closed","template":"","meta":[],"product_cat":[57],"product_tag":[95,106,99],"class_list":{"0":"post-5955","1":"product","2":"type-product","3":"status-publish","4":"has-post-thumbnail","6":"product_cat-food-storage-container-wholesale","7":"product_tag-wholesale-food-storage-containers-with-date-dial","8":"product_tag-microwavable-food-storage-containers","9":"product_tag-wholesale-rectangle-food-storage-containers","11":"first","12":"instock","13":"shipping-taxable","14":"product-type-simple"},"_links":{"self":[{"href":"https:\/\/moyahousehold.com\/pt\/wp-json\/wp\/v2\/product\/5955","targetHints":{"allow":["GET"]}}],"collection":[{"href":"https:\/\/moyahousehold.com\/pt\/wp-json\/wp\/v2\/product"}],"about":[{"href":"https:\/\/moyahousehold.com\/pt\/wp-json\/wp\/v2\/types\/product"}],"replies":[{"embeddable":true,"href":"https:\/\/moyahousehold.com\/pt\/wp-json\/wp\/v2\/comments?post=5955"}],"version-history":[{"count":0,"href":"https:\/\/moyahousehold.com\/pt\/wp-json\/wp\/v2\/product\/5955\/revisions"}],"wp:featuredmedia":[{"embeddable":true,"href":"https:\/\/moyahousehold.com\/pt\/wp-json\/wp\/v2\/media\/9149"}],"wp:attachment":[{"href":"https:\/\/moyahousehold.com\/pt\/wp-json\/wp\/v2\/media?parent=5955"}],"wp:term":[{"taxonomy":"product_cat","embeddable":true,"href":"https:\/\/moyahousehold.com\/pt\/wp-json\/wp\/v2\/product_cat?post=5955"},{"taxonomy":"product_tag","embeddable":true,"href":"https:\/\/moyahousehold.com\/pt\/wp-json\/wp\/v2\/product_tag?post=5955"}],"curies":[{"name":"wp","href":"https:\/\/api.w.org\/{rel}","templated":true}]}}