{"id":5988,"date":"2024-06-25T10:14:57","date_gmt":"2024-06-25T06:50:51","guid":{"rendered":"https:\/\/moyahousehold.com\/?post_type=product&#038;p=5988"},"modified":"2025-02-05T10:08:01","modified_gmt":"2025-02-05T10:08:01","slug":"wholesale-colored-stainless-steel-food-containers-with-leak-proof-lids","status":"publish","type":"product","link":"https:\/\/moyahousehold.com\/pt\/produto\/wholesale-colored-stainless-steel-food-containers-with-leak-proof-lids\/","title":{"rendered":"Recipientes para alimentos por atacado em a\u00e7o inoxid\u00e1vel colorido com tampas seguras e \u00e0 prova de fugas"},"content":{"rendered":"<div class=\"wp-block-columns is-layout-flex wp-container-core-columns-is-layout-9d6595d7 wp-block-columns-is-layout-flex\">\n<div class=\"wp-block-column is-layout-flow wp-block-column-is-layout-flow\">\n<h3 class=\"wp-block-heading\">Par\u00e2metros dos recipientes para alimentos em a\u00e7o inoxid\u00e1vel com tampa<\/h3>\n\n\n\n<figure class=\"wp-block-table\"><table><tbody><tr><td>Item NO<\/td><td>Capacidade<\/td><td>Tamanho\/PCS<\/td><td>PCS\/Caixa<\/td><td>N.W.\/PCS<\/td><td>G.W.\/Caso<\/td><\/tr><tr><td>MYJD224<\/td><td>420ml<\/td><td>13.3*9.6*5.6<\/td><td>80<\/td><td>14<\/td><td>0.15<\/td><\/tr><tr><td>MYJD225<\/td><td>660ml<\/td><td>13.3*9.6*8.2<\/td><td>80<\/td><td>14.8<\/td><td>0.16<\/td><\/tr><tr><td>MYJD226<\/td><td>900ml<\/td><td>13.3*9.6*10.7<\/td><td>60<\/td><td>14<\/td><td>0.2<\/td><\/tr><tr><td>MYJD227<\/td><td>1000ml<\/td><td>20.3*13.5*5.7<\/td><td>60<\/td><td>17<\/td><td>0.25<\/td><\/tr><tr><td>MYJD228<\/td><td>1600ml<\/td><td>20.3*13.5*8.2<\/td><td>60<\/td><td>18.8<\/td><td>0.28<\/td><\/tr><tr><td>MYJD229<\/td><td>2100ml<\/td><td>20.3*13.5*10.7<\/td><td>48<\/td><td>18.32<\/td><td>0.34<\/td><\/tr><tr><td>MYJD230<\/td><td>2400ml<\/td><td>27.5*20.2*6<\/td><td>48<\/td><td>25.52<\/td><td>0.49<\/td><\/tr><tr><td>MYJD231<\/td><td>3500ml<\/td><td>27.5*20.2*8.2<\/td><td>36<\/td><td>22.52<\/td><td>0.57<\/td><\/tr><tr><td>MYJD232<\/td><td>4600ml<\/td><td>27.5*20.2*10.7<\/td><td>24<\/td><td>17.12<\/td><td>0.63<\/td><\/tr><\/tbody><\/table><\/figure>\n<\/div>\n<\/div>\n\n\n\n<h3 class=\"wp-block-heading\">Op\u00e7\u00f5es de recipientes para alimentos personalizados<\/h3>\n\n\n\n<p><strong>Log\u00f3tipo<\/strong>: personalize o log\u00f3tipo da sua marca em recipientes e embalagens para alimentos.<br><strong>Tampa<\/strong>: Escolha tampas de vidro ou tampas de PP para os seus recipientes para alimentos em a\u00e7o inoxid\u00e1vel<br><strong>Op\u00e7\u00f5es de log\u00f3tipo<\/strong>: Fornecemos m\u00e9todos de grava\u00e7\u00e3o a laser ou de transfer\u00eancia de calor para adicionar o seu log\u00f3tipo aos recipientes de armazenamento de alimentos<br><strong>Padr\u00e3o<\/strong>: padr\u00f5es de impress\u00e3o em recipientes de armazenagem de alimentos.<br><strong>Tecnologia de impress\u00e3o<\/strong>: Fornecemos transfer\u00eancia de ecr\u00e3, transfer\u00eancia de calor e impress\u00e3o por transfer\u00eancia de \u00e1gua para adicionar padr\u00f5es aos seus produtos.<br><strong>Embalagem<\/strong>Pode enviar-nos o ficheiro e n\u00f3s personalizaremos a caixa de cor do recipiente para alimentos para si<br><a href=\"https:\/\/moyahousehold.com\/pt\/solucao-personalizada\/\"><strong>Saiba mais sobre as solu\u00e7\u00f5es personalizadas de contentores para alimentos.<\/strong><\/a><\/p>\n\n\n\n<div class=\"wp-block-columns is-layout-flex wp-container-core-columns-is-layout-9d6595d7 wp-block-columns-is-layout-flex\">\n<div class=\"wp-block-column is-layout-flow wp-block-column-is-layout-flow\">\n<figure class=\"wp-block-image size-full\"><img fetchpriority=\"high\" decoding=\"async\" width=\"2000\" height=\"2000\" src=\"https:\/\/moyahousehold.com\/wp-content\/uploads\/2024\/06\/stainless-steel-food-container-display-3.jpg\" alt=\"expositor de recipientes para alimentos em a\u00e7o inoxid\u00e1vel (3)\" class=\"wp-image-9061\" srcset=\"https:\/\/moyahousehold.com\/wp-content\/uploads\/2024\/06\/stainless-steel-food-container-display-3.jpg 2000w, https:\/\/moyahousehold.com\/wp-content\/uploads\/2024\/06\/stainless-steel-food-container-display-3-300x300.jpg 300w, https:\/\/moyahousehold.com\/wp-content\/uploads\/2024\/06\/stainless-steel-food-container-display-3-150x150.jpg 150w, https:\/\/moyahousehold.com\/wp-content\/uploads\/2024\/06\/stainless-steel-food-container-display-3-768x768.jpg 768w, https:\/\/moyahousehold.com\/wp-content\/uploads\/2024\/06\/stainless-steel-food-container-display-3-12x12.jpg 12w, https:\/\/moyahousehold.com\/wp-content\/uploads\/2024\/06\/stainless-steel-food-container-display-3-285x285.jpg 285w, https:\/\/moyahousehold.com\/wp-content\/uploads\/2024\/06\/stainless-steel-food-container-display-3-1600x1600.jpg 1600w, https:\/\/moyahousehold.com\/wp-content\/uploads\/2024\/06\/stainless-steel-food-container-display-3-270x270.jpg 270w, https:\/\/moyahousehold.com\/wp-content\/uploads\/2024\/06\/stainless-steel-food-container-display-3-540x540.jpg 540w, https:\/\/moyahousehold.com\/wp-content\/uploads\/2024\/06\/stainless-steel-food-container-display-3-660x660.jpg 660w\" sizes=\"(max-width: 2000px) 100vw, 2000px\" \/><\/figure>\n<\/div>\n\n\n\n<div class=\"wp-block-column is-layout-flow wp-block-column-is-layout-flow\">\n<figure class=\"wp-block-image size-full\"><img decoding=\"async\" width=\"2000\" height=\"2000\" src=\"https:\/\/moyahousehold.com\/wp-content\/uploads\/2024\/06\/stainless-steel-food-container-display-1.jpg\" alt=\"expositor de recipientes para alimentos em a\u00e7o inoxid\u00e1vel (1)\" class=\"wp-image-9059\" srcset=\"https:\/\/moyahousehold.com\/wp-content\/uploads\/2024\/06\/stainless-steel-food-container-display-1.jpg 2000w, https:\/\/moyahousehold.com\/wp-content\/uploads\/2024\/06\/stainless-steel-food-container-display-1-300x300.jpg 300w, https:\/\/moyahousehold.com\/wp-content\/uploads\/2024\/06\/stainless-steel-food-container-display-1-150x150.jpg 150w, https:\/\/moyahousehold.com\/wp-content\/uploads\/2024\/06\/stainless-steel-food-container-display-1-768x768.jpg 768w, https:\/\/moyahousehold.com\/wp-content\/uploads\/2024\/06\/stainless-steel-food-container-display-1-12x12.jpg 12w, https:\/\/moyahousehold.com\/wp-content\/uploads\/2024\/06\/stainless-steel-food-container-display-1-285x285.jpg 285w, https:\/\/moyahousehold.com\/wp-content\/uploads\/2024\/06\/stainless-steel-food-container-display-1-1600x1600.jpg 1600w, https:\/\/moyahousehold.com\/wp-content\/uploads\/2024\/06\/stainless-steel-food-container-display-1-270x270.jpg 270w, https:\/\/moyahousehold.com\/wp-content\/uploads\/2024\/06\/stainless-steel-food-container-display-1-540x540.jpg 540w, https:\/\/moyahousehold.com\/wp-content\/uploads\/2024\/06\/stainless-steel-food-container-display-1-660x660.jpg 660w\" sizes=\"(max-width: 2000px) 100vw, 2000px\" \/><\/figure>\n<\/div>\n<\/div>\n\n\n\n<div class=\"wp-block-columns is-layout-flex wp-container-core-columns-is-layout-9d6595d7 wp-block-columns-is-layout-flex\">\n<div class=\"wp-block-column is-layout-flow wp-block-column-is-layout-flow\">\n<figure class=\"wp-block-image size-full\"><img decoding=\"async\" width=\"2000\" height=\"2000\" src=\"https:\/\/moyahousehold.com\/wp-content\/uploads\/2024\/06\/stainless-steel-food-container-display-2.jpg\" alt=\"expositor de recipientes para alimentos em a\u00e7o inoxid\u00e1vel (2)\" class=\"wp-image-9060\" srcset=\"https:\/\/moyahousehold.com\/wp-content\/uploads\/2024\/06\/stainless-steel-food-container-display-2.jpg 2000w, https:\/\/moyahousehold.com\/wp-content\/uploads\/2024\/06\/stainless-steel-food-container-display-2-300x300.jpg 300w, https:\/\/moyahousehold.com\/wp-content\/uploads\/2024\/06\/stainless-steel-food-container-display-2-150x150.jpg 150w, https:\/\/moyahousehold.com\/wp-content\/uploads\/2024\/06\/stainless-steel-food-container-display-2-768x768.jpg 768w, https:\/\/moyahousehold.com\/wp-content\/uploads\/2024\/06\/stainless-steel-food-container-display-2-12x12.jpg 12w, https:\/\/moyahousehold.com\/wp-content\/uploads\/2024\/06\/stainless-steel-food-container-display-2-285x285.jpg 285w, https:\/\/moyahousehold.com\/wp-content\/uploads\/2024\/06\/stainless-steel-food-container-display-2-1600x1600.jpg 1600w, https:\/\/moyahousehold.com\/wp-content\/uploads\/2024\/06\/stainless-steel-food-container-display-2-270x270.jpg 270w, https:\/\/moyahousehold.com\/wp-content\/uploads\/2024\/06\/stainless-steel-food-container-display-2-540x540.jpg 540w, https:\/\/moyahousehold.com\/wp-content\/uploads\/2024\/06\/stainless-steel-food-container-display-2-660x660.jpg 660w\" sizes=\"(max-width: 2000px) 100vw, 2000px\" \/><\/figure>\n<\/div>\n\n\n\n<div class=\"wp-block-column is-layout-flow wp-block-column-is-layout-flow\">\n<figure class=\"wp-block-image size-full\"><img loading=\"lazy\" decoding=\"async\" width=\"2000\" height=\"2000\" src=\"https:\/\/moyahousehold.com\/wp-content\/uploads\/2024\/06\/stainless-steel-food-container-display-4.jpg\" alt=\"expositor de recipientes para alimentos em a\u00e7o inoxid\u00e1vel (4)\" class=\"wp-image-9062\" srcset=\"https:\/\/moyahousehold.com\/wp-content\/uploads\/2024\/06\/stainless-steel-food-container-display-4.jpg 2000w, https:\/\/moyahousehold.com\/wp-content\/uploads\/2024\/06\/stainless-steel-food-container-display-4-300x300.jpg 300w, https:\/\/moyahousehold.com\/wp-content\/uploads\/2024\/06\/stainless-steel-food-container-display-4-150x150.jpg 150w, https:\/\/moyahousehold.com\/wp-content\/uploads\/2024\/06\/stainless-steel-food-container-display-4-768x768.jpg 768w, https:\/\/moyahousehold.com\/wp-content\/uploads\/2024\/06\/stainless-steel-food-container-display-4-12x12.jpg 12w, https:\/\/moyahousehold.com\/wp-content\/uploads\/2024\/06\/stainless-steel-food-container-display-4-285x285.jpg 285w, https:\/\/moyahousehold.com\/wp-content\/uploads\/2024\/06\/stainless-steel-food-container-display-4-1600x1600.jpg 1600w, https:\/\/moyahousehold.com\/wp-content\/uploads\/2024\/06\/stainless-steel-food-container-display-4-270x270.jpg 270w, https:\/\/moyahousehold.com\/wp-content\/uploads\/2024\/06\/stainless-steel-food-container-display-4-540x540.jpg 540w, https:\/\/moyahousehold.com\/wp-content\/uploads\/2024\/06\/stainless-steel-food-container-display-4-660x660.jpg 660w\" sizes=\"(max-width: 2000px) 100vw, 2000px\" \/><\/figure>\n<\/div>\n<\/div>\n\n\n\n<p><\/p>","protected":false},"excerpt":{"rendered":"<p>Recipientes de a\u00e7o inoxid\u00e1vel para alimentos com tampa, os recipientes t\u00eam excelentes propriedades de veda\u00e7\u00e3o, o que pode efetivamente impedir que os alimentos vazem e manter os alimentos frescos e deliciosos. \u00c9 muito adequado para uma variedade de cen\u00e1rios, como armazenamento de alimentos em casa, armazenamento de alimentos comerciais e almo\u00e7os de trabalho. Fornecemos recipientes para alimentos por atacado para solu\u00e7\u00f5es personalizadas, e os compradores B2B s\u00e3o bem-vindos a contactar-nos para mais informa\u00e7\u00f5es.<\/p>\n<h3>Carater\u00edsticas e vantagens do recipiente de armazenagem em a\u00e7o inoxid\u00e1vel<\/h3>\n<p><strong>Conceito de design humanizado:<\/strong> Este recipiente para alimentos em a\u00e7o inoxid\u00e1vel tem um design simples e eficiente e \u00e9 extremamente f\u00e1cil de utilizar. Pode ser utilizado para guardar o almo\u00e7o, alimentos congelados ou alimentos cozinhados.<\/p>\n<p>&nbsp;<\/p>\n<p><strong>Design de tampa transparente:<\/strong> O design da tampa transparente permite-lhe ver rapidamente os alimentos no recipiente sem abrir a tampa, tornando a gest\u00e3o da classifica\u00e7\u00e3o dos alimentos mais eficiente e conveniente.<\/p>\n<p>&nbsp;<\/p>\n<p><strong>Estrutura refor\u00e7ada e espessada:<\/strong> O recipiente para alimentos em a\u00e7o inoxid\u00e1vel com design espessado \u00e9 resistente e dur\u00e1vel, capaz de suportar o teste de v\u00e1rios ambientes e n\u00e3o \u00e9 f\u00e1cil de deformar ou danificar, mesmo em caso de colis\u00e3o ou queda.<\/p>\n<p>&nbsp;<\/p>\n<p><strong>Escolha ideal para armazenar alimentos:<\/strong> Este recipiente para alimentos em a\u00e7o inoxid\u00e1vel oferece-lhe uma solu\u00e7\u00e3o perfeita para a conserva\u00e7\u00e3o de alimentos, ajudando-o a organizar facilmente os alimentos e a satisfazer diversas necessidades de conserva\u00e7\u00e3o.<\/p>\n<p><strong>\u00a0<\/strong><\/p>","protected":false},"featured_media":9063,"comment_status":"closed","ping_status":"closed","template":"","meta":[],"product_cat":[57],"product_tag":[99],"class_list":{"0":"post-5988","1":"product","2":"type-product","3":"status-publish","4":"has-post-thumbnail","6":"product_cat-food-storage-container-wholesale","7":"product_tag-wholesale-rectangle-food-storage-containers","9":"first","10":"instock","11":"shipping-taxable","12":"product-type-simple"},"_links":{"self":[{"href":"https:\/\/moyahousehold.com\/pt\/wp-json\/wp\/v2\/product\/5988","targetHints":{"allow":["GET"]}}],"collection":[{"href":"https:\/\/moyahousehold.com\/pt\/wp-json\/wp\/v2\/product"}],"about":[{"href":"https:\/\/moyahousehold.com\/pt\/wp-json\/wp\/v2\/types\/product"}],"replies":[{"embeddable":true,"href":"https:\/\/moyahousehold.com\/pt\/wp-json\/wp\/v2\/comments?post=5988"}],"version-history":[{"count":0,"href":"https:\/\/moyahousehold.com\/pt\/wp-json\/wp\/v2\/product\/5988\/revisions"}],"wp:featuredmedia":[{"embeddable":true,"href":"https:\/\/moyahousehold.com\/pt\/wp-json\/wp\/v2\/media\/9063"}],"wp:attachment":[{"href":"https:\/\/moyahousehold.com\/pt\/wp-json\/wp\/v2\/media?parent=5988"}],"wp:term":[{"taxonomy":"product_cat","embeddable":true,"href":"https:\/\/moyahousehold.com\/pt\/wp-json\/wp\/v2\/product_cat?post=5988"},{"taxonomy":"product_tag","embeddable":true,"href":"https:\/\/moyahousehold.com\/pt\/wp-json\/wp\/v2\/product_tag?post=5988"}],"curies":[{"name":"wp","href":"https:\/\/api.w.org\/{rel}","templated":true}]}}