{"id":6023,"date":"2024-06-25T10:10:58","date_gmt":"2024-06-25T10:10:58","guid":{"rendered":"https:\/\/moyahousehold.com\/?post_type=product&#038;p=6023"},"modified":"2025-03-05T10:11:04","modified_gmt":"2025-03-05T10:11:04","slug":"custom-steel-food-storage-containers","status":"publish","type":"product","link":"https:\/\/moyahousehold.com\/pt\/produto\/custom-steel-food-storage-containers\/","title":{"rendered":"Recipientes de armazenamento de alimentos em a\u00e7o personalizados com capacidades que variam de 420 ml a 4600 ml"},"content":{"rendered":"<div class=\"wp-block-columns is-layout-flex wp-container-core-columns-is-layout-9d6595d7 wp-block-columns-is-layout-flex\">\n<div class=\"wp-block-column is-layout-flow wp-block-column-is-layout-flow\">\n<h3 class=\"wp-block-heading\">Par\u00e2metros dos recipientes para armazenagem de alimentos personalizados<\/h3>\n<\/div>\n<\/div>\n\n\n\n<figure class=\"wp-block-table\"><table><tbody><tr><td><\/td><td>Capacidade<\/td><td>Tamanho do produto<\/td><td>Tamanho da caixa exterior<\/td><td>Quantidade por caixa<\/td><td>N.W<\/td><td>G.W\/Caixa<\/td><\/tr><tr><td>MYJD117<\/td><td>420ml<\/td><td>13.3*9.6*5.6<\/td><td>\/<\/td><td>80<\/td><td>0.15<\/td><td>11.6<\/td><\/tr><tr><td>MYJD118<\/td><td>660ml<\/td><td>13.3*9.6*8.2<\/td><td>\/<\/td><td>80<\/td><td>0.16<\/td><td>13.8<\/td><\/tr><tr><td>MYJD119<\/td><td>900ml<\/td><td>13.3*9.6*10.7<\/td><td>\/<\/td><td>60<\/td><td>0.2<\/td><td>16<\/td><\/tr><tr><td>MYJD120<\/td><td>1000ml<\/td><td>20.3*13.5*5.7<\/td><td>\/<\/td><td>60<\/td><td>0.25<\/td><td>16.3<\/td><\/tr><tr><td>MYJD121<\/td><td>1600ml<\/td><td>20.3*13.5*8.2<\/td><td>\/<\/td><td>60<\/td><td>0.28<\/td><td>20.5<\/td><\/tr><tr><td>MYJD122<\/td><td>2100ml<\/td><td>20.3*13.5*10.7<\/td><td>\/<\/td><td>48<\/td><td>0.34<\/td><td>24.8<\/td><\/tr><tr><td>MYJD123<\/td><td>2400ml<\/td><td>27.5*20.2*6<\/td><td>\/<\/td><td>48<\/td><td>0.49<\/td><td>28.5<\/td><\/tr><tr><td>MYJD124<\/td><td>3500ml<\/td><td>27.5*20.2*8.2<\/td><td>\/<\/td><td>36<\/td><td>0.57<\/td><td>32.8<\/td><\/tr><tr><td>MYJD125<\/td><td>4600ml<\/td><td>27.5*20.2*10.7<\/td><td>\/<\/td><td>24<\/td><td>0.63<\/td><td>37.5<\/td><\/tr><\/tbody><\/table><\/figure>\n\n\n\n<h3 class=\"wp-block-heading\">Op\u00e7\u00f5es de recipientes de armazenamento de alimentos personalizados<\/h3>\n\n\n\n<p><strong>Log\u00f3tipo<\/strong>: personalizar o log\u00f3tipo da sua marca no produto e na embalagem.<br><strong>Tampa<\/strong>: Tampa de vidro, tampa PP<br><strong>Op\u00e7\u00f5es de log\u00f3tipo<\/strong>: log\u00f3tipo impresso, log\u00f3tipo gravado a laser, etc.<br><strong>Padr\u00e3o<\/strong>: padr\u00f5es de impress\u00e3o em recipientes de armazenamento de alimentos.<br><strong>Tecnologia de impress\u00e3o<\/strong>: impress\u00e3o por transfer\u00eancia de \u00e1gua, serigrafia, impress\u00e3o por transfer\u00eancia de calor, etc.<br><strong>Embalagem<\/strong>:caixa de cor<br><a href=\"https:\/\/moyahousehold.com\/pt\/solucao-personalizada\/\" data-type=\"page\" data-id=\"2817\"><strong>Explorar mais personaliza\u00e7\u00e3o<\/strong><\/a><\/p>\n\n\n\n<div class=\"wp-block-columns is-layout-flex wp-container-core-columns-is-layout-9d6595d7 wp-block-columns-is-layout-flex\">\n<div class=\"wp-block-column is-layout-flow wp-block-column-is-layout-flow\">\n<figure class=\"wp-block-image size-full\"><img fetchpriority=\"high\" decoding=\"async\" width=\"1600\" height=\"1600\" src=\"https:\/\/moyahousehold.com\/wp-content\/uploads\/2024\/06\/custom-food-stoage-containers-detail-1.png\" alt=\"pormenor de recipientes de armazenamento de alimentos personalizados (1)\" class=\"wp-image-7648\" srcset=\"https:\/\/moyahousehold.com\/wp-content\/uploads\/2024\/06\/custom-food-stoage-containers-detail-1.png 1600w, https:\/\/moyahousehold.com\/wp-content\/uploads\/2024\/06\/custom-food-stoage-containers-detail-1-300x300.png 300w, https:\/\/moyahousehold.com\/wp-content\/uploads\/2024\/06\/custom-food-stoage-containers-detail-1-150x150.png 150w, https:\/\/moyahousehold.com\/wp-content\/uploads\/2024\/06\/custom-food-stoage-containers-detail-1-768x768.png 768w, https:\/\/moyahousehold.com\/wp-content\/uploads\/2024\/06\/custom-food-stoage-containers-detail-1-12x12.png 12w, https:\/\/moyahousehold.com\/wp-content\/uploads\/2024\/06\/custom-food-stoage-containers-detail-1-285x285.png 285w, https:\/\/moyahousehold.com\/wp-content\/uploads\/2024\/06\/custom-food-stoage-containers-detail-1-270x270.png 270w, https:\/\/moyahousehold.com\/wp-content\/uploads\/2024\/06\/custom-food-stoage-containers-detail-1-540x540.png 540w, https:\/\/moyahousehold.com\/wp-content\/uploads\/2024\/06\/custom-food-stoage-containers-detail-1-660x660.png 660w\" sizes=\"(max-width: 1600px) 100vw, 1600px\" \/><\/figure>\n<\/div>\n\n\n\n<div class=\"wp-block-column is-layout-flow wp-block-column-is-layout-flow\">\n<figure class=\"wp-block-image size-full\"><img decoding=\"async\" width=\"1600\" height=\"1600\" src=\"https:\/\/moyahousehold.com\/wp-content\/uploads\/2024\/06\/custom-food-stoage-containers-detail-2.png\" alt=\"pormenor de recipientes de armazenamento de alimentos personalizados (2)\" class=\"wp-image-7649\" srcset=\"https:\/\/moyahousehold.com\/wp-content\/uploads\/2024\/06\/custom-food-stoage-containers-detail-2.png 1600w, https:\/\/moyahousehold.com\/wp-content\/uploads\/2024\/06\/custom-food-stoage-containers-detail-2-300x300.png 300w, https:\/\/moyahousehold.com\/wp-content\/uploads\/2024\/06\/custom-food-stoage-containers-detail-2-150x150.png 150w, https:\/\/moyahousehold.com\/wp-content\/uploads\/2024\/06\/custom-food-stoage-containers-detail-2-768x768.png 768w, https:\/\/moyahousehold.com\/wp-content\/uploads\/2024\/06\/custom-food-stoage-containers-detail-2-12x12.png 12w, https:\/\/moyahousehold.com\/wp-content\/uploads\/2024\/06\/custom-food-stoage-containers-detail-2-285x285.png 285w, https:\/\/moyahousehold.com\/wp-content\/uploads\/2024\/06\/custom-food-stoage-containers-detail-2-270x270.png 270w, https:\/\/moyahousehold.com\/wp-content\/uploads\/2024\/06\/custom-food-stoage-containers-detail-2-540x540.png 540w, https:\/\/moyahousehold.com\/wp-content\/uploads\/2024\/06\/custom-food-stoage-containers-detail-2-660x660.png 660w\" sizes=\"(max-width: 1600px) 100vw, 1600px\" \/><\/figure>\n<\/div>\n<\/div>\n\n\n\n<div class=\"wp-block-columns is-layout-flex wp-container-core-columns-is-layout-9d6595d7 wp-block-columns-is-layout-flex\">\n<div class=\"wp-block-column is-layout-flow wp-block-column-is-layout-flow\"><\/div>\n\n\n\n<div class=\"wp-block-column is-layout-flow wp-block-column-is-layout-flow\"><\/div>\n<\/div>","protected":false},"excerpt":{"rendered":"<p>Fornecemos solu\u00e7\u00f5es personalizadas de contentores de armazenamento de alimentos em a\u00e7o inoxid\u00e1vel para satisfazer as diversas necessidades de diferentes clientes. Com um design flex\u00edvel de especifica\u00e7\u00f5es de produtos, log\u00f3tipos, cores e capacidades, somos capazes de fornecer op\u00e7\u00f5es ideais para v\u00e1rias necessidades. Os nossos recipientes de armazenamento de alimentos s\u00e3o amplamente utilizados na ind\u00fastria de catering e cozinhas comerciais, e s\u00e3o a melhor escolha para o armazenamento de alimentos. Quer necessite de recipientes de armazenamento de alimentos a granel ou procure servi\u00e7os de personaliza\u00e7\u00e3o OEM e ODM, podemos fornecer-lhe a melhor solu\u00e7\u00e3o. Contacte-nos para discutirmos as suas necessidades espec\u00edficas.<\/p>\n<h3>Carater\u00edsticas e vantagens dos recipientes de armazenamento de alimentos personaliz\u00e1veis<\/h3>\n<p><strong>Design empilh\u00e1vel<\/strong>: Este recipiente de armazenamento de alimentos em a\u00e7o inoxid\u00e1vel personaliz\u00e1vel tem um design razo\u00e1vel, que pode poupar significativamente espa\u00e7o de armazenamento, combinando recipientes com diferentes capacidades.<br \/><strong>Material de a\u00e7o inoxid\u00e1vel de alta qualidade<\/strong>: Cada recipiente de armazenamento de alimentos \u00e9 fabricado em a\u00e7o inoxid\u00e1vel de alta qualidade e processado com um fino trabalho artesanal para garantir uma excelente durabilidade.<br \/><strong>F\u00e1cil de utilizar<\/strong>: Este recipiente de armazenamento de alimentos foi concebido para ser de f\u00e1cil utiliza\u00e7\u00e3o, f\u00e1cil de operar e f\u00e1cil de usar diariamente. S\u00e3o adequados para armazenar refei\u00e7\u00f5es frias, refei\u00e7\u00f5es quentes e alimentos a v\u00e1rias temperaturas, ajudando a manter os alimentos em \u00f3ptimas condi\u00e7\u00f5es.<br \/><strong>Material espessado<\/strong>: A conce\u00e7\u00e3o refor\u00e7ada aumenta a resist\u00eancia estrutural do contentor e evita eficazmente a deforma\u00e7\u00e3o ou os danos durante a colis\u00e3o.<br \/><strong>V\u00e1rias especifica\u00e7\u00f5es<\/strong>: Fornecemos nove especifica\u00e7\u00f5es de contentores para satisfazer as suas diferentes necessidades de armazenamento.<br \/><strong>Vasta gama de op\u00e7\u00f5es de personaliza\u00e7\u00e3o<\/strong>: Escolha-nos como seu fornecedor de recipiente de armazenamento de alimentos em a\u00e7o inoxid\u00e1vel, podemos personalizar o tamanho do recipiente de alimentos, logotipo, embalagem, etc. de acordo com suas necessidades, bem-vindo a contactar-nos para solu\u00e7\u00f5es personalizadas<\/p>\n<p><strong><a href=\"https:\/\/moyahousehold.com\/pt\/solucao-personalizada\/\">Saiba mais sobre a nossa solu\u00e7\u00e3o de contentores de armazenamento de alimentos personalizados<\/a><\/strong><\/p>","protected":false},"featured_media":7655,"comment_status":"closed","ping_status":"closed","template":"","meta":[],"product_cat":[57],"product_tag":[95,106,99],"class_list":{"0":"post-6023","1":"product","2":"type-product","3":"status-publish","4":"has-post-thumbnail","6":"product_cat-food-storage-container-wholesale","7":"product_tag-wholesale-food-storage-containers-with-date-dial","8":"product_tag-microwavable-food-storage-containers","9":"product_tag-wholesale-rectangle-food-storage-containers","11":"first","12":"instock","13":"shipping-taxable","14":"product-type-simple"},"_links":{"self":[{"href":"https:\/\/moyahousehold.com\/pt\/wp-json\/wp\/v2\/product\/6023","targetHints":{"allow":["GET"]}}],"collection":[{"href":"https:\/\/moyahousehold.com\/pt\/wp-json\/wp\/v2\/product"}],"about":[{"href":"https:\/\/moyahousehold.com\/pt\/wp-json\/wp\/v2\/types\/product"}],"replies":[{"embeddable":true,"href":"https:\/\/moyahousehold.com\/pt\/wp-json\/wp\/v2\/comments?post=6023"}],"version-history":[{"count":0,"href":"https:\/\/moyahousehold.com\/pt\/wp-json\/wp\/v2\/product\/6023\/revisions"}],"wp:featuredmedia":[{"embeddable":true,"href":"https:\/\/moyahousehold.com\/pt\/wp-json\/wp\/v2\/media\/7655"}],"wp:attachment":[{"href":"https:\/\/moyahousehold.com\/pt\/wp-json\/wp\/v2\/media?parent=6023"}],"wp:term":[{"taxonomy":"product_cat","embeddable":true,"href":"https:\/\/moyahousehold.com\/pt\/wp-json\/wp\/v2\/product_cat?post=6023"},{"taxonomy":"product_tag","embeddable":true,"href":"https:\/\/moyahousehold.com\/pt\/wp-json\/wp\/v2\/product_tag?post=6023"}],"curies":[{"name":"wp","href":"https:\/\/api.w.org\/{rel}","templated":true}]}}