{"id":6029,"date":"2024-06-26T03:07:40","date_gmt":"2024-06-26T03:07:40","guid":{"rendered":"https:\/\/moyahousehold.com\/?post_type=product&#038;p=6029"},"modified":"2025-02-05T10:06:41","modified_gmt":"2025-02-05T10:06:41","slug":"stainless-steel-food-storage-container-wholesale-large-capacity-with-handle","status":"publish","type":"product","link":"https:\/\/moyahousehold.com\/pt\/produto\/stainless-steel-food-storage-container-wholesale-large-capacity-with-handle\/","title":{"rendered":"Recipiente grande de a\u00e7o inoxid\u00e1vel com al\u00e7a a pre\u00e7o de f\u00e1brica"},"content":{"rendered":"<div class=\"wp-block-columns is-layout-flex wp-container-core-columns-is-layout-9d6595d7 wp-block-columns-is-layout-flex\">\n<div class=\"wp-block-column is-layout-flow wp-block-column-is-layout-flow\">\n<h3 class=\"wp-block-heading\">Par\u00e2metros do grande contentor de a\u00e7o Stainlees<\/h3>\n\n\n\n<figure class=\"wp-block-table\"><table><tbody><tr><td>Item NO<\/td><td>Capacidade<\/td><td>Tamanho\/PCS<\/td><td>PCS\/Caixa<\/td><td>N.W.\/PCS<\/td><td>G.W.\/Caso<\/td><\/tr><tr><td>MYJD191<\/td><td>1700ml<\/td><td>24.4*16*8<\/td><td>48<\/td><td>21.2<\/td><td>0.4<\/td><\/tr><tr><td>MYJD192<\/td><td>2200ml<\/td><td>24.4*16*10<\/td><td>36<\/td><td>17.12<\/td><td>0.42<\/td><\/tr><tr><td>MYJD193<\/td><td>2700ml<\/td><td>24.4*16*12<\/td><td>24<\/td><td>16.88<\/td><td>0.62<\/td><\/tr><tr><td>MYJD194<\/td><td>2400ml<\/td><td>35*20*6<\/td><td>36<\/td><td>17.48<\/td><td>0.43<\/td><\/tr><tr><td>MYJD195<\/td><td>3800ml<\/td><td>35*20*9.5<\/td><td>24<\/td><td>19.04<\/td><td>0.71<\/td><\/tr><tr><td>MYJD196<\/td><td>6200ml<\/td><td>35*20*14<\/td><td>16<\/td><td>15.6<\/td><td>0.85<\/td><\/tr><tr><td>MYJD171<\/td><td>1700ml<\/td><td>20*20*7.6<\/td><td>48<\/td><td>20.24<\/td><td>0.38<\/td><\/tr><tr><td>MYJD172<\/td><td>2200ml<\/td><td>20*20*10<\/td><td>36<\/td><td>17.12<\/td><td>0.42<\/td><\/tr><tr><td>MYJD173<\/td><td>2700ml<\/td><td>20*20*12<\/td><td>36<\/td><td>18.2<\/td><td>0.45<\/td><\/tr><tr><td>MYJD174<\/td><td>3200ml<\/td><td>20*20*14<\/td><td>48<\/td><td>26<\/td><td>0.5<\/td><\/tr><\/tbody><\/table><\/figure>\n<\/div>\n<\/div>\n\n\n\n<h3 class=\"wp-block-heading\">Op\u00e7\u00f5es de recipientes para alimentos grandes em a\u00e7o inoxid\u00e1vel personalizados<\/h3>\n\n\n\n<p><strong>Log\u00f3tipo<\/strong>: personalizar o log\u00f3tipo da sua marca no produto e na embalagem.<br><strong>Tampa<\/strong>: Tampa de vidro, tampa PP<br><strong>Op\u00e7\u00f5es de log\u00f3tipo<\/strong>: log\u00f3tipo impresso, log\u00f3tipo gravado a laser, etc.<br><strong>Padr\u00e3o<\/strong>: padr\u00f5es de impress\u00e3o em recipientes de armazenamento de alimentos.<br><strong>Tecnologia de impress\u00e3o<\/strong>: impress\u00e3o por transfer\u00eancia de \u00e1gua, serigrafia, impress\u00e3o por transfer\u00eancia de calor, etc.<br><strong>Embalagem<\/strong>:caixa de cor<br><a href=\"https:\/\/moyahousehold.com\/pt\/solucao-personalizada\/\" data-type=\"page\" data-id=\"2817\"><strong>Explorar mais personaliza\u00e7\u00e3o<\/strong><\/a><\/p>\n\n\n\n<div class=\"wp-block-columns is-layout-flex wp-container-core-columns-is-layout-9d6595d7 wp-block-columns-is-layout-flex\">\n<div class=\"wp-block-column is-layout-flow wp-block-column-is-layout-flow\">\n<figure class=\"wp-block-image size-full\"><img fetchpriority=\"high\" decoding=\"async\" width=\"4160\" height=\"4160\" src=\"https:\/\/moyahousehold.com\/wp-content\/uploads\/2024\/06\/Large-capacity-Steel-Food-Storage-Container-Wholesale-23.webp\" alt=\"Recipiente de a\u00e7o de grande capacidade para armazenamento de alimentos por atacado \" class=\"wp-image-6170\" srcset=\"https:\/\/moyahousehold.com\/wp-content\/uploads\/2024\/06\/Large-capacity-Steel-Food-Storage-Container-Wholesale-23.webp 4160w, https:\/\/moyahousehold.com\/wp-content\/uploads\/2024\/06\/Large-capacity-Steel-Food-Storage-Container-Wholesale-23-300x300.webp 300w, https:\/\/moyahousehold.com\/wp-content\/uploads\/2024\/06\/Large-capacity-Steel-Food-Storage-Container-Wholesale-23-150x150.webp 150w, https:\/\/moyahousehold.com\/wp-content\/uploads\/2024\/06\/Large-capacity-Steel-Food-Storage-Container-Wholesale-23-768x768.webp 768w, https:\/\/moyahousehold.com\/wp-content\/uploads\/2024\/06\/Large-capacity-Steel-Food-Storage-Container-Wholesale-23-285x285.webp 285w, https:\/\/moyahousehold.com\/wp-content\/uploads\/2024\/06\/Large-capacity-Steel-Food-Storage-Container-Wholesale-23-1600x1600.webp 1600w, https:\/\/moyahousehold.com\/wp-content\/uploads\/2024\/06\/Large-capacity-Steel-Food-Storage-Container-Wholesale-23-270x270.webp 270w, https:\/\/moyahousehold.com\/wp-content\/uploads\/2024\/06\/Large-capacity-Steel-Food-Storage-Container-Wholesale-23-540x540.webp 540w, https:\/\/moyahousehold.com\/wp-content\/uploads\/2024\/06\/Large-capacity-Steel-Food-Storage-Container-Wholesale-23-660x660.webp 660w\" sizes=\"(max-width: 4160px) 100vw, 4160px\" \/><\/figure>\n<\/div>\n\n\n\n<div class=\"wp-block-column is-layout-flow wp-block-column-is-layout-flow\">\n<figure class=\"wp-block-image size-full\"><img decoding=\"async\" width=\"4160\" height=\"4160\" src=\"https:\/\/moyahousehold.com\/wp-content\/uploads\/2024\/06\/Large-capacity-Steel-Food-Storage-Container-Wholesale-21.webp\" alt=\"Recipiente de a\u00e7o de grande capacidade para armazenamento de alimentos por atacado\" class=\"wp-image-6169\" srcset=\"https:\/\/moyahousehold.com\/wp-content\/uploads\/2024\/06\/Large-capacity-Steel-Food-Storage-Container-Wholesale-21.webp 4160w, https:\/\/moyahousehold.com\/wp-content\/uploads\/2024\/06\/Large-capacity-Steel-Food-Storage-Container-Wholesale-21-300x300.webp 300w, https:\/\/moyahousehold.com\/wp-content\/uploads\/2024\/06\/Large-capacity-Steel-Food-Storage-Container-Wholesale-21-150x150.webp 150w, https:\/\/moyahousehold.com\/wp-content\/uploads\/2024\/06\/Large-capacity-Steel-Food-Storage-Container-Wholesale-21-768x768.webp 768w, https:\/\/moyahousehold.com\/wp-content\/uploads\/2024\/06\/Large-capacity-Steel-Food-Storage-Container-Wholesale-21-285x285.webp 285w, https:\/\/moyahousehold.com\/wp-content\/uploads\/2024\/06\/Large-capacity-Steel-Food-Storage-Container-Wholesale-21-1600x1600.webp 1600w, https:\/\/moyahousehold.com\/wp-content\/uploads\/2024\/06\/Large-capacity-Steel-Food-Storage-Container-Wholesale-21-270x270.webp 270w, https:\/\/moyahousehold.com\/wp-content\/uploads\/2024\/06\/Large-capacity-Steel-Food-Storage-Container-Wholesale-21-540x540.webp 540w, https:\/\/moyahousehold.com\/wp-content\/uploads\/2024\/06\/Large-capacity-Steel-Food-Storage-Container-Wholesale-21-660x660.webp 660w\" sizes=\"(max-width: 4160px) 100vw, 4160px\" \/><\/figure>\n<\/div>\n<\/div>\n\n\n\n<div class=\"wp-block-columns is-layout-flex wp-container-core-columns-is-layout-9d6595d7 wp-block-columns-is-layout-flex\">\n<div class=\"wp-block-column is-layout-flow wp-block-column-is-layout-flow\">\n<figure class=\"wp-block-image size-full\"><img decoding=\"async\" width=\"4160\" height=\"4160\" src=\"https:\/\/moyahousehold.com\/wp-content\/uploads\/2024\/06\/Large-capacity-Steel-Food-Storage-Container-Wholesale-17.webp\" alt=\"Recipiente de a\u00e7o de grande capacidade para armazenamento de alimentos por atacado\" class=\"wp-image-6167\" srcset=\"https:\/\/moyahousehold.com\/wp-content\/uploads\/2024\/06\/Large-capacity-Steel-Food-Storage-Container-Wholesale-17.webp 4160w, https:\/\/moyahousehold.com\/wp-content\/uploads\/2024\/06\/Large-capacity-Steel-Food-Storage-Container-Wholesale-17-300x300.webp 300w, https:\/\/moyahousehold.com\/wp-content\/uploads\/2024\/06\/Large-capacity-Steel-Food-Storage-Container-Wholesale-17-150x150.webp 150w, https:\/\/moyahousehold.com\/wp-content\/uploads\/2024\/06\/Large-capacity-Steel-Food-Storage-Container-Wholesale-17-768x768.webp 768w, https:\/\/moyahousehold.com\/wp-content\/uploads\/2024\/06\/Large-capacity-Steel-Food-Storage-Container-Wholesale-17-285x285.webp 285w, https:\/\/moyahousehold.com\/wp-content\/uploads\/2024\/06\/Large-capacity-Steel-Food-Storage-Container-Wholesale-17-1600x1600.webp 1600w, https:\/\/moyahousehold.com\/wp-content\/uploads\/2024\/06\/Large-capacity-Steel-Food-Storage-Container-Wholesale-17-270x270.webp 270w, https:\/\/moyahousehold.com\/wp-content\/uploads\/2024\/06\/Large-capacity-Steel-Food-Storage-Container-Wholesale-17-540x540.webp 540w, https:\/\/moyahousehold.com\/wp-content\/uploads\/2024\/06\/Large-capacity-Steel-Food-Storage-Container-Wholesale-17-660x660.webp 660w\" sizes=\"(max-width: 4160px) 100vw, 4160px\" \/><\/figure>\n<\/div>\n\n\n\n<div class=\"wp-block-column is-layout-flow wp-block-column-is-layout-flow\">\n<figure class=\"wp-block-image size-full\"><img loading=\"lazy\" decoding=\"async\" width=\"4160\" height=\"4160\" src=\"https:\/\/moyahousehold.com\/wp-content\/uploads\/2024\/06\/Large-capacity-Steel-Food-Storage-Container-Wholesale-19.webp\" alt=\"Recipiente de a\u00e7o de grande capacidade para armazenamento de alimentos por atacado\" class=\"wp-image-6168\" srcset=\"https:\/\/moyahousehold.com\/wp-content\/uploads\/2024\/06\/Large-capacity-Steel-Food-Storage-Container-Wholesale-19.webp 4160w, https:\/\/moyahousehold.com\/wp-content\/uploads\/2024\/06\/Large-capacity-Steel-Food-Storage-Container-Wholesale-19-300x300.webp 300w, https:\/\/moyahousehold.com\/wp-content\/uploads\/2024\/06\/Large-capacity-Steel-Food-Storage-Container-Wholesale-19-150x150.webp 150w, https:\/\/moyahousehold.com\/wp-content\/uploads\/2024\/06\/Large-capacity-Steel-Food-Storage-Container-Wholesale-19-768x768.webp 768w, https:\/\/moyahousehold.com\/wp-content\/uploads\/2024\/06\/Large-capacity-Steel-Food-Storage-Container-Wholesale-19-285x285.webp 285w, https:\/\/moyahousehold.com\/wp-content\/uploads\/2024\/06\/Large-capacity-Steel-Food-Storage-Container-Wholesale-19-1600x1600.webp 1600w, https:\/\/moyahousehold.com\/wp-content\/uploads\/2024\/06\/Large-capacity-Steel-Food-Storage-Container-Wholesale-19-270x270.webp 270w, https:\/\/moyahousehold.com\/wp-content\/uploads\/2024\/06\/Large-capacity-Steel-Food-Storage-Container-Wholesale-19-540x540.webp 540w, https:\/\/moyahousehold.com\/wp-content\/uploads\/2024\/06\/Large-capacity-Steel-Food-Storage-Container-Wholesale-19-660x660.webp 660w\" sizes=\"(max-width: 4160px) 100vw, 4160px\" \/><\/figure>\n<\/div>\n<\/div>","protected":false},"excerpt":{"rendered":"<p>Oferecemos grandes recipientes para alimentos em a\u00e7o inoxid\u00e1vel a pre\u00e7os de f\u00e1brica, com uma variedade de capacidades e designs \u00e0 escolha. A grande capacidade \u00e9 perfeita para armazenar v\u00e1rios tipos de alimentos, e os grandes recipientes de a\u00e7o inoxid\u00e1vel numa variedade de formas podem ser razoavelmente combinados para separar diferentes alimentos, incluindo rectangulares e quadrados. \u00c9 uma solu\u00e7\u00e3o de armazenamento perfeita para cozinhas dom\u00e9sticas e restaurantes comerciais. Este grande recipiente de a\u00e7o para alimentos tem um design bonito e elegante, e pode ser perfeitamente integrado em v\u00e1rios estilos de cozinha. N\u00f3s tamb\u00e9m fornecemos servi\u00e7os de recipientes para alimentos personalizados OEM e ODM. Se precisar de um recipiente de a\u00e7o inoxid\u00e1vel maior, pode contactar-nos para personaliza\u00e7\u00e3o.<\/p>\n<h3>Carater\u00edsticas e vantagens do recipiente para alimentos grande em a\u00e7o inoxid\u00e1vel<\/h3>\n<p>1. os grandes recipientes de a\u00e7o para alimentos t\u00eam boa resist\u00eancia a \u00e1cidos e \u00e1lcalis e s\u00e3o adequados para armazenar v\u00e1rios alimentos \u00e1cidos e alcalinos.<\/p>\n<p>2. os grandes contentores de a\u00e7o inoxid\u00e1vel s\u00e3o feitos de material de a\u00e7o inoxid\u00e1vel 304;<\/p>\n<p>3. o design espesso do recipiente para alimentos aumenta a resist\u00eancia ao impacto do recipiente, tornando-o menos suscet\u00edvel de se deformar e mais seguro de utilizar.<\/p>\n<p>4. atualizado e engrossado, resistente a altas temperaturas e \u00e0 corros\u00e3o; f\u00e1cil de limpar e mais dur\u00e1vel;<\/p>\n<p>5. mesmo ap\u00f3s uma utiliza\u00e7\u00e3o prolongada, estes grandes recipientes para alimentos em a\u00e7o inoxid\u00e1vel podem permanecer t\u00e3o brilhantes e limpos como novos.<\/p>\n<p>6. o processo eletrol\u00edtico no interior da caixa \u00e9 suave e redondo, f\u00e1cil de limpar e n\u00e3o h\u00e1 odor residual quando se armazenam alimentos;<\/p>\n<p>7. anel de silicone de veda\u00e7\u00e3o alargado, bem ajustado, \u00e0 prova de fugas em toda a volta, fresco e \u00e0 prova de humidade, \u00e0 prova de fugas;<\/p>\n<p>8. a tampa da caixa espessada do recipiente de a\u00e7o inoxid\u00e1vel n\u00e3o \u00e9 facilmente deformada;<\/p>\n<p>9. os grandes recipientes de a\u00e7o inoxid\u00e1vel t\u00eam um formato quadrado e retangular \u00e0 escolha.<br \/><strong><br \/><a href=\"https:\/\/moyahousehold.com\/pt\/solucao-personalizada\/\">10. como um fabricante profissional de recipientes para alimentos, n\u00f3s fornecemos OEM &amp; ODM solu\u00e7\u00e3o personalizada de recipientes de a\u00e7o inoxid\u00e1vel para alimentos.<\/a><\/strong><\/p>","protected":false},"featured_media":6162,"comment_status":"open","ping_status":"closed","template":"","meta":[],"product_cat":[57],"product_tag":[95,99,100],"class_list":{"0":"post-6029","1":"product","2":"type-product","3":"status-publish","4":"has-post-thumbnail","6":"product_cat-food-storage-container-wholesale","7":"product_tag-wholesale-food-storage-containers-with-date-dial","8":"product_tag-wholesale-rectangle-food-storage-containers","9":"product_tag-wholesale-square-food-storage-containers","11":"first","12":"instock","13":"shipping-taxable","14":"product-type-simple"},"_links":{"self":[{"href":"https:\/\/moyahousehold.com\/pt\/wp-json\/wp\/v2\/product\/6029","targetHints":{"allow":["GET"]}}],"collection":[{"href":"https:\/\/moyahousehold.com\/pt\/wp-json\/wp\/v2\/product"}],"about":[{"href":"https:\/\/moyahousehold.com\/pt\/wp-json\/wp\/v2\/types\/product"}],"replies":[{"embeddable":true,"href":"https:\/\/moyahousehold.com\/pt\/wp-json\/wp\/v2\/comments?post=6029"}],"version-history":[{"count":0,"href":"https:\/\/moyahousehold.com\/pt\/wp-json\/wp\/v2\/product\/6029\/revisions"}],"wp:featuredmedia":[{"embeddable":true,"href":"https:\/\/moyahousehold.com\/pt\/wp-json\/wp\/v2\/media\/6162"}],"wp:attachment":[{"href":"https:\/\/moyahousehold.com\/pt\/wp-json\/wp\/v2\/media?parent=6029"}],"wp:term":[{"taxonomy":"product_cat","embeddable":true,"href":"https:\/\/moyahousehold.com\/pt\/wp-json\/wp\/v2\/product_cat?post=6029"},{"taxonomy":"product_tag","embeddable":true,"href":"https:\/\/moyahousehold.com\/pt\/wp-json\/wp\/v2\/product_tag?post=6029"}],"curies":[{"name":"wp","href":"https:\/\/api.w.org\/{rel}","templated":true}]}}