{"id":6088,"date":"2024-06-26T03:17:05","date_gmt":"2024-06-26T03:17:05","guid":{"rendered":"https:\/\/moyahousehold.com\/?post_type=product&#038;p=6088"},"modified":"2025-03-05T10:09:59","modified_gmt":"2025-03-05T10:09:59","slug":"bulk-commercial-stainless-steel-food-storage-containers","status":"publish","type":"product","link":"https:\/\/moyahousehold.com\/pt\/produto\/bulk-commercial-stainless-steel-food-storage-containers\/","title":{"rendered":"Recipientes para armazenagem de alimentos em a\u00e7o inoxid\u00e1vel para hot\u00e9is e restaurantes"},"content":{"rendered":"<div class=\"wp-block-columns is-layout-flex wp-container-core-columns-is-layout-9d6595d7 wp-block-columns-is-layout-flex\">\n<div class=\"wp-block-column is-layout-flow wp-block-column-is-layout-flow\">\n<h3 class=\"wp-block-heading\">Par\u00e2metros dos recipientes para armazenagem comercial de alimentos<\/h3>\n\n\n\n<figure class=\"wp-block-table\"><table><tbody><tr><td>Item NO<\/td><td>Capacidade<\/td><td>Tamanho\/PCS<\/td><td>PCS\/Caixa<\/td><td>N.W.\/PCS<\/td><td>G.W.\/Caso<\/td><\/tr><tr><td>MYJD212<\/td><td>420ML<\/td><td>13.3*11.2*6.2<\/td><td>80<\/td><td>15.6<\/td><td>0.17<\/td><\/tr><tr><td>MYJD213<\/td><td>660ML<\/td><td>13.3*11.2*8.7<\/td><td>80<\/td><td>17.2<\/td><td>0.19<\/td><\/tr><tr><td>MYJD214<\/td><td>900ML<\/td><td>13.3*11.2*11.3<\/td><td>80<\/td><td>19.6<\/td><td>0.22<\/td><\/tr><tr><td>MYJD185<\/td><td>1700ml<\/td><td>24.4*16*8<\/td><td>48<\/td><td>21.2<\/td><td>0.4<\/td><\/tr><tr><td>MYJD186<\/td><td>2200ml<\/td><td>24.4*16*10<\/td><td>36<\/td><td>17.12<\/td><td>0.42<\/td><\/tr><tr><td>MYJD187<\/td><td>2700ml<\/td><td>24.4*16*12<\/td><td>24<\/td><td>16.88<\/td><td>0.62<\/td><\/tr><tr><td>MYJD188<\/td><td>2400ml<\/td><td>35*20*6<\/td><td>36<\/td><td>17.48<\/td><td>0.43<\/td><\/tr><tr><td>MYJD189<\/td><td>3800ml<\/td><td>35*20*9.5<\/td><td>24<\/td><td>19.04<\/td><td>0.71<\/td><\/tr><tr><td>MYJD190<\/td><td>6200ml<\/td><td>35*20*14<\/td><td>16<\/td><td>15.6<\/td><td>0.85<\/td><\/tr><tr><td>MYJD163<\/td><td>1700ml<\/td><td>20*20*7.6<\/td><td>48<\/td><td>20.24<\/td><td>0.38<\/td><\/tr><tr><td>MYJD164<\/td><td>2200ml<\/td><td>20*20*10<\/td><td>36<\/td><td>17.12<\/td><td>0.42<\/td><\/tr><tr><td>MYJD165<\/td><td>2700ml<\/td><td>20*20*12<\/td><td>36<\/td><td>18.2<\/td><td>0.45<\/td><\/tr><tr><td>MYJD166<\/td><td>3200ml<\/td><td>20*20*14<\/td><td>48<\/td><td>26<\/td><td>0.5<\/td><\/tr><\/tbody><\/table><\/figure>\n<\/div>\n<\/div>\n\n\n\n<h3 class=\"wp-block-heading\">Op\u00e7\u00f5es de recipientes comerciais personalizados para armazenamento de alimentos<\/h3>\n\n\n\n<p><strong>Log\u00f3tipo<\/strong>: personalizar o log\u00f3tipo da sua marca no produto e na embalagem.<br><strong>Tampa<\/strong>: Tampa de vidro, tampa PP<br><strong>Op\u00e7\u00f5es de log\u00f3tipo<\/strong>: log\u00f3tipo impresso, log\u00f3tipo gravado a laser, etc.<br><strong>Padr\u00e3o<\/strong>: padr\u00f5es de impress\u00e3o em recipientes de armazenamento de alimentos.<br><strong>Tecnologia de impress\u00e3o<\/strong>: impress\u00e3o por transfer\u00eancia de \u00e1gua, serigrafia, impress\u00e3o por transfer\u00eancia de calor, etc.<br><strong>Embalagem<\/strong>:caixa de cor<br><a href=\"https:\/\/moyahousehold.com\/pt\/solucao-personalizada\/\" data-type=\"page\" data-id=\"2817\"><strong>Saiba mais sobre as solu\u00e7\u00f5es personalizadas de contentores de armazenamento de alimentos.<\/strong><\/a><\/p>\n\n\n\n<div class=\"wp-block-columns is-layout-flex wp-container-core-columns-is-layout-9d6595d7 wp-block-columns-is-layout-flex\">\n<div class=\"wp-block-column is-layout-flow wp-block-column-is-layout-flow\">\n<figure class=\"wp-block-image size-full\"><img fetchpriority=\"high\" decoding=\"async\" width=\"1500\" height=\"1500\" src=\"https:\/\/moyahousehold.com\/wp-content\/uploads\/2024\/06\/Commercial-Food-Storage-Container-Display-2.jpg\" alt=\"Expositor de recipientes para armazenagem comercial de alimentos (2)\" class=\"wp-image-8997\" srcset=\"https:\/\/moyahousehold.com\/wp-content\/uploads\/2024\/06\/Commercial-Food-Storage-Container-Display-2.jpg 1500w, https:\/\/moyahousehold.com\/wp-content\/uploads\/2024\/06\/Commercial-Food-Storage-Container-Display-2-300x300.jpg 300w, https:\/\/moyahousehold.com\/wp-content\/uploads\/2024\/06\/Commercial-Food-Storage-Container-Display-2-150x150.jpg 150w, https:\/\/moyahousehold.com\/wp-content\/uploads\/2024\/06\/Commercial-Food-Storage-Container-Display-2-768x768.jpg 768w, https:\/\/moyahousehold.com\/wp-content\/uploads\/2024\/06\/Commercial-Food-Storage-Container-Display-2-12x12.jpg 12w, https:\/\/moyahousehold.com\/wp-content\/uploads\/2024\/06\/Commercial-Food-Storage-Container-Display-2-285x285.jpg 285w, https:\/\/moyahousehold.com\/wp-content\/uploads\/2024\/06\/Commercial-Food-Storage-Container-Display-2-270x270.jpg 270w, https:\/\/moyahousehold.com\/wp-content\/uploads\/2024\/06\/Commercial-Food-Storage-Container-Display-2-540x540.jpg 540w, https:\/\/moyahousehold.com\/wp-content\/uploads\/2024\/06\/Commercial-Food-Storage-Container-Display-2-660x660.jpg 660w\" sizes=\"(max-width: 1500px) 100vw, 1500px\" \/><\/figure>\n<\/div>\n\n\n\n<div class=\"wp-block-column is-layout-flow wp-block-column-is-layout-flow\">\n<figure class=\"wp-block-image size-full\"><img decoding=\"async\" width=\"1500\" height=\"1500\" src=\"https:\/\/moyahousehold.com\/wp-content\/uploads\/2024\/06\/Commercial-Food-Storage-Container-Display-1.jpg\" alt=\"Expositor de recipientes para armazenagem comercial de alimentos (1)\" class=\"wp-image-8996\" srcset=\"https:\/\/moyahousehold.com\/wp-content\/uploads\/2024\/06\/Commercial-Food-Storage-Container-Display-1.jpg 1500w, https:\/\/moyahousehold.com\/wp-content\/uploads\/2024\/06\/Commercial-Food-Storage-Container-Display-1-300x300.jpg 300w, https:\/\/moyahousehold.com\/wp-content\/uploads\/2024\/06\/Commercial-Food-Storage-Container-Display-1-150x150.jpg 150w, https:\/\/moyahousehold.com\/wp-content\/uploads\/2024\/06\/Commercial-Food-Storage-Container-Display-1-768x768.jpg 768w, https:\/\/moyahousehold.com\/wp-content\/uploads\/2024\/06\/Commercial-Food-Storage-Container-Display-1-12x12.jpg 12w, https:\/\/moyahousehold.com\/wp-content\/uploads\/2024\/06\/Commercial-Food-Storage-Container-Display-1-285x285.jpg 285w, https:\/\/moyahousehold.com\/wp-content\/uploads\/2024\/06\/Commercial-Food-Storage-Container-Display-1-270x270.jpg 270w, https:\/\/moyahousehold.com\/wp-content\/uploads\/2024\/06\/Commercial-Food-Storage-Container-Display-1-540x540.jpg 540w, https:\/\/moyahousehold.com\/wp-content\/uploads\/2024\/06\/Commercial-Food-Storage-Container-Display-1-660x660.jpg 660w\" sizes=\"(max-width: 1500px) 100vw, 1500px\" \/><\/figure>\n<\/div>\n<\/div>\n\n\n\n<div class=\"wp-block-columns is-layout-flex wp-container-core-columns-is-layout-9d6595d7 wp-block-columns-is-layout-flex\">\n<div class=\"wp-block-column is-layout-flow wp-block-column-is-layout-flow\"><\/div>\n\n\n\n<div class=\"wp-block-column is-layout-flow wp-block-column-is-layout-flow\"><\/div>\n<\/div>","protected":false},"excerpt":{"rendered":"<p>Contentores comerciais de armazenamento de alimentos em a\u00e7o inoxid\u00e1vel por grosso. Oferecemos uma variedade de recipientes de armazenamento de alimentos a granel, abrangendo 420ml a 3200ml, para atender \u00e0s necessidades de diferentes cen\u00e1rios. Este recipiente de armazenamento de alimentos pode ser amplamente utilizado em casas, restaurantes e hot\u00e9is. Se voc\u00ea precisa de recipientes de armazenamento de alimentos a granel ou recipientes de alimentos personalizados OEM e ODM, n\u00f3s podemos fornecer-lhe a melhor solu\u00e7\u00e3o. Bem-vindo a contactar-nos para um or\u00e7amento.<\/p>\n<h3>Carater\u00edsticas e vantagens do recipiente de armazenagem de alimentos<\/h3>\n<p><strong>V\u00e1rios tamanhos:<\/strong> Este recipiente para alimentos em a\u00e7o inoxid\u00e1vel est\u00e1 dispon\u00edvel numa variedade de tamanhos e pode ser utilizado para armazenar diferentes tipos e quantidades de alimentos, satisfazendo v\u00e1rias necessidades de armazenamento dom\u00e9stico e comercial, adequado para cozinhas, restaurantes e cen\u00e1rios de servi\u00e7os de catering.<\/p>\n<p><strong>Materiais de alta qualidade:<\/strong> Feito de material de a\u00e7o inoxid\u00e1vel dur\u00e1vel, tem uma forte resist\u00eancia \u00e0 corros\u00e3o e \u00e0 oxida\u00e7\u00e3o, garantindo que n\u00e3o enferruja ap\u00f3s uma utiliza\u00e7\u00e3o prolongada, mantendo o contentor bonito e seguro.<\/p>\n<p><strong>Design empilh\u00e1vel:<\/strong> Os recipientes para alimentos em a\u00e7o inoxid\u00e1vel podem ser empilhados de forma est\u00e1vel, poupando espa\u00e7o, e convenientemente guardados em frigor\u00edficos, arm\u00e1rios e outros locais, o que ajuda a utilizar eficazmente o espa\u00e7o da cozinha.<\/p>\n<p><strong>Design selado:<\/strong> A tampa est\u00e1 equipada com um anel de veda\u00e7\u00e3o e um fecho de fivela para impedir a entrada de ar, manter eficazmente os alimentos frescos, evitar fugas e \u00e9 adequada para armazenar alimentos s\u00f3lidos e l\u00edquidos.<\/p>\n<p><strong>Servi\u00e7o personalizado:<\/strong> Como <strong><a href=\"https:\/\/moyahousehold.com\/pt\/categoria-do-produto\/food-storage-container-wholesale\/\" target=\"_blank\" rel=\"noopener\">fabricante de recipientes para alimentos<\/a>,<\/strong> A Moya fornece aos clientes servi\u00e7os personalizados de recipientes para alimentos, incluindo diferentes tamanhos, formas, desenhos de tampas, log\u00f3tipos de marcas, etc., para satisfazer as necessidades espec\u00edficas dos clientes.<\/p>","protected":false},"featured_media":8977,"comment_status":"open","ping_status":"closed","template":"","meta":[],"product_cat":[57],"product_tag":[95,106,99],"class_list":{"0":"post-6088","1":"product","2":"type-product","3":"status-publish","4":"has-post-thumbnail","6":"product_cat-food-storage-container-wholesale","7":"product_tag-wholesale-food-storage-containers-with-date-dial","8":"product_tag-microwavable-food-storage-containers","9":"product_tag-wholesale-rectangle-food-storage-containers","11":"first","12":"instock","13":"shipping-taxable","14":"product-type-simple"},"_links":{"self":[{"href":"https:\/\/moyahousehold.com\/pt\/wp-json\/wp\/v2\/product\/6088","targetHints":{"allow":["GET"]}}],"collection":[{"href":"https:\/\/moyahousehold.com\/pt\/wp-json\/wp\/v2\/product"}],"about":[{"href":"https:\/\/moyahousehold.com\/pt\/wp-json\/wp\/v2\/types\/product"}],"replies":[{"embeddable":true,"href":"https:\/\/moyahousehold.com\/pt\/wp-json\/wp\/v2\/comments?post=6088"}],"version-history":[{"count":0,"href":"https:\/\/moyahousehold.com\/pt\/wp-json\/wp\/v2\/product\/6088\/revisions"}],"wp:featuredmedia":[{"embeddable":true,"href":"https:\/\/moyahousehold.com\/pt\/wp-json\/wp\/v2\/media\/8977"}],"wp:attachment":[{"href":"https:\/\/moyahousehold.com\/pt\/wp-json\/wp\/v2\/media?parent=6088"}],"wp:term":[{"taxonomy":"product_cat","embeddable":true,"href":"https:\/\/moyahousehold.com\/pt\/wp-json\/wp\/v2\/product_cat?post=6088"},{"taxonomy":"product_tag","embeddable":true,"href":"https:\/\/moyahousehold.com\/pt\/wp-json\/wp\/v2\/product_tag?post=6088"}],"curies":[{"name":"wp","href":"https:\/\/api.w.org\/{rel}","templated":true}]}}