{"id":6091,"date":"2024-06-26T03:20:40","date_gmt":"2024-06-26T03:20:40","guid":{"rendered":"https:\/\/moyahousehold.com\/?post_type=product&#038;p=6091"},"modified":"2025-03-05T10:09:31","modified_gmt":"2025-03-05T10:09:31","slug":"custom-stainless-steel-food-containers-wholesale","status":"publish","type":"product","link":"https:\/\/moyahousehold.com\/pt\/produto\/custom-stainless-steel-food-containers-wholesale\/","title":{"rendered":"Recipientes para alimentos em a\u00e7o inoxid\u00e1vel personalizados por atacado Especifica\u00e7\u00f5es bonitas e m\u00faltiplas"},"content":{"rendered":"<div class=\"wp-block-columns is-layout-flex wp-container-core-columns-is-layout-9d6595d7 wp-block-columns-is-layout-flex\">\n<div class=\"wp-block-column is-layout-flow wp-block-column-is-layout-flow\">\n<h3 class=\"wp-block-heading\">Par\u00e2metros dos recipientes para alimentos em a\u00e7o inoxid\u00e1vel personaliz\u00e1veis<\/h3>\n<\/div>\n<\/div>\n\n\n\n<figure class=\"wp-block-table\"><table><tbody><tr><td>Item NO<\/td><td>Capacidade<\/td><td>Tamanho\/PCS<\/td><td>PCS\/Caixa<\/td><td>N.W.\/PCS<\/td><td>G.W.\/Caso<\/td><\/tr><tr><td>MYJD191<\/td><td>1700ml<\/td><td>24.4*16*8<\/td><td>48<\/td><td>21.2<\/td><td>0.4<\/td><\/tr><tr><td>MYJD192<\/td><td>2200ml<\/td><td>24.4*16*10<\/td><td>36<\/td><td>17.12<\/td><td>0.42<\/td><\/tr><tr><td>MYJD193<\/td><td>2700ml<\/td><td>24.4*16*12<\/td><td>24<\/td><td>16.88<\/td><td>0.62<\/td><\/tr><tr><td>MYJD194<\/td><td>2400ml<\/td><td>35*20*6<\/td><td>36<\/td><td>17.48<\/td><td>0.43<\/td><\/tr><tr><td>MYJD195<\/td><td>3800ml<\/td><td>35*20*9.5<\/td><td>24<\/td><td>19.04<\/td><td>0.71<\/td><\/tr><tr><td>MYJD196<\/td><td>6200ml<\/td><td>35*20*14<\/td><td>16<\/td><td>15.6<\/td><td>0.85<\/td><\/tr><tr><td>MYJD171<\/td><td>1700ml<\/td><td>20*20*7.6<\/td><td>48<\/td><td>20.24<\/td><td>0.38<\/td><\/tr><tr><td>MYJD172<\/td><td>2200ml<\/td><td>20*20*10<\/td><td>36<\/td><td>17.12<\/td><td>0.42<\/td><\/tr><tr><td>MYJD173<\/td><td>2700ml<\/td><td>20*20*12<\/td><td>36<\/td><td>18.2<\/td><td>0.45<\/td><\/tr><tr><td>MYJD174<\/td><td>3200ml<\/td><td>20*20*14<\/td><td>48<\/td><td>26<\/td><td>0.5<\/td><\/tr><\/tbody><\/table><\/figure>\n\n\n\n<h3 class=\"wp-block-heading\">Op\u00e7\u00f5es de recipientes de armazenamento de alimentos personalizados<\/h3>\n\n\n\n<p>Log\u00f3tipo: personalizar o log\u00f3tipo da sua marca no produto e na embalagem.<br>Tampa: Tampa de vidro, tampa PP<br>Op\u00e7\u00f5es de log\u00f3tipo: log\u00f3tipo impresso, log\u00f3tipo gravado a laser, etc.<br>Padr\u00e3o: padr\u00f5es de impress\u00e3o em recipientes de armazenamento de alimentos.<br>Tecnologia de impress\u00e3o: impress\u00e3o por transfer\u00eancia de \u00e1gua, impress\u00e3o por serigrafia, impress\u00e3o por transfer\u00eancia de calor, etc.<br>Embalagem:caixa a cores<br><a href=\"https:\/\/moyahousehold.com\/pt\/solucao-personalizada\/\" data-type=\"page\" data-id=\"2817\"><strong>Explorar mais personaliza\u00e7\u00e3o<\/strong><\/a><\/p>\n\n\n\n<div class=\"wp-block-columns is-layout-flex wp-container-core-columns-is-layout-9d6595d7 wp-block-columns-is-layout-flex\">\n<div class=\"wp-block-column is-layout-flow wp-block-column-is-layout-flow\">\n<figure class=\"wp-block-image size-full\"><img fetchpriority=\"high\" decoding=\"async\" width=\"4160\" height=\"4160\" src=\"https:\/\/moyahousehold.com\/wp-content\/uploads\/2024\/06\/Crisper-with-handle-1-1.webp\" alt=\"\" class=\"wp-image-6092\" srcset=\"https:\/\/moyahousehold.com\/wp-content\/uploads\/2024\/06\/Crisper-with-handle-1-1.webp 4160w, https:\/\/moyahousehold.com\/wp-content\/uploads\/2024\/06\/Crisper-with-handle-1-1-300x300.webp 300w, https:\/\/moyahousehold.com\/wp-content\/uploads\/2024\/06\/Crisper-with-handle-1-1-150x150.webp 150w, https:\/\/moyahousehold.com\/wp-content\/uploads\/2024\/06\/Crisper-with-handle-1-1-768x768.webp 768w, https:\/\/moyahousehold.com\/wp-content\/uploads\/2024\/06\/Crisper-with-handle-1-1-285x285.webp 285w, https:\/\/moyahousehold.com\/wp-content\/uploads\/2024\/06\/Crisper-with-handle-1-1-1600x1600.webp 1600w, https:\/\/moyahousehold.com\/wp-content\/uploads\/2024\/06\/Crisper-with-handle-1-1-270x270.webp 270w, https:\/\/moyahousehold.com\/wp-content\/uploads\/2024\/06\/Crisper-with-handle-1-1-540x540.webp 540w, https:\/\/moyahousehold.com\/wp-content\/uploads\/2024\/06\/Crisper-with-handle-1-1-660x660.webp 660w\" sizes=\"(max-width: 4160px) 100vw, 4160px\" \/><\/figure>\n<\/div>\n\n\n\n<div class=\"wp-block-column is-layout-flow wp-block-column-is-layout-flow\">\n<figure class=\"wp-block-image size-full\"><img decoding=\"async\" width=\"4160\" height=\"4160\" src=\"https:\/\/moyahousehold.com\/wp-content\/uploads\/2024\/06\/Crisper-with-handle-4-1.webp\" alt=\"\" class=\"wp-image-6094\" srcset=\"https:\/\/moyahousehold.com\/wp-content\/uploads\/2024\/06\/Crisper-with-handle-4-1.webp 4160w, https:\/\/moyahousehold.com\/wp-content\/uploads\/2024\/06\/Crisper-with-handle-4-1-300x300.webp 300w, https:\/\/moyahousehold.com\/wp-content\/uploads\/2024\/06\/Crisper-with-handle-4-1-150x150.webp 150w, https:\/\/moyahousehold.com\/wp-content\/uploads\/2024\/06\/Crisper-with-handle-4-1-768x768.webp 768w, https:\/\/moyahousehold.com\/wp-content\/uploads\/2024\/06\/Crisper-with-handle-4-1-285x285.webp 285w, https:\/\/moyahousehold.com\/wp-content\/uploads\/2024\/06\/Crisper-with-handle-4-1-1600x1600.webp 1600w, https:\/\/moyahousehold.com\/wp-content\/uploads\/2024\/06\/Crisper-with-handle-4-1-270x270.webp 270w, https:\/\/moyahousehold.com\/wp-content\/uploads\/2024\/06\/Crisper-with-handle-4-1-540x540.webp 540w, https:\/\/moyahousehold.com\/wp-content\/uploads\/2024\/06\/Crisper-with-handle-4-1-660x660.webp 660w\" sizes=\"(max-width: 4160px) 100vw, 4160px\" \/><\/figure>\n<\/div>\n<\/div>\n\n\n\n<div class=\"wp-block-columns is-layout-flex wp-container-core-columns-is-layout-9d6595d7 wp-block-columns-is-layout-flex\">\n<div class=\"wp-block-column is-layout-flow wp-block-column-is-layout-flow\"><\/div>\n\n\n\n<div class=\"wp-block-column is-layout-flow wp-block-column-is-layout-flow\"><\/div>\n<\/div>","protected":false},"excerpt":{"rendered":"<p>Moya \u00e9 um fabricante de recipientes para alimentos personalizados. Estes recipientes para armazenamento de alimentos s\u00e3o feitos de a\u00e7o inoxid\u00e1vel de alta qualidade. t\u00eam bom desempenho, seja para uso dom\u00e9stico, restaurante ou comercial, nossos recipientes para alimentos resistentes \u00e0 corros\u00e3o e f\u00e1ceis de limpar s\u00e3o adequados. Fornecemos servi\u00e7os OEM e ODM, e desenvolvemos solu\u00e7\u00f5es profissionais personalizadas de recipientes para alimentos de acordo com as suas necessidades especiais. Bem-vindo a contactar-nos.<\/p>\n<h3>Carater\u00edsticas e vantagens do recipiente de armazenagem de alimentos personaliz\u00e1vel<\/h3>\n<p>Material de a\u00e7o inoxid\u00e1vel seguro de qualidade alimentar: saud\u00e1vel e inofensivo, seguro de utilizar.<\/p>\n<p>Dispon\u00edvel numa variedade de formas, como quadrada e retangular, com combina\u00e7\u00f5es razo\u00e1veis para satisfazer as suas diferentes necessidades de arruma\u00e7\u00e3o.<\/p>\n<p>Os recipientes para alimentos personalizados t\u00eam uma longa vida \u00fatil e n\u00e3o se deformam facilmente, mesmo que sejam abertos e fechados com frequ\u00eancia.<\/p>\n<p>O processo eletrol\u00edtico no interior da caixa \u00e9 suave e redondo, f\u00e1cil de limpar e n\u00e3o h\u00e1 odor residual quando se armazenam alimentos;<\/p>\n<p>Os recipientes para alimentos personalizados t\u00eam um anel de silicone de veda\u00e7\u00e3o alargado, bem ajustado, \u00e0 prova de fugas, fresco e \u00e0 prova de humidade, \u00e0 prova de fugas;<\/p>\n<p>A tampa da caixa espessada n\u00e3o se deforma facilmente;<\/p>\n<p>H\u00e1 quadrados e rect\u00e2ngulos \u00e0 escolha.<br \/><strong><br \/><a href=\"https:\/\/moyahousehold.com\/pt\/solucao-personalizada\/\">Recipientes para alimentos personalizados OEM&amp;ODM<\/a>\u00a0<\/strong><\/p>","protected":false},"featured_media":6031,"comment_status":"open","ping_status":"closed","template":"","meta":[],"product_cat":[57],"product_tag":[95,106,99],"class_list":{"0":"post-6091","1":"product","2":"type-product","3":"status-publish","4":"has-post-thumbnail","6":"product_cat-food-storage-container-wholesale","7":"product_tag-wholesale-food-storage-containers-with-date-dial","8":"product_tag-microwavable-food-storage-containers","9":"product_tag-wholesale-rectangle-food-storage-containers","11":"first","12":"instock","13":"shipping-taxable","14":"product-type-simple"},"_links":{"self":[{"href":"https:\/\/moyahousehold.com\/pt\/wp-json\/wp\/v2\/product\/6091","targetHints":{"allow":["GET"]}}],"collection":[{"href":"https:\/\/moyahousehold.com\/pt\/wp-json\/wp\/v2\/product"}],"about":[{"href":"https:\/\/moyahousehold.com\/pt\/wp-json\/wp\/v2\/types\/product"}],"replies":[{"embeddable":true,"href":"https:\/\/moyahousehold.com\/pt\/wp-json\/wp\/v2\/comments?post=6091"}],"version-history":[{"count":0,"href":"https:\/\/moyahousehold.com\/pt\/wp-json\/wp\/v2\/product\/6091\/revisions"}],"wp:featuredmedia":[{"embeddable":true,"href":"https:\/\/moyahousehold.com\/pt\/wp-json\/wp\/v2\/media\/6031"}],"wp:attachment":[{"href":"https:\/\/moyahousehold.com\/pt\/wp-json\/wp\/v2\/media?parent=6091"}],"wp:term":[{"taxonomy":"product_cat","embeddable":true,"href":"https:\/\/moyahousehold.com\/pt\/wp-json\/wp\/v2\/product_cat?post=6091"},{"taxonomy":"product_tag","embeddable":true,"href":"https:\/\/moyahousehold.com\/pt\/wp-json\/wp\/v2\/product_tag?post=6091"}],"curies":[{"name":"wp","href":"https:\/\/api.w.org\/{rel}","templated":true}]}}