{"id":6103,"date":"2024-06-26T06:30:06","date_gmt":"2024-06-26T06:30:06","guid":{"rendered":"https:\/\/moyahousehold.com\/?post_type=product&#038;p=6103"},"modified":"2025-02-05T10:02:23","modified_gmt":"2025-02-05T10:02:23","slug":"wholesale-large-capacity-steel-food-storage-container","status":"publish","type":"product","link":"https:\/\/moyahousehold.com\/pt\/produto\/wholesale-large-capacity-steel-food-storage-container\/","title":{"rendered":"Recipientes de a\u00e7o para armazenamento de alimentos com fivelas, de grande capacidade e coloridos"},"content":{"rendered":"<div class=\"wp-block-columns is-layout-flex wp-container-core-columns-is-layout-9d6595d7 wp-block-columns-is-layout-flex\">\n<div class=\"wp-block-column is-layout-flow wp-block-column-is-layout-flow\">\n<h3 class=\"wp-block-heading\">Par\u00e2metros do recipiente de a\u00e7o inoxid\u00e1vel para armazenagem de alimentos<\/h3>\n<\/div>\n<\/div>\n\n\n\n<figure class=\"wp-block-table\"><table><tbody><tr><td colspan=\"6\">Cremalheira de a\u00e7o sem pega<\/td><\/tr><tr><td>Item NO<\/td><td>Capacidade<\/td><td>Tamanho\/PCS<\/td><td>PCS\/Caixa<\/td><td>N.W.\/PCS<\/td><td>G.W.\/Caso<\/td><\/tr><tr><td>MYJD203<\/td><td>420ML<\/td><td>13.3*11.2*6.2<\/td><td>80<\/td><td>15.6<\/td><td>0.17<\/td><\/tr><tr><td>MYJD204<\/td><td>660ML<\/td><td>13.3*11.2*8.7<\/td><td>80<\/td><td>17.2<\/td><td>0.19<\/td><\/tr><tr><td>MYJD205<\/td><td>900ML<\/td><td>13.3*11.2*11.3<\/td><td>80<\/td><td>19.6<\/td><td>0.22<\/td><\/tr><tr><td>MYJD179<\/td><td>1700ml<\/td><td>24.4*16*8<\/td><td>48<\/td><td>21.2<\/td><td>0.4<\/td><\/tr><tr><td>MYJD180<\/td><td>2200ml<\/td><td>24.4*16*10<\/td><td>36<\/td><td>17.12<\/td><td>0.42<\/td><\/tr><tr><td>MYJD181<\/td><td>2700ml<\/td><td>24.4*16*12<\/td><td>24<\/td><td>16.88<\/td><td>0.62<\/td><\/tr><tr><td>MYJD182<\/td><td>2400ml<\/td><td>35*20*6<\/td><td>36<\/td><td>17.48<\/td><td>0.43<\/td><\/tr><tr><td>MYJD183<\/td><td>3800ml<\/td><td>35*20*9.5<\/td><td>24<\/td><td>19.04<\/td><td>0.71<\/td><\/tr><tr><td>MYJD184<\/td><td>6200ml<\/td><td>35*20*14<\/td><td>16<\/td><td>15.6<\/td><td>0.85<\/td><\/tr><tr><td>MYJD167<\/td><td>1700ml<\/td><td>20*20*7.6<\/td><td>48<\/td><td>20.24<\/td><td>0.38<\/td><\/tr><tr><td>MYJD168<\/td><td>2200ml<\/td><td>20*20*10<\/td><td>36<\/td><td>17.12<\/td><td>0.42<\/td><\/tr><tr><td>MYJD169<\/td><td>2700ml<\/td><td>20*20*12<\/td><td>36<\/td><td>18.2<\/td><td>0.45<\/td><\/tr><tr><td>MYJD170<\/td><td>3200ml<\/td><td>20*20*14<\/td><td>48<\/td><td>26<\/td><td>0.5<\/td><\/tr><\/tbody><\/table><\/figure>\n\n\n\n<h3 class=\"wp-block-heading\">Recipiente de armazenamento de alimentos em a\u00e7o inoxid\u00e1vel personalizado<\/h3>\n\n\n\n<p>Log\u00f3tipo: personalizar o log\u00f3tipo da sua marca no produto e na embalagem.<br>Tampa: Tampa de vidro, tampa PP<br>Op\u00e7\u00f5es de log\u00f3tipo: log\u00f3tipo impresso, log\u00f3tipo gravado a laser, etc.<br>Padr\u00e3o: padr\u00f5es de impress\u00e3o em recipientes de armazenamento de alimentos.<br>Tecnologia de impress\u00e3o: impress\u00e3o por transfer\u00eancia de \u00e1gua, impress\u00e3o por serigrafia, impress\u00e3o por transfer\u00eancia de calor, etc.<br>Embalagem:caixa a cores<br><a href=\"https:\/\/moyahousehold.com\/pt\/solucao-personalizada\/\" data-type=\"page\" data-id=\"2817\"><strong>Explorar mais personaliza\u00e7\u00e3o<\/strong><\/a><\/p>\n\n\n\n<div class=\"wp-block-columns is-layout-flex wp-container-core-columns-is-layout-9d6595d7 wp-block-columns-is-layout-flex\">\n<div class=\"wp-block-column is-layout-flow wp-block-column-is-layout-flow\">\n<figure class=\"wp-block-image size-full\"><img fetchpriority=\"high\" decoding=\"async\" width=\"4160\" height=\"4160\" src=\"https:\/\/moyahousehold.com\/wp-content\/uploads\/2024\/06\/wholesale-large-capacity-food-storage-container-5.webp\" alt=\"recipiente de armazenamento de alimentos de grande capacidade por atacado\" class=\"wp-image-6138\" srcset=\"https:\/\/moyahousehold.com\/wp-content\/uploads\/2024\/06\/wholesale-large-capacity-food-storage-container-5.webp 4160w, https:\/\/moyahousehold.com\/wp-content\/uploads\/2024\/06\/wholesale-large-capacity-food-storage-container-5-300x300.webp 300w, https:\/\/moyahousehold.com\/wp-content\/uploads\/2024\/06\/wholesale-large-capacity-food-storage-container-5-150x150.webp 150w, https:\/\/moyahousehold.com\/wp-content\/uploads\/2024\/06\/wholesale-large-capacity-food-storage-container-5-768x768.webp 768w, https:\/\/moyahousehold.com\/wp-content\/uploads\/2024\/06\/wholesale-large-capacity-food-storage-container-5-285x285.webp 285w, https:\/\/moyahousehold.com\/wp-content\/uploads\/2024\/06\/wholesale-large-capacity-food-storage-container-5-1600x1600.webp 1600w, https:\/\/moyahousehold.com\/wp-content\/uploads\/2024\/06\/wholesale-large-capacity-food-storage-container-5-270x270.webp 270w, https:\/\/moyahousehold.com\/wp-content\/uploads\/2024\/06\/wholesale-large-capacity-food-storage-container-5-540x540.webp 540w, https:\/\/moyahousehold.com\/wp-content\/uploads\/2024\/06\/wholesale-large-capacity-food-storage-container-5-660x660.webp 660w\" sizes=\"(max-width: 4160px) 100vw, 4160px\" \/><\/figure>\n<\/div>\n\n\n\n<div class=\"wp-block-column is-layout-flow wp-block-column-is-layout-flow\">\n<figure class=\"wp-block-image size-full\"><img decoding=\"async\" width=\"4160\" height=\"4160\" src=\"https:\/\/moyahousehold.com\/wp-content\/uploads\/2024\/06\/wholesale-large-capacity-food-storage-container-4.webp\" alt=\"recipiente de armazenamento de alimentos de grande capacidade por atacado\" class=\"wp-image-6137\" srcset=\"https:\/\/moyahousehold.com\/wp-content\/uploads\/2024\/06\/wholesale-large-capacity-food-storage-container-4.webp 4160w, https:\/\/moyahousehold.com\/wp-content\/uploads\/2024\/06\/wholesale-large-capacity-food-storage-container-4-300x300.webp 300w, https:\/\/moyahousehold.com\/wp-content\/uploads\/2024\/06\/wholesale-large-capacity-food-storage-container-4-150x150.webp 150w, https:\/\/moyahousehold.com\/wp-content\/uploads\/2024\/06\/wholesale-large-capacity-food-storage-container-4-768x768.webp 768w, https:\/\/moyahousehold.com\/wp-content\/uploads\/2024\/06\/wholesale-large-capacity-food-storage-container-4-285x285.webp 285w, https:\/\/moyahousehold.com\/wp-content\/uploads\/2024\/06\/wholesale-large-capacity-food-storage-container-4-1600x1600.webp 1600w, https:\/\/moyahousehold.com\/wp-content\/uploads\/2024\/06\/wholesale-large-capacity-food-storage-container-4-270x270.webp 270w, https:\/\/moyahousehold.com\/wp-content\/uploads\/2024\/06\/wholesale-large-capacity-food-storage-container-4-540x540.webp 540w, https:\/\/moyahousehold.com\/wp-content\/uploads\/2024\/06\/wholesale-large-capacity-food-storage-container-4-660x660.webp 660w\" sizes=\"(max-width: 4160px) 100vw, 4160px\" \/><\/figure>\n<\/div>\n<\/div>\n\n\n\n<div class=\"wp-block-columns is-layout-flex wp-container-core-columns-is-layout-9d6595d7 wp-block-columns-is-layout-flex\">\n<div class=\"wp-block-column is-layout-flow wp-block-column-is-layout-flow\">\n<figure class=\"wp-block-image size-full\"><img decoding=\"async\" width=\"4160\" height=\"4160\" src=\"https:\/\/moyahousehold.com\/wp-content\/uploads\/2024\/06\/wholesale-large-capacity-food-storage-container-3.webp\" alt=\"recipiente de armazenamento de alimentos de grande capacidade por atacado\" class=\"wp-image-6136\" srcset=\"https:\/\/moyahousehold.com\/wp-content\/uploads\/2024\/06\/wholesale-large-capacity-food-storage-container-3.webp 4160w, https:\/\/moyahousehold.com\/wp-content\/uploads\/2024\/06\/wholesale-large-capacity-food-storage-container-3-300x300.webp 300w, https:\/\/moyahousehold.com\/wp-content\/uploads\/2024\/06\/wholesale-large-capacity-food-storage-container-3-150x150.webp 150w, https:\/\/moyahousehold.com\/wp-content\/uploads\/2024\/06\/wholesale-large-capacity-food-storage-container-3-768x768.webp 768w, https:\/\/moyahousehold.com\/wp-content\/uploads\/2024\/06\/wholesale-large-capacity-food-storage-container-3-285x285.webp 285w, https:\/\/moyahousehold.com\/wp-content\/uploads\/2024\/06\/wholesale-large-capacity-food-storage-container-3-1600x1600.webp 1600w, https:\/\/moyahousehold.com\/wp-content\/uploads\/2024\/06\/wholesale-large-capacity-food-storage-container-3-270x270.webp 270w, https:\/\/moyahousehold.com\/wp-content\/uploads\/2024\/06\/wholesale-large-capacity-food-storage-container-3-540x540.webp 540w, https:\/\/moyahousehold.com\/wp-content\/uploads\/2024\/06\/wholesale-large-capacity-food-storage-container-3-660x660.webp 660w\" sizes=\"(max-width: 4160px) 100vw, 4160px\" \/><\/figure>\n<\/div>\n\n\n\n<div class=\"wp-block-column is-layout-flow wp-block-column-is-layout-flow\">\n<figure class=\"wp-block-image size-full\"><img loading=\"lazy\" decoding=\"async\" width=\"4160\" height=\"4160\" src=\"https:\/\/moyahousehold.com\/wp-content\/uploads\/2024\/06\/wholesale-large-capacity-food-storage-container-6.webp\" alt=\"recipiente de armazenamento de alimentos de grande capacidade por atacado\" class=\"wp-image-6139\" srcset=\"https:\/\/moyahousehold.com\/wp-content\/uploads\/2024\/06\/wholesale-large-capacity-food-storage-container-6.webp 4160w, https:\/\/moyahousehold.com\/wp-content\/uploads\/2024\/06\/wholesale-large-capacity-food-storage-container-6-300x300.webp 300w, https:\/\/moyahousehold.com\/wp-content\/uploads\/2024\/06\/wholesale-large-capacity-food-storage-container-6-150x150.webp 150w, https:\/\/moyahousehold.com\/wp-content\/uploads\/2024\/06\/wholesale-large-capacity-food-storage-container-6-768x768.webp 768w, https:\/\/moyahousehold.com\/wp-content\/uploads\/2024\/06\/wholesale-large-capacity-food-storage-container-6-285x285.webp 285w, https:\/\/moyahousehold.com\/wp-content\/uploads\/2024\/06\/wholesale-large-capacity-food-storage-container-6-1600x1600.webp 1600w, https:\/\/moyahousehold.com\/wp-content\/uploads\/2024\/06\/wholesale-large-capacity-food-storage-container-6-270x270.webp 270w, https:\/\/moyahousehold.com\/wp-content\/uploads\/2024\/06\/wholesale-large-capacity-food-storage-container-6-540x540.webp 540w, https:\/\/moyahousehold.com\/wp-content\/uploads\/2024\/06\/wholesale-large-capacity-food-storage-container-6-660x660.webp 660w\" sizes=\"(max-width: 4160px) 100vw, 4160px\" \/><\/figure>\n<\/div>\n<\/div>\n\n\n\n<p><\/p>","protected":false},"excerpt":{"rendered":"<p>Moya \u00e9 um fabricante de recipientes de armazenamento de alimentos em a\u00e7o inoxid\u00e1vel. N\u00f3s fornecemos recipientes de armazenamento de alimentos em a\u00e7o de grande capacidade por atacado, com uma variedade de especifica\u00e7\u00f5es, capacidades e desenhos para escolher. Estes recipientes de armazenamento de alimentos s\u00e3o feitos de a\u00e7o inoxid\u00e1vel de alta qualidade com m\u00f3dulos de registo de tempo que o lembram da data de armazenamento. OEM&amp;ODM s\u00e3o bem-vindos e suportam encomendas de pequenos lotes. Contacte-nos para obter um or\u00e7amento.<\/p>\n<h3>Carater\u00edsticas e vantagens dos recipientes de armazenagem de alimentos por grosso<\/h3>\n<p>O recipiente de armazenamento de alimentos pode ser uma caixa bento de estilo japon\u00eas INS, requintada com arroz para viagens, desfrutando de momentos de lazer;<\/p>\n<p>Os recipientes de armazenamento de alimentos s\u00e3o de a\u00e7o inoxid\u00e1vel 304;<\/p>\n<p>Os recipientes de armazenamento de alimentos por atacado s\u00e3o melhorados e engrossados, resistentes a altas temperaturas e \u00e0 corros\u00e3o; f\u00e1ceis de limpar e mais dur\u00e1veis;<\/p>\n<p>A superf\u00edcie interior do recipiente \u00e9 lisa ap\u00f3s a eletr\u00f3lise, f\u00e1cil de limpar, e n\u00e3o h\u00e1 odor residual quando se armazenam alimentos;<\/p>\n<p>Anel de silicone de veda\u00e7\u00e3o alargado, bem ajustado, \u00e0 prova de fugas, O recipiente de armazenamento de alimentos em a\u00e7o \u00e9 fresco e \u00e0 prova de humidade, \u00e0 prova de fugas;<\/p>\n<p>A tampa da caixa espessada n\u00e3o se deforma facilmente;<\/p>\n<p>Os recipientes de armazenamento de alimentos em a\u00e7o inoxid\u00e1vel por grosso t\u00eam cinco cores \u00e0 escolha.<br \/><strong><br \/><a href=\"https:\/\/moyahousehold.com\/pt\/solucao-personalizada\/\">Recipientes de armazenamento de alimentos personalizados OEM e ODM s\u00e3o bem-vindos<\/a><\/strong><\/p>","protected":false},"featured_media":6134,"comment_status":"open","ping_status":"closed","template":"","meta":[],"product_cat":[57],"product_tag":[95,99],"class_list":{"0":"post-6103","1":"product","2":"type-product","3":"status-publish","4":"has-post-thumbnail","6":"product_cat-food-storage-container-wholesale","7":"product_tag-wholesale-food-storage-containers-with-date-dial","8":"product_tag-wholesale-rectangle-food-storage-containers","10":"first","11":"instock","12":"shipping-taxable","13":"product-type-simple"},"_links":{"self":[{"href":"https:\/\/moyahousehold.com\/pt\/wp-json\/wp\/v2\/product\/6103","targetHints":{"allow":["GET"]}}],"collection":[{"href":"https:\/\/moyahousehold.com\/pt\/wp-json\/wp\/v2\/product"}],"about":[{"href":"https:\/\/moyahousehold.com\/pt\/wp-json\/wp\/v2\/types\/product"}],"replies":[{"embeddable":true,"href":"https:\/\/moyahousehold.com\/pt\/wp-json\/wp\/v2\/comments?post=6103"}],"version-history":[{"count":0,"href":"https:\/\/moyahousehold.com\/pt\/wp-json\/wp\/v2\/product\/6103\/revisions"}],"wp:featuredmedia":[{"embeddable":true,"href":"https:\/\/moyahousehold.com\/pt\/wp-json\/wp\/v2\/media\/6134"}],"wp:attachment":[{"href":"https:\/\/moyahousehold.com\/pt\/wp-json\/wp\/v2\/media?parent=6103"}],"wp:term":[{"taxonomy":"product_cat","embeddable":true,"href":"https:\/\/moyahousehold.com\/pt\/wp-json\/wp\/v2\/product_cat?post=6103"},{"taxonomy":"product_tag","embeddable":true,"href":"https:\/\/moyahousehold.com\/pt\/wp-json\/wp\/v2\/product_tag?post=6103"}],"curies":[{"name":"wp","href":"https:\/\/api.w.org\/{rel}","templated":true}]}}