{"id":6236,"date":"2024-07-01T15:44:54","date_gmt":"2024-07-01T15:44:54","guid":{"rendered":"https:\/\/moyahousehold.com\/?post_type=product&#038;p=6236"},"modified":"2025-04-22T08:49:58","modified_gmt":"2025-04-22T08:49:58","slug":"bulk-insulated-stainless-steel-bento-boxes-for-wholesale","status":"publish","type":"product","link":"https:\/\/moyahousehold.com\/pt\/produto\/bulk-insulated-stainless-steel-bento-boxes-for-wholesale\/","title":{"rendered":"Caixas Bento de a\u00e7o inoxid\u00e1vel isoladas multicamadas a granel por atacado"},"content":{"rendered":"<h2 class=\"wp-block-heading\">Par\u00e2metros da caixa Bento em a\u00e7o inoxid\u00e1vel com isolamento<\/h2>\n\n\n\n<p><strong>Material:<\/strong>304 + PP <strong> <\/strong><\/p>\n\n\n\n<figure class=\"wp-block-table\"><table><tbody><tr><td>Item NO<\/td><td>Capacidade<\/td><td>Tamanho\/PCS<\/td><td>PCS\/Caixa<\/td><td>N.W.\/PCS<\/td><td>G.W.\/Caso<\/td><td>Siza\/Case<\/td><\/tr><tr><td>MYLY013<\/td><td>Camada \u00fanica<\/td><td>14.6*14.6*16.5<\/td><td>32<\/td><td>25.92<\/td><td>0.81<\/td><td>64*64*42<\/td><\/tr><tr><td>MYLY014<\/td><td>Camadas duplas<\/td><td>14.6*14.6*25<\/td><td>18<\/td><td>25.92<\/td><td>1.44<\/td><td>48*48*59<\/td><\/tr><tr><td>MYLY015<\/td><td>Camadas triplas<\/td><td>14.6*14.6*33<\/td><td>16<\/td><td>26.08<\/td><td>1.63<\/td><td>64*64*38<\/td><\/tr><\/tbody><\/table><\/figure>\n\n\n\n<h3 class=\"wp-block-heading\">Op\u00e7\u00f5es de caixas Bento personalizadas<\/h3>\n\n\n\n<p><strong>Log\u00f3tipo: <\/strong>personalize o log\u00f3tipo da sua marca em caixas e embalagens bento.<br><strong>Op\u00e7\u00f5es de log\u00f3tipo:<\/strong> log\u00f3tipo impresso, log\u00f3tipo gravado a laser, etc.<br><strong>Padr\u00e3o: <\/strong>padr\u00f5es de impress\u00e3o <br><strong>Tecnologia de impress\u00e3o: <\/strong>impress\u00e3o por transfer\u00eancia de \u00e1gua, impress\u00e3o por serigrafia, impress\u00e3o por transfer\u00eancia de calor, transfer\u00eancia por sublima\u00e7\u00e3o, etc.<br><strong>Embalagem:<\/strong> caixa de cor<br><a href=\"https:\/\/moyahousehold.com\/pt\/solucao-personalizada\/\"><strong>Saiba mais sobre a solu\u00e7\u00e3o de caixas bento personalizadas<\/strong><\/a><\/p>\n\n\n\n<div class=\"wp-block-columns is-layout-flex wp-container-core-columns-is-layout-9d6595d7 wp-block-columns-is-layout-flex\">\n<div class=\"wp-block-column is-layout-flow wp-block-column-is-layout-flow\">\n<figure class=\"wp-block-image size-full\"><img fetchpriority=\"high\" decoding=\"async\" width=\"558\" height=\"558\" src=\"https:\/\/moyahousehold.com\/wp-content\/uploads\/2024\/07\/stainless-steel-bento-box-display-1.png\" alt=\"expositor de caixa bento em a\u00e7o inoxid\u00e1vel (1)\" class=\"wp-image-8893\" srcset=\"https:\/\/moyahousehold.com\/wp-content\/uploads\/2024\/07\/stainless-steel-bento-box-display-1.png 558w, https:\/\/moyahousehold.com\/wp-content\/uploads\/2024\/07\/stainless-steel-bento-box-display-1-300x300.png 300w, https:\/\/moyahousehold.com\/wp-content\/uploads\/2024\/07\/stainless-steel-bento-box-display-1-150x150.png 150w, https:\/\/moyahousehold.com\/wp-content\/uploads\/2024\/07\/stainless-steel-bento-box-display-1-12x12.png 12w, https:\/\/moyahousehold.com\/wp-content\/uploads\/2024\/07\/stainless-steel-bento-box-display-1-285x285.png 285w, https:\/\/moyahousehold.com\/wp-content\/uploads\/2024\/07\/stainless-steel-bento-box-display-1-270x270.png 270w, https:\/\/moyahousehold.com\/wp-content\/uploads\/2024\/07\/stainless-steel-bento-box-display-1-540x540.png 540w\" sizes=\"(max-width: 558px) 100vw, 558px\" \/><\/figure>\n<\/div>\n\n\n\n<div class=\"wp-block-column is-layout-flow wp-block-column-is-layout-flow\">\n<figure class=\"wp-block-image size-full\"><img decoding=\"async\" width=\"567\" height=\"567\" src=\"https:\/\/moyahousehold.com\/wp-content\/uploads\/2024\/07\/stainless-steel-bento-box-display-2.png\" alt=\"expositor de caixa bento em a\u00e7o inoxid\u00e1vel (2)\" class=\"wp-image-8894\" srcset=\"https:\/\/moyahousehold.com\/wp-content\/uploads\/2024\/07\/stainless-steel-bento-box-display-2.png 567w, https:\/\/moyahousehold.com\/wp-content\/uploads\/2024\/07\/stainless-steel-bento-box-display-2-300x300.png 300w, https:\/\/moyahousehold.com\/wp-content\/uploads\/2024\/07\/stainless-steel-bento-box-display-2-150x150.png 150w, https:\/\/moyahousehold.com\/wp-content\/uploads\/2024\/07\/stainless-steel-bento-box-display-2-12x12.png 12w, https:\/\/moyahousehold.com\/wp-content\/uploads\/2024\/07\/stainless-steel-bento-box-display-2-285x285.png 285w, https:\/\/moyahousehold.com\/wp-content\/uploads\/2024\/07\/stainless-steel-bento-box-display-2-270x270.png 270w, https:\/\/moyahousehold.com\/wp-content\/uploads\/2024\/07\/stainless-steel-bento-box-display-2-540x540.png 540w\" sizes=\"(max-width: 567px) 100vw, 567px\" \/><\/figure>\n<\/div>\n<\/div>\n\n\n\n<div class=\"wp-block-columns is-layout-flex wp-container-core-columns-is-layout-9d6595d7 wp-block-columns-is-layout-flex\">\n<div class=\"wp-block-column is-layout-flow wp-block-column-is-layout-flow\">\n<figure class=\"wp-block-image size-full\"><img decoding=\"async\" width=\"554\" height=\"554\" src=\"https:\/\/moyahousehold.com\/wp-content\/uploads\/2024\/07\/stainless-steel-bento-box-display-3.png\" alt=\"expositor de caixas bento em a\u00e7o inoxid\u00e1vel (3)\" class=\"wp-image-8895\" srcset=\"https:\/\/moyahousehold.com\/wp-content\/uploads\/2024\/07\/stainless-steel-bento-box-display-3.png 554w, https:\/\/moyahousehold.com\/wp-content\/uploads\/2024\/07\/stainless-steel-bento-box-display-3-300x300.png 300w, https:\/\/moyahousehold.com\/wp-content\/uploads\/2024\/07\/stainless-steel-bento-box-display-3-150x150.png 150w, https:\/\/moyahousehold.com\/wp-content\/uploads\/2024\/07\/stainless-steel-bento-box-display-3-12x12.png 12w, https:\/\/moyahousehold.com\/wp-content\/uploads\/2024\/07\/stainless-steel-bento-box-display-3-285x285.png 285w, https:\/\/moyahousehold.com\/wp-content\/uploads\/2024\/07\/stainless-steel-bento-box-display-3-270x270.png 270w, https:\/\/moyahousehold.com\/wp-content\/uploads\/2024\/07\/stainless-steel-bento-box-display-3-540x540.png 540w\" sizes=\"(max-width: 554px) 100vw, 554px\" \/><\/figure>\n<\/div>\n\n\n\n<div class=\"wp-block-column is-layout-flow wp-block-column-is-layout-flow\">\n<figure class=\"wp-block-image size-full\"><img loading=\"lazy\" decoding=\"async\" width=\"553\" height=\"553\" src=\"https:\/\/moyahousehold.com\/wp-content\/uploads\/2024\/07\/stainless-steel-bento-box-display-4.png\" alt=\"expositor de caixas bento em a\u00e7o inoxid\u00e1vel (4)\" class=\"wp-image-8896\" srcset=\"https:\/\/moyahousehold.com\/wp-content\/uploads\/2024\/07\/stainless-steel-bento-box-display-4.png 553w, https:\/\/moyahousehold.com\/wp-content\/uploads\/2024\/07\/stainless-steel-bento-box-display-4-300x300.png 300w, https:\/\/moyahousehold.com\/wp-content\/uploads\/2024\/07\/stainless-steel-bento-box-display-4-150x150.png 150w, https:\/\/moyahousehold.com\/wp-content\/uploads\/2024\/07\/stainless-steel-bento-box-display-4-12x12.png 12w, https:\/\/moyahousehold.com\/wp-content\/uploads\/2024\/07\/stainless-steel-bento-box-display-4-285x285.png 285w, https:\/\/moyahousehold.com\/wp-content\/uploads\/2024\/07\/stainless-steel-bento-box-display-4-270x270.png 270w, https:\/\/moyahousehold.com\/wp-content\/uploads\/2024\/07\/stainless-steel-bento-box-display-4-540x540.png 540w\" sizes=\"(max-width: 553px) 100vw, 553px\" \/><\/figure>\n<\/div>\n<\/div>","protected":false},"excerpt":{"rendered":"<p>Fornecendo caixas bento a granel com carater\u00edsticas isoladas, esta caixa bento \u00e9 feita de a\u00e7o inoxid\u00e1vel de qualidade alimentar de alta qualidade para garantir a seguran\u00e7a e a sa\u00fade dos alimentos. O design multi-camadas permite aos utilizadores transportar mais alimentos. Fornecemos servi\u00e7os de caixa bento personalizada OEM e ODM, e podemos imprimir log\u00f3tipos de marcas e escolher padr\u00f5es exclusivos de acordo com as suas necessidades. Contacte-nos para mais informa\u00e7\u00f5es sobre caixas bento por atacado ou personalizadas.<\/p>\n<h3>Carater\u00edsticas da Caixa Bento em a\u00e7o inoxid\u00e1vel<\/h3>\n<p><strong>Design de isolamento a v\u00e1cuo:<\/strong> Esta caixa bento adopta um design de camada de v\u00e1cuo para isolar eficazmente a perda de calor, prolongar o tempo de isolamento e manter a temperatura dos alimentos.<\/p>\n<p><strong>Design em camadas:<\/strong> Fornecemos caixas bento de 1 a 3 camadas, que podem ser livremente combinadas de acordo com as necessidades para satisfazer as necessidades de almo\u00e7o de uma \u00fanica pessoa ou de uma fam\u00edlia.<\/p>\n<p><strong>Design humanizado da pega:<\/strong> Esta \u00e9 uma caixa bento com uma pega. O design da pega \u00e9 espa\u00e7oso e confort\u00e1vel, sendo f\u00e1cil de transportar.<\/p>\n<p><strong>Excelente veda\u00e7\u00e3o:<\/strong> Cada camada tem um design de veda\u00e7\u00e3o separado para evitar fugas de l\u00edquidos, adequado para armazenar sopa e molho.<\/p>\n<p><strong>Servi\u00e7o OEM&amp;ODM:<\/strong> Fornecemos solu\u00e7\u00f5es de caixas bento personalizadas OEM&amp;ODM para satisfazer as necessidades de diferentes cen\u00e1rios.<\/p>","protected":false},"featured_media":8891,"comment_status":"closed","ping_status":"closed","template":"","meta":[],"product_cat":[58],"product_tag":[89,90,86,91],"class_list":{"0":"post-6236","1":"product","2":"type-product","3":"status-publish","4":"has-post-thumbnail","6":"product_cat-lunch-box-wholesale","7":"product_tag-wholesale-3-layer-lunch-box","8":"product_tag-wholesale-double-layer-lunch-box","9":"product_tag-wholesale-insulated-lunch-box","10":"product_tag-wholesale-round-lunch-box","12":"first","13":"instock","14":"shipping-taxable","15":"product-type-simple"},"_links":{"self":[{"href":"https:\/\/moyahousehold.com\/pt\/wp-json\/wp\/v2\/product\/6236","targetHints":{"allow":["GET"]}}],"collection":[{"href":"https:\/\/moyahousehold.com\/pt\/wp-json\/wp\/v2\/product"}],"about":[{"href":"https:\/\/moyahousehold.com\/pt\/wp-json\/wp\/v2\/types\/product"}],"replies":[{"embeddable":true,"href":"https:\/\/moyahousehold.com\/pt\/wp-json\/wp\/v2\/comments?post=6236"}],"version-history":[{"count":0,"href":"https:\/\/moyahousehold.com\/pt\/wp-json\/wp\/v2\/product\/6236\/revisions"}],"wp:featuredmedia":[{"embeddable":true,"href":"https:\/\/moyahousehold.com\/pt\/wp-json\/wp\/v2\/media\/8891"}],"wp:attachment":[{"href":"https:\/\/moyahousehold.com\/pt\/wp-json\/wp\/v2\/media?parent=6236"}],"wp:term":[{"taxonomy":"product_cat","embeddable":true,"href":"https:\/\/moyahousehold.com\/pt\/wp-json\/wp\/v2\/product_cat?post=6236"},{"taxonomy":"product_tag","embeddable":true,"href":"https:\/\/moyahousehold.com\/pt\/wp-json\/wp\/v2\/product_tag?post=6236"}],"curies":[{"name":"wp","href":"https:\/\/api.w.org\/{rel}","templated":true}]}}