{"id":6277,"date":"2024-07-02T00:49:41","date_gmt":"2024-07-02T00:49:41","guid":{"rendered":"https:\/\/moyahousehold.com\/?post_type=product&#038;p=6277"},"modified":"2025-02-05T08:35:46","modified_gmt":"2025-02-05T08:35:46","slug":"bulk-bento-boxes-wholesale-multi-layer-for-all-your-meal-prep-needs","status":"publish","type":"product","link":"https:\/\/moyahousehold.com\/pt\/produto\/bulk-bento-boxes-wholesale-multi-layer-for-all-your-meal-prep-needs\/","title":{"rendered":"Caixa de Bento por atacado, caixas de Bento multicamadas a granel para venda"},"content":{"rendered":"<h2 class=\"wp-block-heading\">Par\u00e2metros da caixa Bento por atacado<\/h2>\n\n\n\n<p><strong>material:<\/strong>304 + PP <strong> <\/strong><\/p>\n\n\n\n<figure class=\"wp-block-table\"><table><tbody><tr><td>Item NO<\/td><td>Capacidade<\/td><td>Tamanho\/PCS<\/td><td>PCS\/Caixa<\/td><td>N.W.\/PCS<\/td><td>G.W.\/Caso<\/td><\/tr><tr><td>MYLY025<\/td><td>Camada \u00fanica<\/td><td>14.6*14.6*13<\/td><td>32<\/td><td>22.72<\/td><td>0.71<\/td><\/tr><tr><td>MYLY026<\/td><td>Camadas duplas<\/td><td>14.6*14.6*22<\/td><td>18<\/td><td>24.12<\/td><td>1.34<\/td><\/tr><tr><td>MYLY027<\/td><td>Camadas triplas<\/td><td>14.6*14.6*30<\/td><td>16<\/td><td>24.48<\/td><td>1.53<\/td><\/tr><\/tbody><\/table><\/figure>\n\n\n\n<h3 class=\"wp-block-heading\">Op\u00e7\u00f5es de caixas Bento personalizadas<\/h3>\n\n\n\n<p><strong>Log\u00f3tipo<\/strong>: personalizar o log\u00f3tipo da sua marca no produto e na embalagem.<br><strong>Op\u00e7\u00f5es de log\u00f3tipo<\/strong>: log\u00f3tipo impresso, log\u00f3tipo gravado a laser, etc.<br><strong>Padr\u00e3o:<\/strong> Padr\u00f5es de impress\u00e3o <br><strong>Tecnologia de impress\u00e3o<\/strong>: impress\u00e3o por transfer\u00eancia de \u00e1gua, impress\u00e3o por serigrafia, impress\u00e3o por transfer\u00eancia de calor, transfer\u00eancia por sublima\u00e7\u00e3o, etc.<br><strong>Embalagem<\/strong>:caixa de cor<br><a href=\"https:\/\/moyahousehold.com\/pt\/solucao-personalizada\/\"><strong>Explorar mais personaliza\u00e7\u00e3o<\/strong><\/a><\/p>\n\n\n\n<div class=\"wp-block-columns is-layout-flex wp-container-core-columns-is-layout-9d6595d7 wp-block-columns-is-layout-flex\">\n<div class=\"wp-block-column is-layout-flow wp-block-column-is-layout-flow\">\n<figure class=\"wp-block-image size-full\"><img fetchpriority=\"high\" decoding=\"async\" width=\"563\" height=\"563\" src=\"https:\/\/moyahousehold.com\/wp-content\/uploads\/2024\/07\/wholesal-bento-box-1.webp\" alt=\"caixa bento grossista (1)\" class=\"wp-image-7973\" srcset=\"https:\/\/moyahousehold.com\/wp-content\/uploads\/2024\/07\/wholesal-bento-box-1.webp 563w, https:\/\/moyahousehold.com\/wp-content\/uploads\/2024\/07\/wholesal-bento-box-1-300x300.webp 300w, https:\/\/moyahousehold.com\/wp-content\/uploads\/2024\/07\/wholesal-bento-box-1-150x150.webp 150w, https:\/\/moyahousehold.com\/wp-content\/uploads\/2024\/07\/wholesal-bento-box-1-12x12.webp 12w, https:\/\/moyahousehold.com\/wp-content\/uploads\/2024\/07\/wholesal-bento-box-1-285x285.webp 285w, https:\/\/moyahousehold.com\/wp-content\/uploads\/2024\/07\/wholesal-bento-box-1-270x270.webp 270w, https:\/\/moyahousehold.com\/wp-content\/uploads\/2024\/07\/wholesal-bento-box-1-540x540.webp 540w\" sizes=\"(max-width: 563px) 100vw, 563px\" \/><\/figure>\n<\/div>\n\n\n\n<div class=\"wp-block-column is-layout-flow wp-block-column-is-layout-flow\">\n<figure class=\"wp-block-image size-full\"><img decoding=\"async\" width=\"547\" height=\"547\" src=\"https:\/\/moyahousehold.com\/wp-content\/uploads\/2024\/07\/wholesal-bento-box-2.webp\" alt=\"caixa bento grossista (2)\" class=\"wp-image-7974\" srcset=\"https:\/\/moyahousehold.com\/wp-content\/uploads\/2024\/07\/wholesal-bento-box-2.webp 547w, https:\/\/moyahousehold.com\/wp-content\/uploads\/2024\/07\/wholesal-bento-box-2-300x300.webp 300w, https:\/\/moyahousehold.com\/wp-content\/uploads\/2024\/07\/wholesal-bento-box-2-150x150.webp 150w, https:\/\/moyahousehold.com\/wp-content\/uploads\/2024\/07\/wholesal-bento-box-2-12x12.webp 12w, https:\/\/moyahousehold.com\/wp-content\/uploads\/2024\/07\/wholesal-bento-box-2-285x285.webp 285w, https:\/\/moyahousehold.com\/wp-content\/uploads\/2024\/07\/wholesal-bento-box-2-270x270.webp 270w, https:\/\/moyahousehold.com\/wp-content\/uploads\/2024\/07\/wholesal-bento-box-2-540x540.webp 540w\" sizes=\"(max-width: 547px) 100vw, 547px\" \/><\/figure>\n<\/div>\n<\/div>","protected":false},"excerpt":{"rendered":"<p>Oferecemos lancheiras por atacado de alta qualidade a pre\u00e7os de f\u00e1brica. Esta lancheira por atacado tem um design de v\u00e1rias camadas, adequado para as necessidades de prepara\u00e7\u00e3o de refei\u00e7\u00f5es em v\u00e1rias ocasi\u00f5es. \u00c9 feita de a\u00e7o inoxid\u00e1vel 304 de alta qualidade e tem excelente durabilidade. O bom design torna-a muito bem selada e n\u00e3o causar\u00e1 fugas de alimentos devido \u00e0 inclina\u00e7\u00e3o ou vibra\u00e7\u00e3o. Como uma lancheira com opera\u00e7\u00e3o simples, \u00e9 muito conveniente para os utilizadores utilizarem no dia a dia. N\u00f3s somos um fabricante de lancheira de a\u00e7o inoxid\u00e1vel da China, entre em contato conosco para esta lancheira multi-camada a pre\u00e7os de atacado.<\/p>\n<h3>Carater\u00edsticas e vantagens da Wholesale Bento Box<\/h3>\n<p>1. <strong>Material de alta qualidade<\/strong>l: O interior da lancheira \u00e9 feito de a\u00e7o inoxid\u00e1vel 304 de qualidade alimentar, que pode manter a sua excelente qualidade mesmo ap\u00f3s uma utiliza\u00e7\u00e3o prolongada, proporcionando aos utilizadores uma experi\u00eancia gastron\u00f3mica saud\u00e1vel.<\/p>\n<p>2. <strong>Sensa\u00e7\u00e3o de conforto<\/strong>: O design geral da lancheira n\u00e3o se concentra apenas na apar\u00eancia, mas tamb\u00e9m presta mais aten\u00e7\u00e3o \u00e0 experi\u00eancia de sentir a m\u00e3o do utilizador. O tratamento requintado da superf\u00edcie e o design dos cantos arredondados tornam a lancheira mais confort\u00e1vel quando utilizada e aumentam o prazer de comer.<\/p>\n<p>3. <strong>Design multi-camadas<\/strong>: Esta lancheira adopta um design de combina\u00e7\u00e3o de v\u00e1rias camadas, e cada camada pode acomodar independentemente diferentes tipos de alimentos. Isto n\u00e3o s\u00f3 garante que o sabor e o aroma dos alimentos n\u00e3o se afectam mutuamente, como tamb\u00e9m facilita aos utilizadores a combina\u00e7\u00e3o conforme necess\u00e1rio para satisfazer v\u00e1rias necessidades de refei\u00e7\u00f5es.<\/p>\n<p>4. <strong>Compartimento oculto<\/strong>: A tampa superior est\u00e1 equipada com um pequeno compartimento oculto com um design inteligente. Pode ser utilizado para guardar temperos, snacks ou outros pequenos acess\u00f3rios, o que aumenta o car\u00e1cter pr\u00e1tico da lancheira.<\/p>\n<p>5. <strong>Sele\u00e7\u00e3o multicamada<\/strong>: Os utilizadores podem escolher qualquer n\u00famero de camadas para combinar de acordo com as diferentes necessidades de refei\u00e7\u00f5es. Esta flexibilidade permite que a lancheira desempenhe o melhor papel em v\u00e1rias ocasi\u00f5es.<\/p>\n<p>6. <strong>Servi\u00e7o grossista de lancheiras<\/strong>: Fornecemos servi\u00e7os grossistas de lancheiras a granel, que s\u00e3o adequados para necessidades de aquisi\u00e7\u00e3o em grande escala, tais como empresas de catering, escolas e f\u00e1bricas.<\/p>\n<p>7. <strong>Suporte de amostras<\/strong>: Para o nosso neg\u00f3cio de lancheiras por atacado, fornecemos amostras gr\u00e1tis para que possa ter uma compreens\u00e3o mais profunda dos nossos produtos antes de fazer uma escolha.<\/p>\n<p>8. <strong>Servi\u00e7o personalizado<\/strong>: Como fabricante e fornecedor profissional de lancheiras em a\u00e7o inoxid\u00e1vel, posso ajud\u00e1-lo a personalizar uma lancheira nova. Compreenderemos as suas ideias e concretiz\u00e1-las-emos atrav\u00e9s de fortes capacidades OEM&amp;ODM.<\/p>\n<p><a href=\"https:\/\/moyahousehold.com\/pt\/solucao-personalizada\/\" target=\"_blank\" rel=\"noopener\"><strong>Saiba mais sobre a nossa solu\u00e7\u00e3o de caixas bento personalizadas.<\/strong><\/a><\/p>","protected":false},"featured_media":7978,"comment_status":"closed","ping_status":"closed","template":"","meta":[],"product_cat":[58],"product_tag":[89,90,91],"class_list":{"0":"post-6277","1":"product","2":"type-product","3":"status-publish","4":"has-post-thumbnail","6":"product_cat-lunch-box-wholesale","7":"product_tag-wholesale-3-layer-lunch-box","8":"product_tag-wholesale-double-layer-lunch-box","9":"product_tag-wholesale-round-lunch-box","11":"first","12":"instock","13":"shipping-taxable","14":"product-type-simple"},"_links":{"self":[{"href":"https:\/\/moyahousehold.com\/pt\/wp-json\/wp\/v2\/product\/6277","targetHints":{"allow":["GET"]}}],"collection":[{"href":"https:\/\/moyahousehold.com\/pt\/wp-json\/wp\/v2\/product"}],"about":[{"href":"https:\/\/moyahousehold.com\/pt\/wp-json\/wp\/v2\/types\/product"}],"replies":[{"embeddable":true,"href":"https:\/\/moyahousehold.com\/pt\/wp-json\/wp\/v2\/comments?post=6277"}],"version-history":[{"count":0,"href":"https:\/\/moyahousehold.com\/pt\/wp-json\/wp\/v2\/product\/6277\/revisions"}],"wp:featuredmedia":[{"embeddable":true,"href":"https:\/\/moyahousehold.com\/pt\/wp-json\/wp\/v2\/media\/7978"}],"wp:attachment":[{"href":"https:\/\/moyahousehold.com\/pt\/wp-json\/wp\/v2\/media?parent=6277"}],"wp:term":[{"taxonomy":"product_cat","embeddable":true,"href":"https:\/\/moyahousehold.com\/pt\/wp-json\/wp\/v2\/product_cat?post=6277"},{"taxonomy":"product_tag","embeddable":true,"href":"https:\/\/moyahousehold.com\/pt\/wp-json\/wp\/v2\/product_tag?post=6277"}],"curies":[{"name":"wp","href":"https:\/\/api.w.org\/{rel}","templated":true}]}}