{"id":6295,"date":"2024-07-02T01:21:44","date_gmt":"2024-07-02T01:21:44","guid":{"rendered":"https:\/\/moyahousehold.com\/?post_type=product&#038;p=6295"},"modified":"2025-02-05T08:50:23","modified_gmt":"2025-02-05T08:50:23","slug":"customized-multi-layer-bento-box-for-sale","status":"publish","type":"product","link":"https:\/\/moyahousehold.com\/pt\/produto\/customized-multi-layer-bento-box-for-sale\/","title":{"rendered":"Caixa Bento de v\u00e1rias camadas com pega: Design de grande capacidade com pegas confort\u00e1veis"},"content":{"rendered":"<h2 class=\"wp-block-heading\">Par\u00e2metros da caixa Bento de v\u00e1rias camadas<\/h2>\n\n\n\n<p><strong>material:<\/strong>304 + PP <strong> <\/strong><\/p>\n\n\n\n<figure class=\"wp-block-table\"><table><tbody><tr><td>Item NO<\/td><td>Capacidade<\/td><td>Tamanho\/PCS<\/td><td>PCS\/Caixa<\/td><td>N.W.\/PCS<\/td><td>G.W.\/Caso<\/td><\/tr><tr><td>MYJD236<\/td><td>700ml<\/td><td>15*15*7<\/td><td>\/<\/td><td>\/<\/td><td>0.5<\/td><\/tr><tr><td>MYJD237<\/td><td>1400ml<\/td><td>15*15*13.5<\/td><td>36<\/td><td>25.2<\/td><td>0.7<\/td><\/tr><tr><td>MYJD238<\/td><td>2100ml<\/td><td>15*15*19.5<\/td><td>24<\/td><td>21.6<\/td><td>0.9<\/td><\/tr><tr><td>MYJD239<\/td><td>2800ml<\/td><td>15*15*25.5<\/td><td>\/<\/td><td>\/<\/td><td>1.1<\/td><\/tr><\/tbody><\/table><\/figure>\n\n\n\n<h3 class=\"wp-block-heading\">Op\u00e7\u00f5es de caixas Bento personalizadas<\/h3>\n\n\n\n<p><strong>Log\u00f3tipo<\/strong>: personalizar o log\u00f3tipo da sua marca nas caixas bento e na embalagem.<br><strong>Op\u00e7\u00f5es de log\u00f3tipo:<\/strong> log\u00f3tipo impresso, log\u00f3tipo gravado a laser, etc.<br><strong>Padr\u00e3o:<\/strong> padr\u00f5es de impress\u00e3o <br><strong>Tecnologia de impress\u00e3o:<\/strong> impress\u00e3o por transfer\u00eancia de \u00e1gua, impress\u00e3o por serigrafia, impress\u00e3o por transfer\u00eancia de calor, transfer\u00eancia por sublima\u00e7\u00e3o, etc.<br><strong>Embalagem:<\/strong>caixa de cor<br><a href=\"https:\/\/moyahousehold.com\/pt\/solucao-personalizada\/\"><strong>Explorar mais solu\u00e7\u00f5es de caixas bento personalizadas<\/strong><\/a><\/p>\n\n\n\n<div class=\"wp-block-columns is-layout-flex wp-container-core-columns-is-layout-9d6595d7 wp-block-columns-is-layout-flex\">\n<div class=\"wp-block-column is-layout-flow wp-block-column-is-layout-flow\">\n<figure class=\"wp-block-image size-full\"><img fetchpriority=\"high\" decoding=\"async\" width=\"2000\" height=\"2000\" src=\"https:\/\/moyahousehold.com\/wp-content\/uploads\/2024\/07\/customizable-bento-box-display-1.jpg\" alt=\"expositor de caixas bento personaliz\u00e1veis (1)\" class=\"wp-image-8563\" srcset=\"https:\/\/moyahousehold.com\/wp-content\/uploads\/2024\/07\/customizable-bento-box-display-1.jpg 2000w, https:\/\/moyahousehold.com\/wp-content\/uploads\/2024\/07\/customizable-bento-box-display-1-300x300.jpg 300w, https:\/\/moyahousehold.com\/wp-content\/uploads\/2024\/07\/customizable-bento-box-display-1-150x150.jpg 150w, https:\/\/moyahousehold.com\/wp-content\/uploads\/2024\/07\/customizable-bento-box-display-1-768x768.jpg 768w, https:\/\/moyahousehold.com\/wp-content\/uploads\/2024\/07\/customizable-bento-box-display-1-12x12.jpg 12w, https:\/\/moyahousehold.com\/wp-content\/uploads\/2024\/07\/customizable-bento-box-display-1-285x285.jpg 285w, https:\/\/moyahousehold.com\/wp-content\/uploads\/2024\/07\/customizable-bento-box-display-1-1600x1600.jpg 1600w, https:\/\/moyahousehold.com\/wp-content\/uploads\/2024\/07\/customizable-bento-box-display-1-270x270.jpg 270w, https:\/\/moyahousehold.com\/wp-content\/uploads\/2024\/07\/customizable-bento-box-display-1-540x540.jpg 540w, https:\/\/moyahousehold.com\/wp-content\/uploads\/2024\/07\/customizable-bento-box-display-1-660x660.jpg 660w\" sizes=\"(max-width: 2000px) 100vw, 2000px\" \/><\/figure>\n<\/div>\n\n\n\n<div class=\"wp-block-column is-layout-flow wp-block-column-is-layout-flow\">\n<figure class=\"wp-block-image size-full\"><img decoding=\"async\" width=\"2000\" height=\"2000\" src=\"https:\/\/moyahousehold.com\/wp-content\/uploads\/2024\/07\/customizable-bento-box-display-2.jpg\" alt=\"expositor de caixas bento personaliz\u00e1veis (2)\" class=\"wp-image-8564\" srcset=\"https:\/\/moyahousehold.com\/wp-content\/uploads\/2024\/07\/customizable-bento-box-display-2.jpg 2000w, https:\/\/moyahousehold.com\/wp-content\/uploads\/2024\/07\/customizable-bento-box-display-2-300x300.jpg 300w, https:\/\/moyahousehold.com\/wp-content\/uploads\/2024\/07\/customizable-bento-box-display-2-150x150.jpg 150w, https:\/\/moyahousehold.com\/wp-content\/uploads\/2024\/07\/customizable-bento-box-display-2-768x768.jpg 768w, https:\/\/moyahousehold.com\/wp-content\/uploads\/2024\/07\/customizable-bento-box-display-2-12x12.jpg 12w, https:\/\/moyahousehold.com\/wp-content\/uploads\/2024\/07\/customizable-bento-box-display-2-285x285.jpg 285w, https:\/\/moyahousehold.com\/wp-content\/uploads\/2024\/07\/customizable-bento-box-display-2-1600x1600.jpg 1600w, https:\/\/moyahousehold.com\/wp-content\/uploads\/2024\/07\/customizable-bento-box-display-2-270x270.jpg 270w, https:\/\/moyahousehold.com\/wp-content\/uploads\/2024\/07\/customizable-bento-box-display-2-540x540.jpg 540w, https:\/\/moyahousehold.com\/wp-content\/uploads\/2024\/07\/customizable-bento-box-display-2-660x660.jpg 660w\" sizes=\"(max-width: 2000px) 100vw, 2000px\" \/><\/figure>\n<\/div>\n<\/div>","protected":false},"excerpt":{"rendered":"<p>Caixa bento personalizada por atacado, esta caixa bento pode ser personalizada com 1 a 4 camadas, cada camada pode armazenar v\u00e1rios alimentos de forma independente, atendendo de forma flex\u00edvel \u00e0s necessidades de diferentes usu\u00e1rios. E \u00e9 feito de a\u00e7o inoxid\u00e1vel 304 de qualidade alimentar para garantir seguran\u00e7a e sa\u00fade. MOYA, como um fabricante de caixa bento de a\u00e7o inoxid\u00e1vel, n\u00f3s fornecemos servi\u00e7os de caixa bento personalizada OEM e ODM. Bem-vindo a contactar-nos para obter mais informa\u00e7\u00f5es sobre o produto.<\/p>\n<h3>Carater\u00edsticas e vantagens da caixa bento personaliz\u00e1vel<\/h3>\n<p><strong>Design flex\u00edvel em camadas:<\/strong> Esta caixa bento pode ser personalizada com 1 a 4 camadas de acordo com as necessidades, e cada camada pode armazenar diferentes tipos de alimentos de forma independente.<\/p>\n<p><strong>Material de a\u00e7o inoxid\u00e1vel 304 de alta qualidade:<\/strong> O revestimento \u00e9 feito de a\u00e7o inoxid\u00e1vel 304 de alta qualidade, que tem uma excelente resist\u00eancia \u00e0 corros\u00e3o e \u00e0 oxida\u00e7\u00e3o. Adequado para armazenar alimentos quentes ou frios e garantir a seguran\u00e7a e a sa\u00fade.<\/p>\n<p><strong>Design de veda\u00e7\u00e3o \u00e0 prova de fugas:<\/strong> Cada camada est\u00e1 equipada com um anel de borracha incorporado para garantir a veda\u00e7\u00e3o camada a camada, impedindo eficazmente a fuga de l\u00edquidos, para que possa transport\u00e1-la sem preocupa\u00e7\u00f5es.<\/p>\n<p><strong>Servi\u00e7o de personaliza\u00e7\u00e3o personalizado:<\/strong> Fornecemos solu\u00e7\u00f5es de caixas bento personalizadas OEM&amp;ODM, incluindo uma variedade de cores, formas e designs funcionais, para criar uma caixa bento de marca \u00fanica para si.<\/p>","protected":false},"featured_media":8577,"comment_status":"closed","ping_status":"closed","template":"","meta":[],"product_cat":[58],"product_tag":[89,90],"class_list":{"0":"post-6295","1":"product","2":"type-product","3":"status-publish","4":"has-post-thumbnail","6":"product_cat-lunch-box-wholesale","7":"product_tag-wholesale-3-layer-lunch-box","8":"product_tag-wholesale-double-layer-lunch-box","10":"first","11":"instock","12":"shipping-taxable","13":"product-type-simple"},"_links":{"self":[{"href":"https:\/\/moyahousehold.com\/pt\/wp-json\/wp\/v2\/product\/6295","targetHints":{"allow":["GET"]}}],"collection":[{"href":"https:\/\/moyahousehold.com\/pt\/wp-json\/wp\/v2\/product"}],"about":[{"href":"https:\/\/moyahousehold.com\/pt\/wp-json\/wp\/v2\/types\/product"}],"replies":[{"embeddable":true,"href":"https:\/\/moyahousehold.com\/pt\/wp-json\/wp\/v2\/comments?post=6295"}],"version-history":[{"count":0,"href":"https:\/\/moyahousehold.com\/pt\/wp-json\/wp\/v2\/product\/6295\/revisions"}],"wp:featuredmedia":[{"embeddable":true,"href":"https:\/\/moyahousehold.com\/pt\/wp-json\/wp\/v2\/media\/8577"}],"wp:attachment":[{"href":"https:\/\/moyahousehold.com\/pt\/wp-json\/wp\/v2\/media?parent=6295"}],"wp:term":[{"taxonomy":"product_cat","embeddable":true,"href":"https:\/\/moyahousehold.com\/pt\/wp-json\/wp\/v2\/product_cat?post=6295"},{"taxonomy":"product_tag","embeddable":true,"href":"https:\/\/moyahousehold.com\/pt\/wp-json\/wp\/v2\/product_tag?post=6295"}],"curies":[{"name":"wp","href":"https:\/\/api.w.org\/{rel}","templated":true}]}}