{"id":6715,"date":"2024-07-10T03:54:19","date_gmt":"2024-07-10T03:54:19","guid":{"rendered":"https:\/\/moyahousehold.com\/?post_type=product&#038;p=6715"},"modified":"2026-04-02T08:49:37","modified_gmt":"2026-04-02T08:49:37","slug":"wholesale-denmark-style-thermal-vacuum-jug","status":"publish","type":"product","link":"https:\/\/moyahousehold.com\/pt\/produto\/jarro-de-vacuo-termico-dinamarques-com-pega-de-madeira-por-atacado\/","title":{"rendered":"Wholesale Denmark Style Thermal Vacuum Jug with Wooden Handle 0.6L &amp; 1.5L \u2014 MOYA Thermal Carafe Manufacturer"},"content":{"rendered":"<figure class=\"wp-block-image size-full\"><img fetchpriority=\"high\" decoding=\"async\" width=\"6240\" height=\"3512\" src=\"https:\/\/moyahousehold.com\/wp-content\/uploads\/2024\/07\/\u5927\u5408\u7167.jpg\" alt=\"MOYA Danish Style Stainless Steel Thermal Coffee Carafe with Wooden Handle, Vacuum Insulated Tea Pot\" class=\"wp-image-12556\" srcset=\"https:\/\/moyahousehold.com\/wp-content\/uploads\/2024\/07\/\u5927\u5408\u7167.jpg 6240w, https:\/\/moyahousehold.com\/wp-content\/uploads\/2024\/07\/\u5927\u5408\u7167-300x169.jpg 300w, https:\/\/moyahousehold.com\/wp-content\/uploads\/2024\/07\/\u5927\u5408\u7167-768x432.jpg 768w, https:\/\/moyahousehold.com\/wp-content\/uploads\/2024\/07\/\u5927\u5408\u7167-18x10.jpg 18w, https:\/\/moyahousehold.com\/wp-content\/uploads\/2024\/07\/\u5927\u5408\u7167-285x160.jpg 285w, https:\/\/moyahousehold.com\/wp-content\/uploads\/2024\/07\/\u5927\u5408\u7167-1600x901.jpg 1600w, https:\/\/moyahousehold.com\/wp-content\/uploads\/2024\/07\/\u5927\u5408\u7167-660x371.jpg 660w, https:\/\/moyahousehold.com\/wp-content\/uploads\/2024\/07\/\u5927\u5408\u7167-150x84.jpg 150w\" sizes=\"(max-width: 6240px) 100vw, 6240px\" \/><\/figure>\n\n\n\n<h3 class=\"wp-block-heading\">Parameters of Denmark Style Thermal Jug<\/h3>\n\n\n\n<figure class=\"wp-block-table\"><table><tbody><tr><td>Nome do produto<\/td><td>Cor<\/td><td>Material<\/td><td>Tamanho do produto<\/td><td>N.W.\/PCS<\/td><\/tr><tr><td>Jarro de v\u00e1cuo dinamarqu\u00eas de 0,6L com pega de madeira<\/td><td>Black\/Khaki\/Beige\/Light<br>\/Green\/Steel\/Navy Blue<\/td><td>304+PP+Silicone+Beech<\/td><td>17.7*11*15.5<\/td><td>0.8<\/td><\/tr><tr><td>1.5L Danish vacuum jug with wooden handle<\/td><td>Black\/Khaki\/Beige\/Light<br>\/Green\/Steel\/Navy Blue<\/td><td>304+PP+Silicone+Beech<\/td><td>19.3*12*25.2<\/td><td>1.0<\/td><\/tr><\/tbody><\/table><\/figure>\n\n\n\n<h3 class=\"wp-block-heading\">Op\u00e7\u00f5es de jarro t\u00e9rmico personalizado<\/h3>\n\n\n\n<p><strong>Log\u00f3tipo: <\/strong>Customize your brand logo on thermal carafe and packaging.<br><strong>Op\u00e7\u00f5es de log\u00f3tipo: <\/strong>Printed logo, laser engraved logo, etc.<br><strong>Padr\u00e3o: <\/strong>Padr\u00f5es de impress\u00e3o<br><strong>Tecnologia de impress\u00e3o:<\/strong> Water transfer printing,silk screen printing, heat transfer printing,sublimation transfer, etc. <br><strong>Embalagem: <\/strong>Color box<br><a href=\"https:\/\/moyahousehold.com\/pt\/solucao-personalizada\/\"><strong>Explore mais personaliza\u00e7\u00f5es de jarras t\u00e9rmicas<\/strong><\/a><\/p>\n\n\n\n<div class=\"wp-block-columns is-layout-flex wp-container-core-columns-is-layout-9d6595d7 wp-block-columns-is-layout-flex\">\n<div class=\"wp-block-column is-layout-flow wp-block-column-is-layout-flow\">\n<div class=\"wp-block-columns is-layout-flex wp-container-core-columns-is-layout-9d6595d7 wp-block-columns-is-layout-flex\">\n<div class=\"wp-block-column is-layout-flow wp-block-column-is-layout-flow\">\n<figure class=\"wp-block-image size-full\"><img decoding=\"async\" width=\"3515\" height=\"3515\" src=\"https:\/\/moyahousehold.com\/wp-content\/uploads\/2024\/07\/JS-\u4e39\u9ea6\u58f6-29.jpg\" alt=\"MOYA Danish Style Stainless Steel Thermal Coffee Carafe with Wooden Handle, Vacuum Insulated Tea Pot\" class=\"wp-image-12558\" srcset=\"https:\/\/moyahousehold.com\/wp-content\/uploads\/2024\/07\/JS-\u4e39\u9ea6\u58f6-29.jpg 3515w, https:\/\/moyahousehold.com\/wp-content\/uploads\/2024\/07\/JS-\u4e39\u9ea6\u58f6-29-300x300.jpg 300w, https:\/\/moyahousehold.com\/wp-content\/uploads\/2024\/07\/JS-\u4e39\u9ea6\u58f6-29-150x150.jpg 150w, https:\/\/moyahousehold.com\/wp-content\/uploads\/2024\/07\/JS-\u4e39\u9ea6\u58f6-29-768x768.jpg 768w, https:\/\/moyahousehold.com\/wp-content\/uploads\/2024\/07\/JS-\u4e39\u9ea6\u58f6-29-12x12.jpg 12w, https:\/\/moyahousehold.com\/wp-content\/uploads\/2024\/07\/JS-\u4e39\u9ea6\u58f6-29-285x285.jpg 285w, https:\/\/moyahousehold.com\/wp-content\/uploads\/2024\/07\/JS-\u4e39\u9ea6\u58f6-29-1600x1600.jpg 1600w, https:\/\/moyahousehold.com\/wp-content\/uploads\/2024\/07\/JS-\u4e39\u9ea6\u58f6-29-270x270.jpg 270w, https:\/\/moyahousehold.com\/wp-content\/uploads\/2024\/07\/JS-\u4e39\u9ea6\u58f6-29-540x540.jpg 540w, https:\/\/moyahousehold.com\/wp-content\/uploads\/2024\/07\/JS-\u4e39\u9ea6\u58f6-29-660x660.jpg 660w\" sizes=\"(max-width: 3515px) 100vw, 3515px\" \/><\/figure>\n<\/div>\n\n\n\n<div class=\"wp-block-column is-layout-flow wp-block-column-is-layout-flow\">\n<figure class=\"wp-block-image size-full\"><img decoding=\"async\" width=\"3898\" height=\"3898\" src=\"https:\/\/moyahousehold.com\/wp-content\/uploads\/2024\/07\/JS-\u4e39\u9ea6\u58f6-26.jpg\" alt=\"MOYA Danish Style Stainless Steel Thermal Coffee Carafe with Wooden Handle, Vacuum Insulated Tea Pot\" class=\"wp-image-12557\" srcset=\"https:\/\/moyahousehold.com\/wp-content\/uploads\/2024\/07\/JS-\u4e39\u9ea6\u58f6-26.jpg 3898w, https:\/\/moyahousehold.com\/wp-content\/uploads\/2024\/07\/JS-\u4e39\u9ea6\u58f6-26-300x300.jpg 300w, https:\/\/moyahousehold.com\/wp-content\/uploads\/2024\/07\/JS-\u4e39\u9ea6\u58f6-26-150x150.jpg 150w, https:\/\/moyahousehold.com\/wp-content\/uploads\/2024\/07\/JS-\u4e39\u9ea6\u58f6-26-768x768.jpg 768w, https:\/\/moyahousehold.com\/wp-content\/uploads\/2024\/07\/JS-\u4e39\u9ea6\u58f6-26-12x12.jpg 12w, https:\/\/moyahousehold.com\/wp-content\/uploads\/2024\/07\/JS-\u4e39\u9ea6\u58f6-26-285x285.jpg 285w, https:\/\/moyahousehold.com\/wp-content\/uploads\/2024\/07\/JS-\u4e39\u9ea6\u58f6-26-1600x1600.jpg 1600w, https:\/\/moyahousehold.com\/wp-content\/uploads\/2024\/07\/JS-\u4e39\u9ea6\u58f6-26-270x270.jpg 270w, https:\/\/moyahousehold.com\/wp-content\/uploads\/2024\/07\/JS-\u4e39\u9ea6\u58f6-26-540x540.jpg 540w, https:\/\/moyahousehold.com\/wp-content\/uploads\/2024\/07\/JS-\u4e39\u9ea6\u58f6-26-660x660.jpg 660w\" sizes=\"(max-width: 3898px) 100vw, 3898px\" \/><\/figure>\n<\/div>\n<\/div>\n<\/div>\n<\/div>\n\n\n\n<div class=\"wp-block-columns is-layout-flex wp-container-core-columns-is-layout-9d6595d7 wp-block-columns-is-layout-flex\">\n<div class=\"wp-block-column is-layout-flow wp-block-column-is-layout-flow\">\n<figure class=\"wp-block-image size-full\"><img loading=\"lazy\" decoding=\"async\" width=\"5304\" height=\"5304\" src=\"https:\/\/moyahousehold.com\/wp-content\/uploads\/2024\/07\/\u4e3b\u56fe5.jpg\" alt=\"MOYA Danish Style Stainless Steel Thermal Coffee Carafe with Wooden Handle, Vacuum Insulated Tea Pot\" class=\"wp-image-12554\" srcset=\"https:\/\/moyahousehold.com\/wp-content\/uploads\/2024\/07\/\u4e3b\u56fe5.jpg 5304w, https:\/\/moyahousehold.com\/wp-content\/uploads\/2024\/07\/\u4e3b\u56fe5-300x300.jpg 300w, https:\/\/moyahousehold.com\/wp-content\/uploads\/2024\/07\/\u4e3b\u56fe5-150x150.jpg 150w, https:\/\/moyahousehold.com\/wp-content\/uploads\/2024\/07\/\u4e3b\u56fe5-768x768.jpg 768w, https:\/\/moyahousehold.com\/wp-content\/uploads\/2024\/07\/\u4e3b\u56fe5-12x12.jpg 12w, https:\/\/moyahousehold.com\/wp-content\/uploads\/2024\/07\/\u4e3b\u56fe5-285x285.jpg 285w, https:\/\/moyahousehold.com\/wp-content\/uploads\/2024\/07\/\u4e3b\u56fe5-1600x1600.jpg 1600w, https:\/\/moyahousehold.com\/wp-content\/uploads\/2024\/07\/\u4e3b\u56fe5-270x270.jpg 270w, https:\/\/moyahousehold.com\/wp-content\/uploads\/2024\/07\/\u4e3b\u56fe5-540x540.jpg 540w, https:\/\/moyahousehold.com\/wp-content\/uploads\/2024\/07\/\u4e3b\u56fe5-660x660.jpg 660w\" sizes=\"(max-width: 5304px) 100vw, 5304px\" \/><\/figure>\n<\/div>\n\n\n\n<div class=\"wp-block-column is-layout-flow wp-block-column-is-layout-flow\">\n<figure class=\"wp-block-image size-full\"><img loading=\"lazy\" decoding=\"async\" width=\"5304\" height=\"5304\" src=\"https:\/\/moyahousehold.com\/wp-content\/uploads\/2024\/07\/\u4e3b\u56fe1.jpg\" alt=\"MOYA Danish Style Stainless Steel Thermal Coffee Carafe with Wooden Handle, Vacuum Insulated Tea Pot\" class=\"wp-image-12555\" srcset=\"https:\/\/moyahousehold.com\/wp-content\/uploads\/2024\/07\/\u4e3b\u56fe1.jpg 5304w, https:\/\/moyahousehold.com\/wp-content\/uploads\/2024\/07\/\u4e3b\u56fe1-300x300.jpg 300w, https:\/\/moyahousehold.com\/wp-content\/uploads\/2024\/07\/\u4e3b\u56fe1-150x150.jpg 150w, https:\/\/moyahousehold.com\/wp-content\/uploads\/2024\/07\/\u4e3b\u56fe1-768x768.jpg 768w, https:\/\/moyahousehold.com\/wp-content\/uploads\/2024\/07\/\u4e3b\u56fe1-12x12.jpg 12w, https:\/\/moyahousehold.com\/wp-content\/uploads\/2024\/07\/\u4e3b\u56fe1-285x285.jpg 285w, https:\/\/moyahousehold.com\/wp-content\/uploads\/2024\/07\/\u4e3b\u56fe1-1600x1600.jpg 1600w, https:\/\/moyahousehold.com\/wp-content\/uploads\/2024\/07\/\u4e3b\u56fe1-270x270.jpg 270w, https:\/\/moyahousehold.com\/wp-content\/uploads\/2024\/07\/\u4e3b\u56fe1-540x540.jpg 540w, https:\/\/moyahousehold.com\/wp-content\/uploads\/2024\/07\/\u4e3b\u56fe1-660x660.jpg 660w\" sizes=\"(max-width: 5304px) 100vw, 5304px\" \/><\/figure>\n<\/div>\n<\/div>\n\n\n\n<div class=\"wp-block-columns is-layout-flex wp-container-core-columns-is-layout-9d6595d7 wp-block-columns-is-layout-flex\">\n<div class=\"wp-block-column is-layout-flow wp-block-column-is-layout-flow\">\n<figure class=\"wp-block-image size-full\"><img loading=\"lazy\" decoding=\"async\" width=\"800\" height=\"800\" src=\"https:\/\/moyahousehold.com\/wp-content\/uploads\/2024\/07\/12.jpg\" alt=\"MOYA Danish Style Stainless Steel Thermal Coffee Carafe with Wooden Handle, Vacuum Insulated Tea Pot\" class=\"wp-image-12559\" srcset=\"https:\/\/moyahousehold.com\/wp-content\/uploads\/2024\/07\/12.jpg 800w, https:\/\/moyahousehold.com\/wp-content\/uploads\/2024\/07\/12-300x300.jpg 300w, https:\/\/moyahousehold.com\/wp-content\/uploads\/2024\/07\/12-150x150.jpg 150w, https:\/\/moyahousehold.com\/wp-content\/uploads\/2024\/07\/12-768x768.jpg 768w, https:\/\/moyahousehold.com\/wp-content\/uploads\/2024\/07\/12-12x12.jpg 12w, https:\/\/moyahousehold.com\/wp-content\/uploads\/2024\/07\/12-285x285.jpg 285w, https:\/\/moyahousehold.com\/wp-content\/uploads\/2024\/07\/12-270x270.jpg 270w, https:\/\/moyahousehold.com\/wp-content\/uploads\/2024\/07\/12-540x540.jpg 540w, https:\/\/moyahousehold.com\/wp-content\/uploads\/2024\/07\/12-660x660.jpg 660w\" sizes=\"(max-width: 800px) 100vw, 800px\" \/><\/figure>\n<\/div>\n\n\n\n<div class=\"wp-block-column is-layout-flow wp-block-column-is-layout-flow\">\n<figure class=\"wp-block-image size-full\"><img loading=\"lazy\" decoding=\"async\" width=\"800\" height=\"800\" src=\"https:\/\/moyahousehold.com\/wp-content\/uploads\/2024\/07\/14.jpg\" alt=\"MOYA Danish Style Stainless Steel Thermal Coffee Carafe with Wooden Handle, Vacuum Insulated Tea Pot\" class=\"wp-image-12560\" srcset=\"https:\/\/moyahousehold.com\/wp-content\/uploads\/2024\/07\/14.jpg 800w, https:\/\/moyahousehold.com\/wp-content\/uploads\/2024\/07\/14-300x300.jpg 300w, https:\/\/moyahousehold.com\/wp-content\/uploads\/2024\/07\/14-150x150.jpg 150w, https:\/\/moyahousehold.com\/wp-content\/uploads\/2024\/07\/14-768x768.jpg 768w, https:\/\/moyahousehold.com\/wp-content\/uploads\/2024\/07\/14-12x12.jpg 12w, https:\/\/moyahousehold.com\/wp-content\/uploads\/2024\/07\/14-285x285.jpg 285w, https:\/\/moyahousehold.com\/wp-content\/uploads\/2024\/07\/14-270x270.jpg 270w, https:\/\/moyahousehold.com\/wp-content\/uploads\/2024\/07\/14-540x540.jpg 540w, https:\/\/moyahousehold.com\/wp-content\/uploads\/2024\/07\/14-660x660.jpg 660w\" sizes=\"(max-width: 800px) 100vw, 800px\" \/><\/figure>\n<\/div>\n<\/div>","protected":false},"excerpt":{"rendered":"<p>Jarro de v\u00e1cuo t\u00e9rmico de estilo dinamarqu\u00eas por atacado, o design est\u00e9tico simples proporciona uma experi\u00eancia visual maravilhosa. O cabo de madeira \u00e9 confort\u00e1vel de segurar, acrescentando eleg\u00e2ncia natural \u00e0 decora\u00e7\u00e3o do seu mobili\u00e1rio. Em termos de praticidade, adota um design de camada de v\u00e1cuo de camada dupla, que efetivamente mant\u00e9m a temperatura das bebidas por at\u00e9 24 horas. Bem-vindo a contactar-nos para um or\u00e7amento.<\/p>\n<h3>Carater\u00edsticas do jarro t\u00e9rmico de v\u00e1cuo<\/h3>\n<p><strong>Design de estilo simples:<\/strong> Este jarro de v\u00e1cuo t\u00e9rmico adopta um conceito de design est\u00e9tico minimalista, apresentando um toque elegante e moderno. Pode ser facilmente integrado em diferentes ambientes dom\u00e9sticos, de escrit\u00f3rio ou de hotel.<\/p>\n<p><strong>Cabo de madeira:<\/strong> Este jarro de v\u00e1cuo t\u00e9rmico privilegia o tato e o conforto e est\u00e1 equipado com uma pega de madeira ergon\u00f3mica, que proporciona uma excelente experi\u00eancia de manuseamento.<\/p>\n<p><strong>Excelente desempenho de isolamento:<\/strong> The vacuum insulation technology is used to effectively reduce heat loss and can keep the temperature of the drink for a long time.<\/p>\n<p><strong>Materiais amigos do ambiente:<\/strong> This thermal vacuum jug uses BPA-free environmentally friendly materials, which meets international environmental standards and avoids the impact of harmful substances on the human body.<\/p>\n<p><strong>Descarga de \u00e1gua com um bot\u00e3o:<\/strong> O design exclusivo do bico torna o processo de despejo mais suave e mais control\u00e1vel, evitando salpicos de \u00e1gua, e \u00e9 adequado para despejar ch\u00e1, caf\u00e9 e \u00e1gua quente.<\/p>\n<p><strong>Conce\u00e7\u00e3o de pequena capacidade<\/strong>: The 600ml and 1500ml capacity design are very suitable for personal or small family use, meeting the daily drinking water needs of a single person and the needs of short trips.<\/p>\n<p><strong>Solu\u00e7\u00f5es personalizadas OEM e ODM:<\/strong> O fabricante do jarro t\u00e9rmico Moya pode personalizar a apar\u00eancia do produto, a capacidade, a cor, o log\u00f3tipo da marca e muito mais, de acordo com as necessidades exclusivas dos clientes.<\/p>","protected":false},"featured_media":7124,"comment_status":"closed","ping_status":"closed","template":"","meta":[],"product_cat":[54],"product_tag":[81,78,131,85],"class_list":{"0":"post-6715","1":"product","2":"type-product","3":"status-publish","4":"has-post-thumbnail","6":"product_cat-thermal-carafe-wholesale","7":"product_tag-wholesale-600ml-thermos-carafe","8":"product_tag-wholesale-1500ml-thermos-carafe","9":"product_tag-danish-thermos-jug","10":"product_tag-wholesale-stainless-steel-liner-thermos-carafe","12":"first","13":"instock","14":"shipping-taxable","15":"product-type-simple"},"_links":{"self":[{"href":"https:\/\/moyahousehold.com\/pt\/wp-json\/wp\/v2\/product\/6715","targetHints":{"allow":["GET"]}}],"collection":[{"href":"https:\/\/moyahousehold.com\/pt\/wp-json\/wp\/v2\/product"}],"about":[{"href":"https:\/\/moyahousehold.com\/pt\/wp-json\/wp\/v2\/types\/product"}],"replies":[{"embeddable":true,"href":"https:\/\/moyahousehold.com\/pt\/wp-json\/wp\/v2\/comments?post=6715"}],"version-history":[{"count":0,"href":"https:\/\/moyahousehold.com\/pt\/wp-json\/wp\/v2\/product\/6715\/revisions"}],"wp:featuredmedia":[{"embeddable":true,"href":"https:\/\/moyahousehold.com\/pt\/wp-json\/wp\/v2\/media\/7124"}],"wp:attachment":[{"href":"https:\/\/moyahousehold.com\/pt\/wp-json\/wp\/v2\/media?parent=6715"}],"wp:term":[{"taxonomy":"product_cat","embeddable":true,"href":"https:\/\/moyahousehold.com\/pt\/wp-json\/wp\/v2\/product_cat?post=6715"},{"taxonomy":"product_tag","embeddable":true,"href":"https:\/\/moyahousehold.com\/pt\/wp-json\/wp\/v2\/product_tag?post=6715"}],"curies":[{"name":"wp","href":"https:\/\/api.w.org\/{rel}","templated":true}]}}