{"id":7228,"date":"2024-07-18T03:58:43","date_gmt":"2024-07-18T03:58:43","guid":{"rendered":"https:\/\/moyahousehold.com\/?post_type=product&#038;p=7228"},"modified":"2025-02-05T10:00:49","modified_gmt":"2025-02-05T10:00:49","slug":"bulk-food-storage-jars","status":"publish","type":"product","link":"https:\/\/moyahousehold.com\/pt\/produto\/bulk-food-storage-jars\/","title":{"rendered":"Frascos para armazenamento de alimentos a granel,Frascos de a\u00e7o inoxid\u00e1vel de alta qualidade para armazenamento de alimentos com tampa"},"content":{"rendered":"<div class=\"wp-block-columns is-layout-flex wp-container-core-columns-is-layout-9d6595d7 wp-block-columns-is-layout-flex\">\n<div class=\"wp-block-column is-layout-flow wp-block-column-is-layout-flow\">\n<h3 class=\"wp-block-heading\">Par\u00e2metros dos frascos de armazenagem de alimentos com tampa<\/h3>\n\n\n\n<figure class=\"wp-block-table\"><table class=\"has-fixed-layout\"><tbody><tr><td>Item<\/td><td>Capacidade<\/td><td>Tamanho\/PCS<\/td><td>PCS\/Caixa<\/td><td>N.W.\/PCS<\/td><td>G.W.\/Caso<\/td><\/tr><tr><td>MYJD239<\/td><td>450ml<\/td><td>13*13*5.5<\/td><td>100<\/td><td>0.24<\/td><td>26<\/td><\/tr><tr><td>MYJD240<\/td><td>650ml<\/td><td>13*13*7.5<\/td><td>80<\/td><td>0.25<\/td><td>22<\/td><\/tr><tr><td>MYJD241<\/td><td>900ml<\/td><td>13*13*9.5<\/td><td>80<\/td><td>0.27<\/td><td>23.6<\/td><\/tr><\/tbody><\/table><\/figure>\n<\/div>\n<\/div>\n\n\n\n<h3 class=\"wp-block-heading\">Op\u00e7\u00f5es de recipientes para alimentos personalizados<\/h3>\n\n\n\n<p><strong>Log\u00f3tipo<\/strong>: personalizar o log\u00f3tipo da sua marca nos produtos e nas embalagens.<br><strong>Tampa<\/strong>: Tampa de vidro, tampa PP<br><strong>Op\u00e7\u00f5es de log\u00f3tipo<\/strong>: log\u00f3tipo impresso, log\u00f3tipo gravado a laser, etc.<br><strong>Padr\u00e3o<\/strong>: padr\u00f5es de impress\u00e3o em recipientes de armazenagem de alimentos.<br><strong>Tecnologia de impress\u00e3o<\/strong>: impress\u00e3o por transfer\u00eancia de \u00e1gua, serigrafia, impress\u00e3o por transfer\u00eancia de calor, etc.<br><strong>Embalagem:<\/strong> Caixa de cores.<br><a href=\"https:\/\/moyahousehold.com\/pt\/solucao-personalizada\/\" data-type=\"page\" data-id=\"2817\" target=\"_blank\" rel=\"noreferrer noopener\"><strong>Explore mais solu\u00e7\u00f5es personalizadas de contentores para alimentos.<\/strong><\/a><\/p>\n\n\n\n<div class=\"wp-block-columns is-layout-flex wp-container-core-columns-is-layout-9d6595d7 wp-block-columns-is-layout-flex\">\n<div class=\"wp-block-column is-layout-flow wp-block-column-is-layout-flow\">\n<figure class=\"wp-block-image size-full\"><img fetchpriority=\"high\" decoding=\"async\" width=\"1600\" height=\"1600\" src=\"https:\/\/moyahousehold.com\/wp-content\/uploads\/2024\/07\/bulk-food-storage-jars-1.webp\" alt=\"frascos de armazenamento de alimentos a granel (1)\" class=\"wp-image-9282\" srcset=\"https:\/\/moyahousehold.com\/wp-content\/uploads\/2024\/07\/bulk-food-storage-jars-1.webp 1600w, https:\/\/moyahousehold.com\/wp-content\/uploads\/2024\/07\/bulk-food-storage-jars-1-300x300.webp 300w, https:\/\/moyahousehold.com\/wp-content\/uploads\/2024\/07\/bulk-food-storage-jars-1-150x150.webp 150w, https:\/\/moyahousehold.com\/wp-content\/uploads\/2024\/07\/bulk-food-storage-jars-1-768x768.webp 768w, https:\/\/moyahousehold.com\/wp-content\/uploads\/2024\/07\/bulk-food-storage-jars-1-12x12.webp 12w, https:\/\/moyahousehold.com\/wp-content\/uploads\/2024\/07\/bulk-food-storage-jars-1-285x285.webp 285w, https:\/\/moyahousehold.com\/wp-content\/uploads\/2024\/07\/bulk-food-storage-jars-1-270x270.webp 270w, https:\/\/moyahousehold.com\/wp-content\/uploads\/2024\/07\/bulk-food-storage-jars-1-540x540.webp 540w, https:\/\/moyahousehold.com\/wp-content\/uploads\/2024\/07\/bulk-food-storage-jars-1-660x660.webp 660w\" sizes=\"(max-width: 1600px) 100vw, 1600px\" \/><\/figure>\n<\/div>\n\n\n\n<div class=\"wp-block-column is-layout-flow wp-block-column-is-layout-flow\">\n<figure class=\"wp-block-image size-full\"><img decoding=\"async\" width=\"1600\" height=\"1600\" src=\"https:\/\/moyahousehold.com\/wp-content\/uploads\/2024\/07\/bulk-food-storage-jars-2.webp\" alt=\"frascos de armazenamento de alimentos a granel (2)\" class=\"wp-image-9283\" srcset=\"https:\/\/moyahousehold.com\/wp-content\/uploads\/2024\/07\/bulk-food-storage-jars-2.webp 1600w, https:\/\/moyahousehold.com\/wp-content\/uploads\/2024\/07\/bulk-food-storage-jars-2-300x300.webp 300w, https:\/\/moyahousehold.com\/wp-content\/uploads\/2024\/07\/bulk-food-storage-jars-2-150x150.webp 150w, https:\/\/moyahousehold.com\/wp-content\/uploads\/2024\/07\/bulk-food-storage-jars-2-768x768.webp 768w, https:\/\/moyahousehold.com\/wp-content\/uploads\/2024\/07\/bulk-food-storage-jars-2-12x12.webp 12w, https:\/\/moyahousehold.com\/wp-content\/uploads\/2024\/07\/bulk-food-storage-jars-2-285x285.webp 285w, https:\/\/moyahousehold.com\/wp-content\/uploads\/2024\/07\/bulk-food-storage-jars-2-270x270.webp 270w, https:\/\/moyahousehold.com\/wp-content\/uploads\/2024\/07\/bulk-food-storage-jars-2-540x540.webp 540w, https:\/\/moyahousehold.com\/wp-content\/uploads\/2024\/07\/bulk-food-storage-jars-2-660x660.webp 660w\" sizes=\"(max-width: 1600px) 100vw, 1600px\" \/><\/figure>\n<\/div>\n<\/div>","protected":false},"excerpt":{"rendered":"<p>Os frascos de armazenamento de alimentos a granel por atacado com tampas, podem armazenar eficazmente produtos secos, especiarias, gr\u00e3os, nozes e outros alimentos, manter os alimentos frescos e saborosos, \u00e9 a escolha ideal para retalhistas, catering e cozinhas comerciais. Este frasco para alimentos tem um design bonito e n\u00f3s fornecemos uma variedade de op\u00e7\u00f5es de capacidade, bem-vindos compradores B2B para nos contactar.<\/p>\n<h3>Carater\u00edsticas dos frascos de armazenamento de alimentos com tampa<\/h3>\n<p><strong>Tampa de vidro transparente:<\/strong> O frasco para alimentos est\u00e1 equipado com uma tampa transparente, pelo que \u00e9 poss\u00edvel ver os alimentos no interior sem abrir a tampa. \u00c9 muito pr\u00e1tico encontrar coisas para classificar os alimentos e poupar tempo.<\/p>\n<p><strong>Sa\u00fade e seguran\u00e7a:<\/strong> O frasco para alimentos \u00e9 feito de a\u00e7o inoxid\u00e1vel e vidro de qualidade alimentar, sem BPA, muito seguro, adequado para ch\u00e1, caf\u00e9 em gr\u00e3o e outros alimentos. A alimenta\u00e7\u00e3o da fam\u00edlia \u00e9 saud\u00e1vel.<\/p>\n<p><strong>Bom desempenho de veda\u00e7\u00e3o:<\/strong> Equipado com an\u00e9is de veda\u00e7\u00e3o avan\u00e7ados, a tampa e o frasco s\u00e3o muito apertados, o ar, a humidade e o p\u00f3 n\u00e3o podem entrar, pelo que os alimentos podem manter-se frescos e durar mais tempo.<\/p>\n<p><strong>V\u00e1rias capacidades dispon\u00edveis:<\/strong> Existem muitos tamanhos diferentes de frascos \u00e0 escolha, os pequenos podem ser utilizados para refei\u00e7\u00f5es ligeiras e os grandes podem ser utilizados para alimentos b\u00e1sicos. Quer seja para uso pessoal, para piqueniques ou para grande armazenamento, pode encontrar o frasco certo.<\/p>\n<p><strong>Suporte \u00e0 personaliza\u00e7\u00e3o:<\/strong> Podemos personalizar os produtos de acordo com os requisitos do cliente, como alterar as cores, imprimir o LOGOTIPO ou otimizar as fun\u00e7\u00f5es. Especialmente adequado para clientes que compram em grandes quantidades, como retalhistas ou comerciantes de presentes.<\/p>","protected":false},"featured_media":9284,"comment_status":"closed","ping_status":"closed","template":"","meta":[],"product_cat":[57],"product_tag":[98],"class_list":{"0":"post-7228","1":"product","2":"type-product","3":"status-publish","4":"has-post-thumbnail","6":"product_cat-food-storage-container-wholesale","7":"product_tag-wholesale-round-food-storage-containers","9":"first","10":"instock","11":"shipping-taxable","12":"product-type-simple"},"_links":{"self":[{"href":"https:\/\/moyahousehold.com\/pt\/wp-json\/wp\/v2\/product\/7228","targetHints":{"allow":["GET"]}}],"collection":[{"href":"https:\/\/moyahousehold.com\/pt\/wp-json\/wp\/v2\/product"}],"about":[{"href":"https:\/\/moyahousehold.com\/pt\/wp-json\/wp\/v2\/types\/product"}],"replies":[{"embeddable":true,"href":"https:\/\/moyahousehold.com\/pt\/wp-json\/wp\/v2\/comments?post=7228"}],"version-history":[{"count":0,"href":"https:\/\/moyahousehold.com\/pt\/wp-json\/wp\/v2\/product\/7228\/revisions"}],"wp:featuredmedia":[{"embeddable":true,"href":"https:\/\/moyahousehold.com\/pt\/wp-json\/wp\/v2\/media\/9284"}],"wp:attachment":[{"href":"https:\/\/moyahousehold.com\/pt\/wp-json\/wp\/v2\/media?parent=7228"}],"wp:term":[{"taxonomy":"product_cat","embeddable":true,"href":"https:\/\/moyahousehold.com\/pt\/wp-json\/wp\/v2\/product_cat?post=7228"},{"taxonomy":"product_tag","embeddable":true,"href":"https:\/\/moyahousehold.com\/pt\/wp-json\/wp\/v2\/product_tag?post=7228"}],"curies":[{"name":"wp","href":"https:\/\/api.w.org\/{rel}","templated":true}]}}