{"id":7300,"date":"2024-07-18T07:24:22","date_gmt":"2024-07-18T07:24:22","guid":{"rendered":"https:\/\/moyahousehold.com\/?post_type=product&#038;p=7300"},"modified":"2025-02-05T10:00:20","modified_gmt":"2025-02-05T10:00:20","slug":"wholesale-food-container-supplier-introducing-korean-style-food-container-series","status":"publish","type":"product","link":"https:\/\/moyahousehold.com\/pt\/produto\/fornecedor-grossista-de-recipientes-para-alimentos-introduzindo-series-de-recipientes-para-alimentos-de-estilo-coreano\/","title":{"rendered":"Fornecedor grossista de recipientes para alimentos - Apresenta\u00e7\u00e3o da s\u00e9rie de recipientes para alimentos de estilo coreano"},"content":{"rendered":"<div data-elementor-type=\"product-post\" data-elementor-id=\"7300\" class=\"elementor elementor-7300\" data-elementor-post-type=\"product\">\n\t\t\t\t<div class=\"elementor-element elementor-element-08cbba8 e-grid e-con-boxed e-con e-parent\" data-id=\"08cbba8\" data-element_type=\"container\">\n\t\t\t\t\t<div class=\"e-con-inner\">\n\t\t\t\t\t<\/div>\n\t\t\t\t<\/div>\n\t\t\t\t<\/div>","protected":false},"excerpt":{"rendered":"<p>Este recipiente para alimentos de a\u00e7o inoxid\u00e1vel por atacado tem boa estanqueidade para garantir press\u00e3o negativa, baixo oxig\u00eanio e micro v\u00e1cuo, o que reduz o conte\u00fado de oxig\u00eanio, evita a entrada de poeira e umidade e reduz o risco de oxida\u00e7\u00e3o de alimentos e crescimento bacteriano.<\/p>\n<h3>Caracter\u00edsticas e vantagens dos recipientes para alimentos por grosso<\/h3>\n<p><strong>Manter fresco<\/strong>: Fabricados em a\u00e7o inoxid\u00e1vel de alta qualidade, os recipientes para venda por grosso arrefecem r\u00e1pida e uniformemente, mantendo a frescura e evitando a perda de nutrientes.<\/p>\n<p><strong>Seguro para micro-ondas<\/strong>: Estes recipientes para alimentos por atacado s\u00e3o seguros para o micro-ondas, aquecer a uma pot\u00eancia m\u00e9dia durante 3-5 minutos, mantendo a tampa ligeiramente aberta para permitir a sa\u00edda do vapor.<\/p>\n<p><strong>Cobertura espessada<\/strong>: A cobertura espessada \u00e9 duradoura e resistente \u00e0 deforma\u00e7\u00e3o.<\/p>\n<p><strong>Especifica\u00e7\u00f5es m\u00faltiplas<\/strong>: A s\u00e9rie de contentores para alimentos por atacado tem v\u00e1rias especifica\u00e7\u00f5es \u00e0 escolha, podendo ser separados alimentos de diferentes tamanhos. Resolvem problemas de preserva\u00e7\u00e3o de alimentos e evitam a distor\u00e7\u00e3o do sabor.<\/p>\n<p><strong>Melhor servi\u00e7o<\/strong>Como fornecedor l\u00edder de recipientes para alimentos por atacado, fornecemos o melhor servi\u00e7o de recipientes para alimentos por atacado para nossos clientes.<\/p>\n<p><strong><a href=\"https:\/\/moyahousehold.com\/pt\/solucao-personalizada\/\">Oferecemos a solu\u00e7\u00e3o mais profissional de recipientes para alimentos em a\u00e7o inoxid\u00e1vel personalizados OEM&amp;ODM.<\/a><\/strong><\/p>","protected":false},"featured_media":7306,"comment_status":"open","ping_status":"closed","template":"","meta":[],"product_cat":[57],"product_tag":[99],"class_list":{"0":"post-7300","1":"product","2":"type-product","3":"status-publish","4":"has-post-thumbnail","6":"product_cat-food-storage-container-wholesale","7":"product_tag-wholesale-rectangle-food-storage-containers","9":"first","10":"instock","11":"shipping-taxable","12":"product-type-simple"},"_links":{"self":[{"href":"https:\/\/moyahousehold.com\/pt\/wp-json\/wp\/v2\/product\/7300","targetHints":{"allow":["GET"]}}],"collection":[{"href":"https:\/\/moyahousehold.com\/pt\/wp-json\/wp\/v2\/product"}],"about":[{"href":"https:\/\/moyahousehold.com\/pt\/wp-json\/wp\/v2\/types\/product"}],"replies":[{"embeddable":true,"href":"https:\/\/moyahousehold.com\/pt\/wp-json\/wp\/v2\/comments?post=7300"}],"version-history":[{"count":0,"href":"https:\/\/moyahousehold.com\/pt\/wp-json\/wp\/v2\/product\/7300\/revisions"}],"wp:featuredmedia":[{"embeddable":true,"href":"https:\/\/moyahousehold.com\/pt\/wp-json\/wp\/v2\/media\/7306"}],"wp:attachment":[{"href":"https:\/\/moyahousehold.com\/pt\/wp-json\/wp\/v2\/media?parent=7300"}],"wp:term":[{"taxonomy":"product_cat","embeddable":true,"href":"https:\/\/moyahousehold.com\/pt\/wp-json\/wp\/v2\/product_cat?post=7300"},{"taxonomy":"product_tag","embeddable":true,"href":"https:\/\/moyahousehold.com\/pt\/wp-json\/wp\/v2\/product_tag?post=7300"}],"curies":[{"name":"wp","href":"https:\/\/api.w.org\/{rel}","templated":true}]}}